{"id":496,"date":"2025-08-17T18:08:11","date_gmt":"2025-08-17T18:08:11","guid":{"rendered":"https:\/\/www.fsyougel.com\/?post_type=product&#038;p=496"},"modified":"2025-08-18T01:21:30","modified_gmt":"2025-08-18T01:21:30","slug":"custom-base-coat-gel-15ml","status":"publish","type":"product","link":"https:\/\/www.fsyougel.com\/es\/producto\/custom-base-coat-gel-15ml\/","title":{"rendered":"Esmalte de u\u00f1as de gel de 15ml Soak Off, esmalte de gel de u\u00f1as OEM para uso profesional"},"content":{"rendered":"<p><strong>\u00bfQu\u00e9 es una capa de base? <\/strong>Una capa de base es la primera capa de producto para el cuidado de las u\u00f1as que se aplica a \u00e9stas. Act\u00faa como barrera protectora entre el nail art y la placa de la u\u00f1a, as\u00ed como capa base para el esmalte o gel de color. Previene eficazmente la decoloraci\u00f3n de las u\u00f1as, fortalece la superficie de la u\u00f1a y proporciona una base lisa y uniforme para la posterior aplicaci\u00f3n del color, garantizando un nail art m\u00e1s duradero y menos propenso a descascarillarse.<\/p>\n\n\n\n<div class=\"wp-block-columns is-layout-flex wp-container-core-columns-is-layout-9d6595d7 wp-block-columns-is-layout-flex\">\n<div class=\"wp-block-column is-layout-flow wp-block-column-is-layout-flow\">\n<h2 class=\"wp-block-heading\">Custom Base Coat Caracter\u00edsticas:<\/h2>\n\n\n\n<ul class=\"wp-block-list\">\n<li><strong>Consistencia media<\/strong>: Esta capa base personalizada tiene una consistencia media, lo que garantiza una aplicaci\u00f3n suave sin rayas ni irregularidades.<\/li>\n\n\n\n<li><strong>Fuerte adhesi\u00f3n<\/strong>: La fuerte adherencia garantiza que el esmalte de gel de u\u00f1as OEM permanezca m\u00e1s tiempo y no se despegue f\u00e1cilmente.<\/li>\n\n\n\n<li><strong>Protecci\u00f3n de u\u00f1as<\/strong>: Forma una capa protectora para proteger la l\u00e1mina ungueal de los pigmentos coloreados.<\/li>\n\n\n\n<li><strong>F\u00e1cil remojo<\/strong>: Se retira f\u00e1cilmente sin necesidad de pulir en exceso, lo que facilita su uso.<\/li>\n\n\n\n<li><strong>Ligero olor<\/strong>: F\u00f3rmula de bajo olor para un uso c\u00f3modo, minimizando los olores desagradables.<\/li>\n\n\n\n<li><strong>De larga duraci\u00f3n<\/strong>: Larga duraci\u00f3n. Incluso aquellas con u\u00f1as finas y quebradizas pueden mantener una manicura perfecta durante m\u00e1s de 21 d\u00edas con la capa de base, por lo que es una opci\u00f3n ideal para las capas de base personalizadas de alta calidad.<\/li>\n\n\n\n<li><strong>Buena flexibilidad<\/strong>: Excelente elasticidad, se adapta a la curvatura natural de la u\u00f1a y es menos propensa al agrietamiento.<\/li>\n\n\n\n<li><strong>Personalizaci\u00f3n OEM<\/strong>: Admite la personalizaci\u00f3n de esmaltes de gel para u\u00f1as OEM, lo que permite imprimir etiquetas, logotipos y envases personalizados para satisfacer las necesidades de las marcas de u\u00f1as profesionales.<\/li>\n<\/ul>\n<\/div>\n\n\n\n<div class=\"wp-block-column is-layout-flow wp-block-column-is-layout-flow\">\n<figure class=\"wp-block-image size-full\"><img decoding=\"async\" width=\"1500\" height=\"1500\" src=\"https:\/\/www.fsyougel.com\/wp-content\/uploads\/2025\/08\/Custom-Base-Coat-Features.webp\" alt=\"Caracter\u00edsticas de la capa base personalizada\" class=\"wp-image-498\" srcset=\"https:\/\/www.fsyougel.com\/wp-content\/uploads\/2025\/08\/Custom-Base-Coat-Features.webp 1500w, https:\/\/www.fsyougel.com\/wp-content\/uploads\/2025\/08\/Custom-Base-Coat-Features-300x300.webp 300w, https:\/\/www.fsyougel.com\/wp-content\/uploads\/2025\/08\/Custom-Base-Coat-Features-150x150.webp 150w, https:\/\/www.fsyougel.com\/wp-content\/uploads\/2025\/08\/Custom-Base-Coat-Features-768x768.webp 768w, https:\/\/www.fsyougel.com\/wp-content\/uploads\/2025\/08\/Custom-Base-Coat-Features-1200x1200.webp 1200w, https:\/\/www.fsyougel.com\/wp-content\/uploads\/2025\/08\/Custom-Base-Coat-Features-600x600.webp 600w, https:\/\/www.fsyougel.com\/wp-content\/uploads\/2025\/08\/Custom-Base-Coat-Features-100x100.webp 100w\" sizes=\"(max-width: 1500px) 100vw, 1500px\" \/><\/figure>\n<\/div>\n<\/div>\n\n\n\n<div class=\"wp-block-columns is-layout-flex wp-container-core-columns-is-layout-9d6595d7 wp-block-columns-is-layout-flex\">\n<div class=\"wp-block-column is-layout-flow wp-block-column-is-layout-flow\">\n<figure class=\"wp-block-image size-full\"><img decoding=\"async\" width=\"920\" height=\"920\" src=\"https:\/\/www.fsyougel.com\/wp-content\/uploads\/2025\/08\/Custom-Base-Coat-Gel-15ml-Soak-Off-4.webp\" alt=\"Gel base personalizado 15ml Soak Off (4)\" class=\"wp-image-500\" srcset=\"https:\/\/www.fsyougel.com\/wp-content\/uploads\/2025\/08\/Custom-Base-Coat-Gel-15ml-Soak-Off-4.webp 920w, https:\/\/www.fsyougel.com\/wp-content\/uploads\/2025\/08\/Custom-Base-Coat-Gel-15ml-Soak-Off-4-300x300.webp 300w, https:\/\/www.fsyougel.com\/wp-content\/uploads\/2025\/08\/Custom-Base-Coat-Gel-15ml-Soak-Off-4-150x150.webp 150w, https:\/\/www.fsyougel.com\/wp-content\/uploads\/2025\/08\/Custom-Base-Coat-Gel-15ml-Soak-Off-4-768x768.webp 768w, https:\/\/www.fsyougel.com\/wp-content\/uploads\/2025\/08\/Custom-Base-Coat-Gel-15ml-Soak-Off-4-600x600.webp 600w, https:\/\/www.fsyougel.com\/wp-content\/uploads\/2025\/08\/Custom-Base-Coat-Gel-15ml-Soak-Off-4-100x100.webp 100w\" sizes=\"(max-width: 920px) 100vw, 920px\" \/><\/figure>\n<\/div>\n\n\n\n<div class=\"wp-block-column is-layout-flow wp-block-column-is-layout-flow\">\n<h2 class=\"wp-block-heading\">Gu\u00eda de aplicaci\u00f3n de la capa base<\/h2>\n\n\n\n<ul class=\"wp-block-list\">\n<li>Limpiar las u\u00f1as: En primer lugar, limpia bien la superficie de las u\u00f1as para eliminar aceites y polvo.<\/li>\n\n\n\n<li>Aplique la capa base: Coge una cantidad adecuada de base coat personalizada y apl\u00edcala uniformemente sobre la superficie de la u\u00f1a, asegurando una cobertura total.<\/li>\n\n\n\n<li>Curado UV\/LED: Coloque la capa base recubierta bajo una l\u00e1mpara UV\/LED durante 1-2 minutos (ajuste el tiempo en funci\u00f3n de la potencia de la l\u00e1mpara).<\/li>\n\n\n\n<li>Aplicaci\u00f3n del color: Despu\u00e9s del curado, aplique el esmalte de gel de u\u00f1as OEM de color. Para m\u00faltiples capas, cure cada capa individualmente.<\/li>\n\n\n\n<li>Cuidado de la capa final: Por \u00faltimo, aplica un top coat o brillo para aumentar la durabilidad y el brillo.<\/li>\n\n\n\n<li>M\u00e9todo de eliminaci\u00f3n: Utilice el m\u00e9todo de remojo para una f\u00e1cil eliminaci\u00f3n, evitando el pulido excesivo para proteger la salud de las u\u00f1as.<\/li>\n<\/ul>\n<\/div>\n<\/div>","protected":false},"excerpt":{"rendered":"<p>15ml Custom Base Coat Gel Soak Off de consistencia media y fuerte adherencia. Protege las u\u00f1as naturales, ofrece una larga duraci\u00f3n y se elimina f\u00e1cilmente sin da\u00f1arlas. Perfecto para salones y negocios de belleza. OEM, muestras gratuitas y precios de f\u00e1brica disponibles.<\/p>\n<table border=\"0\" width=\"854\" cellspacing=\"0\" cellpadding=\"0\">\n<tbody>\n<tr>\n<td width=\"257\" height=\"44\">Marca<\/td>\n<td width=\"597\">YouGel<\/td>\n<\/tr>\n<tr>\n<td width=\"257\" height=\"44\">N\u00famero de modelo<\/td>\n<td width=\"597\">BC01<\/td>\n<\/tr>\n<tr>\n<td width=\"257\" height=\"44\">Tipo de producto<\/td>\n<td width=\"597\">Soak-Off UV\/LED<\/td>\n<\/tr>\n<tr>\n<td width=\"257\" height=\"44\">Material<\/td>\n<td width=\"597\">Resina<\/td>\n<\/tr>\n<tr>\n<td width=\"257\" height=\"44\">Color<\/td>\n<td width=\"597\">Transparente\/ Color opcional<\/td>\n<\/tr>\n<tr>\n<td width=\"257\" height=\"44\">Volumen<\/td>\n<td width=\"597\">15 ml, 1 kg<\/td>\n<\/tr>\n<tr>\n<td width=\"257\" height=\"44\">Seguridad<\/td>\n<td width=\"597\">Sin HEMA, no t\u00f3xico, MSDS disponible<\/td>\n<\/tr>\n<tr>\n<td width=\"257\" height=\"44\">MOQ<\/td>\n<td width=\"597\">MOQ bajo<\/td>\n<\/tr>\n<tr>\n<td width=\"257\" height=\"44\">Muestra gratuita<\/td>\n<td width=\"597\">Disponible<\/td>\n<\/tr>\n<tr>\n<td width=\"257\" height=\"82\">Opci\u00f3n personalizada<\/td>\n<td width=\"597\">Servicios OEM\/ODM, logotipos, etiquetas y embalajes personalizados<\/td>\n<\/tr>\n<\/tbody>\n<\/table>\n<h2 class=\"brxe-heading\">Del fabricante de Gel Base Coat<\/h2>\n<p>YouGel es un fabricante de esmaltes base de gel de confianza que ofrece esmaltes base de gel de alta calidad adecuados para u\u00f1as UV\/LED. Nuestros productos est\u00e1n dise\u00f1ados para garantizar una aplicaci\u00f3n suave, una larga duraci\u00f3n y un f\u00e1cil remojo.<\/p>","protected":false},"featured_media":502,"comment_status":"closed","ping_status":"closed","template":"","meta":{"_acf_changed":false},"product_brand":[],"product_cat":[17],"product_tag":[],"class_list":{"0":"post-496","1":"product","2":"type-product","3":"status-publish","4":"has-post-thumbnail","6":"product_cat-wholesale-base-coat","8":"first","9":"instock","10":"shipping-taxable","11":"product-type-simple"},"acf":[],"_links":{"self":[{"href":"https:\/\/www.fsyougel.com\/es\/wp-json\/wp\/v2\/product\/496","targetHints":{"allow":["GET"]}}],"collection":[{"href":"https:\/\/www.fsyougel.com\/es\/wp-json\/wp\/v2\/product"}],"about":[{"href":"https:\/\/www.fsyougel.com\/es\/wp-json\/wp\/v2\/types\/product"}],"replies":[{"embeddable":true,"href":"https:\/\/www.fsyougel.com\/es\/wp-json\/wp\/v2\/comments?post=496"}],"wp:featuredmedia":[{"embeddable":true,"href":"https:\/\/www.fsyougel.com\/es\/wp-json\/wp\/v2\/media\/502"}],"wp:attachment":[{"href":"https:\/\/www.fsyougel.com\/es\/wp-json\/wp\/v2\/media?parent=496"}],"wp:term":[{"taxonomy":"product_brand","embeddable":true,"href":"https:\/\/www.fsyougel.com\/es\/wp-json\/wp\/v2\/product_brand?post=496"},{"taxonomy":"product_cat","embeddable":true,"href":"https:\/\/www.fsyougel.com\/es\/wp-json\/wp\/v2\/product_cat?post=496"},{"taxonomy":"product_tag","embeddable":true,"href":"https:\/\/www.fsyougel.com\/es\/wp-json\/wp\/v2\/product_tag?post=496"}],"curies":[{"name":"wp","href":"https:\/\/api.w.org\/{rel}","templated":true}]}}