{"id":505,"date":"2025-08-17T18:55:39","date_gmt":"2025-08-17T18:55:39","guid":{"rendered":"https:\/\/www.fsyougel.com\/?post_type=product&#038;p=505"},"modified":"2025-08-18T01:25:11","modified_gmt":"2025-08-18T01:25:11","slug":"clear-rubber-base-coat-supplier","status":"publish","type":"product","link":"https:\/\/www.fsyougel.com\/es\/producto\/clear-rubber-base-coat-supplier\/","title":{"rendered":"esmalte de gel de u\u00f1as al por mayor para salones de belleza"},"content":{"rendered":"<div class=\"wp-block-columns is-layout-flex wp-container-core-columns-is-layout-9d6595d7 wp-block-columns-is-layout-flex\">\n<div class=\"wp-block-column is-layout-flow wp-block-column-is-layout-flow\">\n<h2 class=\"wp-block-heading\">Capa base de goma transparente personalizada Caracter\u00edsticas:<\/h2>\n\n\n\n<ul class=\"wp-block-list\">\n<li><strong>Consistencia m\u00e1s espesa<\/strong>: El esmalte de u\u00f1as en gel es espeso y rico, lo que facilita su aplicaci\u00f3n uniforme y reduce las gotas y las marcas de pincel.<\/li>\n\n\n\n<li><strong>Muy viscoso<\/strong>: Cubre firmemente la superficie de la u\u00f1a, mejorando la adherencia y evitando la descamaci\u00f3n o el levantamiento.<\/li>\n\n\n\n<li><strong>Superfuerte<\/strong>: Duradero y de larga duraci\u00f3n, mejora la protecci\u00f3n de las u\u00f1as y reduce las roturas y los da\u00f1os.<\/li>\n\n\n\n<li><strong>Excelente adherencia:<\/strong> La capa base de caucho transparente se adhiere perfectamente a las u\u00f1as naturales, proporcionando una base s\u00f3lida para el esmalte de gel de color.<\/li>\n\n\n\n<li><strong>Capa base de caucho transparente<\/strong>: Color natural, adecuado para combinar con varios colores de esmalte de u\u00f1as.<\/li>\n\n\n\n<li><strong>Ligeramente Olor:<\/strong> Suave y poco irritante, proporciona una experiencia m\u00e1s c\u00f3moda en el cuidado de las u\u00f1as.<\/li>\n\n\n\n<li><strong>Larga duraci\u00f3n, m\u00e1s de 50 d\u00edas: <\/strong>Mantiene un acabado brillante durante mucho tiempo, lo que reduce la necesidad de retoques frecuentes y ahorra tiempo de trabajo en el sal\u00f3n.<\/li>\n\n\n\n<li><strong>Suministro directo de f\u00e1brica y bajo pedido m\u00ednimo<\/strong>: Muestras gratuitas, opciones rentables de venta al por mayor y almacenamiento r\u00e1pido y c\u00f3modo.<\/li>\n\n\n\n<li><strong>Proveedor de revestimiento base de caucho<\/strong>: Como proveedor profesional de gel base de caucho, proporcionamos directamente gel base de caucho de alta calidad a salones y mayoristas, garantizando un suministro estable y ventajas de precio de f\u00e1brica.<\/li>\n<\/ul>\n<\/div>\n\n\n\n<div class=\"wp-block-column is-layout-flow wp-block-column-is-layout-flow\">\n<figure class=\"wp-block-image size-full\"><img decoding=\"async\" width=\"1500\" height=\"1500\" src=\"https:\/\/www.fsyougel.com\/wp-content\/uploads\/2025\/08\/OEM-Clear-Rubber-Base-Coat-Supplier-1.webp\" alt=\"Proveedor de capa base de caucho transparente OEM (1)\" class=\"wp-image-510\" srcset=\"https:\/\/www.fsyougel.com\/wp-content\/uploads\/2025\/08\/OEM-Clear-Rubber-Base-Coat-Supplier-1.webp 1500w, https:\/\/www.fsyougel.com\/wp-content\/uploads\/2025\/08\/OEM-Clear-Rubber-Base-Coat-Supplier-1-300x300.webp 300w, https:\/\/www.fsyougel.com\/wp-content\/uploads\/2025\/08\/OEM-Clear-Rubber-Base-Coat-Supplier-1-150x150.webp 150w, https:\/\/www.fsyougel.com\/wp-content\/uploads\/2025\/08\/OEM-Clear-Rubber-Base-Coat-Supplier-1-768x768.webp 768w, https:\/\/www.fsyougel.com\/wp-content\/uploads\/2025\/08\/OEM-Clear-Rubber-Base-Coat-Supplier-1-1200x1200.webp 1200w, https:\/\/www.fsyougel.com\/wp-content\/uploads\/2025\/08\/OEM-Clear-Rubber-Base-Coat-Supplier-1-600x600.webp 600w, https:\/\/www.fsyougel.com\/wp-content\/uploads\/2025\/08\/OEM-Clear-Rubber-Base-Coat-Supplier-1-100x100.webp 100w\" sizes=\"(max-width: 1500px) 100vw, 1500px\" \/><\/figure>\n<\/div>\n<\/div>\n\n\n\n<div class=\"wp-block-columns is-layout-flex wp-container-core-columns-is-layout-9d6595d7 wp-block-columns-is-layout-flex\">\n<div class=\"wp-block-column is-layout-flow wp-block-column-is-layout-flow\">\n<figure class=\"wp-block-image size-full\"><img decoding=\"async\" width=\"920\" height=\"920\" src=\"https:\/\/www.fsyougel.com\/wp-content\/uploads\/2025\/08\/Custom-Base-Coat-Gel-15ml-Soak-Off-5.webp\" alt=\"Gel base personalizado 15ml Soak Off (5)\" class=\"wp-image-501\" srcset=\"https:\/\/www.fsyougel.com\/wp-content\/uploads\/2025\/08\/Custom-Base-Coat-Gel-15ml-Soak-Off-5.webp 920w, https:\/\/www.fsyougel.com\/wp-content\/uploads\/2025\/08\/Custom-Base-Coat-Gel-15ml-Soak-Off-5-300x300.webp 300w, https:\/\/www.fsyougel.com\/wp-content\/uploads\/2025\/08\/Custom-Base-Coat-Gel-15ml-Soak-Off-5-150x150.webp 150w, https:\/\/www.fsyougel.com\/wp-content\/uploads\/2025\/08\/Custom-Base-Coat-Gel-15ml-Soak-Off-5-768x768.webp 768w, https:\/\/www.fsyougel.com\/wp-content\/uploads\/2025\/08\/Custom-Base-Coat-Gel-15ml-Soak-Off-5-600x600.webp 600w, https:\/\/www.fsyougel.com\/wp-content\/uploads\/2025\/08\/Custom-Base-Coat-Gel-15ml-Soak-Off-5-100x100.webp 100w\" sizes=\"(max-width: 920px) 100vw, 920px\" \/><\/figure>\n<\/div>\n\n\n\n<div class=\"wp-block-column is-layout-flow wp-block-column-is-layout-flow\">\n<figure class=\"wp-block-image size-full\"><img decoding=\"async\" width=\"920\" height=\"920\" src=\"https:\/\/www.fsyougel.com\/wp-content\/uploads\/2025\/08\/Custom-Base-Coat-Gel-15ml-Soak-Off-4.webp\" alt=\"Gel base personalizado 15ml Soak Off (4)\" class=\"wp-image-500\" srcset=\"https:\/\/www.fsyougel.com\/wp-content\/uploads\/2025\/08\/Custom-Base-Coat-Gel-15ml-Soak-Off-4.webp 920w, https:\/\/www.fsyougel.com\/wp-content\/uploads\/2025\/08\/Custom-Base-Coat-Gel-15ml-Soak-Off-4-300x300.webp 300w, https:\/\/www.fsyougel.com\/wp-content\/uploads\/2025\/08\/Custom-Base-Coat-Gel-15ml-Soak-Off-4-150x150.webp 150w, https:\/\/www.fsyougel.com\/wp-content\/uploads\/2025\/08\/Custom-Base-Coat-Gel-15ml-Soak-Off-4-768x768.webp 768w, https:\/\/www.fsyougel.com\/wp-content\/uploads\/2025\/08\/Custom-Base-Coat-Gel-15ml-Soak-Off-4-600x600.webp 600w, https:\/\/www.fsyougel.com\/wp-content\/uploads\/2025\/08\/Custom-Base-Coat-Gel-15ml-Soak-Off-4-100x100.webp 100w\" sizes=\"(max-width: 920px) 100vw, 920px\" \/><\/figure>\n<\/div>\n\n\n\n<div class=\"wp-block-column is-layout-flow wp-block-column-is-layout-flow\">\n<figure class=\"wp-block-image size-full\"><img decoding=\"async\" width=\"920\" height=\"920\" src=\"https:\/\/www.fsyougel.com\/wp-content\/uploads\/2025\/08\/Base-Coat-Nail-Polish-Wholesale-3.webp\" alt=\"Esmaltes de u\u00f1as al por mayor (3)\" class=\"wp-image-497\" srcset=\"https:\/\/www.fsyougel.com\/wp-content\/uploads\/2025\/08\/Base-Coat-Nail-Polish-Wholesale-3.webp 920w, https:\/\/www.fsyougel.com\/wp-content\/uploads\/2025\/08\/Base-Coat-Nail-Polish-Wholesale-3-300x300.webp 300w, https:\/\/www.fsyougel.com\/wp-content\/uploads\/2025\/08\/Base-Coat-Nail-Polish-Wholesale-3-150x150.webp 150w, https:\/\/www.fsyougel.com\/wp-content\/uploads\/2025\/08\/Base-Coat-Nail-Polish-Wholesale-3-768x768.webp 768w, https:\/\/www.fsyougel.com\/wp-content\/uploads\/2025\/08\/Base-Coat-Nail-Polish-Wholesale-3-600x600.webp 600w, https:\/\/www.fsyougel.com\/wp-content\/uploads\/2025\/08\/Base-Coat-Nail-Polish-Wholesale-3-100x100.webp 100w\" sizes=\"(max-width: 920px) 100vw, 920px\" \/><\/figure>\n<\/div>\n<\/div>","protected":false},"excerpt":{"rendered":"<p>Base de goma transparente con textura espesa pero flexible y alta viscosidad para una aplicaci\u00f3n suave. Se alinea con la placa de la u\u00f1a, cubre las imperfecciones y garantiza un acabado impecable. P\u00f3ngase en contacto con nosotros hoy mismo para solicitar un presupuesto.<\/p>\n<table border=\"0\" width=\"854\" cellspacing=\"0\" cellpadding=\"0\">\n<tbody>\n<tr>\n<td width=\"257\" height=\"44\">Marca<\/td>\n<td width=\"597\">YouGel<\/td>\n<\/tr>\n<tr>\n<td width=\"257\" height=\"44\">N\u00famero de modelo<\/td>\n<td width=\"597\">BC02<\/td>\n<\/tr>\n<tr>\n<td width=\"257\" height=\"44\">Tipo de producto<\/td>\n<td width=\"597\">Soak-Off UV\/LED<\/td>\n<\/tr>\n<tr>\n<td width=\"257\" height=\"44\">Material<\/td>\n<td width=\"597\">Resina<\/td>\n<\/tr>\n<tr>\n<td width=\"257\" height=\"44\">Color<\/td>\n<td width=\"597\">Transparente\/ Color opcional<\/td>\n<\/tr>\n<tr>\n<td width=\"257\" height=\"44\">Volumen<\/td>\n<td width=\"597\">15 ml, 1 kg<\/td>\n<\/tr>\n<tr>\n<td width=\"257\" height=\"44\">Seguridad<\/td>\n<td width=\"597\">Sin HEMA, no t\u00f3xico, MSDS disponible<\/td>\n<\/tr>\n<tr>\n<td width=\"257\" height=\"44\">MOQ<\/td>\n<td width=\"597\">MOQ bajo<\/td>\n<\/tr>\n<tr>\n<td width=\"257\" height=\"44\">Muestra gratuita<\/td>\n<td width=\"597\">Disponible<\/td>\n<\/tr>\n<tr>\n<td width=\"257\" height=\"82\">Opci\u00f3n personalizada<\/td>\n<td width=\"597\">Servicios OEM\/ODM, logotipos, etiquetas y embalajes personalizados<\/td>\n<\/tr>\n<\/tbody>\n<\/table>\n<h2 class=\"brxe-heading\">Del fabricante de Gel Base Coat<\/h2>\n<p>YouGel es un fabricante de esmaltes base de gel de confianza que ofrece esmaltes base de gel de alta calidad adecuados para u\u00f1as UV\/LED. Nuestros productos est\u00e1n dise\u00f1ados para garantizar una aplicaci\u00f3n suave, una larga duraci\u00f3n y un f\u00e1cil remojo.<\/p>","protected":false},"featured_media":511,"comment_status":"closed","ping_status":"closed","template":"","meta":{"_acf_changed":false},"product_brand":[],"product_cat":[17],"product_tag":[],"class_list":{"0":"post-505","1":"product","2":"type-product","3":"status-publish","4":"has-post-thumbnail","6":"product_cat-wholesale-base-coat","8":"first","9":"instock","10":"shipping-taxable","11":"product-type-simple"},"acf":[],"_links":{"self":[{"href":"https:\/\/www.fsyougel.com\/es\/wp-json\/wp\/v2\/product\/505","targetHints":{"allow":["GET"]}}],"collection":[{"href":"https:\/\/www.fsyougel.com\/es\/wp-json\/wp\/v2\/product"}],"about":[{"href":"https:\/\/www.fsyougel.com\/es\/wp-json\/wp\/v2\/types\/product"}],"replies":[{"embeddable":true,"href":"https:\/\/www.fsyougel.com\/es\/wp-json\/wp\/v2\/comments?post=505"}],"wp:featuredmedia":[{"embeddable":true,"href":"https:\/\/www.fsyougel.com\/es\/wp-json\/wp\/v2\/media\/511"}],"wp:attachment":[{"href":"https:\/\/www.fsyougel.com\/es\/wp-json\/wp\/v2\/media?parent=505"}],"wp:term":[{"taxonomy":"product_brand","embeddable":true,"href":"https:\/\/www.fsyougel.com\/es\/wp-json\/wp\/v2\/product_brand?post=505"},{"taxonomy":"product_cat","embeddable":true,"href":"https:\/\/www.fsyougel.com\/es\/wp-json\/wp\/v2\/product_cat?post=505"},{"taxonomy":"product_tag","embeddable":true,"href":"https:\/\/www.fsyougel.com\/es\/wp-json\/wp\/v2\/product_tag?post=505"}],"curies":[{"name":"wp","href":"https:\/\/api.w.org\/{rel}","templated":true}]}}