{"id":514,"date":"2025-08-17T19:54:37","date_gmt":"2025-08-17T19:54:37","guid":{"rendered":"https:\/\/www.fsyougel.com\/?post_type=product&#038;p=514"},"modified":"2025-08-18T01:23:16","modified_gmt":"2025-08-18T01:23:16","slug":"oem-color-base-coat-wholesale","status":"publish","type":"product","link":"https:\/\/www.fsyougel.com\/es\/producto\/oem-color-base-coat-wholesale\/","title":{"rendered":"OEM\/ODM Gel Nail Color Base Coat, Mayorista de Esmalte de Gel para Salones de Belleza"},"content":{"rendered":"<div class=\"wp-block-columns is-layout-flex wp-container-core-columns-is-layout-9d6595d7 wp-block-columns-is-layout-flex\">\n<div class=\"wp-block-column is-layout-flow wp-block-column-is-layout-flow\">\n<h2 class=\"wp-block-heading\">Custom Gel Nail Color Base Coat Caracter\u00edsticas:<\/h2>\n\n\n\n<ul class=\"wp-block-list\">\n<li><strong>Caucho natural<\/strong>: Una f\u00f3rmula sana y segura, suave y poco irritante, sin HEMA, que protege las u\u00f1as de los da\u00f1os qu\u00edmicos.<\/li>\n\n\n\n<li><strong>Base 2 en 1 y color:<\/strong> Ahorra tiempo y esfuerzo combinando la capa base y el esmalte de color en un solo paso, lo que hace que la aplicaci\u00f3n sea sencilla y c\u00f3moda.<\/li>\n\n\n\n<li><strong>Brillo de larga duraci\u00f3n (30 d\u00edas de larga duraci\u00f3n):<\/strong> Reduce la necesidad de retoques frecuentes, proporcionando efectos nail art duraderos y ahorrando tiempo de trabajo en el sal\u00f3n.<\/li>\n\n\n\n<li><strong>Consistencia m\u00e1s espesa<\/strong>: Espesa y rica, no se corre, f\u00e1cil de extender uniformemente y cubre las imperfecciones de las u\u00f1as.<\/li>\n\n\n\n<li><strong>Alta adherencia<\/strong>: Se adhiere fuertemente a las u\u00f1as, evitando que se despeguen o levanten.<\/li>\n\n\n\n<li><strong>Amplia selecci\u00f3n de colores<\/strong>: Color natural, adecuado para varias combinaciones de esmaltes de u\u00f1as.<\/li>\n\n\n\n<li><strong>Suministro directo de f\u00e1brica y bajo pedido m\u00ednimo<\/strong>: Experiencia libre de la muestra, capa de base rentable del color al por mayor, conveniente y r\u00e1pida a la acci\u00f3n.<\/li>\n\n\n\n<li><strong>Capa base de caucho<\/strong>r: Proveedor profesional de capa base de color gel, garantizando un suministro estable y ventajas de precio de suministro directo de f\u00e1brica.<\/li>\n<\/ul>\n<\/div>\n\n\n\n<div class=\"wp-block-column is-layout-flow wp-block-column-is-layout-flow\">\n<figure class=\"wp-block-image size-full\"><img decoding=\"async\" width=\"1500\" height=\"1500\" src=\"https:\/\/www.fsyougel.com\/wp-content\/uploads\/2025\/08\/Gel-Nail-Color-Base-Coat-Wholesale.webp\" alt=\"Gel Nail Color Base Coat al por mayor\" class=\"wp-image-520\" srcset=\"https:\/\/www.fsyougel.com\/wp-content\/uploads\/2025\/08\/Gel-Nail-Color-Base-Coat-Wholesale.webp 1500w, https:\/\/www.fsyougel.com\/wp-content\/uploads\/2025\/08\/Gel-Nail-Color-Base-Coat-Wholesale-300x300.webp 300w, https:\/\/www.fsyougel.com\/wp-content\/uploads\/2025\/08\/Gel-Nail-Color-Base-Coat-Wholesale-150x150.webp 150w, https:\/\/www.fsyougel.com\/wp-content\/uploads\/2025\/08\/Gel-Nail-Color-Base-Coat-Wholesale-768x768.webp 768w, https:\/\/www.fsyougel.com\/wp-content\/uploads\/2025\/08\/Gel-Nail-Color-Base-Coat-Wholesale-1200x1200.webp 1200w, https:\/\/www.fsyougel.com\/wp-content\/uploads\/2025\/08\/Gel-Nail-Color-Base-Coat-Wholesale-600x600.webp 600w, https:\/\/www.fsyougel.com\/wp-content\/uploads\/2025\/08\/Gel-Nail-Color-Base-Coat-Wholesale-100x100.webp 100w\" sizes=\"(max-width: 1500px) 100vw, 1500px\" \/><\/figure>\n<\/div>\n<\/div>\n\n\n\n<div class=\"wp-block-columns is-layout-flex wp-container-core-columns-is-layout-9d6595d7 wp-block-columns-is-layout-flex\">\n<div class=\"wp-block-column is-layout-flow wp-block-column-is-layout-flow\">\n<figure class=\"wp-block-image size-full\"><img decoding=\"async\" width=\"1500\" height=\"1500\" src=\"https:\/\/www.fsyougel.com\/wp-content\/uploads\/2025\/08\/Color-Base-Coat-Wholesale-4.webp\" alt=\"Color Base Coat al por mayor (4)\" class=\"wp-image-518\" srcset=\"https:\/\/www.fsyougel.com\/wp-content\/uploads\/2025\/08\/Color-Base-Coat-Wholesale-4.webp 1500w, https:\/\/www.fsyougel.com\/wp-content\/uploads\/2025\/08\/Color-Base-Coat-Wholesale-4-300x300.webp 300w, https:\/\/www.fsyougel.com\/wp-content\/uploads\/2025\/08\/Color-Base-Coat-Wholesale-4-150x150.webp 150w, https:\/\/www.fsyougel.com\/wp-content\/uploads\/2025\/08\/Color-Base-Coat-Wholesale-4-768x768.webp 768w, https:\/\/www.fsyougel.com\/wp-content\/uploads\/2025\/08\/Color-Base-Coat-Wholesale-4-1200x1200.webp 1200w, https:\/\/www.fsyougel.com\/wp-content\/uploads\/2025\/08\/Color-Base-Coat-Wholesale-4-600x600.webp 600w, https:\/\/www.fsyougel.com\/wp-content\/uploads\/2025\/08\/Color-Base-Coat-Wholesale-4-100x100.webp 100w\" sizes=\"(max-width: 1500px) 100vw, 1500px\" \/><\/figure>\n<\/div>\n\n\n\n<div class=\"wp-block-column is-layout-flow wp-block-column-is-layout-flow\">\n<figure class=\"wp-block-image size-full\"><img decoding=\"async\" width=\"1500\" height=\"1500\" src=\"https:\/\/www.fsyougel.com\/wp-content\/uploads\/2025\/08\/Color-Base-Coat-Wholesale-2.webp\" alt=\"Color Base Coat al por mayor (2)\" class=\"wp-image-516\" srcset=\"https:\/\/www.fsyougel.com\/wp-content\/uploads\/2025\/08\/Color-Base-Coat-Wholesale-2.webp 1500w, https:\/\/www.fsyougel.com\/wp-content\/uploads\/2025\/08\/Color-Base-Coat-Wholesale-2-300x300.webp 300w, https:\/\/www.fsyougel.com\/wp-content\/uploads\/2025\/08\/Color-Base-Coat-Wholesale-2-150x150.webp 150w, https:\/\/www.fsyougel.com\/wp-content\/uploads\/2025\/08\/Color-Base-Coat-Wholesale-2-768x768.webp 768w, https:\/\/www.fsyougel.com\/wp-content\/uploads\/2025\/08\/Color-Base-Coat-Wholesale-2-1200x1200.webp 1200w, https:\/\/www.fsyougel.com\/wp-content\/uploads\/2025\/08\/Color-Base-Coat-Wholesale-2-600x600.webp 600w, https:\/\/www.fsyougel.com\/wp-content\/uploads\/2025\/08\/Color-Base-Coat-Wholesale-2-100x100.webp 100w\" sizes=\"(max-width: 1500px) 100vw, 1500px\" \/><\/figure>\n<\/div>\n\n\n\n<div class=\"wp-block-column is-layout-flow wp-block-column-is-layout-flow\">\n<figure class=\"wp-block-image size-full\"><img decoding=\"async\" width=\"1500\" height=\"1500\" src=\"https:\/\/www.fsyougel.com\/wp-content\/uploads\/2025\/08\/Color-Base-Coat-Wholesale-3.webp\" alt=\"Color Base Coat al por mayor (3)\" class=\"wp-image-517\" srcset=\"https:\/\/www.fsyougel.com\/wp-content\/uploads\/2025\/08\/Color-Base-Coat-Wholesale-3.webp 1500w, https:\/\/www.fsyougel.com\/wp-content\/uploads\/2025\/08\/Color-Base-Coat-Wholesale-3-300x300.webp 300w, https:\/\/www.fsyougel.com\/wp-content\/uploads\/2025\/08\/Color-Base-Coat-Wholesale-3-150x150.webp 150w, https:\/\/www.fsyougel.com\/wp-content\/uploads\/2025\/08\/Color-Base-Coat-Wholesale-3-768x768.webp 768w, https:\/\/www.fsyougel.com\/wp-content\/uploads\/2025\/08\/Color-Base-Coat-Wholesale-3-1200x1200.webp 1200w, https:\/\/www.fsyougel.com\/wp-content\/uploads\/2025\/08\/Color-Base-Coat-Wholesale-3-600x600.webp 600w, https:\/\/www.fsyougel.com\/wp-content\/uploads\/2025\/08\/Color-Base-Coat-Wholesale-3-100x100.webp 100w\" sizes=\"(max-width: 1500px) 100vw, 1500px\" \/><\/figure>\n<\/div>\n\n\n\n<div class=\"wp-block-column is-layout-flow wp-block-column-is-layout-flow\">\n<figure class=\"wp-block-image size-full\"><img decoding=\"async\" width=\"1500\" height=\"1500\" src=\"https:\/\/www.fsyougel.com\/wp-content\/uploads\/2025\/08\/Color-Base-Coat-Wholesale-1.webp\" alt=\"Color Base Coat al por mayor (1)\" class=\"wp-image-515\" srcset=\"https:\/\/www.fsyougel.com\/wp-content\/uploads\/2025\/08\/Color-Base-Coat-Wholesale-1.webp 1500w, https:\/\/www.fsyougel.com\/wp-content\/uploads\/2025\/08\/Color-Base-Coat-Wholesale-1-300x300.webp 300w, https:\/\/www.fsyougel.com\/wp-content\/uploads\/2025\/08\/Color-Base-Coat-Wholesale-1-150x150.webp 150w, https:\/\/www.fsyougel.com\/wp-content\/uploads\/2025\/08\/Color-Base-Coat-Wholesale-1-768x768.webp 768w, https:\/\/www.fsyougel.com\/wp-content\/uploads\/2025\/08\/Color-Base-Coat-Wholesale-1-1200x1200.webp 1200w, https:\/\/www.fsyougel.com\/wp-content\/uploads\/2025\/08\/Color-Base-Coat-Wholesale-1-600x600.webp 600w, https:\/\/www.fsyougel.com\/wp-content\/uploads\/2025\/08\/Color-Base-Coat-Wholesale-1-100x100.webp 100w\" sizes=\"(max-width: 1500px) 100vw, 1500px\" \/><\/figure>\n<\/div>\n<\/div>","protected":false},"excerpt":{"rendered":"<p>Base de color de u\u00f1as de gel personalizada con caucho natural de alta viscosidad, sin HEMA. Flexible, f\u00e1cil de aplicar, dura hasta 30 d\u00edas, cubre imperfecciones y protege las u\u00f1as. Directo de f\u00e1brica, MOQ bajo, muestras gratuitas, OEM y etiqueta privada disponible.<\/p>\n<table border=\"0\" width=\"854\" cellspacing=\"0\" cellpadding=\"0\">\n<tbody>\n<tr>\n<td width=\"257\" height=\"44\">Marca<\/td>\n<td width=\"597\">YouGel<\/td>\n<\/tr>\n<tr>\n<td width=\"257\" height=\"44\">N\u00famero de modelo<\/td>\n<td width=\"597\">RB01<\/td>\n<\/tr>\n<tr>\n<td width=\"257\" height=\"44\">Tipo de producto<\/td>\n<td width=\"597\">Soak-Off UV\/LED<\/td>\n<\/tr>\n<tr>\n<td width=\"257\" height=\"44\">Material<\/td>\n<td width=\"597\">Resina<\/td>\n<\/tr>\n<tr>\n<td width=\"257\" height=\"44\">Color<\/td>\n<td width=\"597\">48 Colores<\/td>\n<\/tr>\n<tr>\n<td width=\"257\" height=\"44\">Volumen<\/td>\n<td width=\"597\">15ml, 1kg\/Custom<\/td>\n<\/tr>\n<tr>\n<td width=\"257\" height=\"44\">Seguridad<\/td>\n<td width=\"597\">Sin HEMA, no t\u00f3xico, MSDS disponible<\/td>\n<\/tr>\n<tr>\n<td width=\"257\" height=\"44\">MOQ<\/td>\n<td width=\"597\">MOQ bajo<\/td>\n<\/tr>\n<tr>\n<td width=\"257\" height=\"44\">Muestra gratuita<\/td>\n<td width=\"597\">Disponible<\/td>\n<\/tr>\n<tr>\n<td width=\"257\" height=\"82\">Opci\u00f3n personalizada<\/td>\n<td width=\"597\">Servicios OEM\/ODM, logotipos, etiquetas y embalajes personalizados<\/td>\n<\/tr>\n<\/tbody>\n<\/table>\n<h2 class=\"brxe-heading\">Del fabricante de Gel Base Coat<\/h2>\n<p><strong>YouGel<\/strong> es un fabricante de esmaltes base de gel de confianza que ofrece esmaltes base de gel de alta calidad adecuados para u\u00f1as UV\/LED. Nuestros productos est\u00e1n dise\u00f1ados para garantizar una aplicaci\u00f3n suave, una larga duraci\u00f3n y un f\u00e1cil remojo.<\/p>","protected":false},"featured_media":525,"comment_status":"closed","ping_status":"closed","template":"","meta":{"_acf_changed":false},"product_brand":[],"product_cat":[17],"product_tag":[],"class_list":{"0":"post-514","1":"product","2":"type-product","3":"status-publish","4":"has-post-thumbnail","6":"product_cat-wholesale-base-coat","8":"first","9":"instock","10":"shipping-taxable","11":"product-type-simple"},"acf":[],"_links":{"self":[{"href":"https:\/\/www.fsyougel.com\/es\/wp-json\/wp\/v2\/product\/514","targetHints":{"allow":["GET"]}}],"collection":[{"href":"https:\/\/www.fsyougel.com\/es\/wp-json\/wp\/v2\/product"}],"about":[{"href":"https:\/\/www.fsyougel.com\/es\/wp-json\/wp\/v2\/types\/product"}],"replies":[{"embeddable":true,"href":"https:\/\/www.fsyougel.com\/es\/wp-json\/wp\/v2\/comments?post=514"}],"wp:featuredmedia":[{"embeddable":true,"href":"https:\/\/www.fsyougel.com\/es\/wp-json\/wp\/v2\/media\/525"}],"wp:attachment":[{"href":"https:\/\/www.fsyougel.com\/es\/wp-json\/wp\/v2\/media?parent=514"}],"wp:term":[{"taxonomy":"product_brand","embeddable":true,"href":"https:\/\/www.fsyougel.com\/es\/wp-json\/wp\/v2\/product_brand?post=514"},{"taxonomy":"product_cat","embeddable":true,"href":"https:\/\/www.fsyougel.com\/es\/wp-json\/wp\/v2\/product_cat?post=514"},{"taxonomy":"product_tag","embeddable":true,"href":"https:\/\/www.fsyougel.com\/es\/wp-json\/wp\/v2\/product_tag?post=514"}],"curies":[{"name":"wp","href":"https:\/\/api.w.org\/{rel}","templated":true}]}}