{"id":538,"date":"2025-08-18T08:31:44","date_gmt":"2025-08-18T08:31:44","guid":{"rendered":"https:\/\/www.fsyougel.com\/?post_type=product&#038;p=538"},"modified":"2025-08-18T08:34:37","modified_gmt":"2025-08-18T08:34:37","slug":"velet-matte-top-coat-wholesale","status":"publish","type":"product","link":"https:\/\/www.fsyougel.com\/es\/producto\/velet-matte-top-coat-wholesale\/","title":{"rendered":"Velet Matte Top Coat al por mayor 15ml HEMA Free Gel Nail Polish Supply"},"content":{"rendered":"<div class=\"wp-block-columns is-layout-flex wp-container-core-columns-is-layout-9d6595d7 wp-block-columns-is-layout-flex\">\n<div class=\"wp-block-column is-layout-flow wp-block-column-is-layout-flow\">\n<h2 class=\"wp-block-heading\">Custom Velet Mate Top Coat Caracter\u00edsticas:<\/h2>\n\n\n\n<ul class=\"wp-block-list\">\n<li><strong>Acabado mate aterciopelado de alta calidad<\/strong> - Consiga un aspecto liso y sin reflejos con nuestro <strong>Velet Matte Top Coat al por mayor<\/strong>perfecto para salones de manicura profesionales.<\/li>\n\n\n\n<li><strong>F\u00f3rmula sin HEMA<\/strong> - Seguro y suave con las u\u00f1as naturales, ideal para todo tipo de u\u00f1as, realzando su <strong>suministro de esmalte de u\u00f1as<\/strong> ofertas.<\/li>\n\n\n\n<li><strong>Duradero y flexible<\/strong> - Garantiza una larga duraci\u00f3n y mantiene el efecto mate aterciopelado durante toda la semana.<\/li>\n\n\n\n<li><strong>Aplicaci\u00f3n sencilla<\/strong> - La f\u00f3rmula de alta viscosidad se desliza suavemente sobre la superficie de la u\u00f1a para una cobertura impecable, potenciando su <strong>suministro de esmalte de u\u00f1as<\/strong> inventario.<\/li>\n\n\n\n<li><strong>Perfecto para pedidos al por mayor<\/strong> - El suministro directo de f\u00e1brica permite <strong>Velet Matte Top Coat al por mayor<\/strong> pedidos con MOQ bajo, opciones OEM y etiqueta privada disponibles.<\/li>\n<\/ul>\n<\/div>\n\n\n\n<div class=\"wp-block-column is-layout-flow wp-block-column-is-layout-flow\">\n<figure class=\"wp-block-image size-full\"><img decoding=\"async\" width=\"1500\" height=\"1500\" src=\"https:\/\/www.fsyougel.com\/wp-content\/uploads\/2025\/08\/Velet-Matte-Top-Coat-Wholesale-2.webp\" alt=\"Velet Matte Top Coat al por mayor (2)\" class=\"wp-image-540\" srcset=\"https:\/\/www.fsyougel.com\/wp-content\/uploads\/2025\/08\/Velet-Matte-Top-Coat-Wholesale-2.webp 1500w, https:\/\/www.fsyougel.com\/wp-content\/uploads\/2025\/08\/Velet-Matte-Top-Coat-Wholesale-2-300x300.webp 300w, https:\/\/www.fsyougel.com\/wp-content\/uploads\/2025\/08\/Velet-Matte-Top-Coat-Wholesale-2-150x150.webp 150w, https:\/\/www.fsyougel.com\/wp-content\/uploads\/2025\/08\/Velet-Matte-Top-Coat-Wholesale-2-768x768.webp 768w, https:\/\/www.fsyougel.com\/wp-content\/uploads\/2025\/08\/Velet-Matte-Top-Coat-Wholesale-2-1200x1200.webp 1200w, https:\/\/www.fsyougel.com\/wp-content\/uploads\/2025\/08\/Velet-Matte-Top-Coat-Wholesale-2-600x600.webp 600w, https:\/\/www.fsyougel.com\/wp-content\/uploads\/2025\/08\/Velet-Matte-Top-Coat-Wholesale-2-100x100.webp 100w\" sizes=\"(max-width: 1500px) 100vw, 1500px\" \/><\/figure>\n<\/div>\n<\/div>\n\n\n\n<div class=\"wp-block-columns is-layout-flex wp-container-core-columns-is-layout-9d6595d7 wp-block-columns-is-layout-flex\">\n<div class=\"wp-block-column is-layout-flow wp-block-column-is-layout-flow\">\n<figure class=\"wp-block-image size-full\"><img decoding=\"async\" width=\"1500\" height=\"1500\" src=\"https:\/\/www.fsyougel.com\/wp-content\/uploads\/2025\/08\/Velet-Matte-Top-Coat-Wholesale-Manufacturer.webp\" alt=\"Velet Matte Top Coat Fabricante al por mayor\" class=\"wp-image-542\" srcset=\"https:\/\/www.fsyougel.com\/wp-content\/uploads\/2025\/08\/Velet-Matte-Top-Coat-Wholesale-Manufacturer.webp 1500w, https:\/\/www.fsyougel.com\/wp-content\/uploads\/2025\/08\/Velet-Matte-Top-Coat-Wholesale-Manufacturer-300x300.webp 300w, https:\/\/www.fsyougel.com\/wp-content\/uploads\/2025\/08\/Velet-Matte-Top-Coat-Wholesale-Manufacturer-150x150.webp 150w, https:\/\/www.fsyougel.com\/wp-content\/uploads\/2025\/08\/Velet-Matte-Top-Coat-Wholesale-Manufacturer-768x768.webp 768w, https:\/\/www.fsyougel.com\/wp-content\/uploads\/2025\/08\/Velet-Matte-Top-Coat-Wholesale-Manufacturer-1200x1200.webp 1200w, https:\/\/www.fsyougel.com\/wp-content\/uploads\/2025\/08\/Velet-Matte-Top-Coat-Wholesale-Manufacturer-600x600.webp 600w, https:\/\/www.fsyougel.com\/wp-content\/uploads\/2025\/08\/Velet-Matte-Top-Coat-Wholesale-Manufacturer-100x100.webp 100w\" sizes=\"(max-width: 1500px) 100vw, 1500px\" \/><\/figure>\n<\/div>\n\n\n\n<div class=\"wp-block-column is-layout-flow wp-block-column-is-layout-flow\">\n<figure class=\"wp-block-image size-full\"><img decoding=\"async\" width=\"1500\" height=\"1500\" src=\"https:\/\/www.fsyougel.com\/wp-content\/uploads\/2025\/08\/Velet-Matte-Top-Coat-Wholesale-Manufacturer-2.webp\" alt=\"Velet Matte Top Coat Fabricante al por mayor (2)\" class=\"wp-image-541\" srcset=\"https:\/\/www.fsyougel.com\/wp-content\/uploads\/2025\/08\/Velet-Matte-Top-Coat-Wholesale-Manufacturer-2.webp 1500w, https:\/\/www.fsyougel.com\/wp-content\/uploads\/2025\/08\/Velet-Matte-Top-Coat-Wholesale-Manufacturer-2-300x300.webp 300w, https:\/\/www.fsyougel.com\/wp-content\/uploads\/2025\/08\/Velet-Matte-Top-Coat-Wholesale-Manufacturer-2-150x150.webp 150w, https:\/\/www.fsyougel.com\/wp-content\/uploads\/2025\/08\/Velet-Matte-Top-Coat-Wholesale-Manufacturer-2-768x768.webp 768w, https:\/\/www.fsyougel.com\/wp-content\/uploads\/2025\/08\/Velet-Matte-Top-Coat-Wholesale-Manufacturer-2-1200x1200.webp 1200w, https:\/\/www.fsyougel.com\/wp-content\/uploads\/2025\/08\/Velet-Matte-Top-Coat-Wholesale-Manufacturer-2-600x600.webp 600w, https:\/\/www.fsyougel.com\/wp-content\/uploads\/2025\/08\/Velet-Matte-Top-Coat-Wholesale-Manufacturer-2-100x100.webp 100w\" sizes=\"(max-width: 1500px) 100vw, 1500px\" \/><\/figure>\n<\/div>\n<\/div>\n\n\n\n<div class=\"wp-block-columns is-layout-flex wp-container-core-columns-is-layout-9d6595d7 wp-block-columns-is-layout-flex\">\n<div class=\"wp-block-column is-layout-flow wp-block-column-is-layout-flow\">\n<figure class=\"wp-block-image size-full\"><img decoding=\"async\" width=\"1500\" height=\"1500\" src=\"https:\/\/www.fsyougel.com\/wp-content\/uploads\/2025\/08\/Velet-Matte-Top-Coat-Gel-Polish.webp\" alt=\"Esmalte de gel Velet Matte Top Coat\" class=\"wp-image-545\" srcset=\"https:\/\/www.fsyougel.com\/wp-content\/uploads\/2025\/08\/Velet-Matte-Top-Coat-Gel-Polish.webp 1500w, https:\/\/www.fsyougel.com\/wp-content\/uploads\/2025\/08\/Velet-Matte-Top-Coat-Gel-Polish-300x300.webp 300w, https:\/\/www.fsyougel.com\/wp-content\/uploads\/2025\/08\/Velet-Matte-Top-Coat-Gel-Polish-150x150.webp 150w, https:\/\/www.fsyougel.com\/wp-content\/uploads\/2025\/08\/Velet-Matte-Top-Coat-Gel-Polish-768x768.webp 768w, https:\/\/www.fsyougel.com\/wp-content\/uploads\/2025\/08\/Velet-Matte-Top-Coat-Gel-Polish-1200x1200.webp 1200w, https:\/\/www.fsyougel.com\/wp-content\/uploads\/2025\/08\/Velet-Matte-Top-Coat-Gel-Polish-600x600.webp 600w, https:\/\/www.fsyougel.com\/wp-content\/uploads\/2025\/08\/Velet-Matte-Top-Coat-Gel-Polish-100x100.webp 100w\" sizes=\"(max-width: 1500px) 100vw, 1500px\" \/><\/figure>\n<\/div>\n\n\n\n<div class=\"wp-block-column is-layout-flow wp-block-column-is-layout-flow\">\n<h2 class=\"wp-block-heading\">Velvet Matte Top Coat vs Glossy Top Coat - Diferencias clave para el acabado de u\u00f1as<\/h2>\n\n\n\n<p><strong>Efectos de superficie<\/strong><\/p>\n\n\n\n<ul class=\"wp-block-list\">\n<li>Acabado mate aterciopelado: Ofrece un acabado mate y aterciopelado sin reflejos para una sofisticaci\u00f3n discreta.<\/li>\n\n\n\n<li>Acabado brillante: Ofrece un aspecto de alto brillo con reflejos de luz agudos y una rica saturaci\u00f3n de color.<\/li>\n<\/ul>\n\n\n\n<p><strong>Tacto y textura<\/strong><\/p>\n\n\n\n<ul class=\"wp-block-list\">\n<li>Acabado mate aterciopelado: Proporciona un tacto suave y aterciopelado con un acabado poco brillante que da un aspecto m\u00e1s natural.<\/li>\n\n\n\n<li>Acabado brillante: Proporciona una textura h\u00fameda y suave que resalta el color y el brillo del acabado de la u\u00f1a.<\/li>\n<\/ul>\n\n\n\n<p><strong>Durabilidad y protecci\u00f3n<\/strong><\/p>\n\n\n\n<p>Ambos protegen el esmalte de los ara\u00f1azos, la descamaci\u00f3n y la decoloraci\u00f3n, pero el topcoat mate debe tratarse con cuidado para evitar el roce, que lo vuelve brillante.<\/p>\n\n\n\n<p><strong>Consejos de estilismo<\/strong><\/p>\n\n\n\n<ul class=\"wp-block-list\">\n<li>Acabado mate aterciopelado: Se lleva solo o con adornos o lentejuelas para un look diferente.<\/li>\n\n\n\n<li>Glossy Top Coat: Ideal para dar color y brillo decorativo, a menudo combinado con esmaltes de u\u00f1as de colores y arte.<\/li>\n<\/ul>\n\n\n\n<p>Encuentre m\u00e1s top coats profesionales, como OEM y personalizaci\u00f3n al por mayor. <strong>Solicite hoy mismo un presupuesto y muestras poni\u00e9ndose en contacto con nosotros.<\/strong><\/p>\n<\/div>\n<\/div>","protected":false},"excerpt":{"rendered":"<p>Premium 15 ml <strong data-start=\"988\" data-end=\"1022\">Velet Matte Top Coat al por mayor<\/strong>, sin HEMA, suave y de larga duraci\u00f3n. Ideal para salones y <strong data-start=\"1079\" data-end=\"1101\">suministro de esmalte de u\u00f1as<\/strong>. F\u00e1cil de aplicar, OEM y pedidos a granel disponibles. P\u00f3ngase en contacto con nosotros<\/p>\n<table border=\"0\" width=\"854\" cellspacing=\"0\" cellpadding=\"0\">\n<tbody>\n<tr>\n<td width=\"257\" height=\"44\">Marca<\/td>\n<td width=\"597\">YouGel<\/td>\n<\/tr>\n<tr>\n<td width=\"257\" height=\"44\">N\u00famero de modelo<\/td>\n<td width=\"597\">MT01<\/td>\n<\/tr>\n<tr>\n<td width=\"257\" height=\"44\">Tipo de producto<\/td>\n<td width=\"597\">Soak-Off UV\/LED<\/td>\n<\/tr>\n<tr>\n<td width=\"257\" height=\"44\">Material<\/td>\n<td width=\"597\">Resina<\/td>\n<\/tr>\n<tr>\n<td width=\"257\" height=\"44\">Color<\/td>\n<td width=\"597\">Transparente\/ Color opcional<\/td>\n<\/tr>\n<tr>\n<td width=\"257\" height=\"44\">Volumen<\/td>\n<td width=\"597\">15 ml, 1 kg<\/td>\n<\/tr>\n<tr>\n<td width=\"257\" height=\"44\">Seguridad<\/td>\n<td width=\"597\">Sin HEMA, no t\u00f3xico, MSDS disponible<\/td>\n<\/tr>\n<tr>\n<td width=\"257\" height=\"44\">MOQ<\/td>\n<td width=\"597\">MOQ bajo<\/td>\n<\/tr>\n<tr>\n<td width=\"257\" height=\"44\">Muestra gratuita<\/td>\n<td width=\"597\">Disponible<\/td>\n<\/tr>\n<tr>\n<td width=\"257\" height=\"82\">Opci\u00f3n personalizada<\/td>\n<td width=\"597\">Servicios OEM\/ODM, logotipos, etiquetas y embalajes personalizados<\/td>\n<\/tr>\n<\/tbody>\n<\/table>\n<h2 class=\"brxe-heading\">Del fabricante de Gel Top Coat<\/h2>\n<p>YouGel es un fabricante de esmaltes de gel de confianza que ofrece bases de gel de alta calidad adecuadas para u\u00f1as UV\/LED. Nuestros productos est\u00e1n dise\u00f1ados para garantizar una aplicaci\u00f3n suave, larga duraci\u00f3n y f\u00e1cil absorci\u00f3n.<\/p>","protected":false},"featured_media":543,"comment_status":"closed","ping_status":"closed","template":"","meta":{"_acf_changed":false},"product_brand":[],"product_cat":[18],"product_tag":[],"class_list":{"0":"post-538","1":"product","2":"type-product","3":"status-publish","4":"has-post-thumbnail","6":"product_cat-top-coat-wholesale","8":"first","9":"instock","10":"shipping-taxable","11":"product-type-simple"},"acf":[],"_links":{"self":[{"href":"https:\/\/www.fsyougel.com\/es\/wp-json\/wp\/v2\/product\/538","targetHints":{"allow":["GET"]}}],"collection":[{"href":"https:\/\/www.fsyougel.com\/es\/wp-json\/wp\/v2\/product"}],"about":[{"href":"https:\/\/www.fsyougel.com\/es\/wp-json\/wp\/v2\/types\/product"}],"replies":[{"embeddable":true,"href":"https:\/\/www.fsyougel.com\/es\/wp-json\/wp\/v2\/comments?post=538"}],"wp:featuredmedia":[{"embeddable":true,"href":"https:\/\/www.fsyougel.com\/es\/wp-json\/wp\/v2\/media\/543"}],"wp:attachment":[{"href":"https:\/\/www.fsyougel.com\/es\/wp-json\/wp\/v2\/media?parent=538"}],"wp:term":[{"taxonomy":"product_brand","embeddable":true,"href":"https:\/\/www.fsyougel.com\/es\/wp-json\/wp\/v2\/product_brand?post=538"},{"taxonomy":"product_cat","embeddable":true,"href":"https:\/\/www.fsyougel.com\/es\/wp-json\/wp\/v2\/product_cat?post=538"},{"taxonomy":"product_tag","embeddable":true,"href":"https:\/\/www.fsyougel.com\/es\/wp-json\/wp\/v2\/product_tag?post=538"}],"curies":[{"name":"wp","href":"https:\/\/api.w.org\/{rel}","templated":true}]}}