{"id":546,"date":"2025-08-18T09:05:57","date_gmt":"2025-08-18T09:05:57","guid":{"rendered":"https:\/\/www.fsyougel.com\/?post_type=product&#038;p=546"},"modified":"2025-08-18T09:05:59","modified_gmt":"2025-08-18T09:05:59","slug":"blue-diamond-top-coat-bulk","status":"publish","type":"product","link":"https:\/\/www.fsyougel.com\/es\/producto\/blue-diamond-top-coat-bulk\/","title":{"rendered":"Esmalte de u\u00f1as de gel Blue Diamond Top Coat a granel, sin HEMA ni TPO"},"content":{"rendered":"<div class=\"wp-block-columns is-layout-flex wp-container-core-columns-is-layout-9d6595d7 wp-block-columns-is-layout-flex\">\n<div class=\"wp-block-column is-layout-flow wp-block-column-is-layout-flow\">\n<h2 class=\"wp-block-heading\">Granel Diamante Azul Top Coat Caracter\u00edsticas:<\/h2>\n\n\n\n<ul class=\"wp-block-list\">\n<li><strong>Brillo de diamante<\/strong> - Consiga un acabado brillante y reflectante con nuestro <strong>Top Coat Diamante Azul<\/strong>perfecto para salones de manicura profesionales.<\/li>\n\n\n\n<li><strong style=\"color: initial;\">F\u00f3rmula no amarilleante<\/strong><span style=\"color: initial;\">\u00a0- Mantiene las u\u00f1as con un aspecto fresco y natural, ideal a largo plazo\u00a0<\/span><strong style=\"color: initial;\">uso del esmalte de u\u00f1as<\/strong>.<\/li>\n\n\n\n<li><strong>Rub Powder Super Shine<\/strong> - Proporciona un efecto espejo ultrabrillante que realza cualquier color de u\u00f1as.<\/li>\n\n\n\n<li><strong>Duradero y de larga duraci\u00f3n<\/strong> - Protege el color de las u\u00f1as, resiste el desconchado y mantiene el brillo durante d\u00edas, apto para pedidos al por mayor.<\/li>\n\n\n\n<li><strong>Seguro y sin HEMA\/TPO<\/strong> - Suave con las u\u00f1as naturales, adecuado para todo tipo de u\u00f1as, garantizando un acabado de calidad de sal\u00f3n.<\/li>\n\n\n\n<li><strong>Venta al por mayor y OEM<\/strong> - Directo de f\u00e1brica con MOQ bajo, perfecto para <strong>suministro de esmalte de u\u00f1as<\/strong> y etiquetado privado.<\/li>\n<\/ul>\n<\/div>\n\n\n\n<div class=\"wp-block-column is-layout-flow wp-block-column-is-layout-flow\">\n<figure class=\"wp-block-image size-full\"><img decoding=\"async\" width=\"800\" height=\"800\" src=\"https:\/\/www.fsyougel.com\/wp-content\/uploads\/2025\/08\/Blue-Diamond-Top-Coat-Bulk.webp\" alt=\"Diamante Azul Top Coat Granel\" class=\"wp-image-548\" srcset=\"https:\/\/www.fsyougel.com\/wp-content\/uploads\/2025\/08\/Blue-Diamond-Top-Coat-Bulk.webp 800w, https:\/\/www.fsyougel.com\/wp-content\/uploads\/2025\/08\/Blue-Diamond-Top-Coat-Bulk-300x300.webp 300w, https:\/\/www.fsyougel.com\/wp-content\/uploads\/2025\/08\/Blue-Diamond-Top-Coat-Bulk-150x150.webp 150w, https:\/\/www.fsyougel.com\/wp-content\/uploads\/2025\/08\/Blue-Diamond-Top-Coat-Bulk-768x768.webp 768w, https:\/\/www.fsyougel.com\/wp-content\/uploads\/2025\/08\/Blue-Diamond-Top-Coat-Bulk-600x600.webp 600w, https:\/\/www.fsyougel.com\/wp-content\/uploads\/2025\/08\/Blue-Diamond-Top-Coat-Bulk-100x100.webp 100w\" sizes=\"(max-width: 800px) 100vw, 800px\" \/><\/figure>\n<\/div>\n<\/div>\n\n\n\n<div class=\"wp-block-columns is-layout-flex wp-container-core-columns-is-layout-9d6595d7 wp-block-columns-is-layout-flex\">\n<div class=\"wp-block-column is-layout-flow wp-block-column-is-layout-flow\">\n<figure class=\"wp-block-image size-full\"><img decoding=\"async\" width=\"1667\" height=\"1667\" src=\"https:\/\/www.fsyougel.com\/wp-content\/uploads\/2025\/08\/Blue-Diamond-Top-Coat-Gel-Polish.webp\" alt=\"Esmalte de gel Blue Diamond Top Coat\" class=\"wp-image-549\" srcset=\"https:\/\/www.fsyougel.com\/wp-content\/uploads\/2025\/08\/Blue-Diamond-Top-Coat-Gel-Polish.webp 1667w, https:\/\/www.fsyougel.com\/wp-content\/uploads\/2025\/08\/Blue-Diamond-Top-Coat-Gel-Polish-300x300.webp 300w, https:\/\/www.fsyougel.com\/wp-content\/uploads\/2025\/08\/Blue-Diamond-Top-Coat-Gel-Polish-150x150.webp 150w, https:\/\/www.fsyougel.com\/wp-content\/uploads\/2025\/08\/Blue-Diamond-Top-Coat-Gel-Polish-768x768.webp 768w, https:\/\/www.fsyougel.com\/wp-content\/uploads\/2025\/08\/Blue-Diamond-Top-Coat-Gel-Polish-1200x1200.webp 1200w, https:\/\/www.fsyougel.com\/wp-content\/uploads\/2025\/08\/Blue-Diamond-Top-Coat-Gel-Polish-600x600.webp 600w, https:\/\/www.fsyougel.com\/wp-content\/uploads\/2025\/08\/Blue-Diamond-Top-Coat-Gel-Polish-100x100.webp 100w\" sizes=\"(max-width: 1667px) 100vw, 1667px\" \/><\/figure>\n<\/div>\n\n\n\n<div class=\"wp-block-column is-layout-flow wp-block-column-is-layout-flow\">\n<figure class=\"wp-block-image size-full\"><img decoding=\"async\" width=\"1667\" height=\"1667\" src=\"https:\/\/www.fsyougel.com\/wp-content\/uploads\/2025\/08\/Normal-Top-Coat-vs.-Blue-Diamond-Top-Coat.webp\" alt=\"Normal Top Coat vs. Blue Diamond Top Coat\" class=\"wp-image-552\" srcset=\"https:\/\/www.fsyougel.com\/wp-content\/uploads\/2025\/08\/Normal-Top-Coat-vs.-Blue-Diamond-Top-Coat.webp 1667w, https:\/\/www.fsyougel.com\/wp-content\/uploads\/2025\/08\/Normal-Top-Coat-vs.-Blue-Diamond-Top-Coat-300x300.webp 300w, https:\/\/www.fsyougel.com\/wp-content\/uploads\/2025\/08\/Normal-Top-Coat-vs.-Blue-Diamond-Top-Coat-150x150.webp 150w, https:\/\/www.fsyougel.com\/wp-content\/uploads\/2025\/08\/Normal-Top-Coat-vs.-Blue-Diamond-Top-Coat-768x768.webp 768w, https:\/\/www.fsyougel.com\/wp-content\/uploads\/2025\/08\/Normal-Top-Coat-vs.-Blue-Diamond-Top-Coat-1200x1200.webp 1200w, https:\/\/www.fsyougel.com\/wp-content\/uploads\/2025\/08\/Normal-Top-Coat-vs.-Blue-Diamond-Top-Coat-600x600.webp 600w, https:\/\/www.fsyougel.com\/wp-content\/uploads\/2025\/08\/Normal-Top-Coat-vs.-Blue-Diamond-Top-Coat-100x100.webp 100w\" sizes=\"(max-width: 1667px) 100vw, 1667px\" \/><\/figure>\n<\/div>\n<\/div>","protected":false},"excerpt":{"rendered":"<p>Esmalte de gel de diamante azul de 15ml a granel, sin HEMA ni TPO, no amarillea, con polvo de frotar para un brillo estupendo. Perfecto para salones y suministro de esmalte de u\u00f1as, pedidos a granel y OEM disponibles.<\/p>\n<table border=\"0\" width=\"854\" cellspacing=\"0\" cellpadding=\"0\">\n<tbody>\n<tr>\n<td width=\"257\" height=\"44\">Marca<\/td>\n<td width=\"597\">YouGel<\/td>\n<\/tr>\n<tr>\n<td width=\"257\" height=\"44\">N\u00famero de modelo<\/td>\n<td width=\"597\">TP11-HP<\/td>\n<\/tr>\n<tr>\n<td width=\"257\" height=\"44\">Tipo de producto<\/td>\n<td width=\"597\">Soak-Off UV\/LED<\/td>\n<\/tr>\n<tr>\n<td width=\"257\" height=\"44\">Material<\/td>\n<td width=\"597\">Resina<\/td>\n<\/tr>\n<tr>\n<td width=\"257\" height=\"44\">Color<\/td>\n<td width=\"597\">Azul<\/td>\n<\/tr>\n<tr>\n<td width=\"257\" height=\"44\">Volumen<\/td>\n<td width=\"597\">15 ml, 1 kg<\/td>\n<\/tr>\n<tr>\n<td width=\"257\" height=\"44\">Seguridad<\/td>\n<td width=\"597\">Sin HEMA, no t\u00f3xico, MSDS disponible<\/td>\n<\/tr>\n<tr>\n<td width=\"257\" height=\"44\">MOQ<\/td>\n<td width=\"597\">MOQ bajo<\/td>\n<\/tr>\n<tr>\n<td width=\"257\" height=\"44\">Muestra gratuita<\/td>\n<td width=\"597\">Disponible<\/td>\n<\/tr>\n<tr>\n<td width=\"257\" height=\"82\">Opci\u00f3n personalizada<\/td>\n<td width=\"597\">Servicios OEM\/ODM, logotipos, etiquetas y embalajes personalizados<\/td>\n<\/tr>\n<\/tbody>\n<\/table>","protected":false},"featured_media":547,"comment_status":"closed","ping_status":"closed","template":"","meta":{"_acf_changed":false},"product_brand":[],"product_cat":[18],"product_tag":[],"class_list":{"0":"post-546","1":"product","2":"type-product","3":"status-publish","4":"has-post-thumbnail","6":"product_cat-top-coat-wholesale","8":"first","9":"instock","10":"shipping-taxable","11":"product-type-simple"},"acf":[],"_links":{"self":[{"href":"https:\/\/www.fsyougel.com\/es\/wp-json\/wp\/v2\/product\/546","targetHints":{"allow":["GET"]}}],"collection":[{"href":"https:\/\/www.fsyougel.com\/es\/wp-json\/wp\/v2\/product"}],"about":[{"href":"https:\/\/www.fsyougel.com\/es\/wp-json\/wp\/v2\/types\/product"}],"replies":[{"embeddable":true,"href":"https:\/\/www.fsyougel.com\/es\/wp-json\/wp\/v2\/comments?post=546"}],"wp:featuredmedia":[{"embeddable":true,"href":"https:\/\/www.fsyougel.com\/es\/wp-json\/wp\/v2\/media\/547"}],"wp:attachment":[{"href":"https:\/\/www.fsyougel.com\/es\/wp-json\/wp\/v2\/media?parent=546"}],"wp:term":[{"taxonomy":"product_brand","embeddable":true,"href":"https:\/\/www.fsyougel.com\/es\/wp-json\/wp\/v2\/product_brand?post=546"},{"taxonomy":"product_cat","embeddable":true,"href":"https:\/\/www.fsyougel.com\/es\/wp-json\/wp\/v2\/product_cat?post=546"},{"taxonomy":"product_tag","embeddable":true,"href":"https:\/\/www.fsyougel.com\/es\/wp-json\/wp\/v2\/product_tag?post=546"}],"curies":[{"name":"wp","href":"https:\/\/api.w.org\/{rel}","templated":true}]}}