{"id":553,"date":"2025-08-18T09:46:26","date_gmt":"2025-08-18T09:46:26","guid":{"rendered":"https:\/\/www.fsyougel.com\/?post_type=product&#038;p=553"},"modified":"2025-08-18T09:46:27","modified_gmt":"2025-08-18T09:46:27","slug":"tempered-glass-top-coat-supplier","status":"publish","type":"product","link":"https:\/\/www.fsyougel.com\/es\/producto\/tempered-glass-top-coat-supplier\/","title":{"rendered":"Tempered Glass Top Coat Private Label No Wipe Gel Top Coat Proveedor"},"content":{"rendered":"<div class=\"wp-block-columns is-layout-flex wp-container-core-columns-is-layout-9d6595d7 wp-block-columns-is-layout-flex\">\n<div class=\"wp-block-column is-layout-flow wp-block-column-is-layout-flow\">\n<h2 class=\"wp-block-heading\">Venta al Mayor de Vidrio Templado Top CoatCaracter\u00edsticas:<\/h2>\n\n\n\n<ul class=\"wp-block-list\">\n<li><strong>Alto brillo como un espejo<\/strong> - Crea u\u00f1as ultrabrillantes, como de cristal, con un acabado reflectante de larga duraci\u00f3n, perfecto para salones profesionales y <strong>venta al por mayor capa superior de vidrio templado<\/strong> pedidos.<\/li>\n\n\n\n<li><strong>F\u00f3rmula sin pa\u00f1os<\/strong> - Aplicaci\u00f3n sin complicaciones, ahorra tiempo, garantiza una cobertura suave y uniforme para cualquier <strong>esmalte de u\u00f1as permanente de marca blanca<\/strong> proyecto.<\/li>\n\n\n\n<li><strong>Duradero y resistente a las astillas<\/strong> - Protege el color de las u\u00f1as, resiste ara\u00f1azos y desconchones, manteni\u00e9ndolas impecables durante semanas.<\/li>\n\n\n\n<li><strong>Curado r\u00e1pido y f\u00e1cil retirada<\/strong> - Curado r\u00e1pido bajo l\u00e1mparas UV\/LED y f\u00e1cil eliminaci\u00f3n por remojo sin da\u00f1ar las u\u00f1as naturales.<\/li>\n\n\n\n<li><strong>Marcas blancas y personalizadas<\/strong> - Totalmente compatible <strong>esmalte de u\u00f1as permanente de marca blanca<\/strong>MOQ bajo, opciones OEM para salones y distribuidores.<\/li>\n\n\n\n<li><strong>Seguro y no t\u00f3xico<\/strong> - Sin HEMA\/TPO, respetuoso con las u\u00f1as naturales, apto para todo tipo de u\u00f1as, mejora su <strong>venta al por mayor capa superior de vidrio templado<\/strong> ofertas.<\/li>\n\n\n\n<li><strong>Uso vers\u00e1til<\/strong> - Funciona a la perfecci\u00f3n sobre esmaltes de gel, nail art o dise\u00f1os con purpurina para conseguir un acabado de alto brillo.<\/li>\n<\/ul>\n<\/div>\n\n\n\n<div class=\"wp-block-column is-layout-flow wp-block-column-is-layout-flow\">\n<figure class=\"wp-block-image size-full\"><img decoding=\"async\" width=\"1500\" height=\"1500\" src=\"https:\/\/www.fsyougel.com\/wp-content\/uploads\/2025\/08\/Tempered-Glass-Top-Coat-Wholesale.webp\" alt=\"Vidrio templado Top Coat al por mayor\" class=\"wp-image-559\" srcset=\"https:\/\/www.fsyougel.com\/wp-content\/uploads\/2025\/08\/Tempered-Glass-Top-Coat-Wholesale.webp 1500w, https:\/\/www.fsyougel.com\/wp-content\/uploads\/2025\/08\/Tempered-Glass-Top-Coat-Wholesale-300x300.webp 300w, https:\/\/www.fsyougel.com\/wp-content\/uploads\/2025\/08\/Tempered-Glass-Top-Coat-Wholesale-150x150.webp 150w, https:\/\/www.fsyougel.com\/wp-content\/uploads\/2025\/08\/Tempered-Glass-Top-Coat-Wholesale-768x768.webp 768w, https:\/\/www.fsyougel.com\/wp-content\/uploads\/2025\/08\/Tempered-Glass-Top-Coat-Wholesale-1200x1200.webp 1200w, https:\/\/www.fsyougel.com\/wp-content\/uploads\/2025\/08\/Tempered-Glass-Top-Coat-Wholesale-600x600.webp 600w, https:\/\/www.fsyougel.com\/wp-content\/uploads\/2025\/08\/Tempered-Glass-Top-Coat-Wholesale-100x100.webp 100w\" sizes=\"(max-width: 1500px) 100vw, 1500px\" \/><\/figure>\n<\/div>\n<\/div>\n\n\n\n<div class=\"wp-block-columns is-layout-flex wp-container-core-columns-is-layout-9d6595d7 wp-block-columns-is-layout-flex\">\n<div class=\"wp-block-column is-layout-flow wp-block-column-is-layout-flow\">\n<figure class=\"wp-block-image size-full\"><img decoding=\"async\" width=\"1500\" height=\"1500\" src=\"https:\/\/www.fsyougel.com\/wp-content\/uploads\/2025\/08\/Tempered-Glass-Top-Coat-Private-Label-1.webp\" alt=\"Vidrio templado Top Coat Private Label (1)\" class=\"wp-image-555\" srcset=\"https:\/\/www.fsyougel.com\/wp-content\/uploads\/2025\/08\/Tempered-Glass-Top-Coat-Private-Label-1.webp 1500w, https:\/\/www.fsyougel.com\/wp-content\/uploads\/2025\/08\/Tempered-Glass-Top-Coat-Private-Label-1-300x300.webp 300w, https:\/\/www.fsyougel.com\/wp-content\/uploads\/2025\/08\/Tempered-Glass-Top-Coat-Private-Label-1-150x150.webp 150w, https:\/\/www.fsyougel.com\/wp-content\/uploads\/2025\/08\/Tempered-Glass-Top-Coat-Private-Label-1-768x768.webp 768w, https:\/\/www.fsyougel.com\/wp-content\/uploads\/2025\/08\/Tempered-Glass-Top-Coat-Private-Label-1-1200x1200.webp 1200w, https:\/\/www.fsyougel.com\/wp-content\/uploads\/2025\/08\/Tempered-Glass-Top-Coat-Private-Label-1-600x600.webp 600w, https:\/\/www.fsyougel.com\/wp-content\/uploads\/2025\/08\/Tempered-Glass-Top-Coat-Private-Label-1-100x100.webp 100w\" sizes=\"(max-width: 1500px) 100vw, 1500px\" \/><\/figure>\n<\/div>\n\n\n\n<div class=\"wp-block-column is-layout-flow wp-block-column-is-layout-flow\">\n<figure class=\"wp-block-image size-full\"><img decoding=\"async\" width=\"1500\" height=\"1500\" src=\"https:\/\/www.fsyougel.com\/wp-content\/uploads\/2025\/08\/Custom-Tempered-Glass-Top-Coat.webp\" alt=\"Capa superior de vidrio templado personalizada\" class=\"wp-image-554\" srcset=\"https:\/\/www.fsyougel.com\/wp-content\/uploads\/2025\/08\/Custom-Tempered-Glass-Top-Coat.webp 1500w, https:\/\/www.fsyougel.com\/wp-content\/uploads\/2025\/08\/Custom-Tempered-Glass-Top-Coat-300x300.webp 300w, https:\/\/www.fsyougel.com\/wp-content\/uploads\/2025\/08\/Custom-Tempered-Glass-Top-Coat-150x150.webp 150w, https:\/\/www.fsyougel.com\/wp-content\/uploads\/2025\/08\/Custom-Tempered-Glass-Top-Coat-768x768.webp 768w, https:\/\/www.fsyougel.com\/wp-content\/uploads\/2025\/08\/Custom-Tempered-Glass-Top-Coat-1200x1200.webp 1200w, https:\/\/www.fsyougel.com\/wp-content\/uploads\/2025\/08\/Custom-Tempered-Glass-Top-Coat-600x600.webp 600w, https:\/\/www.fsyougel.com\/wp-content\/uploads\/2025\/08\/Custom-Tempered-Glass-Top-Coat-100x100.webp 100w\" sizes=\"(max-width: 1500px) 100vw, 1500px\" \/><\/figure>\n<\/div>\n<\/div>","protected":false},"excerpt":{"rendered":"<p data-start=\"92\" data-end=\"275\">Esmalte de u\u00f1as de cristal templado de 15ml al por mayor, no se limpia, ultra brillante, duradero y resistente a las astillas. Perfecto para salones y esmalte de u\u00f1as de gel de marca privada, OEM y pedidos al por mayor disponibles.<\/p>\n<table border=\"0\" width=\"854\" cellspacing=\"0\" cellpadding=\"0\">\n<tbody>\n<tr>\n<td width=\"257\" height=\"44\">Marca<\/td>\n<td width=\"597\">YouGel<\/td>\n<\/tr>\n<tr>\n<td width=\"257\" height=\"44\">N\u00famero de modelo<\/td>\n<td width=\"597\">TP02<\/td>\n<\/tr>\n<tr>\n<td width=\"257\" height=\"44\">Tipo de producto<\/td>\n<td width=\"597\">Soak-Off UV\/LED<\/td>\n<\/tr>\n<tr>\n<td width=\"257\" height=\"44\">Material<\/td>\n<td width=\"597\">Resina<\/td>\n<\/tr>\n<tr>\n<td width=\"257\" height=\"44\">Color<\/td>\n<td width=\"597\">Claro<\/td>\n<\/tr>\n<tr>\n<td width=\"257\" height=\"44\">Volumen<\/td>\n<td width=\"597\">15 ml, 1 kg<\/td>\n<\/tr>\n<tr>\n<td width=\"257\" height=\"44\">Seguridad<\/td>\n<td width=\"597\">Sin HEMA, no t\u00f3xico, MSDS disponible<\/td>\n<\/tr>\n<tr>\n<td width=\"257\" height=\"44\">MOQ<\/td>\n<td width=\"597\">MOQ bajo<\/td>\n<\/tr>\n<tr>\n<td width=\"257\" height=\"44\">Muestra gratuita<\/td>\n<td width=\"597\">Disponible<\/td>\n<\/tr>\n<tr>\n<td width=\"257\" height=\"82\">Opci\u00f3n personalizada<\/td>\n<td width=\"597\">Servicios OEM\/ODM, logotipos, etiquetas y embalajes personalizados<\/td>\n<\/tr>\n<\/tbody>\n<\/table>\n<h2 class=\"brxe-heading\">Del fabricante de Gel Top Coat<\/h2>\n<p>YouGel es un fabricante de esmaltes de gel de confianza que ofrece bases de gel de alta calidad adecuadas para u\u00f1as UV\/LED. Nuestros productos est\u00e1n dise\u00f1ados para garantizar una aplicaci\u00f3n suave, larga duraci\u00f3n y f\u00e1cil absorci\u00f3n.<\/p>","protected":false},"featured_media":558,"comment_status":"closed","ping_status":"closed","template":"","meta":{"_acf_changed":false},"product_brand":[],"product_cat":[18],"product_tag":[],"class_list":{"0":"post-553","1":"product","2":"type-product","3":"status-publish","4":"has-post-thumbnail","6":"product_cat-top-coat-wholesale","8":"first","9":"instock","10":"shipping-taxable","11":"product-type-simple"},"acf":[],"_links":{"self":[{"href":"https:\/\/www.fsyougel.com\/es\/wp-json\/wp\/v2\/product\/553","targetHints":{"allow":["GET"]}}],"collection":[{"href":"https:\/\/www.fsyougel.com\/es\/wp-json\/wp\/v2\/product"}],"about":[{"href":"https:\/\/www.fsyougel.com\/es\/wp-json\/wp\/v2\/types\/product"}],"replies":[{"embeddable":true,"href":"https:\/\/www.fsyougel.com\/es\/wp-json\/wp\/v2\/comments?post=553"}],"wp:featuredmedia":[{"embeddable":true,"href":"https:\/\/www.fsyougel.com\/es\/wp-json\/wp\/v2\/media\/558"}],"wp:attachment":[{"href":"https:\/\/www.fsyougel.com\/es\/wp-json\/wp\/v2\/media?parent=553"}],"wp:term":[{"taxonomy":"product_brand","embeddable":true,"href":"https:\/\/www.fsyougel.com\/es\/wp-json\/wp\/v2\/product_brand?post=553"},{"taxonomy":"product_cat","embeddable":true,"href":"https:\/\/www.fsyougel.com\/es\/wp-json\/wp\/v2\/product_cat?post=553"},{"taxonomy":"product_tag","embeddable":true,"href":"https:\/\/www.fsyougel.com\/es\/wp-json\/wp\/v2\/product_tag?post=553"}],"curies":[{"name":"wp","href":"https:\/\/api.w.org\/{rel}","templated":true}]}}