{"id":560,"date":"2025-08-18T10:33:35","date_gmt":"2025-08-18T10:33:35","guid":{"rendered":"https:\/\/www.fsyougel.com\/?post_type=product&#038;p=560"},"modified":"2025-08-18T10:33:35","modified_gmt":"2025-08-18T10:33:35","slug":"custom-gel-polish-color-supplier","status":"publish","type":"product","link":"https:\/\/www.fsyougel.com\/es\/producto\/custom-gel-polish-color-supplier\/","title":{"rendered":"Custom Gel Polish Color 15ml, Etiqueta Privada Gel Nail Polish Soak-Off UV Gel Fabricante"},"content":{"rendered":"<div class=\"wp-block-columns is-layout-flex wp-container-core-columns-is-layout-9d6595d7 wp-block-columns-is-layout-flex\">\n<div class=\"wp-block-column is-layout-flow wp-block-column-is-layout-flow\">\n<h2 class=\"wp-block-heading\">Custom Gel Polish Color Caracter\u00edsticas:<\/h2>\n\n\n\n<ul class=\"wp-block-list\">\n<li><strong>Gama de colores vibrantes<\/strong> - Disponible en varios tonos, nuestro <strong>esmalte de gel de color personalizado<\/strong> proporciona una cobertura rica y uniforme para unos resultados profesionales.<\/li>\n\n\n\n<li><strong>Marca blanca<\/strong> - Perfecto para salones y distribuidores que buscan <strong>esmalte de u\u00f1as permanente de marca blanca<\/strong>OEM y pedidos MOQ bajos.<\/li>\n\n\n\n<li><strong>Duradero y resistente al astillado<\/strong> - La f\u00f3rmula UV remojable garantiza unas u\u00f1as duraderas y resistentes a la decoloraci\u00f3n hasta 3 semanas.<\/li>\n\n\n\n<li><strong>F\u00e1cil aplicaci\u00f3n y retirada<\/strong> - Gel suave de alta viscosidad que se aplica uniformemente y se absorbe f\u00e1cilmente sin da\u00f1ar las u\u00f1as naturales.<\/li>\n\n\n\n<li><strong>Seguro y sin HEMA<\/strong> - Suave con las u\u00f1as, f\u00f3rmula no t\u00f3xica adecuada para todo tipo de u\u00f1as, realzando su <strong>esmalte de gel de color personalizado<\/strong> ofertas.<\/li>\n\n\n\n<li><strong>Calidad profesional<\/strong> - Los pigmentos de primera calidad y la textura uniforme garantizan un acabado impecable con calidad de sal\u00f3n, ideal para <strong>esmalte de u\u00f1as permanente de marca blanca<\/strong>.<\/li>\n<\/ul>\n<\/div>\n\n\n\n<div class=\"wp-block-column is-layout-flow wp-block-column-is-layout-flow\">\n<figure class=\"wp-block-image size-full\"><img decoding=\"async\" width=\"1500\" height=\"1500\" src=\"https:\/\/www.fsyougel.com\/wp-content\/uploads\/2025\/08\/15ml-Custom-Gel-Polish-Color-Private-Label.webp\" alt=\"15ml Custom Gel Polish Color Etiqueta Privada\" class=\"wp-image-561\" srcset=\"https:\/\/www.fsyougel.com\/wp-content\/uploads\/2025\/08\/15ml-Custom-Gel-Polish-Color-Private-Label.webp 1500w, https:\/\/www.fsyougel.com\/wp-content\/uploads\/2025\/08\/15ml-Custom-Gel-Polish-Color-Private-Label-300x300.webp 300w, https:\/\/www.fsyougel.com\/wp-content\/uploads\/2025\/08\/15ml-Custom-Gel-Polish-Color-Private-Label-150x150.webp 150w, https:\/\/www.fsyougel.com\/wp-content\/uploads\/2025\/08\/15ml-Custom-Gel-Polish-Color-Private-Label-768x768.webp 768w, https:\/\/www.fsyougel.com\/wp-content\/uploads\/2025\/08\/15ml-Custom-Gel-Polish-Color-Private-Label-1200x1200.webp 1200w, https:\/\/www.fsyougel.com\/wp-content\/uploads\/2025\/08\/15ml-Custom-Gel-Polish-Color-Private-Label-600x600.webp 600w, https:\/\/www.fsyougel.com\/wp-content\/uploads\/2025\/08\/15ml-Custom-Gel-Polish-Color-Private-Label-100x100.webp 100w\" sizes=\"(max-width: 1500px) 100vw, 1500px\" \/><\/figure>\n<\/div>\n<\/div>","protected":false},"excerpt":{"rendered":"<p>Esmalte de Gel de Color Personalizado, gel UV soak-off sin HEMA, vibrante y de larga duraci\u00f3n. Perfecto para salones de belleza y esmalte de u\u00f1as de gel de marca propia, OEM y pedidos a granel disponibles. \u00a1Bienvenido a contactar con nosotros!<\/p>\n<table style=\"border-collapse: collapse; width: 320.27pt;\" border=\"0\" width=\"854\" cellspacing=\"0\" cellpadding=\"0\">\n<tbody>\n<tr style=\"height: 16.85pt;\">\n<td class=\"et3\" style=\"height: 16.85pt; width: 96.65pt;\" width=\"257\" height=\"44\">Marca<\/td>\n<td class=\"et3\" style=\"width: 223.90pt;\" width=\"597\">YouGel<\/td>\n<\/tr>\n<tr style=\"height: 16.85pt;\">\n<td class=\"et4\" style=\"height: 16.85pt; width: 96.65pt;\" width=\"257\" height=\"44\">N\u00famero de modelo<\/td>\n<td class=\"et4\" style=\"width: 223.90pt;\" width=\"597\">S202<\/td>\n<\/tr>\n<tr style=\"height: 16.85pt;\">\n<td class=\"et4\" style=\"height: 16.85pt; width: 96.65pt;\" width=\"257\" height=\"44\">Tipo de producto<\/td>\n<td class=\"et4\" style=\"width: 223.90pt;\" width=\"597\">Soak-Off UV\/LED<\/td>\n<\/tr>\n<tr style=\"height: 16.85pt;\">\n<td class=\"et4\" style=\"height: 16.85pt; width: 96.65pt;\" width=\"257\" height=\"44\">Material<\/td>\n<td class=\"et4\" style=\"width: 223.90pt;\" width=\"597\">Resina<\/td>\n<\/tr>\n<tr style=\"height: 16.85pt;\">\n<td class=\"et4\" style=\"height: 16.85pt; width: 96.65pt;\" width=\"257\" height=\"44\">Color<\/td>\n<td class=\"et4\" style=\"width: 223.90pt;\" width=\"597\">3000 colores opcionales<\/td>\n<\/tr>\n<tr style=\"height: 16.85pt;\">\n<td class=\"et4\" style=\"height: 16.85pt; width: 96.65pt;\" width=\"257\" height=\"44\">Volumen<\/td>\n<td class=\"et4\" style=\"width: 223.90pt;\" width=\"597\">15 ml, 1 kg<\/td>\n<\/tr>\n<tr style=\"height: 16.85pt;\">\n<td class=\"et4\" style=\"height: 16.85pt; width: 96.65pt;\" width=\"257\" height=\"44\">Seguridad<\/td>\n<td class=\"et4\" style=\"width: 223.90pt;\" width=\"597\">Sin HEMA, no t\u00f3xico, MSDS disponible<\/td>\n<\/tr>\n<tr style=\"height: 16.85pt;\">\n<td class=\"et4\" style=\"height: 16.85pt; width: 96.65pt;\" width=\"257\" height=\"44\">MOQ<\/td>\n<td class=\"et4\" style=\"width: 223.90pt;\" width=\"597\">MOQ bajo<\/td>\n<\/tr>\n<tr style=\"height: 16.85pt;\">\n<td class=\"et4\" style=\"height: 16.85pt; width: 96.65pt;\" width=\"257\" height=\"44\">Muestra gratuita<\/td>\n<td class=\"et4\" style=\"width: 223.90pt;\" width=\"597\">Disponible<\/td>\n<\/tr>\n<tr style=\"height: 30.75pt;\">\n<td class=\"et4\" style=\"height: 30.75pt; width: 96.65pt;\" width=\"257\" height=\"82\">Opci\u00f3n personalizada<\/td>\n<td class=\"et4\" style=\"width: 223.90pt;\" width=\"597\">Servicios OEM\/ODM, logotipos, etiquetas y embalajes personalizados<\/td>\n<\/tr>\n<\/tbody>\n<\/table>\n<h2 class=\"brxe-heading\">Del fabricante del esmalte en gel<\/h2>\n<p>YouGel es un fabricante de esmaltes de gel de confianza que ofrece bases de gel de alta calidad adecuadas para u\u00f1as UV\/LED. Nuestros productos est\u00e1n dise\u00f1ados para garantizar una aplicaci\u00f3n suave, una larga duraci\u00f3n y un f\u00e1cil secado.<\/p>","protected":false},"featured_media":564,"comment_status":"closed","ping_status":"closed","template":"","meta":{"_acf_changed":false},"product_brand":[],"product_cat":[19],"product_tag":[],"class_list":{"0":"post-560","1":"product","2":"type-product","3":"status-publish","4":"has-post-thumbnail","6":"product_cat-gel-polish-color-wholesale","8":"first","9":"instock","10":"shipping-taxable","11":"product-type-simple"},"acf":[],"_links":{"self":[{"href":"https:\/\/www.fsyougel.com\/es\/wp-json\/wp\/v2\/product\/560","targetHints":{"allow":["GET"]}}],"collection":[{"href":"https:\/\/www.fsyougel.com\/es\/wp-json\/wp\/v2\/product"}],"about":[{"href":"https:\/\/www.fsyougel.com\/es\/wp-json\/wp\/v2\/types\/product"}],"replies":[{"embeddable":true,"href":"https:\/\/www.fsyougel.com\/es\/wp-json\/wp\/v2\/comments?post=560"}],"wp:featuredmedia":[{"embeddable":true,"href":"https:\/\/www.fsyougel.com\/es\/wp-json\/wp\/v2\/media\/564"}],"wp:attachment":[{"href":"https:\/\/www.fsyougel.com\/es\/wp-json\/wp\/v2\/media?parent=560"}],"wp:term":[{"taxonomy":"product_brand","embeddable":true,"href":"https:\/\/www.fsyougel.com\/es\/wp-json\/wp\/v2\/product_brand?post=560"},{"taxonomy":"product_cat","embeddable":true,"href":"https:\/\/www.fsyougel.com\/es\/wp-json\/wp\/v2\/product_cat?post=560"},{"taxonomy":"product_tag","embeddable":true,"href":"https:\/\/www.fsyougel.com\/es\/wp-json\/wp\/v2\/product_tag?post=560"}],"curies":[{"name":"wp","href":"https:\/\/api.w.org\/{rel}","templated":true}]}}