{"id":788,"date":"2025-08-21T17:08:40","date_gmt":"2025-08-21T17:08:40","guid":{"rendered":"https:\/\/www.fsyougel.com\/?post_type=product&#038;p=788"},"modified":"2025-08-21T17:58:26","modified_gmt":"2025-08-21T17:58:26","slug":"private-label-builder-gel","status":"publish","type":"product","link":"https:\/\/www.fsyougel.com\/es\/producto\/private-label-builder-gel\/","title":{"rendered":"Private Label Gel Constructor 36 Colores UV\/LED Gel Extensi\u00f3n de U\u00f1as"},"content":{"rendered":"<div class=\"wp-block-columns is-layout-flex wp-container-core-columns-is-layout-9d6595d7 wp-block-columns-is-layout-flex\">\n<div class=\"wp-block-column is-layout-flow wp-block-column-is-layout-flow\">\n<h2 class=\"wp-block-heading\">Private Label Builder Gel Caracter\u00edsticas:<\/h2>\n\n\n\n<ul class=\"wp-block-list\">\n<li><strong>Alta pigmentaci\u00f3n<\/strong>: Private Label Builder Gel ofrece una alta saturaci\u00f3n de color y una fuerte reproducci\u00f3n del color, proporcionando resultados profesionales de nail art con cada aplicaci\u00f3n.<\/li>\n\n\n\n<li><strong>Elasticidad superior<\/strong>: Su excepcional elasticidad garantiza que el gel se estire sin romperse, por lo que es ideal para crear dise\u00f1os de u\u00f1as alargados y en 3D.<\/li>\n\n\n\n<li><strong>No se rompe<\/strong>: El gel permanece estable y resistente a la rotura, lo que ahorra material y reduce el tiempo de aplicaci\u00f3n, al tiempo que mejora la eficacia.<\/li>\n\n\n\n<li><strong>Control sencillo y calidad estable<\/strong>: El flujo uniforme garantiza una f\u00e1cil manipulaci\u00f3n y una calidad constante para la producci\u00f3n a granel.<\/li>\n\n\n\n<li><strong>Autonivelante con consistencia media<\/strong>: El dise\u00f1o autonivelante de consistencia media crea una superficie lisa para las u\u00f1as, ahorrando tiempo y esfuerzo.<\/li>\n\n\n\n<li><strong>Decoraci\u00f3n y pedrer\u00eda<\/strong>: Ideal para incrustar pedrer\u00eda y clavos decorativos, lo que permite realizar dise\u00f1os creativos con facilidad.<\/li>\n\n\n\n<li><strong>Reparaci\u00f3n y ampliaci\u00f3n<\/strong>: Adecuada para reparar u\u00f1as da\u00f1adas o extenderlas, ofrece una funcionalidad vers\u00e1til para satisfacer las necesidades del sal\u00f3n.<\/li>\n\n\n\n<li><strong>Manicura francesa<\/strong>: Crea f\u00e1cilmente manicuras francesas con l\u00edneas suaves y transiciones de color naturales<\/li>\n\n\n\n<li><strong>Marca blanca y personalizaci\u00f3n OEM\/ODM<\/strong>: Permite personalizar el dise\u00f1o de la botella, el logotipo, la f\u00f3rmula y el color para ayudar a crear una marca \u00fanica.<\/li>\n\n\n\n<li><strong>Suministro a granel para profesionales<\/strong>: Como mayorista de gel de construcci\u00f3n de u\u00f1as, la f\u00e1brica utiliza la producci\u00f3n automatizada para un suministro estable, plazos de entrega controlables, y cumple con los requisitos de pedidos a granel.<\/li>\n<\/ul>\n<\/div>\n\n\n\n<div class=\"wp-block-column is-layout-flow wp-block-column-is-layout-flow\">\n<figure class=\"wp-block-image size-full\"><img decoding=\"async\" width=\"1500\" height=\"1500\" src=\"https:\/\/www.fsyougel.com\/wp-content\/uploads\/2025\/08\/Private-Label-Builder-Gel-2.webp\" alt=\"Private Label Gel Constructor (2)\" class=\"wp-image-790\" srcset=\"https:\/\/www.fsyougel.com\/wp-content\/uploads\/2025\/08\/Private-Label-Builder-Gel-2.webp 1500w, https:\/\/www.fsyougel.com\/wp-content\/uploads\/2025\/08\/Private-Label-Builder-Gel-2-300x300.webp 300w, https:\/\/www.fsyougel.com\/wp-content\/uploads\/2025\/08\/Private-Label-Builder-Gel-2-150x150.webp 150w, https:\/\/www.fsyougel.com\/wp-content\/uploads\/2025\/08\/Private-Label-Builder-Gel-2-768x768.webp 768w, https:\/\/www.fsyougel.com\/wp-content\/uploads\/2025\/08\/Private-Label-Builder-Gel-2-1200x1200.webp 1200w, https:\/\/www.fsyougel.com\/wp-content\/uploads\/2025\/08\/Private-Label-Builder-Gel-2-600x600.webp 600w, https:\/\/www.fsyougel.com\/wp-content\/uploads\/2025\/08\/Private-Label-Builder-Gel-2-100x100.webp 100w\" sizes=\"(max-width: 1500px) 100vw, 1500px\" \/><\/figure>\n<\/div>\n<\/div>\n\n\n\n<div class=\"wp-block-columns is-layout-flex wp-container-core-columns-is-layout-9d6595d7 wp-block-columns-is-layout-flex\">\n<div class=\"wp-block-column is-layout-flow wp-block-column-is-layout-flow\">\n<figure class=\"wp-block-image size-full\"><img decoding=\"async\" width=\"1500\" height=\"1500\" src=\"https:\/\/www.fsyougel.com\/wp-content\/uploads\/2025\/08\/Private-Label-Builder-Gel-Wholesaler-4.webp\" alt=\"Mayorista de gel constructor de marca blanca (4)\" class=\"wp-image-796\" srcset=\"https:\/\/www.fsyougel.com\/wp-content\/uploads\/2025\/08\/Private-Label-Builder-Gel-Wholesaler-4.webp 1500w, https:\/\/www.fsyougel.com\/wp-content\/uploads\/2025\/08\/Private-Label-Builder-Gel-Wholesaler-4-300x300.webp 300w, https:\/\/www.fsyougel.com\/wp-content\/uploads\/2025\/08\/Private-Label-Builder-Gel-Wholesaler-4-150x150.webp 150w, https:\/\/www.fsyougel.com\/wp-content\/uploads\/2025\/08\/Private-Label-Builder-Gel-Wholesaler-4-768x768.webp 768w, https:\/\/www.fsyougel.com\/wp-content\/uploads\/2025\/08\/Private-Label-Builder-Gel-Wholesaler-4-1200x1200.webp 1200w, https:\/\/www.fsyougel.com\/wp-content\/uploads\/2025\/08\/Private-Label-Builder-Gel-Wholesaler-4-600x600.webp 600w, https:\/\/www.fsyougel.com\/wp-content\/uploads\/2025\/08\/Private-Label-Builder-Gel-Wholesaler-4-100x100.webp 100w\" sizes=\"(max-width: 1500px) 100vw, 1500px\" \/><\/figure>\n<\/div>\n\n\n\n<div class=\"wp-block-column is-layout-flow wp-block-column-is-layout-flow\">\n<figure class=\"wp-block-image size-full\"><img decoding=\"async\" width=\"1500\" height=\"1500\" src=\"https:\/\/www.fsyougel.com\/wp-content\/uploads\/2025\/08\/Private-Label-Builder-Gel-Wholesaler-2.webp\" alt=\"Mayorista de gel constructor de marca blanca (2)\" class=\"wp-image-794\" srcset=\"https:\/\/www.fsyougel.com\/wp-content\/uploads\/2025\/08\/Private-Label-Builder-Gel-Wholesaler-2.webp 1500w, https:\/\/www.fsyougel.com\/wp-content\/uploads\/2025\/08\/Private-Label-Builder-Gel-Wholesaler-2-300x300.webp 300w, https:\/\/www.fsyougel.com\/wp-content\/uploads\/2025\/08\/Private-Label-Builder-Gel-Wholesaler-2-150x150.webp 150w, https:\/\/www.fsyougel.com\/wp-content\/uploads\/2025\/08\/Private-Label-Builder-Gel-Wholesaler-2-768x768.webp 768w, https:\/\/www.fsyougel.com\/wp-content\/uploads\/2025\/08\/Private-Label-Builder-Gel-Wholesaler-2-1200x1200.webp 1200w, https:\/\/www.fsyougel.com\/wp-content\/uploads\/2025\/08\/Private-Label-Builder-Gel-Wholesaler-2-600x600.webp 600w, https:\/\/www.fsyougel.com\/wp-content\/uploads\/2025\/08\/Private-Label-Builder-Gel-Wholesaler-2-100x100.webp 100w\" sizes=\"(max-width: 1500px) 100vw, 1500px\" \/><\/figure>\n<\/div>\n<\/div>\n\n\n\n<div class=\"wp-block-columns is-layout-flex wp-container-core-columns-is-layout-9d6595d7 wp-block-columns-is-layout-flex\">\n<div class=\"wp-block-column is-layout-flow wp-block-column-is-layout-flow\">\n<figure class=\"wp-block-image size-full\"><img decoding=\"async\" width=\"1500\" height=\"1500\" src=\"https:\/\/www.fsyougel.com\/wp-content\/uploads\/2025\/08\/Private-Label-Builder-Gel.webp\" alt=\"Private Label Gel Constructor\" class=\"wp-image-798\" srcset=\"https:\/\/www.fsyougel.com\/wp-content\/uploads\/2025\/08\/Private-Label-Builder-Gel.webp 1500w, https:\/\/www.fsyougel.com\/wp-content\/uploads\/2025\/08\/Private-Label-Builder-Gel-300x300.webp 300w, https:\/\/www.fsyougel.com\/wp-content\/uploads\/2025\/08\/Private-Label-Builder-Gel-150x150.webp 150w, https:\/\/www.fsyougel.com\/wp-content\/uploads\/2025\/08\/Private-Label-Builder-Gel-768x768.webp 768w, https:\/\/www.fsyougel.com\/wp-content\/uploads\/2025\/08\/Private-Label-Builder-Gel-1200x1200.webp 1200w, https:\/\/www.fsyougel.com\/wp-content\/uploads\/2025\/08\/Private-Label-Builder-Gel-600x600.webp 600w, https:\/\/www.fsyougel.com\/wp-content\/uploads\/2025\/08\/Private-Label-Builder-Gel-100x100.webp 100w\" sizes=\"(max-width: 1500px) 100vw, 1500px\" \/><\/figure>\n<\/div>\n\n\n\n<div class=\"wp-block-column is-layout-flow wp-block-column-is-layout-flow\">\n<figure class=\"wp-block-image size-full\"><img decoding=\"async\" width=\"1500\" height=\"1500\" src=\"https:\/\/www.fsyougel.com\/wp-content\/uploads\/2025\/08\/Private-Label-36-Colors-Builder-Gel.webp\" alt=\"Private Label 36 Colores Gel Constructor\" class=\"wp-image-789\" srcset=\"https:\/\/www.fsyougel.com\/wp-content\/uploads\/2025\/08\/Private-Label-36-Colors-Builder-Gel.webp 1500w, https:\/\/www.fsyougel.com\/wp-content\/uploads\/2025\/08\/Private-Label-36-Colors-Builder-Gel-300x300.webp 300w, https:\/\/www.fsyougel.com\/wp-content\/uploads\/2025\/08\/Private-Label-36-Colors-Builder-Gel-150x150.webp 150w, https:\/\/www.fsyougel.com\/wp-content\/uploads\/2025\/08\/Private-Label-36-Colors-Builder-Gel-768x768.webp 768w, https:\/\/www.fsyougel.com\/wp-content\/uploads\/2025\/08\/Private-Label-36-Colors-Builder-Gel-1200x1200.webp 1200w, https:\/\/www.fsyougel.com\/wp-content\/uploads\/2025\/08\/Private-Label-36-Colors-Builder-Gel-600x600.webp 600w, https:\/\/www.fsyougel.com\/wp-content\/uploads\/2025\/08\/Private-Label-36-Colors-Builder-Gel-100x100.webp 100w\" sizes=\"(max-width: 1500px) 100vw, 1500px\" \/><\/figure>\n<\/div>\n<\/div>\n\n\n\n<p><\/p>","protected":false},"excerpt":{"rendered":"<p>Bienvenido a nuestro Gel Constructor de Etiqueta Privada de alta calidad, que ofrece 36 colores de gel UV\/LED para extensiones de u\u00f1as, suministro al por mayor, soporta personalizaci\u00f3n OEM\/ODM, colores ricos y f\u00e1ciles de usar, adecuado para salones y compras al por menor.<\/p>\n<table border=\"0\" width=\"854\" cellspacing=\"0\" cellpadding=\"0\">\n<tbody>\n<tr>\n<td width=\"257\" height=\"44\">Marca<\/td>\n<td width=\"597\">YouGel<\/td>\n<\/tr>\n<tr>\n<td width=\"257\" height=\"44\">N\u00famero de modelo<\/td>\n<td width=\"597\">BG01<\/td>\n<\/tr>\n<tr>\n<td width=\"257\" height=\"44\">Tipo de producto<\/td>\n<td width=\"597\">Soak-Off UV\/LED<\/td>\n<\/tr>\n<tr>\n<td width=\"257\" height=\"44\">Material<\/td>\n<td width=\"597\">Resina<\/td>\n<\/tr>\n<tr>\n<td width=\"257\" height=\"44\">Color<\/td>\n<td width=\"597\">36 Colores<\/td>\n<\/tr>\n<tr>\n<td width=\"257\" height=\"44\">Volumen<\/td>\n<td width=\"597\">30 ml\/50 ml<\/td>\n<\/tr>\n<tr>\n<td width=\"257\" height=\"44\">Seguridad<\/td>\n<td width=\"597\">Sin HEMA, no t\u00f3xico, MSDS disponible<\/td>\n<\/tr>\n<tr>\n<td width=\"257\" height=\"44\">MOQ<\/td>\n<td width=\"597\">MOQ bajo<\/td>\n<\/tr>\n<tr>\n<td width=\"257\" height=\"44\">Muestra gratuita<\/td>\n<td width=\"597\">Disponible<\/td>\n<\/tr>\n<tr>\n<td width=\"257\" height=\"82\">Opci\u00f3n personalizada<\/td>\n<td width=\"597\">Servicios OEM\/ODM, logotipos, etiquetas y embalajes personalizados<\/td>\n<\/tr>\n<\/tbody>\n<\/table>\n<h3 class=\"brxe-heading\">Del fabricante de esmalte de gel para u\u00f1as<\/h3>\n<p><a href=\"https:\/\/www.fsyougel.com\/es\/\"><strong>YouGel<\/strong><\/a>\u00a0es un fabricante de esmaltes de gel de u\u00f1as de alta tecnolog\u00eda que ofrece servicios de venta al por mayor, marca blanca y OEM\/ODM. M\u00e1s de 10.000 colores sin HEMA, veganos y sin crueldad, de aplicaci\u00f3n suave, larga duraci\u00f3n y f\u00e1cil remojo.<\/p>","protected":false},"featured_media":797,"comment_status":"closed","ping_status":"closed","template":"","meta":{"_acf_changed":false},"product_brand":[],"product_cat":[20],"product_tag":[],"class_list":{"0":"post-788","1":"product","2":"type-product","3":"status-publish","4":"has-post-thumbnail","6":"product_cat-nail-extension-gel-wholesale","8":"first","9":"instock","10":"shipping-taxable","11":"product-type-simple"},"acf":[],"_links":{"self":[{"href":"https:\/\/www.fsyougel.com\/es\/wp-json\/wp\/v2\/product\/788","targetHints":{"allow":["GET"]}}],"collection":[{"href":"https:\/\/www.fsyougel.com\/es\/wp-json\/wp\/v2\/product"}],"about":[{"href":"https:\/\/www.fsyougel.com\/es\/wp-json\/wp\/v2\/types\/product"}],"replies":[{"embeddable":true,"href":"https:\/\/www.fsyougel.com\/es\/wp-json\/wp\/v2\/comments?post=788"}],"wp:featuredmedia":[{"embeddable":true,"href":"https:\/\/www.fsyougel.com\/es\/wp-json\/wp\/v2\/media\/797"}],"wp:attachment":[{"href":"https:\/\/www.fsyougel.com\/es\/wp-json\/wp\/v2\/media?parent=788"}],"wp:term":[{"taxonomy":"product_brand","embeddable":true,"href":"https:\/\/www.fsyougel.com\/es\/wp-json\/wp\/v2\/product_brand?post=788"},{"taxonomy":"product_cat","embeddable":true,"href":"https:\/\/www.fsyougel.com\/es\/wp-json\/wp\/v2\/product_cat?post=788"},{"taxonomy":"product_tag","embeddable":true,"href":"https:\/\/www.fsyougel.com\/es\/wp-json\/wp\/v2\/product_tag?post=788"}],"curies":[{"name":"wp","href":"https:\/\/api.w.org\/{rel}","templated":true}]}}