{"id":799,"date":"2025-08-21T17:48:24","date_gmt":"2025-08-21T17:48:24","guid":{"rendered":"https:\/\/www.fsyougel.com\/?post_type=product&#038;p=799"},"modified":"2025-08-21T17:48:27","modified_gmt":"2025-08-21T17:48:27","slug":"wholesale-builder-nail-gel-48-colors","status":"publish","type":"product","link":"https:\/\/www.fsyougel.com\/es\/producto\/wholesale-builder-nail-gel-48-colors\/","title":{"rendered":"Mayorista Gel Constructor 48 Colores Soak Off UV Gel Extensi\u00f3n"},"content":{"rendered":"<div class=\"wp-block-columns is-layout-flex wp-container-core-columns-is-layout-9d6595d7 wp-block-columns-is-layout-flex\">\n<div class=\"wp-block-column is-layout-flow wp-block-column-is-layout-flow\">\n<h2 class=\"wp-block-heading\">Gel de u\u00f1as de constructor al por mayor Caracter\u00edsticas:<\/h2>\n\n\n\n<ul class=\"wp-block-list\">\n<li><strong>Alta pigmentaci\u00f3n<\/strong>: Alta saturaci\u00f3n de color y fuerte rendimiento del color, ofreciendo resultados profesionales de nail art con cada aplicaci\u00f3n.<\/li>\n\n\n\n<li><strong>Elasticidad superior<\/strong>: Excepcional elasticidad, se estira sin romperse, ideal para extensiones y dise\u00f1os de u\u00f1as en 3D.<\/li>\n\n\n\n<li><strong>No se rompe<\/strong>: F\u00f3rmula de gel estable resistente a la rotura, que ahorra material y tiempo, mejorando la eficacia.<\/li>\n\n\n\n<li><strong>Control sencillo y calidad estable<\/strong>: Flujo uniforme, f\u00e1cil de manipular, que garantiza una calidad constante en la producci\u00f3n a granel.<\/li>\n\n\n\n<li><strong>Autonivelante con consistencia media<\/strong>: El dise\u00f1o autonivelante de consistencia media crea una superficie lisa para las u\u00f1as, ahorrando tiempo y esfuerzo.<\/li>\n\n\n\n<li><strong>Decoraci\u00f3n y pedrer\u00eda<\/strong>: Nuestro gel de u\u00f1as al por mayor es adecuado para incrustar diamantes de imitaci\u00f3n y arte decorativo de u\u00f1as, logrando f\u00e1cilmente dise\u00f1os creativos.<\/li>\n\n\n\n<li><strong>Reparaci\u00f3n y ampliaci\u00f3n<\/strong>: Adecuado para reparar u\u00f1as da\u00f1adas o extender las u\u00f1as, satisfaciendo las necesidades multifuncionales de los salones.<\/li>\n\n\n\n<li><strong>Manicura francesa:<\/strong> Crea f\u00e1cilmente manicuras francesas con l\u00edneas suaves y naturales.<\/li>\n\n\n\n<li><strong>Marca blanca y personalizaci\u00f3n OEM\/ODM:<\/strong> Admite la personalizaci\u00f3n del dise\u00f1o de la botella, el logotipo, la f\u00f3rmula y el color para ayudarle a crear su propia marca.<\/li>\n\n\n\n<li><strong>Suministro a granel para profesionales<\/strong>: Como proveedor mayorista de gel de u\u00f1as al por mayor, nuestra f\u00e1brica utiliza la producci\u00f3n automatizada para garantizar un suministro estable, plazos de entrega controlables y cumplir con los requisitos de pedidos de gran volumen.<\/li>\n<\/ul>\n<\/div>\n\n\n\n<div class=\"wp-block-column is-layout-flow wp-block-column-is-layout-flow\">\n<figure class=\"wp-block-image size-full\"><img decoding=\"async\" width=\"1500\" height=\"1500\" src=\"https:\/\/www.fsyougel.com\/wp-content\/uploads\/2025\/08\/Wholesale-Builder-Nail-Gel-48-Colors-2.webp\" alt=\"Mayorista Gel Constructor 48 Colores (2)\" class=\"wp-image-803\" srcset=\"https:\/\/www.fsyougel.com\/wp-content\/uploads\/2025\/08\/Wholesale-Builder-Nail-Gel-48-Colors-2.webp 1500w, https:\/\/www.fsyougel.com\/wp-content\/uploads\/2025\/08\/Wholesale-Builder-Nail-Gel-48-Colors-2-300x300.webp 300w, https:\/\/www.fsyougel.com\/wp-content\/uploads\/2025\/08\/Wholesale-Builder-Nail-Gel-48-Colors-2-150x150.webp 150w, https:\/\/www.fsyougel.com\/wp-content\/uploads\/2025\/08\/Wholesale-Builder-Nail-Gel-48-Colors-2-768x768.webp 768w, https:\/\/www.fsyougel.com\/wp-content\/uploads\/2025\/08\/Wholesale-Builder-Nail-Gel-48-Colors-2-1200x1200.webp 1200w, https:\/\/www.fsyougel.com\/wp-content\/uploads\/2025\/08\/Wholesale-Builder-Nail-Gel-48-Colors-2-600x600.webp 600w, https:\/\/www.fsyougel.com\/wp-content\/uploads\/2025\/08\/Wholesale-Builder-Nail-Gel-48-Colors-2-100x100.webp 100w\" sizes=\"(max-width: 1500px) 100vw, 1500px\" \/><\/figure>\n<\/div>\n<\/div>\n\n\n\n<div class=\"wp-block-columns is-layout-flex wp-container-core-columns-is-layout-9d6595d7 wp-block-columns-is-layout-flex\">\n<div class=\"wp-block-column is-layout-flow wp-block-column-is-layout-flow\">\n<figure class=\"wp-block-image size-full\"><img decoding=\"async\" width=\"3500\" height=\"3500\" src=\"https:\/\/www.fsyougel.com\/wp-content\/uploads\/2025\/08\/Wholesale-Builder-Nail-Gel-48-Colors.webp\" alt=\"Mayorista Gel Constructor 48 Colores\" class=\"wp-image-805\" srcset=\"https:\/\/www.fsyougel.com\/wp-content\/uploads\/2025\/08\/Wholesale-Builder-Nail-Gel-48-Colors.webp 3500w, https:\/\/www.fsyougel.com\/wp-content\/uploads\/2025\/08\/Wholesale-Builder-Nail-Gel-48-Colors-300x300.webp 300w, https:\/\/www.fsyougel.com\/wp-content\/uploads\/2025\/08\/Wholesale-Builder-Nail-Gel-48-Colors-150x150.webp 150w, https:\/\/www.fsyougel.com\/wp-content\/uploads\/2025\/08\/Wholesale-Builder-Nail-Gel-48-Colors-768x768.webp 768w, https:\/\/www.fsyougel.com\/wp-content\/uploads\/2025\/08\/Wholesale-Builder-Nail-Gel-48-Colors-1200x1200.webp 1200w, https:\/\/www.fsyougel.com\/wp-content\/uploads\/2025\/08\/Wholesale-Builder-Nail-Gel-48-Colors-600x600.webp 600w, https:\/\/www.fsyougel.com\/wp-content\/uploads\/2025\/08\/Wholesale-Builder-Nail-Gel-48-Colors-100x100.webp 100w\" sizes=\"(max-width: 3500px) 100vw, 3500px\" \/><\/figure>\n<\/div>\n\n\n\n<div class=\"wp-block-column is-layout-flow wp-block-column-is-layout-flow\">\n<figure class=\"wp-block-image size-full\"><img decoding=\"async\" width=\"1500\" height=\"1500\" src=\"https:\/\/www.fsyougel.com\/wp-content\/uploads\/2025\/08\/Custom-Builder-Nail-Gel-Wholesale.webp\" alt=\"Gel de u\u00f1as Custom Builder al por mayorGel de u\u00f1as Custom Builder al por mayor\" class=\"wp-image-802\" srcset=\"https:\/\/www.fsyougel.com\/wp-content\/uploads\/2025\/08\/Custom-Builder-Nail-Gel-Wholesale.webp 1500w, https:\/\/www.fsyougel.com\/wp-content\/uploads\/2025\/08\/Custom-Builder-Nail-Gel-Wholesale-300x300.webp 300w, https:\/\/www.fsyougel.com\/wp-content\/uploads\/2025\/08\/Custom-Builder-Nail-Gel-Wholesale-150x150.webp 150w, https:\/\/www.fsyougel.com\/wp-content\/uploads\/2025\/08\/Custom-Builder-Nail-Gel-Wholesale-768x768.webp 768w, https:\/\/www.fsyougel.com\/wp-content\/uploads\/2025\/08\/Custom-Builder-Nail-Gel-Wholesale-1200x1200.webp 1200w, https:\/\/www.fsyougel.com\/wp-content\/uploads\/2025\/08\/Custom-Builder-Nail-Gel-Wholesale-600x600.webp 600w, https:\/\/www.fsyougel.com\/wp-content\/uploads\/2025\/08\/Custom-Builder-Nail-Gel-Wholesale-100x100.webp 100w\" sizes=\"(max-width: 1500px) 100vw, 1500px\" \/><\/figure>\n<\/div>\n<\/div>\n\n\n\n<p><\/p>","protected":false},"excerpt":{"rendered":"<p>Bienvenido a comprar al por mayor gel de u\u00f1as constructor, de alta calidad de 48 colores UV \/ Remoje Off gel de extensi\u00f3n de u\u00f1as, con saturaci\u00f3n de color vibrante y aplicaci\u00f3n estable. Soporta la personalizaci\u00f3n OEM\/ODM, suministro al por mayor, satisfaciendo las necesidades de los mercados de sal\u00f3n y al por menor.<\/p>\n<table border=\"0\" width=\"854\" cellspacing=\"0\" cellpadding=\"0\">\n<tbody>\n<tr>\n<td width=\"257\" height=\"44\">Marca<\/td>\n<td width=\"597\">YouGel<\/td>\n<\/tr>\n<tr>\n<td width=\"257\" height=\"44\">N\u00famero de modelo<\/td>\n<td width=\"597\">BG01<\/td>\n<\/tr>\n<tr>\n<td width=\"257\" height=\"44\">Tipo de producto<\/td>\n<td width=\"597\">Soak-Off UV\/LED<\/td>\n<\/tr>\n<tr>\n<td width=\"257\" height=\"44\">Material<\/td>\n<td width=\"597\">Resina<\/td>\n<\/tr>\n<tr>\n<td width=\"257\" height=\"44\">Color<\/td>\n<td width=\"597\">48 Colores<\/td>\n<\/tr>\n<tr>\n<td width=\"257\" height=\"44\">Volumen<\/td>\n<td width=\"597\">15 ml\/Personalizado<\/td>\n<\/tr>\n<tr>\n<td width=\"257\" height=\"44\">Seguridad<\/td>\n<td width=\"597\">Sin HEMA, no t\u00f3xico, MSDS disponible<\/td>\n<\/tr>\n<tr>\n<td width=\"257\" height=\"44\">MOQ<\/td>\n<td width=\"597\">MOQ bajo<\/td>\n<\/tr>\n<tr>\n<td width=\"257\" height=\"44\">Muestra gratuita<\/td>\n<td width=\"597\">Disponible<\/td>\n<\/tr>\n<tr>\n<td width=\"257\" height=\"82\">Opci\u00f3n personalizada<\/td>\n<td width=\"597\">Servicios OEM\/ODM, logotipos, etiquetas y embalajes personalizados<\/td>\n<\/tr>\n<\/tbody>\n<\/table>\n<h3 class=\"brxe-heading\">Del fabricante de esmalte de gel para u\u00f1as<\/h3>\n<p><a href=\"https:\/\/www.fsyougel.com\/es\/\"><strong>YouGel<\/strong><\/a>\u00a0es un fabricante de esmaltes de gel de u\u00f1as de alta tecnolog\u00eda que ofrece servicios de venta al por mayor, marca blanca y OEM\/ODM. M\u00e1s de 10.000 colores sin HEMA, veganos y sin crueldad, de aplicaci\u00f3n suave, larga duraci\u00f3n y f\u00e1cil remojo.<\/p>","protected":false},"featured_media":807,"comment_status":"closed","ping_status":"closed","template":"","meta":{"_acf_changed":false},"product_brand":[],"product_cat":[20],"product_tag":[],"class_list":{"0":"post-799","1":"product","2":"type-product","3":"status-publish","4":"has-post-thumbnail","6":"product_cat-nail-extension-gel-wholesale","8":"first","9":"instock","10":"shipping-taxable","11":"product-type-simple"},"acf":[],"_links":{"self":[{"href":"https:\/\/www.fsyougel.com\/es\/wp-json\/wp\/v2\/product\/799","targetHints":{"allow":["GET"]}}],"collection":[{"href":"https:\/\/www.fsyougel.com\/es\/wp-json\/wp\/v2\/product"}],"about":[{"href":"https:\/\/www.fsyougel.com\/es\/wp-json\/wp\/v2\/types\/product"}],"replies":[{"embeddable":true,"href":"https:\/\/www.fsyougel.com\/es\/wp-json\/wp\/v2\/comments?post=799"}],"wp:featuredmedia":[{"embeddable":true,"href":"https:\/\/www.fsyougel.com\/es\/wp-json\/wp\/v2\/media\/807"}],"wp:attachment":[{"href":"https:\/\/www.fsyougel.com\/es\/wp-json\/wp\/v2\/media?parent=799"}],"wp:term":[{"taxonomy":"product_brand","embeddable":true,"href":"https:\/\/www.fsyougel.com\/es\/wp-json\/wp\/v2\/product_brand?post=799"},{"taxonomy":"product_cat","embeddable":true,"href":"https:\/\/www.fsyougel.com\/es\/wp-json\/wp\/v2\/product_cat?post=799"},{"taxonomy":"product_tag","embeddable":true,"href":"https:\/\/www.fsyougel.com\/es\/wp-json\/wp\/v2\/product_tag?post=799"}],"curies":[{"name":"wp","href":"https:\/\/api.w.org\/{rel}","templated":true}]}}