{"id":810,"date":"2025-08-22T02:49:47","date_gmt":"2025-08-22T02:49:47","guid":{"rendered":"https:\/\/www.fsyougel.com\/?post_type=product&#038;p=810"},"modified":"2025-08-22T02:50:02","modified_gmt":"2025-08-22T02:50:02","slug":"wholesale-biab-gel-oem-factory","status":"publish","type":"product","link":"https:\/\/www.fsyougel.com\/es\/producto\/wholesale-biab-gel-oem-factory\/","title":{"rendered":"Venta al por mayor BIAB Gel, OEM Liquid Builder In A Bottle Gel Factory"},"content":{"rendered":"<div class=\"wp-block-columns is-layout-flex wp-container-core-columns-is-layout-9d6595d7 wp-block-columns-is-layout-flex\">\n<div class=\"wp-block-column is-layout-flow wp-block-column-is-layout-flow\">\n<h2 class=\"wp-block-heading\">\u00a0Gel BIAB al por mayor Caracter\u00edsticas:<\/h2>\n\n\n\n<ul class=\"wp-block-list\">\n<li><strong>42 opciones de color<\/strong>: Nuestro gel BIAB al por mayor ofrece una amplia gama de colores para adaptarse a varios estilos y tendencias de nail art.<\/li>\n\n\n\n<li><strong>Fortalecimiento y extensi\u00f3n de las u\u00f1as<\/strong>: Formulado con ingredientes de alta calidad, el gel constructor l\u00edquido en botella fortalece, extiende y repara eficazmente las u\u00f1as d\u00e9biles, mejorando su durabilidad.<\/li>\n\n\n\n<li><strong>Indicado para u\u00f1as d\u00e9biles y quebradizas<\/strong>: Espec\u00edficamente dise\u00f1ado para clientes con u\u00f1as d\u00e9biles y quebradizas, proporciona un aspecto natural a la vez que aumenta la resistencia de las u\u00f1as.<\/li>\n\n\n\n<li><strong>Ligero y f\u00e1cil de aplicar<\/strong>: Con una textura ligera y de f\u00e1cil aplicaci\u00f3n, es ideal para que los t\u00e9cnicos de u\u00f1as trabajen r\u00e1pidamente, garantizando un acabado suave y profesional.<\/li>\n\n\n\n<li><strong>Efecto de u\u00f1a natural: <\/strong>Ayuda a las clientas a conseguir un efecto de u\u00f1a natural a la vez que proporciona un soporte de refuerzo, lo que convierte al gel constructor l\u00edquido en botella en una opci\u00f3n ideal para quienes buscan tanto est\u00e9tica como funcionalidad.<\/li>\n\n\n\n<li><strong>Se diferencia del gel constructor tradicional:<\/strong> Comparado con el gel constructor tradicional, el gel BIAB al por mayor es m\u00e1s ligero, m\u00e1s f\u00e1cil de moldear, m\u00e1s duradero y menos propenso a romperse.<\/li>\n\n\n\n<li><strong>Apto para venta al por mayor y OEM\/ODM:<\/strong> Ya sea para compras al por mayor por los salones de belleza o la personalizaci\u00f3n de la marca, al por mayor BIAB gel y l\u00edquido constructor en un gel de botella satisfacer las necesidades profesionales.<\/li>\n<\/ul>\n<\/div>\n\n\n\n<div class=\"wp-block-column is-layout-flow wp-block-column-is-layout-flow\">\n<figure class=\"wp-block-image size-full\"><img decoding=\"async\" width=\"1500\" height=\"1500\" src=\"https:\/\/www.fsyougel.com\/wp-content\/uploads\/2025\/08\/Wholesale-BIAB-Gel-Liquid-Builder-In-A-Bottle-Gel-3.webp\" alt=\"Wholesale BIAB Gel - Gel Constructor L\u00edquido en Botella (3)\" class=\"wp-image-813\" srcset=\"https:\/\/www.fsyougel.com\/wp-content\/uploads\/2025\/08\/Wholesale-BIAB-Gel-Liquid-Builder-In-A-Bottle-Gel-3.webp 1500w, https:\/\/www.fsyougel.com\/wp-content\/uploads\/2025\/08\/Wholesale-BIAB-Gel-Liquid-Builder-In-A-Bottle-Gel-3-300x300.webp 300w, https:\/\/www.fsyougel.com\/wp-content\/uploads\/2025\/08\/Wholesale-BIAB-Gel-Liquid-Builder-In-A-Bottle-Gel-3-150x150.webp 150w, https:\/\/www.fsyougel.com\/wp-content\/uploads\/2025\/08\/Wholesale-BIAB-Gel-Liquid-Builder-In-A-Bottle-Gel-3-768x768.webp 768w, https:\/\/www.fsyougel.com\/wp-content\/uploads\/2025\/08\/Wholesale-BIAB-Gel-Liquid-Builder-In-A-Bottle-Gel-3-1200x1200.webp 1200w, https:\/\/www.fsyougel.com\/wp-content\/uploads\/2025\/08\/Wholesale-BIAB-Gel-Liquid-Builder-In-A-Bottle-Gel-3-600x600.webp 600w, https:\/\/www.fsyougel.com\/wp-content\/uploads\/2025\/08\/Wholesale-BIAB-Gel-Liquid-Builder-In-A-Bottle-Gel-3-100x100.webp 100w\" sizes=\"(max-width: 1500px) 100vw, 1500px\" \/><\/figure>\n<\/div>\n<\/div>\n\n\n\n<div class=\"wp-block-columns is-layout-flex wp-container-core-columns-is-layout-9d6595d7 wp-block-columns-is-layout-flex\">\n<div class=\"wp-block-column is-layout-flow wp-block-column-is-layout-flow\">\n<figure class=\"wp-block-image size-full\"><img decoding=\"async\" width=\"1500\" height=\"1500\" src=\"https:\/\/www.fsyougel.com\/wp-content\/uploads\/2025\/08\/Wholesale-BIAB-Gel-Liquid-Builder-In-A-Bottle-Gel-2.webp\" alt=\"Wholesale BIAB Gel - Gel Constructor L\u00edquido en Botella (2)\" class=\"wp-image-812\" srcset=\"https:\/\/www.fsyougel.com\/wp-content\/uploads\/2025\/08\/Wholesale-BIAB-Gel-Liquid-Builder-In-A-Bottle-Gel-2.webp 1500w, https:\/\/www.fsyougel.com\/wp-content\/uploads\/2025\/08\/Wholesale-BIAB-Gel-Liquid-Builder-In-A-Bottle-Gel-2-300x300.webp 300w, https:\/\/www.fsyougel.com\/wp-content\/uploads\/2025\/08\/Wholesale-BIAB-Gel-Liquid-Builder-In-A-Bottle-Gel-2-150x150.webp 150w, https:\/\/www.fsyougel.com\/wp-content\/uploads\/2025\/08\/Wholesale-BIAB-Gel-Liquid-Builder-In-A-Bottle-Gel-2-768x768.webp 768w, https:\/\/www.fsyougel.com\/wp-content\/uploads\/2025\/08\/Wholesale-BIAB-Gel-Liquid-Builder-In-A-Bottle-Gel-2-1200x1200.webp 1200w, https:\/\/www.fsyougel.com\/wp-content\/uploads\/2025\/08\/Wholesale-BIAB-Gel-Liquid-Builder-In-A-Bottle-Gel-2-600x600.webp 600w, https:\/\/www.fsyougel.com\/wp-content\/uploads\/2025\/08\/Wholesale-BIAB-Gel-Liquid-Builder-In-A-Bottle-Gel-2-100x100.webp 100w\" sizes=\"(max-width: 1500px) 100vw, 1500px\" \/><\/figure>\n<\/div>\n\n\n\n<div class=\"wp-block-column is-layout-flow wp-block-column-is-layout-flow\">\n<figure class=\"wp-block-image size-full\"><img decoding=\"async\" width=\"1500\" height=\"1500\" src=\"https:\/\/www.fsyougel.com\/wp-content\/uploads\/2025\/08\/Custom-Wholesale-BIAB-Gel.webp\" alt=\"Gel BIAB personalizado al por mayor\" class=\"wp-image-819\" srcset=\"https:\/\/www.fsyougel.com\/wp-content\/uploads\/2025\/08\/Custom-Wholesale-BIAB-Gel.webp 1500w, https:\/\/www.fsyougel.com\/wp-content\/uploads\/2025\/08\/Custom-Wholesale-BIAB-Gel-300x300.webp 300w, https:\/\/www.fsyougel.com\/wp-content\/uploads\/2025\/08\/Custom-Wholesale-BIAB-Gel-150x150.webp 150w, https:\/\/www.fsyougel.com\/wp-content\/uploads\/2025\/08\/Custom-Wholesale-BIAB-Gel-768x768.webp 768w, https:\/\/www.fsyougel.com\/wp-content\/uploads\/2025\/08\/Custom-Wholesale-BIAB-Gel-1200x1200.webp 1200w, https:\/\/www.fsyougel.com\/wp-content\/uploads\/2025\/08\/Custom-Wholesale-BIAB-Gel-600x600.webp 600w, https:\/\/www.fsyougel.com\/wp-content\/uploads\/2025\/08\/Custom-Wholesale-BIAB-Gel-100x100.webp 100w\" sizes=\"(max-width: 1500px) 100vw, 1500px\" \/><\/figure>\n<\/div>\n<\/div>","protected":false},"excerpt":{"rendered":"<p>Bienvenido a comprar nuestro gel BIAB al por mayor, elaborado por un constructor de l\u00edquidos de confianza en una f\u00e1brica de gel en botella. Dise\u00f1ado para la durabilidad, f\u00e1cil aplicaci\u00f3n y crecimiento de las u\u00f1as sanas, es la elecci\u00f3n perfecta para salones, artistas de u\u00f1as y distribuidores globales.<\/p>\n<table border=\"0\" width=\"854\" cellspacing=\"0\" cellpadding=\"0\">\n<tbody>\n<tr>\n<td width=\"257\" height=\"44\">Marca<\/td>\n<td width=\"597\">YouGel<\/td>\n<\/tr>\n<tr>\n<td width=\"257\" height=\"44\">N\u00famero de modelo<\/td>\n<td width=\"597\">LG01<\/td>\n<\/tr>\n<tr>\n<td width=\"257\" height=\"44\">Tipo de producto<\/td>\n<td width=\"597\">Soak-Off UV\/LED<\/td>\n<\/tr>\n<tr>\n<td width=\"257\" height=\"44\">Material<\/td>\n<td width=\"597\">Resina<\/td>\n<\/tr>\n<tr>\n<td width=\"257\" height=\"44\">Color<\/td>\n<td width=\"597\">42 Colores<\/td>\n<\/tr>\n<tr>\n<td width=\"257\" height=\"44\">Volumen<\/td>\n<td width=\"597\">15 ml<\/td>\n<\/tr>\n<tr>\n<td width=\"257\" height=\"44\">Seguridad<\/td>\n<td width=\"597\">Sin HEMA, no t\u00f3xico, MSDS disponible<\/td>\n<\/tr>\n<tr>\n<td width=\"257\" height=\"44\">MOQ<\/td>\n<td width=\"597\">MOQ bajo<\/td>\n<\/tr>\n<tr>\n<td width=\"257\" height=\"44\">Muestra gratuita<\/td>\n<td width=\"597\">Disponible<\/td>\n<\/tr>\n<tr>\n<td width=\"257\" height=\"82\">Opci\u00f3n personalizada<\/td>\n<td width=\"597\">Servicios OEM\/ODM, logotipos, etiquetas y embalajes personalizados<\/td>\n<\/tr>\n<\/tbody>\n<\/table>\n<h3 class=\"brxe-heading\">Del fabricante de esmalte de gel para u\u00f1as<\/h3>\n<p><a href=\"https:\/\/www.fsyougel.com\/es\/\"><strong>YouGel<\/strong><\/a>\u00a0es un fabricante de esmaltes de gel de u\u00f1as de alta tecnolog\u00eda que ofrece servicios de venta al por mayor, marca blanca y OEM\/ODM. M\u00e1s de 10.000 colores sin HEMA, veganos y sin crueldad, de aplicaci\u00f3n suave, larga duraci\u00f3n y f\u00e1cil remojo.<\/p>","protected":false},"featured_media":816,"comment_status":"closed","ping_status":"closed","template":"","meta":{"_acf_changed":false},"product_brand":[],"product_cat":[20],"product_tag":[],"class_list":{"0":"post-810","1":"product","2":"type-product","3":"status-publish","4":"has-post-thumbnail","6":"product_cat-nail-extension-gel-wholesale","8":"first","9":"instock","10":"shipping-taxable","11":"product-type-simple"},"acf":[],"_links":{"self":[{"href":"https:\/\/www.fsyougel.com\/es\/wp-json\/wp\/v2\/product\/810","targetHints":{"allow":["GET"]}}],"collection":[{"href":"https:\/\/www.fsyougel.com\/es\/wp-json\/wp\/v2\/product"}],"about":[{"href":"https:\/\/www.fsyougel.com\/es\/wp-json\/wp\/v2\/types\/product"}],"replies":[{"embeddable":true,"href":"https:\/\/www.fsyougel.com\/es\/wp-json\/wp\/v2\/comments?post=810"}],"wp:featuredmedia":[{"embeddable":true,"href":"https:\/\/www.fsyougel.com\/es\/wp-json\/wp\/v2\/media\/816"}],"wp:attachment":[{"href":"https:\/\/www.fsyougel.com\/es\/wp-json\/wp\/v2\/media?parent=810"}],"wp:term":[{"taxonomy":"product_brand","embeddable":true,"href":"https:\/\/www.fsyougel.com\/es\/wp-json\/wp\/v2\/product_brand?post=810"},{"taxonomy":"product_cat","embeddable":true,"href":"https:\/\/www.fsyougel.com\/es\/wp-json\/wp\/v2\/product_cat?post=810"},{"taxonomy":"product_tag","embeddable":true,"href":"https:\/\/www.fsyougel.com\/es\/wp-json\/wp\/v2\/product_tag?post=810"}],"curies":[{"name":"wp","href":"https:\/\/api.w.org\/{rel}","templated":true}]}}