{"id":821,"date":"2025-08-22T06:22:23","date_gmt":"2025-08-22T06:22:23","guid":{"rendered":"https:\/\/www.fsyougel.com\/?post_type=product&#038;p=821"},"modified":"2025-09-16T07:34:46","modified_gmt":"2025-09-16T07:34:46","slug":"cream-jelly-builder-gel-wholesale","status":"publish","type":"product","link":"https:\/\/www.fsyougel.com\/es\/producto\/cream-jelly-builder-gel-wholesale\/","title":{"rendered":"Gel Crema Gel Constructor Al Por Mayor Gel Extensi\u00f3n De U\u00f1as Tixotropia Fabricante"},"content":{"rendered":"<div class=\"wp-block-columns is-layout-flex wp-container-core-columns-is-layout-9d6595d7 wp-block-columns-is-layout-flex\">\n<div class=\"wp-block-column is-layout-flow wp-block-column-is-layout-flow\">\n<div class=\"wp-block-columns is-layout-flex wp-container-core-columns-is-layout-9d6595d7 wp-block-columns-is-layout-flex\">\n<div class=\"wp-block-column is-layout-flow wp-block-column-is-layout-flow\">\n<h2 class=\"wp-block-heading\">Venta al por mayor gel tixotr\u00f3pico gel constructor Caracter\u00edsticas:<\/h2>\n\n\n\n<ul class=\"wp-block-list\">\n<li><strong>Ampliaci\u00f3n y refuerzo de alta calidad<\/strong>: Proporciona una extensi\u00f3n y un refuerzo eficaces de las u\u00f1as d\u00e9biles, al tiempo que garantiza un efecto de u\u00f1a natural, equilibrando la est\u00e9tica y la funcionalidad.<\/li>\n\n\n\n<li><strong>Funci\u00f3n reparadora de las u\u00f1as:<\/strong> Repara las u\u00f1as rotas y da\u00f1adas, restaurando la forma saludable de las u\u00f1as, haci\u00e9ndolas duraderas y naturalmente brillantes.<\/li>\n\n\n\n<li><strong>Adecuado para quienes tienen u\u00f1as fr\u00e1giles y se rompen con facilidad<\/strong>: Mayorista Jelly Builder Gel est\u00e1 espec\u00edficamente dise\u00f1ado para clientes con u\u00f1as fr\u00e1giles y que se rompen con facilidad, proporcionando refuerzo y protecci\u00f3n, haciendo que las u\u00f1as sean naturales y resistentes.<\/li>\n\n\n\n<li><strong>Ligero y f\u00e1cil de aplicar:<\/strong> Presenta una textura suave y un brillo natural, por lo que es f\u00e1cil de aplicar y moldear, permitiendo a los t\u00e9cnicos de u\u00f1as conseguir r\u00e1pidamente resultados profesionales.<\/li>\n\n\n\n<li><strong>Tixotrop\u00eda y funcionamiento m\u00e1s sencillo:<\/strong> Con propiedades tixotr\u00f3picas, el gel proporciona un control de flujo m\u00e1s suave, una aplicaci\u00f3n m\u00e1s f\u00e1cil y un mejor moldeado, ayudando a los t\u00e9cnicos de u\u00f1as a ahorrar tiempo a la vez que consiguen resultados precisos.<\/li>\n\n\n\n<li><strong>Variedad de colores<\/strong>: Ofrece una variedad de tonos transparentes y semitransparentes para satisfacer las necesidades creativas y naturales del nail art, manteniendo al mismo tiempo un aspecto a la moda.<\/li>\n\n\n\n<li><strong>Diferenciado del gel constructor tradicional:<\/strong> Comparado con el gel de construcci\u00f3n tradicional, es m\u00e1s ligero, m\u00e1s f\u00e1cil de moldear y m\u00e1s duradero, lo que mejora la eficacia operativa y garantiza la satisfacci\u00f3n del cliente.<\/li>\n\n\n\n<li><strong>Venta al por mayor y OEM\/ODM:<\/strong> Ya sea para compras al por mayor o para personalizaci\u00f3n de marcas, el gel constructor de gelatina al por mayor y el gel constructor l\u00edquido en botella pueden satisfacer sus necesidades, ofreciendo soluciones OEM\/ODM flexibles para apoyar el desarrollo de marcas de nail art.<\/li>\n<\/ul>\n<\/div>\n\n\n\n<div class=\"wp-block-column is-layout-flow wp-block-column-is-layout-flow\">\n<figure class=\"wp-block-image size-full\"><img decoding=\"async\" width=\"1500\" height=\"1500\" src=\"https:\/\/www.fsyougel.com\/wp-content\/uploads\/2025\/08\/Jelly-Builder-Gel-Wholesale-3.webp\" alt=\"Gel de Gelatina al por mayor (3)\" class=\"wp-image-827\" srcset=\"https:\/\/www.fsyougel.com\/wp-content\/uploads\/2025\/08\/Jelly-Builder-Gel-Wholesale-3.webp 1500w, https:\/\/www.fsyougel.com\/wp-content\/uploads\/2025\/08\/Jelly-Builder-Gel-Wholesale-3-300x300.webp 300w, https:\/\/www.fsyougel.com\/wp-content\/uploads\/2025\/08\/Jelly-Builder-Gel-Wholesale-3-150x150.webp 150w, https:\/\/www.fsyougel.com\/wp-content\/uploads\/2025\/08\/Jelly-Builder-Gel-Wholesale-3-768x768.webp 768w, https:\/\/www.fsyougel.com\/wp-content\/uploads\/2025\/08\/Jelly-Builder-Gel-Wholesale-3-1200x1200.webp 1200w, https:\/\/www.fsyougel.com\/wp-content\/uploads\/2025\/08\/Jelly-Builder-Gel-Wholesale-3-600x600.webp 600w, https:\/\/www.fsyougel.com\/wp-content\/uploads\/2025\/08\/Jelly-Builder-Gel-Wholesale-3-100x100.webp 100w\" sizes=\"(max-width: 1500px) 100vw, 1500px\" \/><\/figure>\n<\/div>\n<\/div>\n<\/div>\n<\/div>\n\n\n\n<figure class=\"wp-block-image size-full\"><img decoding=\"async\" width=\"5200\" height=\"3000\" src=\"https:\/\/www.fsyougel.com\/wp-content\/uploads\/2025\/08\/Custom-Jelly-Builder-Gel-Wholesale.webp\" alt=\"Gel constructor de gelatina personalizado al por mayor\" class=\"wp-image-823\" srcset=\"https:\/\/www.fsyougel.com\/wp-content\/uploads\/2025\/08\/Custom-Jelly-Builder-Gel-Wholesale.webp 5200w, https:\/\/www.fsyougel.com\/wp-content\/uploads\/2025\/08\/Custom-Jelly-Builder-Gel-Wholesale-300x173.webp 300w, https:\/\/www.fsyougel.com\/wp-content\/uploads\/2025\/08\/Custom-Jelly-Builder-Gel-Wholesale-768x443.webp 768w, https:\/\/www.fsyougel.com\/wp-content\/uploads\/2025\/08\/Custom-Jelly-Builder-Gel-Wholesale-1200x692.webp 1200w, https:\/\/www.fsyougel.com\/wp-content\/uploads\/2025\/08\/Custom-Jelly-Builder-Gel-Wholesale-600x346.webp 600w\" sizes=\"(max-width: 5200px) 100vw, 5200px\" \/><\/figure>\n\n\n\n<div class=\"wp-block-columns is-layout-flex wp-container-core-columns-is-layout-9d6595d7 wp-block-columns-is-layout-flex\">\n<div class=\"wp-block-column is-layout-flow wp-block-column-is-layout-flow\">\n<figure class=\"wp-block-image size-full\"><img decoding=\"async\" width=\"1500\" height=\"1500\" src=\"https:\/\/www.fsyougel.com\/wp-content\/uploads\/2025\/08\/Jelly-Builder-Gel-Wholesale-6.webp\" alt=\"Gel de Gelatina al por mayor (6)\" class=\"wp-image-830\" srcset=\"https:\/\/www.fsyougel.com\/wp-content\/uploads\/2025\/08\/Jelly-Builder-Gel-Wholesale-6.webp 1500w, https:\/\/www.fsyougel.com\/wp-content\/uploads\/2025\/08\/Jelly-Builder-Gel-Wholesale-6-300x300.webp 300w, https:\/\/www.fsyougel.com\/wp-content\/uploads\/2025\/08\/Jelly-Builder-Gel-Wholesale-6-150x150.webp 150w, https:\/\/www.fsyougel.com\/wp-content\/uploads\/2025\/08\/Jelly-Builder-Gel-Wholesale-6-768x768.webp 768w, https:\/\/www.fsyougel.com\/wp-content\/uploads\/2025\/08\/Jelly-Builder-Gel-Wholesale-6-1200x1200.webp 1200w, https:\/\/www.fsyougel.com\/wp-content\/uploads\/2025\/08\/Jelly-Builder-Gel-Wholesale-6-600x600.webp 600w, https:\/\/www.fsyougel.com\/wp-content\/uploads\/2025\/08\/Jelly-Builder-Gel-Wholesale-6-100x100.webp 100w\" sizes=\"(max-width: 1500px) 100vw, 1500px\" \/><\/figure>\n<\/div>\n\n\n\n<div class=\"wp-block-column is-layout-flow wp-block-column-is-layout-flow\">\n<figure class=\"wp-block-image size-full\"><img decoding=\"async\" width=\"1500\" height=\"1500\" src=\"https:\/\/www.fsyougel.com\/wp-content\/uploads\/2025\/08\/Jelly-Builder-Gel-Wholesale-5.webp\" alt=\"Gel de Gelatina al por mayor (5)\" class=\"wp-image-829\" srcset=\"https:\/\/www.fsyougel.com\/wp-content\/uploads\/2025\/08\/Jelly-Builder-Gel-Wholesale-5.webp 1500w, https:\/\/www.fsyougel.com\/wp-content\/uploads\/2025\/08\/Jelly-Builder-Gel-Wholesale-5-300x300.webp 300w, https:\/\/www.fsyougel.com\/wp-content\/uploads\/2025\/08\/Jelly-Builder-Gel-Wholesale-5-150x150.webp 150w, https:\/\/www.fsyougel.com\/wp-content\/uploads\/2025\/08\/Jelly-Builder-Gel-Wholesale-5-768x768.webp 768w, https:\/\/www.fsyougel.com\/wp-content\/uploads\/2025\/08\/Jelly-Builder-Gel-Wholesale-5-1200x1200.webp 1200w, https:\/\/www.fsyougel.com\/wp-content\/uploads\/2025\/08\/Jelly-Builder-Gel-Wholesale-5-600x600.webp 600w, https:\/\/www.fsyougel.com\/wp-content\/uploads\/2025\/08\/Jelly-Builder-Gel-Wholesale-5-100x100.webp 100w\" sizes=\"(max-width: 1500px) 100vw, 1500px\" \/><\/figure>\n<\/div>\n<\/div>\n\n\n\n<p><\/p>","protected":false},"excerpt":{"rendered":"<p>Bienvenido a comprar al por mayor gel gel constructor, dise\u00f1ado para un funcionamiento m\u00e1s f\u00e1cil y resultados profesionales. Con propiedades de tixotrop\u00eda, apoya la extensi\u00f3n de u\u00f1as, refuerzo y reparaci\u00f3n, opciones de OEM\/ODM y asegura una durabilidad natural y duradera.<\/p>\n<table border=\"0\" width=\"854\" cellspacing=\"0\" cellpadding=\"0\">\n<tbody>\n<tr>\n<td width=\"257\" height=\"44\">Marca<\/td>\n<td width=\"597\">YouGel<\/td>\n<\/tr>\n<tr>\n<td width=\"257\" height=\"44\">N\u00famero de modelo<\/td>\n<td width=\"597\">BG01<\/td>\n<\/tr>\n<tr>\n<td width=\"257\" height=\"44\">Tipo de producto<\/td>\n<td width=\"597\">Soak-Off UV\/LED<\/td>\n<\/tr>\n<tr>\n<td width=\"257\" height=\"44\">Material<\/td>\n<td width=\"597\">Resina<\/td>\n<\/tr>\n<tr>\n<td width=\"257\" height=\"44\">Color<\/td>\n<td width=\"597\">24 Colores<\/td>\n<\/tr>\n<tr>\n<td width=\"257\" height=\"44\">Volumen<\/td>\n<td width=\"597\">30 ml\/50 ml<\/td>\n<\/tr>\n<tr>\n<td width=\"257\" height=\"44\">Seguridad<\/td>\n<td width=\"597\">Sin HEMA, no t\u00f3xico, MSDS disponible<\/td>\n<\/tr>\n<tr>\n<td width=\"257\" height=\"44\">MOQ<\/td>\n<td width=\"597\">MOQ bajo<\/td>\n<\/tr>\n<tr>\n<td width=\"257\" height=\"44\">Muestra gratuita<\/td>\n<td width=\"597\">Disponible<\/td>\n<\/tr>\n<tr>\n<td width=\"257\" height=\"82\">Opci\u00f3n personalizada<\/td>\n<td width=\"597\">Servicios OEM\/ODM, logotipos, etiquetas y embalajes personalizados<\/td>\n<\/tr>\n<\/tbody>\n<\/table>\n<h3 class=\"brxe-heading\">Del fabricante de esmalte de gel para u\u00f1as<\/h3>\n<p><a href=\"https:\/\/www.fsyougel.com\/es\/\"><strong>YouGel<\/strong><\/a>\u00a0es un fabricante de esmaltes de gel de u\u00f1as de alta tecnolog\u00eda que ofrece servicios de venta al por mayor, marca blanca y OEM\/ODM. M\u00e1s de 10.000 colores sin HEMA, veganos y sin crueldad, de aplicaci\u00f3n suave, larga duraci\u00f3n y f\u00e1cil remojo.<\/p>","protected":false},"featured_media":826,"comment_status":"closed","ping_status":"closed","template":"","meta":{"_acf_changed":false},"product_brand":[],"product_cat":[20],"product_tag":[],"class_list":{"0":"post-821","1":"product","2":"type-product","3":"status-publish","4":"has-post-thumbnail","6":"product_cat-nail-extension-gel-wholesale","8":"first","9":"instock","10":"shipping-taxable","11":"product-type-external"},"acf":[],"_links":{"self":[{"href":"https:\/\/www.fsyougel.com\/es\/wp-json\/wp\/v2\/product\/821","targetHints":{"allow":["GET"]}}],"collection":[{"href":"https:\/\/www.fsyougel.com\/es\/wp-json\/wp\/v2\/product"}],"about":[{"href":"https:\/\/www.fsyougel.com\/es\/wp-json\/wp\/v2\/types\/product"}],"replies":[{"embeddable":true,"href":"https:\/\/www.fsyougel.com\/es\/wp-json\/wp\/v2\/comments?post=821"}],"wp:featuredmedia":[{"embeddable":true,"href":"https:\/\/www.fsyougel.com\/es\/wp-json\/wp\/v2\/media\/826"}],"wp:attachment":[{"href":"https:\/\/www.fsyougel.com\/es\/wp-json\/wp\/v2\/media?parent=821"}],"wp:term":[{"taxonomy":"product_brand","embeddable":true,"href":"https:\/\/www.fsyougel.com\/es\/wp-json\/wp\/v2\/product_brand?post=821"},{"taxonomy":"product_cat","embeddable":true,"href":"https:\/\/www.fsyougel.com\/es\/wp-json\/wp\/v2\/product_cat?post=821"},{"taxonomy":"product_tag","embeddable":true,"href":"https:\/\/www.fsyougel.com\/es\/wp-json\/wp\/v2\/product_tag?post=821"}],"curies":[{"name":"wp","href":"https:\/\/api.w.org\/{rel}","templated":true}]}}