{"id":966,"date":"2025-08-28T07:05:28","date_gmt":"2025-08-28T07:05:28","guid":{"rendered":"https:\/\/www.fsyougel.com\/?post_type=product&#038;p=966"},"modified":"2025-10-24T09:16:11","modified_gmt":"2025-10-24T09:16:11","slug":"wholesale-acrylic-gel-for-nails","status":"publish","type":"product","link":"https:\/\/www.fsyougel.com\/es\/producto\/wholesale-acrylic-gel-for-nails\/","title":{"rendered":"Mayorista Gel Acrilico para U\u00f1as, 36 Colores Gel Poli de Larga Duracion Proveedor"},"content":{"rendered":"<div class=\"wp-block-columns is-layout-flex wp-container-core-columns-is-layout-9d6595d7 wp-block-columns-is-layout-flex\">\n<div class=\"wp-block-column is-layout-flow wp-block-column-is-layout-flow\">\n<h2 class=\"wp-block-heading\">Mayorista Gel Acr\u00edlico para U\u00f1as Caracter\u00edsticas:<\/h2>\n\n\n\n<ul class=\"wp-block-list\">\n<li><strong>36 opciones de color:<\/strong> Desde las cl\u00e1sicas transparencias hasta los tonos brillantes de moda, el gel acr\u00edlico al por mayor ofrece 36 impresionantes colores para captar las diversas preferencias de los clientes. Cree un arte de u\u00f1as \u00fanico que muestre un estilo individualizado.<\/li>\n\n\n\n<li><strong>Resultados duraderos<\/strong>: El poligel de larga duraci\u00f3n garantiza una larga duraci\u00f3n, manteni\u00e9ndose en perfectas condiciones cuando se usa a largo plazo y en el d\u00eda a d\u00eda. Su f\u00f3rmula \u00fanica fortalece las u\u00f1as para una mayor resistencia, minimizando la rotura y evitando que se astillen.<\/li>\n\n\n\n<li><strong>Aplicaci\u00f3n r\u00e1pida, ahorro de tiempo<\/strong>: Su procesamiento sencillo y suave permite una r\u00e1pida construcci\u00f3n de u\u00f1as con gel acr\u00edlico a granel, lo que ahorra esfuerzo y tiempo. Ideal para salones de manicura y artistas de u\u00f1as muy ocupados, facilita el trabajo art\u00edstico de u\u00f1as. Disfrute de u\u00f1as impecables sin tediosos procedimientos de varios pasos.<\/li>\n\n\n\n<li><strong>Alta calidad, seguridad y fiabilidad<\/strong>: Como proveedor mayorista de gel acr\u00edlico, todos nuestros productos emplean ingredientes no t\u00f3xicos, seguros y ecol\u00f3gicos para permitir que cada cliente experimente el nail art con la mejor salud. Los procesos de producci\u00f3n siguen las normas mundiales para su uso sin ning\u00fan problema.<\/li>\n\n\n\n<li><strong>Servicios de personalizaci\u00f3n para necesidades variadas<\/strong>: Ofrecemos servicios de personalizaci\u00f3n de gel acr\u00edlico al por mayor, como el color, el embalaje y el etiquetado a nivel personalizado, ofreciendo a cada cliente productos personalizados seg\u00fan los requisitos de la marca para una mayor competitividad en el mercado.<\/li>\n\n\n\n<li><strong>Seguro y respetuoso con el medio ambiente:<\/strong> Sin productos qu\u00edmicos t\u00f3xicos y respetuoso con el medio ambiente, es seguro para un uso prolongado. Nos centramos en ofrecer productos de alta calidad, ecol\u00f3gicos y seguros para que cada sesi\u00f3n de manicura resulte m\u00e1s agradable.<\/li>\n\n\n\n<li><strong>Funciones polivalentes:<\/strong> Es ideal para salones de manicura, spas de u\u00f1as, escuelas de formaci\u00f3n de u\u00f1as y salones de manicura. Ya sea para trabajos de u\u00f1as habituales o para formaci\u00f3n profesional, es la opci\u00f3n ideal.<\/li>\n\n\n\n<li><strong>Tama\u00f1os de envases a medida para diversos fines<\/strong><br>Ofrecemos distintas opciones de tama\u00f1o de envase para satisfacer las distintas necesidades de los clientes. Tanto si se trata de paquetes peque\u00f1os de un solo uso como de grandes pedidos al por mayor, tenemos soluciones adecuadas para salones de manicura, salones de belleza y distribuidores. Nuestras opciones de tama\u00f1o de envase incluyen 15 g, 30 g, 50 g y 100 g, y muchas m\u00e1s para satisfacer diferentes necesidades.<\/li>\n<\/ul>\n<\/div>\n\n\n\n<div class=\"wp-block-column is-layout-flow wp-block-column-is-layout-flow\">\n<figure class=\"wp-block-image size-full\"><img decoding=\"async\" width=\"1500\" height=\"1500\" src=\"https:\/\/www.fsyougel.com\/wp-content\/uploads\/2025\/08\/Wholesale-Acrylic-Gel-for-Nails-36-Colors.webp\" alt=\"Mayorista Gel Acrilico para U\u00f1as 36 Colores\" class=\"wp-image-970\" srcset=\"https:\/\/www.fsyougel.com\/wp-content\/uploads\/2025\/08\/Wholesale-Acrylic-Gel-for-Nails-36-Colors.webp 1500w, https:\/\/www.fsyougel.com\/wp-content\/uploads\/2025\/08\/Wholesale-Acrylic-Gel-for-Nails-36-Colors-300x300.webp 300w, https:\/\/www.fsyougel.com\/wp-content\/uploads\/2025\/08\/Wholesale-Acrylic-Gel-for-Nails-36-Colors-150x150.webp 150w, https:\/\/www.fsyougel.com\/wp-content\/uploads\/2025\/08\/Wholesale-Acrylic-Gel-for-Nails-36-Colors-768x768.webp 768w, https:\/\/www.fsyougel.com\/wp-content\/uploads\/2025\/08\/Wholesale-Acrylic-Gel-for-Nails-36-Colors-1200x1200.webp 1200w, https:\/\/www.fsyougel.com\/wp-content\/uploads\/2025\/08\/Wholesale-Acrylic-Gel-for-Nails-36-Colors-600x600.webp 600w, https:\/\/www.fsyougel.com\/wp-content\/uploads\/2025\/08\/Wholesale-Acrylic-Gel-for-Nails-36-Colors-100x100.webp 100w\" sizes=\"(max-width: 1500px) 100vw, 1500px\" \/><\/figure>\n<\/div>\n<\/div>\n\n\n\n<div class=\"wp-block-columns is-layout-flex wp-container-core-columns-is-layout-9d6595d7 wp-block-columns-is-layout-flex\">\n<div class=\"wp-block-column is-layout-flow wp-block-column-is-layout-flow\">\n<figure class=\"wp-block-image size-full\"><img decoding=\"async\" width=\"1500\" height=\"1500\" src=\"https:\/\/www.fsyougel.com\/wp-content\/uploads\/2025\/08\/Wholesale-Acrylic-Gel-Long-Lasting-Poly-Gel-Supplier.webp\" alt=\"Mayorista Gel acr\u00edlico de larga duraci\u00f3n Poly Gel Proveedor\" class=\"wp-image-972\" srcset=\"https:\/\/www.fsyougel.com\/wp-content\/uploads\/2025\/08\/Wholesale-Acrylic-Gel-Long-Lasting-Poly-Gel-Supplier.webp 1500w, https:\/\/www.fsyougel.com\/wp-content\/uploads\/2025\/08\/Wholesale-Acrylic-Gel-Long-Lasting-Poly-Gel-Supplier-300x300.webp 300w, https:\/\/www.fsyougel.com\/wp-content\/uploads\/2025\/08\/Wholesale-Acrylic-Gel-Long-Lasting-Poly-Gel-Supplier-150x150.webp 150w, https:\/\/www.fsyougel.com\/wp-content\/uploads\/2025\/08\/Wholesale-Acrylic-Gel-Long-Lasting-Poly-Gel-Supplier-768x768.webp 768w, https:\/\/www.fsyougel.com\/wp-content\/uploads\/2025\/08\/Wholesale-Acrylic-Gel-Long-Lasting-Poly-Gel-Supplier-1200x1200.webp 1200w, https:\/\/www.fsyougel.com\/wp-content\/uploads\/2025\/08\/Wholesale-Acrylic-Gel-Long-Lasting-Poly-Gel-Supplier-600x600.webp 600w, https:\/\/www.fsyougel.com\/wp-content\/uploads\/2025\/08\/Wholesale-Acrylic-Gel-Long-Lasting-Poly-Gel-Supplier-100x100.webp 100w\" sizes=\"(max-width: 1500px) 100vw, 1500px\" \/><\/figure>\n<\/div>\n\n\n\n<div class=\"wp-block-column is-layout-flow wp-block-column-is-layout-flow\">\n<figure class=\"wp-block-image size-full\"><img decoding=\"async\" width=\"1500\" height=\"1500\" src=\"https:\/\/www.fsyougel.com\/wp-content\/uploads\/2025\/08\/Wholesale-Acrylic-Gel-for-Nails-1.webp\" alt=\"Mayorista Gel Acr\u00edlico para U\u00f1as (1)\" class=\"wp-image-967\" srcset=\"https:\/\/www.fsyougel.com\/wp-content\/uploads\/2025\/08\/Wholesale-Acrylic-Gel-for-Nails-1.webp 1500w, https:\/\/www.fsyougel.com\/wp-content\/uploads\/2025\/08\/Wholesale-Acrylic-Gel-for-Nails-1-300x300.webp 300w, https:\/\/www.fsyougel.com\/wp-content\/uploads\/2025\/08\/Wholesale-Acrylic-Gel-for-Nails-1-150x150.webp 150w, https:\/\/www.fsyougel.com\/wp-content\/uploads\/2025\/08\/Wholesale-Acrylic-Gel-for-Nails-1-768x768.webp 768w, https:\/\/www.fsyougel.com\/wp-content\/uploads\/2025\/08\/Wholesale-Acrylic-Gel-for-Nails-1-1200x1200.webp 1200w, https:\/\/www.fsyougel.com\/wp-content\/uploads\/2025\/08\/Wholesale-Acrylic-Gel-for-Nails-1-600x600.webp 600w, https:\/\/www.fsyougel.com\/wp-content\/uploads\/2025\/08\/Wholesale-Acrylic-Gel-for-Nails-1-100x100.webp 100w\" sizes=\"(max-width: 1500px) 100vw, 1500px\" \/><\/figure>\n<\/div>\n<\/div>","protected":false},"excerpt":{"rendered":"<p>Bienvenido a comprar al por mayor gel acr\u00edlico para u\u00f1as de un proveedor de confianza. Nuestros 36 colores vibrantes, de larga duraci\u00f3n poly gel garantizar resultados profesionales de extensi\u00f3n de u\u00f1as con una resistencia superior y acabado natural. Como proveedor fiable de gel poli, ofrecemos servicios OEM\/ODM para pedidos personalizados.<\/p>\n<table border=\"0\" width=\"854\" cellspacing=\"0\" cellpadding=\"0\">\n<tbody>\n<tr>\n<td width=\"257\" height=\"44\">Marca<\/td>\n<td width=\"597\">YouGel<\/td>\n<\/tr>\n<tr>\n<td width=\"257\" height=\"44\">N\u00famero de modelo<\/td>\n<td width=\"597\">AG01<\/td>\n<\/tr>\n<tr>\n<td width=\"257\" height=\"44\">Tipo de producto<\/td>\n<td width=\"597\">Soak-Off UV\/LED<\/td>\n<\/tr>\n<tr>\n<td width=\"257\" height=\"44\">Material<\/td>\n<td width=\"597\">Resina<\/td>\n<\/tr>\n<tr>\n<td width=\"257\" height=\"44\">Color<\/td>\n<td width=\"597\">36 Colores<\/td>\n<\/tr>\n<tr>\n<td width=\"257\" height=\"44\">Volumen<\/td>\n<td width=\"597\">30 ml\/60 ml<\/td>\n<\/tr>\n<tr>\n<td width=\"257\" height=\"44\">Seguridad<\/td>\n<td width=\"597\">Sin HEMA, sin TPO, no t\u00f3xico, MSDS disponible<\/td>\n<\/tr>\n<tr>\n<td width=\"257\" height=\"44\">MOQ<\/td>\n<td width=\"597\">MOQ bajo<\/td>\n<\/tr>\n<tr>\n<td width=\"257\" height=\"44\">Muestra gratuita<\/td>\n<td width=\"597\">Disponible<\/td>\n<\/tr>\n<tr>\n<td width=\"257\" height=\"82\">Opci\u00f3n personalizada<\/td>\n<td width=\"597\">Servicios OEM\/ODM, logotipos, etiquetas y embalajes personalizados<\/td>\n<\/tr>\n<\/tbody>\n<\/table>\n<h3 class=\"brxe-heading\">Del fabricante de esmalte de gel para u\u00f1as<\/h3>\n<p><a href=\"https:\/\/www.fsyougel.com\/es\/\"><strong>YouGel<\/strong><\/a>\u00a0es un fabricante de esmaltes de gel de u\u00f1as de alta tecnolog\u00eda que ofrece servicios de venta al por mayor, marca blanca y OEM\/ODM. M\u00e1s de 10.000 colores sin HEMA, veganos y sin crueldad, de aplicaci\u00f3n suave, larga duraci\u00f3n y f\u00e1cil remojo.<\/p>","protected":false},"featured_media":971,"comment_status":"closed","ping_status":"closed","template":"","meta":{"_acf_changed":false},"product_brand":[],"product_cat":[21],"product_tag":[],"class_list":{"0":"post-966","1":"product","2":"type-product","3":"status-publish","4":"has-post-thumbnail","6":"product_cat-wholesale-acryl-gel","8":"first","9":"instock","10":"shipping-taxable","11":"product-type-simple"},"acf":[],"_links":{"self":[{"href":"https:\/\/www.fsyougel.com\/es\/wp-json\/wp\/v2\/product\/966","targetHints":{"allow":["GET"]}}],"collection":[{"href":"https:\/\/www.fsyougel.com\/es\/wp-json\/wp\/v2\/product"}],"about":[{"href":"https:\/\/www.fsyougel.com\/es\/wp-json\/wp\/v2\/types\/product"}],"replies":[{"embeddable":true,"href":"https:\/\/www.fsyougel.com\/es\/wp-json\/wp\/v2\/comments?post=966"}],"wp:featuredmedia":[{"embeddable":true,"href":"https:\/\/www.fsyougel.com\/es\/wp-json\/wp\/v2\/media\/971"}],"wp:attachment":[{"href":"https:\/\/www.fsyougel.com\/es\/wp-json\/wp\/v2\/media?parent=966"}],"wp:term":[{"taxonomy":"product_brand","embeddable":true,"href":"https:\/\/www.fsyougel.com\/es\/wp-json\/wp\/v2\/product_brand?post=966"},{"taxonomy":"product_cat","embeddable":true,"href":"https:\/\/www.fsyougel.com\/es\/wp-json\/wp\/v2\/product_cat?post=966"},{"taxonomy":"product_tag","embeddable":true,"href":"https:\/\/www.fsyougel.com\/es\/wp-json\/wp\/v2\/product_tag?post=966"}],"curies":[{"name":"wp","href":"https:\/\/api.w.org\/{rel}","templated":true}]}}