{"id":987,"date":"2025-08-28T08:56:23","date_gmt":"2025-08-28T08:56:23","guid":{"rendered":"https:\/\/www.fsyougel.com\/?post_type=product&#038;p=987"},"modified":"2025-10-24T09:14:55","modified_gmt":"2025-10-24T09:14:55","slug":"private-label-poly-gel-for-nails","status":"publish","type":"product","link":"https:\/\/www.fsyougel.com\/es\/producto\/private-label-poly-gel-for-nails\/","title":{"rendered":"Marca del distribuidor Poly Gel UV\/LED Soak Off al por mayor 30g\/60g Acryl Gel para extensiones de u\u00f1as"},"content":{"rendered":"<div class=\"wp-block-columns is-layout-flex wp-container-core-columns-is-layout-9d6595d7 wp-block-columns-is-layout-flex\">\n<div class=\"wp-block-column is-layout-flow wp-block-column-is-layout-flow\">\n<h2 class=\"wp-block-heading\">Marca del distribuidor Poly Gel Caracter\u00edsticas:<\/h2>\n\n\n\n<ul class=\"wp-block-list\">\n<li><strong>Personalizaci\u00f3n de marcas blancas para satisfacer las necesidades individuales:<\/strong> Ofrecemos soluciones de Poly Gel de marca blanca, personalizando el envasado y las etiquetas seg\u00fan los requisitos de su marca para ayudarle a introducirse en el mercado y mejorar el conocimiento de su marca. Ya sea el color, el dise\u00f1o o el envase, todo puede personalizarse seg\u00fan sus necesidades.<\/li>\n\n\n\n<li><strong>Poligel de alta calidad para unas extensiones de u\u00f1as sin esfuerzo<\/strong>:<br>Private Label Poly Gel es un gel acr\u00edlico de alta calidad que puede utilizarse para extensiones de u\u00f1as, reparaciones y estilismo. Curado con luz UV\/LED, proporciona resultados duraderos y de alta resistencia, perfectos para el sal\u00f3n y el uso en casa.<\/li>\n\n\n\n<li><strong>Inodoro y f\u00e1cil de usar<\/strong>: Este gel acr\u00edlico al por mayor tiene poco olor y no contiene sustancias t\u00f3xicas, por lo que los clientes pueden utilizarlo con comodidad y seguridad. Tiene una textura ligera y f\u00e1cil de trabajar y moldear, por lo que resulta adecuado incluso para usuarios noveles.<\/li>\n\n\n\n<li><strong>Precios al por mayor con descuentos por volumen<\/strong>: Como proveedor profesional de gel acr\u00edlico al por mayor, ofrecemos tarifas al por mayor competitivas para pedidos al por mayor, de modo que los clientes reciban productos de calidad superior al precio m\u00e1s competitivo para ayudar a que el negocio prospere.<\/li>\n\n\n\n<li><strong>Tama\u00f1os de envases flexibles:<\/strong> Nuestro gel de polietileno de marca blanca est\u00e1 disponible en varios tama\u00f1os, como 30 g y 60 g, lo que ofrece una opci\u00f3n flexible en funci\u00f3n de las necesidades del cliente. Tanto si es un usuario individual como un mayorista, tenemos el tama\u00f1o de envase perfecto para usted.<\/li>\n\n\n\n<li><strong>Servicio profesional y entrega puntual<\/strong>: Nuestro objetivo es ofrecer un servicio r\u00e1pido y eficaz. Como un proveedor de gel acr\u00edlico al por mayor, nos aseguramos de entrega r\u00e1pida para garantizar la entrega oportuna de los productos, el cumplimiento de los requisitos de tiempo cr\u00edtico de su negocio.<\/li>\n<\/ul>\n<\/div>\n\n\n\n<div class=\"wp-block-column is-layout-flow wp-block-column-is-layout-flow\">\n<figure class=\"wp-block-image size-full\"><img decoding=\"async\" width=\"1500\" height=\"1500\" src=\"https:\/\/www.fsyougel.com\/wp-content\/uploads\/2025\/08\/Private-label-Poly-Gel-3.webp\" alt=\"Marca del distribuidor Poly Gel (3)\" class=\"wp-image-989\" srcset=\"https:\/\/www.fsyougel.com\/wp-content\/uploads\/2025\/08\/Private-label-Poly-Gel-3.webp 1500w, https:\/\/www.fsyougel.com\/wp-content\/uploads\/2025\/08\/Private-label-Poly-Gel-3-300x300.webp 300w, https:\/\/www.fsyougel.com\/wp-content\/uploads\/2025\/08\/Private-label-Poly-Gel-3-150x150.webp 150w, https:\/\/www.fsyougel.com\/wp-content\/uploads\/2025\/08\/Private-label-Poly-Gel-3-768x768.webp 768w, https:\/\/www.fsyougel.com\/wp-content\/uploads\/2025\/08\/Private-label-Poly-Gel-3-1200x1200.webp 1200w, https:\/\/www.fsyougel.com\/wp-content\/uploads\/2025\/08\/Private-label-Poly-Gel-3-600x600.webp 600w, https:\/\/www.fsyougel.com\/wp-content\/uploads\/2025\/08\/Private-label-Poly-Gel-3-100x100.webp 100w\" sizes=\"(max-width: 1500px) 100vw, 1500px\" \/><\/figure>\n<\/div>\n<\/div>\n\n\n\n<div class=\"wp-block-columns is-layout-flex wp-container-core-columns-is-layout-9d6595d7 wp-block-columns-is-layout-flex\">\n<div class=\"wp-block-column is-layout-flow wp-block-column-is-layout-flow\">\n<figure class=\"wp-block-image size-full\"><img decoding=\"async\" width=\"1500\" height=\"1500\" src=\"https:\/\/www.fsyougel.com\/wp-content\/uploads\/2025\/08\/Private-label-Poly-Gel-UVLED.webp\" alt=\"Marca del distribuidor Poly Gel UVLED\" class=\"wp-image-992\" srcset=\"https:\/\/www.fsyougel.com\/wp-content\/uploads\/2025\/08\/Private-label-Poly-Gel-UVLED.webp 1500w, https:\/\/www.fsyougel.com\/wp-content\/uploads\/2025\/08\/Private-label-Poly-Gel-UVLED-300x300.webp 300w, https:\/\/www.fsyougel.com\/wp-content\/uploads\/2025\/08\/Private-label-Poly-Gel-UVLED-150x150.webp 150w, https:\/\/www.fsyougel.com\/wp-content\/uploads\/2025\/08\/Private-label-Poly-Gel-UVLED-768x768.webp 768w, https:\/\/www.fsyougel.com\/wp-content\/uploads\/2025\/08\/Private-label-Poly-Gel-UVLED-1200x1200.webp 1200w, https:\/\/www.fsyougel.com\/wp-content\/uploads\/2025\/08\/Private-label-Poly-Gel-UVLED-600x600.webp 600w, https:\/\/www.fsyougel.com\/wp-content\/uploads\/2025\/08\/Private-label-Poly-Gel-UVLED-100x100.webp 100w\" sizes=\"(max-width: 1500px) 100vw, 1500px\" \/><\/figure>\n<\/div>\n\n\n\n<div class=\"wp-block-column is-layout-flow wp-block-column-is-layout-flow\">\n<figure class=\"wp-block-image size-full\"><img decoding=\"async\" width=\"1500\" height=\"1500\" src=\"https:\/\/www.fsyougel.com\/wp-content\/uploads\/2025\/08\/Private-label-Poly-Gel-1.webp\" alt=\"Marca del distribuidor Poly Gel (1)\" class=\"wp-image-988\" srcset=\"https:\/\/www.fsyougel.com\/wp-content\/uploads\/2025\/08\/Private-label-Poly-Gel-1.webp 1500w, https:\/\/www.fsyougel.com\/wp-content\/uploads\/2025\/08\/Private-label-Poly-Gel-1-300x300.webp 300w, https:\/\/www.fsyougel.com\/wp-content\/uploads\/2025\/08\/Private-label-Poly-Gel-1-150x150.webp 150w, https:\/\/www.fsyougel.com\/wp-content\/uploads\/2025\/08\/Private-label-Poly-Gel-1-768x768.webp 768w, https:\/\/www.fsyougel.com\/wp-content\/uploads\/2025\/08\/Private-label-Poly-Gel-1-1200x1200.webp 1200w, https:\/\/www.fsyougel.com\/wp-content\/uploads\/2025\/08\/Private-label-Poly-Gel-1-600x600.webp 600w, https:\/\/www.fsyougel.com\/wp-content\/uploads\/2025\/08\/Private-label-Poly-Gel-1-100x100.webp 100w\" sizes=\"(max-width: 1500px) 100vw, 1500px\" \/><\/figure>\n<\/div>\n<\/div>","protected":false},"excerpt":{"rendered":"<p>Bienvenido a comprar Gel Polivin\u00edlico UV\/LED soak off de marca blanca en 30g\/60g. Perfecto para la extensi\u00f3n de u\u00f1as y uso profesional, nuestra alta calidad Poly Gel ofrece durabilidad y f\u00e1cil aplicaci\u00f3n.<\/p>\n<table border=\"0\" width=\"854\" cellspacing=\"0\" cellpadding=\"0\">\n<tbody>\n<tr>\n<td width=\"257\" height=\"44\">Marca<\/td>\n<td width=\"597\">YouGel<\/td>\n<\/tr>\n<tr>\n<td width=\"257\" height=\"44\">N\u00famero de modelo<\/td>\n<td width=\"597\">AG01<\/td>\n<\/tr>\n<tr>\n<td width=\"257\" height=\"44\">Tipo de producto<\/td>\n<td width=\"597\">Soak-Off UV\/LED<\/td>\n<\/tr>\n<tr>\n<td width=\"257\" height=\"44\">Material<\/td>\n<td width=\"597\">Resina<\/td>\n<\/tr>\n<tr>\n<td width=\"257\" height=\"44\">Color<\/td>\n<td width=\"597\">36 Colores<\/td>\n<\/tr>\n<tr>\n<td width=\"257\" height=\"44\">Volumen<\/td>\n<td width=\"597\">30 ml\/60 ml<\/td>\n<\/tr>\n<tr>\n<td width=\"257\" height=\"44\">Seguridad<\/td>\n<td width=\"597\">Sin HEMA, sin TPO, no t\u00f3xico, MSDS disponible<\/td>\n<\/tr>\n<tr>\n<td width=\"257\" height=\"44\">MOQ<\/td>\n<td width=\"597\">MOQ bajo<\/td>\n<\/tr>\n<tr>\n<td width=\"257\" height=\"44\">Muestra gratuita<\/td>\n<td width=\"597\">Disponible<\/td>\n<\/tr>\n<tr>\n<td width=\"257\" height=\"82\">Opci\u00f3n personalizada<\/td>\n<td width=\"597\">Servicios OEM\/ODM, logotipos, etiquetas y embalajes personalizados<\/td>\n<\/tr>\n<\/tbody>\n<\/table>\n<h3 class=\"brxe-heading\">Del fabricante de esmalte de gel para u\u00f1as<\/h3>\n<p><a href=\"https:\/\/www.fsyougel.com\/es\/\"><strong>YouGel<\/strong><\/a>\u00a0es un fabricante de esmaltes de gel de u\u00f1as de alta tecnolog\u00eda que ofrece servicios de venta al por mayor, marca blanca y OEM\/ODM. M\u00e1s de 10.000 colores sin HEMA, veganos y sin crueldad, de aplicaci\u00f3n suave, larga duraci\u00f3n y f\u00e1cil remojo.<\/p>","protected":false},"featured_media":991,"comment_status":"closed","ping_status":"closed","template":"","meta":{"_acf_changed":false},"product_brand":[],"product_cat":[21],"product_tag":[],"class_list":{"0":"post-987","1":"product","2":"type-product","3":"status-publish","4":"has-post-thumbnail","6":"product_cat-wholesale-acryl-gel","8":"first","9":"instock","10":"shipping-taxable","11":"product-type-simple"},"acf":[],"_links":{"self":[{"href":"https:\/\/www.fsyougel.com\/es\/wp-json\/wp\/v2\/product\/987","targetHints":{"allow":["GET"]}}],"collection":[{"href":"https:\/\/www.fsyougel.com\/es\/wp-json\/wp\/v2\/product"}],"about":[{"href":"https:\/\/www.fsyougel.com\/es\/wp-json\/wp\/v2\/types\/product"}],"replies":[{"embeddable":true,"href":"https:\/\/www.fsyougel.com\/es\/wp-json\/wp\/v2\/comments?post=987"}],"wp:featuredmedia":[{"embeddable":true,"href":"https:\/\/www.fsyougel.com\/es\/wp-json\/wp\/v2\/media\/991"}],"wp:attachment":[{"href":"https:\/\/www.fsyougel.com\/es\/wp-json\/wp\/v2\/media?parent=987"}],"wp:term":[{"taxonomy":"product_brand","embeddable":true,"href":"https:\/\/www.fsyougel.com\/es\/wp-json\/wp\/v2\/product_brand?post=987"},{"taxonomy":"product_cat","embeddable":true,"href":"https:\/\/www.fsyougel.com\/es\/wp-json\/wp\/v2\/product_cat?post=987"},{"taxonomy":"product_tag","embeddable":true,"href":"https:\/\/www.fsyougel.com\/es\/wp-json\/wp\/v2\/product_tag?post=987"}],"curies":[{"name":"wp","href":"https:\/\/api.w.org\/{rel}","templated":true}]}}