{"id":1005,"date":"2025-08-28T17:55:00","date_gmt":"2025-08-28T17:55:00","guid":{"rendered":"https:\/\/www.fsyougel.com\/"},"modified":"2025-08-28T17:55:06","modified_gmt":"2025-08-28T17:55:06","slug":"wholesale-cuticle-oil-15ml","status":"publish","type":"product","link":"https:\/\/www.fsyougel.com\/fr\/produit\/wholesale-cuticle-oil-15ml\/","title":{"rendered":"Wholesale Cuticle Oil 15ml Organic Nail Care Nutrition Oil Supplier"},"content":{"rendered":"<div class=\"wp-block-columns is-layout-flex wp-container-core-columns-is-layout-9d6595d7 wp-block-columns-is-layout-flex\">\n<div class=\"wp-block-column is-layout-flow wp-block-column-is-layout-flow\">\n<h2 class=\"wp-block-heading\">Huile \u00e0 cuticules en gros Caract\u00e9ristiques :<\/h2>\n\n\n\n<ul class=\"wp-block-list\">\n<li><strong>Ingr\u00e9dients naturels nourrissants<\/strong>: Formul\u00e9e \u00e0 partir d'extraits de plantes biologiques, elle hydrate en profondeur la couche cuticulaire, favorisant des ongles sains et brillants. L'huile pour cuticules en gros est id\u00e9ale pour les salons de manucure professionnels et les soins quotidiens.<\/li>\n\n\n\n<li><strong>R\u00e9paration et protection<\/strong>: L'huile nutritionnelle pour le soin des ongles contient de nombreux ingr\u00e9dients nourrissants qui r\u00e9parent efficacement les cuticules s\u00e8ches et craquel\u00e9es, pr\u00e9viennent les dommages \u00e0 la surface de l'ongle et pr\u00e9servent la beaut\u00e9 et la nettet\u00e9 des mains.<\/li>\n\n\n\n<li><strong>Support de personnalisation :<\/strong> Nous proposons des services OEM\/ODM pour la vente en gros d'huile pour cuticules, ce qui permet de personnaliser le design du flacon, le volume, le parfum et le logo afin d'aider les marques \u00e0 \u00e9tablir une identit\u00e9 unique.<\/li>\n\n\n\n<li><strong>S\u00fbre et fiable<\/strong>: Certifi\u00e9e par de multiples normes de qualit\u00e9, notre huile nutritionnelle pour le soin des ongles est exempte d'ingr\u00e9dients nocifs, douce et s\u00fbre pour une utilisation \u00e0 long terme.<\/li>\n\n\n\n<li><strong>Capacit\u00e9 d'approvisionnement globale :<\/strong> Une forte capacit\u00e9 d'approvisionnement en vrac avec des livraisons rapides pour r\u00e9pondre aux demandes des grossistes sur divers march\u00e9s.<\/li>\n<\/ul>\n<\/div>\n\n\n\n<div class=\"wp-block-column is-layout-flow wp-block-column-is-layout-flow\">\n<figure class=\"wp-block-image size-full\"><img decoding=\"async\" width=\"1500\" height=\"1500\" src=\"https:\/\/www.fsyougel.com\/wp-content\/uploads\/2025\/08\/Wholesale-Cuticle-Oil-15ml-Organic-Nail-Care.webp\" alt=\"Huile \u00e0 cuticules en gros 15ml Soins des ongles bio\" class=\"wp-image-1007\" srcset=\"https:\/\/www.fsyougel.com\/wp-content\/uploads\/2025\/08\/Wholesale-Cuticle-Oil-15ml-Organic-Nail-Care.webp 1500w, https:\/\/www.fsyougel.com\/wp-content\/uploads\/2025\/08\/Wholesale-Cuticle-Oil-15ml-Organic-Nail-Care-300x300.webp 300w, https:\/\/www.fsyougel.com\/wp-content\/uploads\/2025\/08\/Wholesale-Cuticle-Oil-15ml-Organic-Nail-Care-150x150.webp 150w, https:\/\/www.fsyougel.com\/wp-content\/uploads\/2025\/08\/Wholesale-Cuticle-Oil-15ml-Organic-Nail-Care-768x768.webp 768w, https:\/\/www.fsyougel.com\/wp-content\/uploads\/2025\/08\/Wholesale-Cuticle-Oil-15ml-Organic-Nail-Care-12x12.webp 12w, https:\/\/www.fsyougel.com\/wp-content\/uploads\/2025\/08\/Wholesale-Cuticle-Oil-15ml-Organic-Nail-Care-1200x1200.webp 1200w, https:\/\/www.fsyougel.com\/wp-content\/uploads\/2025\/08\/Wholesale-Cuticle-Oil-15ml-Organic-Nail-Care-600x600.webp 600w, https:\/\/www.fsyougel.com\/wp-content\/uploads\/2025\/08\/Wholesale-Cuticle-Oil-15ml-Organic-Nail-Care-100x100.webp 100w\" sizes=\"(max-width: 1500px) 100vw, 1500px\" \/><\/figure>\n<\/div>\n<\/div>\n\n\n\n<div class=\"wp-block-columns is-layout-flex wp-container-core-columns-is-layout-9d6595d7 wp-block-columns-is-layout-flex\">\n<div class=\"wp-block-column is-layout-flow wp-block-column-is-layout-flow\">\n<figure class=\"wp-block-image size-full\"><img decoding=\"async\" width=\"1500\" height=\"1500\" src=\"https:\/\/www.fsyougel.com\/wp-content\/uploads\/2025\/08\/Wholesale-Cuticle-Oil-15ml-Organic-Nail-Care-2.webp\" alt=\"Huile \u00e0 cuticules en gros 15ml Soins des ongles bio (2)\" class=\"wp-image-1006\" srcset=\"https:\/\/www.fsyougel.com\/wp-content\/uploads\/2025\/08\/Wholesale-Cuticle-Oil-15ml-Organic-Nail-Care-2.webp 1500w, https:\/\/www.fsyougel.com\/wp-content\/uploads\/2025\/08\/Wholesale-Cuticle-Oil-15ml-Organic-Nail-Care-2-300x300.webp 300w, https:\/\/www.fsyougel.com\/wp-content\/uploads\/2025\/08\/Wholesale-Cuticle-Oil-15ml-Organic-Nail-Care-2-150x150.webp 150w, https:\/\/www.fsyougel.com\/wp-content\/uploads\/2025\/08\/Wholesale-Cuticle-Oil-15ml-Organic-Nail-Care-2-768x768.webp 768w, https:\/\/www.fsyougel.com\/wp-content\/uploads\/2025\/08\/Wholesale-Cuticle-Oil-15ml-Organic-Nail-Care-2-12x12.webp 12w, https:\/\/www.fsyougel.com\/wp-content\/uploads\/2025\/08\/Wholesale-Cuticle-Oil-15ml-Organic-Nail-Care-2-1200x1200.webp 1200w, https:\/\/www.fsyougel.com\/wp-content\/uploads\/2025\/08\/Wholesale-Cuticle-Oil-15ml-Organic-Nail-Care-2-600x600.webp 600w, https:\/\/www.fsyougel.com\/wp-content\/uploads\/2025\/08\/Wholesale-Cuticle-Oil-15ml-Organic-Nail-Care-2-100x100.webp 100w\" sizes=\"(max-width: 1500px) 100vw, 1500px\" \/><\/figure>\n<\/div>\n\n\n\n<div class=\"wp-block-column is-layout-flow wp-block-column-is-layout-flow\">\n<figure class=\"wp-block-image size-full\"><img decoding=\"async\" width=\"1000\" height=\"1000\" src=\"https:\/\/www.fsyougel.com\/wp-content\/uploads\/2025\/08\/Wholesale-Cuticle-Oil.webp\" alt=\"Huile pour cuticules en gros\" class=\"wp-image-1012\" srcset=\"https:\/\/www.fsyougel.com\/wp-content\/uploads\/2025\/08\/Wholesale-Cuticle-Oil.webp 1000w, https:\/\/www.fsyougel.com\/wp-content\/uploads\/2025\/08\/Wholesale-Cuticle-Oil-300x300.webp 300w, https:\/\/www.fsyougel.com\/wp-content\/uploads\/2025\/08\/Wholesale-Cuticle-Oil-150x150.webp 150w, https:\/\/www.fsyougel.com\/wp-content\/uploads\/2025\/08\/Wholesale-Cuticle-Oil-768x768.webp 768w, https:\/\/www.fsyougel.com\/wp-content\/uploads\/2025\/08\/Wholesale-Cuticle-Oil-12x12.webp 12w, https:\/\/www.fsyougel.com\/wp-content\/uploads\/2025\/08\/Wholesale-Cuticle-Oil-600x600.webp 600w, https:\/\/www.fsyougel.com\/wp-content\/uploads\/2025\/08\/Wholesale-Cuticle-Oil-100x100.webp 100w\" sizes=\"(max-width: 1000px) 100vw, 1000px\" \/><\/figure>\n<\/div>\n<\/div>","protected":false},"excerpt":{"rendered":"<p>Notre huile pour cuticules nourrit et prot\u00e8ge les ongles gr\u00e2ce \u00e0 des extraits naturels. L'huile nutritionnelle pour le soin des ongles est disponible sous marque priv\u00e9e pour OEM\/ODM. Nous proposons des \u00e9chantillons gratuits, des emballages personnalis\u00e9s et un approvisionnement global pour votre marque.<\/p>\n<table border=\"0\" width=\"854\" cellspacing=\"0\" cellpadding=\"0\">\n<tbody>\n<tr>\n<td width=\"257\" height=\"44\">Marque<\/td>\n<td width=\"597\">YouGel<\/td>\n<\/tr>\n<tr>\n<td width=\"257\" height=\"44\">Num\u00e9ro de mod\u00e8le<\/td>\n<td width=\"597\">FP01<\/td>\n<\/tr>\n<tr>\n<td width=\"257\" height=\"44\">Type de produit<\/td>\n<td width=\"597\">S\u00e9chage \u00e0 l'air<\/td>\n<\/tr>\n<tr>\n<td width=\"257\" height=\"44\">Mat\u00e9riau<\/td>\n<td width=\"597\">Vitamine E, huile de p\u00e9pins de fruits<\/td>\n<\/tr>\n<tr>\n<td width=\"257\" height=\"44\">Couleur<\/td>\n<td width=\"597\">Clair<\/td>\n<\/tr>\n<tr>\n<td width=\"257\" height=\"44\">Volume<\/td>\n<td width=\"597\">15ml\/personnalis\u00e9<\/td>\n<\/tr>\n<tr>\n<td width=\"257\" height=\"44\">S\u00e9curit\u00e9<\/td>\n<td width=\"597\">Sans HEMA, non toxique, MSDS disponible<\/td>\n<\/tr>\n<tr>\n<td width=\"257\" height=\"44\">MOQ<\/td>\n<td width=\"597\">Faible MOQ<\/td>\n<\/tr>\n<tr>\n<td width=\"257\" height=\"44\">\u00c9chantillon gratuit<\/td>\n<td width=\"597\">Disponible<\/td>\n<\/tr>\n<tr>\n<td width=\"257\" height=\"82\">Option personnalis\u00e9e<\/td>\n<td width=\"597\">Services OEM\/ODM, prise en charge des logos, \u00e9tiquettes et emballages personnalis\u00e9s<\/td>\n<\/tr>\n<\/tbody>\n<\/table>\n<h3 class=\"brxe-heading\">Fabricant de vernis \u00e0 ongles en gel<\/h3>\n<p><a href=\"https:\/\/www.fsyougel.com\/fr\/\"><strong>YouGel<\/strong><\/a>\u00a0est un fabricant de vernis \u00e0 ongles en gel de haute technologie qui propose des services de vente en gros, de marque priv\u00e9e et d'OEM\/ODM. Plus de 10 000 couleurs sans HEMA, v\u00e9g\u00e9taliennes et sans cruaut\u00e9, avec une application douce, une longue tenue et un retrait facile.<\/p>","protected":false},"featured_media":1011,"comment_status":"closed","ping_status":"closed","template":"","meta":{"_acf_changed":false},"product_brand":[],"product_cat":[26],"product_tag":[],"class_list":{"0":"post-1005","1":"product","2":"type-product","3":"status-publish","4":"has-post-thumbnail","6":"product_cat-wholesale-nail-care-treatment","8":"first","9":"instock","10":"shipping-taxable","11":"product-type-simple"},"acf":[],"_links":{"self":[{"href":"https:\/\/www.fsyougel.com\/fr\/wp-json\/wp\/v2\/product\/1005","targetHints":{"allow":["GET"]}}],"collection":[{"href":"https:\/\/www.fsyougel.com\/fr\/wp-json\/wp\/v2\/product"}],"about":[{"href":"https:\/\/www.fsyougel.com\/fr\/wp-json\/wp\/v2\/types\/product"}],"replies":[{"embeddable":true,"href":"https:\/\/www.fsyougel.com\/fr\/wp-json\/wp\/v2\/comments?post=1005"}],"wp:featuredmedia":[{"embeddable":true,"href":"https:\/\/www.fsyougel.com\/fr\/wp-json\/wp\/v2\/media\/1011"}],"wp:attachment":[{"href":"https:\/\/www.fsyougel.com\/fr\/wp-json\/wp\/v2\/media?parent=1005"}],"wp:term":[{"taxonomy":"product_brand","embeddable":true,"href":"https:\/\/www.fsyougel.com\/fr\/wp-json\/wp\/v2\/product_brand?post=1005"},{"taxonomy":"product_cat","embeddable":true,"href":"https:\/\/www.fsyougel.com\/fr\/wp-json\/wp\/v2\/product_cat?post=1005"},{"taxonomy":"product_tag","embeddable":true,"href":"https:\/\/www.fsyougel.com\/fr\/wp-json\/wp\/v2\/product_tag?post=1005"}],"curies":[{"name":"wp","href":"https:\/\/api.w.org\/{rel}","templated":true}]}}