{"id":1013,"date":"2025-08-29T01:35:47","date_gmt":"2025-08-29T01:35:47","guid":{"rendered":"https:\/\/www.fsyougel.com\/"},"modified":"2025-10-24T09:12:44","modified_gmt":"2025-10-24T09:12:44","slug":"oem-self-leveling-gel-polish-wholesale","status":"publish","type":"product","link":"https:\/\/www.fsyougel.com\/fr\/produit\/oem-self-leveling-gel-polish-wholesale\/","title":{"rendered":"OEM Self Leveling Gel Polish Wholesale, 6 in 1 Builder Gel Base Coat"},"content":{"rendered":"<div class=\"wp-block-columns is-layout-flex wp-container-core-columns-is-layout-9d6595d7 wp-block-columns-is-layout-flex\">\n<div class=\"wp-block-column is-layout-flow wp-block-column-is-layout-flow\">\n<h2 class=\"wp-block-heading\">Gel de polissage autonivelant OEM Caract\u00e9ristiques :<\/h2>\n\n\n\n<ul class=\"wp-block-list\">\n<li><strong>Finition lisse autonivelante<\/strong>: Ce vernis gel de masse autolissant poss\u00e8de d'incroyables propri\u00e9t\u00e9s autolissantes, lissant rapidement la surface de l'ongle \u00e0 l'application pour minimiser les coups de pinceau et fournir une finition lisse et brillante.<\/li>\n\n\n\n<li><strong>Ingr\u00e9dients naturels<\/strong>: Formul\u00e9s \u00e0 partir d'ingr\u00e9dients naturels de premi\u00e8re qualit\u00e9, s\u00fbrs et doux, ils n'endommagent pas la surface des ongles et offrent une exp\u00e9rience de manucure plus saine.<\/li>\n\n\n\n<li><strong>Faible odeur :<\/strong> La formule am\u00e9lior\u00e9e r\u00e9duit consid\u00e9rablement les odeurs piquantes, ce qui rend le processus de manucure plus confortable.<\/li>\n\n\n\n<li><strong>Inoffensif pour les ongles<\/strong>: La formulation douce n'ab\u00eeme pas les ongles naturels, m\u00eame en cas d'utilisation prolong\u00e9e, et pr\u00e9serve la sant\u00e9 de l'ongle.<\/li>\n\n\n\n<li><strong>Conception 6 en 1<\/strong>: Les proth\u00e9sistes ongulaires gagnent du temps et de l'argent gr\u00e2ce \u00e0 la couche de base, \u00e0 la longueur, au renforcement, \u00e0 la r\u00e9paration, au lissage et \u00e0 la protection en un seul produit. Cette couche de base de gel constructeur 6 en 1 permet de gagner du temps.<\/li>\n\n\n\n<li><strong>Durabilit\u00e9 \u00e0 long terme :<\/strong> Sa formule puissante renforce la duret\u00e9 et la flexibilit\u00e9 de la surface de l'ongle pour r\u00e9sister \u00e0 la casse et \u00e0 l'usure pour une utilisation \u00e0 long terme.<\/li>\n\n\n\n<li><strong>Utilisation polyvalente<\/strong>: Pour une utilisation en salon ou pour un usage personnel, ce gel de polissage autolissant en gros est simple \u00e0 utiliser pour obtenir des r\u00e9sultats de qualit\u00e9 professionnelle.<\/li>\n\n\n\n<li><strong>Plus s\u00fbr et plus \u00e9cologique<\/strong>: Avec des ingr\u00e9dients de haute qualit\u00e9 sans produits chimiques puissants, offrant une assurance avec des formules douces et sans danger pour les ongles.<\/li>\n\n\n\n<li><strong>Capacit\u00e9 d'approvisionnement global<\/strong>: La livraison rapide et la production de masse sont associ\u00e9es \u00e0 des exigences d'achat en gros pour de multiples march\u00e9s, ce qui permet aux marques de se d\u00e9velopper dans le monde entier.<\/li>\n<\/ul>\n<\/div>\n\n\n\n<div class=\"wp-block-column is-layout-flow wp-block-column-is-layout-flow\">\n<figure class=\"wp-block-image size-full\"><img decoding=\"async\" width=\"1500\" height=\"1500\" src=\"https:\/\/www.fsyougel.com\/wp-content\/uploads\/2025\/08\/OEM-Self-Leveling-Gel-Polish-Wholesale.webp\" alt=\"OEM Gel Polish autonivelant Wholesale\" class=\"wp-image-1017\" srcset=\"https:\/\/www.fsyougel.com\/wp-content\/uploads\/2025\/08\/OEM-Self-Leveling-Gel-Polish-Wholesale.webp 1500w, https:\/\/www.fsyougel.com\/wp-content\/uploads\/2025\/08\/OEM-Self-Leveling-Gel-Polish-Wholesale-300x300.webp 300w, https:\/\/www.fsyougel.com\/wp-content\/uploads\/2025\/08\/OEM-Self-Leveling-Gel-Polish-Wholesale-150x150.webp 150w, https:\/\/www.fsyougel.com\/wp-content\/uploads\/2025\/08\/OEM-Self-Leveling-Gel-Polish-Wholesale-768x768.webp 768w, https:\/\/www.fsyougel.com\/wp-content\/uploads\/2025\/08\/OEM-Self-Leveling-Gel-Polish-Wholesale-12x12.webp 12w, https:\/\/www.fsyougel.com\/wp-content\/uploads\/2025\/08\/OEM-Self-Leveling-Gel-Polish-Wholesale-1200x1200.webp 1200w, https:\/\/www.fsyougel.com\/wp-content\/uploads\/2025\/08\/OEM-Self-Leveling-Gel-Polish-Wholesale-600x600.webp 600w, https:\/\/www.fsyougel.com\/wp-content\/uploads\/2025\/08\/OEM-Self-Leveling-Gel-Polish-Wholesale-100x100.webp 100w\" sizes=\"(max-width: 1500px) 100vw, 1500px\" \/><\/figure>\n<\/div>\n<\/div>\n\n\n\n<div class=\"wp-block-columns is-layout-flex wp-container-core-columns-is-layout-9d6595d7 wp-block-columns-is-layout-flex\">\n<div class=\"wp-block-column is-layout-flow wp-block-column-is-layout-flow\">\n<figure class=\"wp-block-image size-full\"><img decoding=\"async\" width=\"3125\" height=\"3125\" src=\"https:\/\/www.fsyougel.com\/wp-content\/uploads\/2025\/08\/Custom-Self-Leveling-Gel-Polish-6-in-1-Builder-Gel-Base-Coat-2.webp\" alt=\"Custom Self Leveling Gel Polish 6 in 1 Builder Gel Base Coat (2)\" class=\"wp-image-1014\" srcset=\"https:\/\/www.fsyougel.com\/wp-content\/uploads\/2025\/08\/Custom-Self-Leveling-Gel-Polish-6-in-1-Builder-Gel-Base-Coat-2.webp 3125w, https:\/\/www.fsyougel.com\/wp-content\/uploads\/2025\/08\/Custom-Self-Leveling-Gel-Polish-6-in-1-Builder-Gel-Base-Coat-2-300x300.webp 300w, https:\/\/www.fsyougel.com\/wp-content\/uploads\/2025\/08\/Custom-Self-Leveling-Gel-Polish-6-in-1-Builder-Gel-Base-Coat-2-150x150.webp 150w, https:\/\/www.fsyougel.com\/wp-content\/uploads\/2025\/08\/Custom-Self-Leveling-Gel-Polish-6-in-1-Builder-Gel-Base-Coat-2-768x768.webp 768w, https:\/\/www.fsyougel.com\/wp-content\/uploads\/2025\/08\/Custom-Self-Leveling-Gel-Polish-6-in-1-Builder-Gel-Base-Coat-2-12x12.webp 12w, https:\/\/www.fsyougel.com\/wp-content\/uploads\/2025\/08\/Custom-Self-Leveling-Gel-Polish-6-in-1-Builder-Gel-Base-Coat-2-1200x1200.webp 1200w, https:\/\/www.fsyougel.com\/wp-content\/uploads\/2025\/08\/Custom-Self-Leveling-Gel-Polish-6-in-1-Builder-Gel-Base-Coat-2-600x600.webp 600w, https:\/\/www.fsyougel.com\/wp-content\/uploads\/2025\/08\/Custom-Self-Leveling-Gel-Polish-6-in-1-Builder-Gel-Base-Coat-2-100x100.webp 100w\" sizes=\"(max-width: 3125px) 100vw, 3125px\" \/><\/figure>\n<\/div>\n\n\n\n<div class=\"wp-block-column is-layout-flow wp-block-column-is-layout-flow\">\n<figure class=\"wp-block-image size-full\"><img decoding=\"async\" width=\"3125\" height=\"3125\" src=\"https:\/\/www.fsyougel.com\/wp-content\/uploads\/2025\/08\/Custom-Self-Leveling-Gel-Polish.webp\" alt=\"Gel Polish autonivelant personnalis\u00e9\" class=\"wp-image-1015\" srcset=\"https:\/\/www.fsyougel.com\/wp-content\/uploads\/2025\/08\/Custom-Self-Leveling-Gel-Polish.webp 3125w, https:\/\/www.fsyougel.com\/wp-content\/uploads\/2025\/08\/Custom-Self-Leveling-Gel-Polish-300x300.webp 300w, https:\/\/www.fsyougel.com\/wp-content\/uploads\/2025\/08\/Custom-Self-Leveling-Gel-Polish-150x150.webp 150w, https:\/\/www.fsyougel.com\/wp-content\/uploads\/2025\/08\/Custom-Self-Leveling-Gel-Polish-768x768.webp 768w, https:\/\/www.fsyougel.com\/wp-content\/uploads\/2025\/08\/Custom-Self-Leveling-Gel-Polish-12x12.webp 12w, https:\/\/www.fsyougel.com\/wp-content\/uploads\/2025\/08\/Custom-Self-Leveling-Gel-Polish-1200x1200.webp 1200w, https:\/\/www.fsyougel.com\/wp-content\/uploads\/2025\/08\/Custom-Self-Leveling-Gel-Polish-600x600.webp 600w, https:\/\/www.fsyougel.com\/wp-content\/uploads\/2025\/08\/Custom-Self-Leveling-Gel-Polish-100x100.webp 100w\" sizes=\"(max-width: 3125px) 100vw, 3125px\" \/><\/figure>\n<\/div>\n<\/div>","protected":false},"excerpt":{"rendered":"<p data-start=\"339\" data-end=\"623\">Bienvenue \u00e0 l'achat, OEM en gros de vernis gel auto-nivelant avec 6 en 1 gel de base constructeur, ingr\u00e9dients naturels, faible odeur, et soins des ongles inoffensifs. Parfait pour les salons et les marques priv\u00e9es, le vernis gel auto-nivelant en gros assure une nivelance lisse, une durabilit\u00e9 et une application s\u00fbre.<\/p>\n<table border=\"0\" width=\"854\" cellspacing=\"0\" cellpadding=\"0\">\n<tbody>\n<tr>\n<td width=\"257\" height=\"44\">Marque<\/td>\n<td width=\"597\">YouGel<\/td>\n<\/tr>\n<tr>\n<td width=\"257\" height=\"44\">Num\u00e9ro de mod\u00e8le<\/td>\n<td width=\"597\">LP01<\/td>\n<\/tr>\n<tr>\n<td width=\"257\" height=\"44\">Type de produit<\/td>\n<td width=\"597\">Gel de polissage UV\/LED<\/td>\n<\/tr>\n<tr>\n<td width=\"257\" height=\"44\">Mat\u00e9riau<\/td>\n<td width=\"597\">R\u00e9sine<\/td>\n<\/tr>\n<tr>\n<td width=\"257\" height=\"44\">Couleur<\/td>\n<td width=\"597\">Clair<\/td>\n<\/tr>\n<tr>\n<td width=\"257\" height=\"44\">Volume<\/td>\n<td width=\"597\">15ml<\/td>\n<\/tr>\n<tr>\n<td width=\"257\" height=\"44\">S\u00e9curit\u00e9<\/td>\n<td width=\"597\">Sans HEMA, sans TPO, non toxique, MSDS disponible<\/td>\n<\/tr>\n<tr>\n<td width=\"257\" height=\"44\">MOQ<\/td>\n<td width=\"597\">Faible MOQ<\/td>\n<\/tr>\n<tr>\n<td width=\"257\" height=\"44\">\u00c9chantillon gratuit<\/td>\n<td width=\"597\">Disponible<\/td>\n<\/tr>\n<tr>\n<td width=\"257\" height=\"82\">Option personnalis\u00e9e<\/td>\n<td width=\"597\">Services OEM\/ODM, prise en charge des logos, \u00e9tiquettes et emballages personnalis\u00e9s<\/td>\n<\/tr>\n<\/tbody>\n<\/table>\n<h3 class=\"brxe-heading\">Fabricant de vernis \u00e0 ongles en gel<\/h3>\n<p><a href=\"https:\/\/www.fsyougel.com\/fr\/\"><strong>YouGel<\/strong><\/a>\u00a0est un fabricant de vernis \u00e0 ongles en gel de haute technologie qui propose des services de vente en gros, de marque priv\u00e9e et d'OEM\/ODM. Plus de 10 000 couleurs sans HEMA, v\u00e9g\u00e9taliennes et sans cruaut\u00e9, avec une application douce, une longue tenue et un retrait facile.<\/p>","protected":false},"featured_media":1021,"comment_status":"closed","ping_status":"closed","template":"","meta":{"_acf_changed":false},"product_brand":[],"product_cat":[25],"product_tag":[],"class_list":{"0":"post-1013","1":"product","2":"type-product","3":"status-publish","4":"has-post-thumbnail","6":"product_cat-wholesale-function-gel","8":"first","9":"instock","10":"shipping-taxable","11":"product-type-simple"},"acf":[],"_links":{"self":[{"href":"https:\/\/www.fsyougel.com\/fr\/wp-json\/wp\/v2\/product\/1013","targetHints":{"allow":["GET"]}}],"collection":[{"href":"https:\/\/www.fsyougel.com\/fr\/wp-json\/wp\/v2\/product"}],"about":[{"href":"https:\/\/www.fsyougel.com\/fr\/wp-json\/wp\/v2\/types\/product"}],"replies":[{"embeddable":true,"href":"https:\/\/www.fsyougel.com\/fr\/wp-json\/wp\/v2\/comments?post=1013"}],"wp:featuredmedia":[{"embeddable":true,"href":"https:\/\/www.fsyougel.com\/fr\/wp-json\/wp\/v2\/media\/1021"}],"wp:attachment":[{"href":"https:\/\/www.fsyougel.com\/fr\/wp-json\/wp\/v2\/media?parent=1013"}],"wp:term":[{"taxonomy":"product_brand","embeddable":true,"href":"https:\/\/www.fsyougel.com\/fr\/wp-json\/wp\/v2\/product_brand?post=1013"},{"taxonomy":"product_cat","embeddable":true,"href":"https:\/\/www.fsyougel.com\/fr\/wp-json\/wp\/v2\/product_cat?post=1013"},{"taxonomy":"product_tag","embeddable":true,"href":"https:\/\/www.fsyougel.com\/fr\/wp-json\/wp\/v2\/product_tag?post=1013"}],"curies":[{"name":"wp","href":"https:\/\/api.w.org\/{rel}","templated":true}]}}