{"id":1024,"date":"2025-08-29T02:37:39","date_gmt":"2025-08-29T02:37:39","guid":{"rendered":"https:\/\/www.fsyougel.com\/"},"modified":"2025-12-31T09:18:11","modified_gmt":"2025-12-31T09:18:11","slug":"fruit-cat-eye-gel-polish-wholesale","status":"publish","type":"product","link":"https:\/\/www.fsyougel.com\/fr\/produit\/fruit-cat-eye-gel-polish-wholesale\/","title":{"rendered":"Fruit Cat Eye Gel Polish Wholesale Magnetic Nail Polish Supplier"},"content":{"rendered":"<div class=\"wp-block-columns is-layout-flex wp-container-core-columns-is-layout-9d6595d7 wp-block-columns-is-layout-flex\">\n<div class=\"wp-block-column is-layout-flow wp-block-column-is-layout-flow\">\n<h2 class=\"wp-block-heading\">Grossiste Fruit Cat Eye Gel Polish Caract\u00e9ristiques :<\/h2>\n\n\n\n<ul class=\"wp-block-list\">\n<li><strong>Couleurs inspir\u00e9es des fruits<\/strong>: Wholesale Fruit Cat Eye Gel Polish pr\u00e9sente des teintes vibrantes inspir\u00e9es d'une collection de fruits, y compris des teintes tropicales comme le vernis \u00e0 ongles goyave, cr\u00e9ant une esth\u00e9tique \u00e9nergique et rafra\u00eechissante pour les ongles.<\/li>\n\n\n\n<li><strong>Effet de brillance magn\u00e9tique<\/strong>: Utilisant une formule de poudre magn\u00e9tique avanc\u00e9e, il permet d'obtenir sans effort un effet de lumi\u00e8re dimensionnel dans le vernis \u00e0 ongles magn\u00e9tique. Le bout de vos doigts se transforme avec la lumi\u00e8re, r\u00e9v\u00e9lant un charme unique en forme d'\u0153il de chat.<\/li>\n\n\n\n<li><strong>Six avantages en un<\/strong>: Fruit Fantasia Cat Eye Gel Polish - Un vernis \u00e0 ongles Juicy Twist offre une couleur riche tout en prolongeant, renfor\u00e7ant, r\u00e9parant et ajoutant de la brillance - parfait pour les salons de coiffure et l'usage personnel.<\/li>\n\n\n\n<li><strong>S\u00fbr et \u00e9cologique<\/strong>: La formule sans HEMA ni TPO est douce pour les ongles, garantissant une application sans souci pour un soin \u00e0 long terme des ongles.<\/li>\n\n\n\n<li><strong>Longue dur\u00e9e de vie et r\u00e9sistance aux rayures :<\/strong> Ce vernis gel pour yeux de chat en gros pr\u00e9sente une texture r\u00e9sistante avec une forte adh\u00e9rence, maintenant une brillance prolong\u00e9e et r\u00e9sistant \u00e0 l'\u00e9caillage.<\/li>\n\n\n\n<li><strong>Personnalisation OEM\/ODM<\/strong>: Elle soutient l'\u00e9tiquetage priv\u00e9 et l'emballage personnalis\u00e9, permettant aux marques de d\u00e9velopper des gammes de produits diff\u00e9renci\u00e9es et de r\u00e9pondre aux demandes d'approvisionnement des grossistes internationaux.<\/li>\n\n\n\n<li><strong>Capacit\u00e9 d'approvisionnement global<\/strong>: La production de masse et la livraison rapide r\u00e9pondent \u00e0 des besoins divers sur le march\u00e9 de gros des ongles.<\/li>\n<\/ul>\n<\/div>\n\n\n\n<div class=\"wp-block-column is-layout-flow wp-block-column-is-layout-flow\">\n<figure class=\"wp-block-image size-full\"><img decoding=\"async\" width=\"1500\" height=\"1500\" src=\"https:\/\/www.fsyougel.com\/wp-content\/uploads\/2025\/08\/Fruit-Cat-Eye-Gel-Polish-Wholesale-2.webp\" alt=\"Fruit Cat Eye Gel Polish Wholesale (2)\" class=\"wp-image-1029\" srcset=\"https:\/\/www.fsyougel.com\/wp-content\/uploads\/2025\/08\/Fruit-Cat-Eye-Gel-Polish-Wholesale-2.webp 1500w, https:\/\/www.fsyougel.com\/wp-content\/uploads\/2025\/08\/Fruit-Cat-Eye-Gel-Polish-Wholesale-2-300x300.webp 300w, https:\/\/www.fsyougel.com\/wp-content\/uploads\/2025\/08\/Fruit-Cat-Eye-Gel-Polish-Wholesale-2-150x150.webp 150w, https:\/\/www.fsyougel.com\/wp-content\/uploads\/2025\/08\/Fruit-Cat-Eye-Gel-Polish-Wholesale-2-768x768.webp 768w, https:\/\/www.fsyougel.com\/wp-content\/uploads\/2025\/08\/Fruit-Cat-Eye-Gel-Polish-Wholesale-2-12x12.webp 12w, https:\/\/www.fsyougel.com\/wp-content\/uploads\/2025\/08\/Fruit-Cat-Eye-Gel-Polish-Wholesale-2-1200x1200.webp 1200w, https:\/\/www.fsyougel.com\/wp-content\/uploads\/2025\/08\/Fruit-Cat-Eye-Gel-Polish-Wholesale-2-600x600.webp 600w, https:\/\/www.fsyougel.com\/wp-content\/uploads\/2025\/08\/Fruit-Cat-Eye-Gel-Polish-Wholesale-2-100x100.webp 100w\" sizes=\"(max-width: 1500px) 100vw, 1500px\" \/><\/figure>\n<\/div>\n<\/div>\n\n\n\n<div class=\"wp-block-columns is-layout-flex wp-container-core-columns-is-layout-9d6595d7 wp-block-columns-is-layout-flex\">\n<div class=\"wp-block-column is-layout-flow wp-block-column-is-layout-flow\">\n<figure class=\"wp-block-image size-full\"><img decoding=\"async\" width=\"1500\" height=\"1789\" src=\"https:\/\/www.fsyougel.com\/wp-content\/uploads\/2025\/08\/Fruit-Fantasia-Cat-Eye-Gel-Polish.webp\" alt=\"Gel pour les yeux Fruit Fantasia\" class=\"wp-image-1036\" srcset=\"https:\/\/www.fsyougel.com\/wp-content\/uploads\/2025\/08\/Fruit-Fantasia-Cat-Eye-Gel-Polish.webp 1500w, https:\/\/www.fsyougel.com\/wp-content\/uploads\/2025\/08\/Fruit-Fantasia-Cat-Eye-Gel-Polish-252x300.webp 252w, https:\/\/www.fsyougel.com\/wp-content\/uploads\/2025\/08\/Fruit-Fantasia-Cat-Eye-Gel-Polish-768x916.webp 768w, https:\/\/www.fsyougel.com\/wp-content\/uploads\/2025\/08\/Fruit-Fantasia-Cat-Eye-Gel-Polish-10x12.webp 10w, https:\/\/www.fsyougel.com\/wp-content\/uploads\/2025\/08\/Fruit-Fantasia-Cat-Eye-Gel-Polish-1200x1431.webp 1200w, https:\/\/www.fsyougel.com\/wp-content\/uploads\/2025\/08\/Fruit-Fantasia-Cat-Eye-Gel-Polish-600x716.webp 600w\" sizes=\"(max-width: 1500px) 100vw, 1500px\" \/><\/figure>\n<\/div>\n\n\n\n<div class=\"wp-block-column is-layout-flow wp-block-column-is-layout-flow\">\n<figure class=\"wp-block-image size-full\"><img decoding=\"async\" width=\"1500\" height=\"1789\" src=\"https:\/\/www.fsyougel.com\/wp-content\/uploads\/2025\/08\/Fruit-Cat-Eye-Gel-Polish-Color.webp\" alt=\"Fruit Cat Eye Gel Polish Color\" class=\"wp-image-1035\" srcset=\"https:\/\/www.fsyougel.com\/wp-content\/uploads\/2025\/08\/Fruit-Cat-Eye-Gel-Polish-Color.webp 1500w, https:\/\/www.fsyougel.com\/wp-content\/uploads\/2025\/08\/Fruit-Cat-Eye-Gel-Polish-Color-252x300.webp 252w, https:\/\/www.fsyougel.com\/wp-content\/uploads\/2025\/08\/Fruit-Cat-Eye-Gel-Polish-Color-768x916.webp 768w, https:\/\/www.fsyougel.com\/wp-content\/uploads\/2025\/08\/Fruit-Cat-Eye-Gel-Polish-Color-10x12.webp 10w, https:\/\/www.fsyougel.com\/wp-content\/uploads\/2025\/08\/Fruit-Cat-Eye-Gel-Polish-Color-1200x1431.webp 1200w, https:\/\/www.fsyougel.com\/wp-content\/uploads\/2025\/08\/Fruit-Cat-Eye-Gel-Polish-Color-600x716.webp 600w\" sizes=\"(max-width: 1500px) 100vw, 1500px\" \/><\/figure>\n<\/div>\n<\/div>","protected":false},"excerpt":{"rendered":"<p>Nous vous invitons \u00e0 acheter en gros du vernis gel pour les yeux de chat avec des teintes vibrantes inspir\u00e9es des fruits, un effet de vernis \u00e0 ongles magn\u00e9tique et un service d'\u00e9tiquetage priv\u00e9 OEM\/ODM.<\/p>\n<table border=\"0\" width=\"854\" cellspacing=\"0\" cellpadding=\"0\">\n<tbody>\n<tr>\n<td class=\"et3\" width=\"257\" height=\"44\">Marque<\/td>\n<td class=\"et3\" width=\"597\">YouGel<\/td>\n<\/tr>\n<tr>\n<td class=\"et4\" width=\"257\" height=\"44\">Num\u00e9ro de mod\u00e8le<\/td>\n<td class=\"et4\" width=\"597\">25CG01<\/td>\n<\/tr>\n<tr>\n<td class=\"et4\" width=\"257\" height=\"44\">Type de produit<\/td>\n<td class=\"et4\" width=\"597\">Gel de polissage UV\/LED<\/td>\n<\/tr>\n<tr>\n<td class=\"et4\" width=\"257\" height=\"44\">Mat\u00e9riau<\/td>\n<td class=\"et4\" width=\"597\">R\u00e9sine<\/td>\n<\/tr>\n<tr>\n<td class=\"et4\" width=\"257\" height=\"44\">Couleur<\/td>\n<td class=\"et4\" width=\"597\">16 Couleurs<\/td>\n<\/tr>\n<tr>\n<td class=\"et4\" width=\"257\" height=\"44\">Volume<\/td>\n<td class=\"et4\" width=\"597\">8 ml<\/td>\n<\/tr>\n<tr>\n<td class=\"et4\" width=\"257\" height=\"44\">S\u00e9curit\u00e9<\/td>\n<td class=\"et4\" width=\"597\">Sans HEMA, sans TPO, non toxique, MSDS disponible<\/td>\n<\/tr>\n<tr>\n<td class=\"et4\" width=\"257\" height=\"44\">MOQ<\/td>\n<td class=\"et4\" width=\"597\">Faible MOQ<\/td>\n<\/tr>\n<tr>\n<td class=\"et4\" width=\"257\" height=\"44\">\u00c9chantillon gratuit<\/td>\n<td class=\"et4\" width=\"597\">Disponible<\/td>\n<\/tr>\n<tr>\n<td class=\"et4\" width=\"257\" height=\"82\">Option personnalis\u00e9e<\/td>\n<td class=\"et4\" width=\"597\">Services OEM\/ODM, prise en charge des logos, \u00e9tiquettes et emballages personnalis\u00e9s<\/td>\n<\/tr>\n<\/tbody>\n<\/table>\n<h2 class=\"brxe-heading\">Du fabricant de vernis en gel<\/h2>\n<p><a href=\"https:\/\/www.fsyougel.com\/fr\/\"><strong>YouGel<\/strong><\/a> est un fabricant de vernis en gel de confiance, qui propose des couches de base en gel de haute qualit\u00e9 adapt\u00e9es aux ongles UV\/LED. Nos produits sont con\u00e7us pour garantir une application en douceur, une tenue longue dur\u00e9e et un retrait facile.<\/p>","protected":false},"featured_media":1033,"comment_status":"closed","ping_status":"closed","template":"","meta":{"_acf_changed":false},"product_brand":[],"product_cat":[19,28],"product_tag":[],"class_list":{"0":"post-1024","1":"product","2":"type-product","3":"status-publish","4":"has-post-thumbnail","6":"product_cat-gel-polish-color-wholesale","7":"product_cat-cat-eye-gel-supplier","9":"first","10":"instock","11":"shipping-taxable","12":"product-type-simple"},"acf":[],"_links":{"self":[{"href":"https:\/\/www.fsyougel.com\/fr\/wp-json\/wp\/v2\/product\/1024","targetHints":{"allow":["GET"]}}],"collection":[{"href":"https:\/\/www.fsyougel.com\/fr\/wp-json\/wp\/v2\/product"}],"about":[{"href":"https:\/\/www.fsyougel.com\/fr\/wp-json\/wp\/v2\/types\/product"}],"replies":[{"embeddable":true,"href":"https:\/\/www.fsyougel.com\/fr\/wp-json\/wp\/v2\/comments?post=1024"}],"wp:featuredmedia":[{"embeddable":true,"href":"https:\/\/www.fsyougel.com\/fr\/wp-json\/wp\/v2\/media\/1033"}],"wp:attachment":[{"href":"https:\/\/www.fsyougel.com\/fr\/wp-json\/wp\/v2\/media?parent=1024"}],"wp:term":[{"taxonomy":"product_brand","embeddable":true,"href":"https:\/\/www.fsyougel.com\/fr\/wp-json\/wp\/v2\/product_brand?post=1024"},{"taxonomy":"product_cat","embeddable":true,"href":"https:\/\/www.fsyougel.com\/fr\/wp-json\/wp\/v2\/product_cat?post=1024"},{"taxonomy":"product_tag","embeddable":true,"href":"https:\/\/www.fsyougel.com\/fr\/wp-json\/wp\/v2\/product_tag?post=1024"}],"curies":[{"name":"wp","href":"https:\/\/api.w.org\/{rel}","templated":true}]}}