{"id":1037,"date":"2025-08-29T07:24:18","date_gmt":"2025-08-29T07:24:18","guid":{"rendered":"https:\/\/www.fsyougel.com\/"},"modified":"2025-10-24T08:48:51","modified_gmt":"2025-10-24T08:48:51","slug":"wholesale-crack-gel-polish-8-colors","status":"publish","type":"product","link":"https:\/\/www.fsyougel.com\/fr\/produit\/wholesale-crack-gel-polish-8-colors\/","title":{"rendered":"Vernis \u00e0 ongles Crack 8 couleurs, vernis \u00e0 ongles en gel personnalis\u00e9 pour salon de manucure"},"content":{"rendered":"<div class=\"wp-block-columns is-layout-flex wp-container-core-columns-is-layout-9d6595d7 wp-block-columns-is-layout-flex\">\n<div class=\"wp-block-column is-layout-flow wp-block-column-is-layout-flow\">\n<h2 class=\"wp-block-heading\">Wholesale Crack Gel Polish Caract\u00e9ristiques :<\/h2>\n\n\n\n<ul class=\"wp-block-list\">\n<li><strong>Effet craquel\u00e9 unique :<\/strong> Le vernis gel craquel\u00e9 8 couleurs en gros donne un effet craquel\u00e9 unique, permettant de r\u00e9aliser facilement des dessins d'ongles personnalis\u00e9s. Il est tr\u00e8s pris\u00e9 par les fashionistas et les salons.<\/li>\n\n\n\n<li><strong>Gamme de couleurs :<\/strong> En 8 couleurs de style pour r\u00e9pondre aux demandes diversifi\u00e9es de design d'ongles. Le m\u00e9lange avec d'autres teintes permet d'obtenir des effets de profondeur et de superposition.<\/li>\n\n\n\n<li><strong>Longue dur\u00e9e de vie et r\u00e9sistance \u00e0 l'usure :<\/strong> Gr\u00e2ce \u00e0 sa formule \u00e0 forte adh\u00e9rence, il ne s'\u00e9caille pas et ne s'estompe pas pour donner des effets craquel\u00e9s durables et audacieux.<\/li>\n\n\n\n<li><strong>S\u00fbr et \u00e9cologique : <\/strong>Fabriqu\u00e9 avec des produits chimiques doux et non toxiques pour \u00e9viter d'endommager les ongles naturels, pour une application s\u00fbre \u00e0 long terme.<\/li>\n\n\n\n<li><strong>Nail Art cr\u00e9atif Essentiel<\/strong>: Id\u00e9al pour les salons de coiffure professionnels et les amateurs, car il permet d'obtenir facilement des effets de craquelures professionnels.<\/li>\n\n\n\n<li><strong>Personnalisation OEM\/ODM<\/strong>: Personnaliser la forme des bouteilles, les logos, l'emballage et la formule en fonction des commandes des clients, ce qui permet une identification unique de la marque.<\/li>\n\n\n\n<li><strong>Commerce de gros et approvisionnement mondial :<\/strong> Offre une capacit\u00e9 de production de masse avec une exp\u00e9dition rapide pour r\u00e9pondre aux exigences internationales en mati\u00e8re d'approvisionnement.<\/li>\n<\/ul>\n<\/div>\n\n\n\n<div class=\"wp-block-column is-layout-flow wp-block-column-is-layout-flow\">\n<figure class=\"wp-block-image size-full\"><img decoding=\"async\" width=\"1500\" height=\"1500\" src=\"https:\/\/www.fsyougel.com\/wp-content\/uploads\/2025\/08\/8-Colors-Crack-Gel-Polish-Wholeslaer.webp\" alt=\"8 Couleurs Crack Gel Polish Wholeslaer\" class=\"wp-image-1039\" srcset=\"https:\/\/www.fsyougel.com\/wp-content\/uploads\/2025\/08\/8-Colors-Crack-Gel-Polish-Wholeslaer.webp 1500w, https:\/\/www.fsyougel.com\/wp-content\/uploads\/2025\/08\/8-Colors-Crack-Gel-Polish-Wholeslaer-300x300.webp 300w, https:\/\/www.fsyougel.com\/wp-content\/uploads\/2025\/08\/8-Colors-Crack-Gel-Polish-Wholeslaer-150x150.webp 150w, https:\/\/www.fsyougel.com\/wp-content\/uploads\/2025\/08\/8-Colors-Crack-Gel-Polish-Wholeslaer-768x768.webp 768w, https:\/\/www.fsyougel.com\/wp-content\/uploads\/2025\/08\/8-Colors-Crack-Gel-Polish-Wholeslaer-12x12.webp 12w, https:\/\/www.fsyougel.com\/wp-content\/uploads\/2025\/08\/8-Colors-Crack-Gel-Polish-Wholeslaer-1200x1200.webp 1200w, https:\/\/www.fsyougel.com\/wp-content\/uploads\/2025\/08\/8-Colors-Crack-Gel-Polish-Wholeslaer-600x600.webp 600w, https:\/\/www.fsyougel.com\/wp-content\/uploads\/2025\/08\/8-Colors-Crack-Gel-Polish-Wholeslaer-100x100.webp 100w\" sizes=\"(max-width: 1500px) 100vw, 1500px\" \/><\/figure>\n<\/div>\n<\/div>\n\n\n\n<div class=\"wp-block-columns is-layout-flex wp-container-core-columns-is-layout-9d6595d7 wp-block-columns-is-layout-flex\">\n<div class=\"wp-block-column is-layout-flow wp-block-column-is-layout-flow\">\n<figure class=\"wp-block-image size-full\"><img decoding=\"async\" width=\"1500\" height=\"1500\" src=\"https:\/\/www.fsyougel.com\/wp-content\/uploads\/2025\/08\/Wholesale-Crack-Gel-Polish-8-Colors-3.webp\" alt=\"Wholesale Crack Gel Polish 8 Couleurs (3)\" class=\"wp-image-1047\" srcset=\"https:\/\/www.fsyougel.com\/wp-content\/uploads\/2025\/08\/Wholesale-Crack-Gel-Polish-8-Colors-3.webp 1500w, https:\/\/www.fsyougel.com\/wp-content\/uploads\/2025\/08\/Wholesale-Crack-Gel-Polish-8-Colors-3-300x300.webp 300w, https:\/\/www.fsyougel.com\/wp-content\/uploads\/2025\/08\/Wholesale-Crack-Gel-Polish-8-Colors-3-150x150.webp 150w, https:\/\/www.fsyougel.com\/wp-content\/uploads\/2025\/08\/Wholesale-Crack-Gel-Polish-8-Colors-3-768x768.webp 768w, https:\/\/www.fsyougel.com\/wp-content\/uploads\/2025\/08\/Wholesale-Crack-Gel-Polish-8-Colors-3-12x12.webp 12w, https:\/\/www.fsyougel.com\/wp-content\/uploads\/2025\/08\/Wholesale-Crack-Gel-Polish-8-Colors-3-1200x1200.webp 1200w, https:\/\/www.fsyougel.com\/wp-content\/uploads\/2025\/08\/Wholesale-Crack-Gel-Polish-8-Colors-3-600x600.webp 600w, https:\/\/www.fsyougel.com\/wp-content\/uploads\/2025\/08\/Wholesale-Crack-Gel-Polish-8-Colors-3-100x100.webp 100w\" sizes=\"(max-width: 1500px) 100vw, 1500px\" \/><\/figure>\n<\/div>\n\n\n\n<div class=\"wp-block-column is-layout-flow wp-block-column-is-layout-flow\">\n<figure class=\"wp-block-image size-full\"><img decoding=\"async\" width=\"1500\" height=\"1500\" src=\"https:\/\/www.fsyougel.com\/wp-content\/uploads\/2025\/08\/Crack-Gel-Polish-Operation-steps.webp\" alt=\"Crack Gel Polish Etapes de l&#039;op\u00e9ration\" class=\"wp-image-1041\" srcset=\"https:\/\/www.fsyougel.com\/wp-content\/uploads\/2025\/08\/Crack-Gel-Polish-Operation-steps.webp 1500w, https:\/\/www.fsyougel.com\/wp-content\/uploads\/2025\/08\/Crack-Gel-Polish-Operation-steps-300x300.webp 300w, https:\/\/www.fsyougel.com\/wp-content\/uploads\/2025\/08\/Crack-Gel-Polish-Operation-steps-150x150.webp 150w, https:\/\/www.fsyougel.com\/wp-content\/uploads\/2025\/08\/Crack-Gel-Polish-Operation-steps-768x768.webp 768w, https:\/\/www.fsyougel.com\/wp-content\/uploads\/2025\/08\/Crack-Gel-Polish-Operation-steps-12x12.webp 12w, https:\/\/www.fsyougel.com\/wp-content\/uploads\/2025\/08\/Crack-Gel-Polish-Operation-steps-1200x1200.webp 1200w, https:\/\/www.fsyougel.com\/wp-content\/uploads\/2025\/08\/Crack-Gel-Polish-Operation-steps-600x600.webp 600w, https:\/\/www.fsyougel.com\/wp-content\/uploads\/2025\/08\/Crack-Gel-Polish-Operation-steps-100x100.webp 100w\" sizes=\"(max-width: 1500px) 100vw, 1500px\" \/><\/figure>\n<\/div>\n<\/div>\n\n\n\n<figure class=\"wp-block-image size-full\"><img decoding=\"async\" width=\"1500\" height=\"1002\" src=\"https:\/\/www.fsyougel.com\/wp-content\/uploads\/2025\/08\/Crack-Gel-Polish-8-Colors-Wholesale.webp\" alt=\"Crack Gel Polish 8 Colors Wholesale\" class=\"wp-image-1040\" srcset=\"https:\/\/www.fsyougel.com\/wp-content\/uploads\/2025\/08\/Crack-Gel-Polish-8-Colors-Wholesale.webp 1500w, https:\/\/www.fsyougel.com\/wp-content\/uploads\/2025\/08\/Crack-Gel-Polish-8-Colors-Wholesale-300x200.webp 300w, https:\/\/www.fsyougel.com\/wp-content\/uploads\/2025\/08\/Crack-Gel-Polish-8-Colors-Wholesale-768x513.webp 768w, https:\/\/www.fsyougel.com\/wp-content\/uploads\/2025\/08\/Crack-Gel-Polish-8-Colors-Wholesale-18x12.webp 18w, https:\/\/www.fsyougel.com\/wp-content\/uploads\/2025\/08\/Crack-Gel-Polish-8-Colors-Wholesale-1200x802.webp 1200w, https:\/\/www.fsyougel.com\/wp-content\/uploads\/2025\/08\/Crack-Gel-Polish-8-Colors-Wholesale-600x401.webp 600w\" sizes=\"(max-width: 1500px) 100vw, 1500px\" \/><\/figure>\n\n\n\n<p><\/p>","protected":false},"excerpt":{"rendered":"<p>Bienvenue \u00e0 l'achat en gros de vernis gel craquel\u00e9 professionnel 8 couleurs avec un effet cr\u00e9atif de nail art craquel\u00e9, des ingr\u00e9dients s\u00fbrs, et une personnalisation OEM\/ODM.<\/p>\n<table border=\"0\" width=\"854\" cellspacing=\"0\" cellpadding=\"0\">\n<tbody>\n<tr>\n<td width=\"257\" height=\"44\">Marque<\/td>\n<td width=\"597\">YouGel<\/td>\n<\/tr>\n<tr>\n<td width=\"257\" height=\"44\">Num\u00e9ro de mod\u00e8le<\/td>\n<td width=\"597\">24CG01<\/td>\n<\/tr>\n<tr>\n<td width=\"257\" height=\"44\">Type de produit<\/td>\n<td width=\"597\">S\u00e9chage \u00e0 l'air<\/td>\n<\/tr>\n<tr>\n<td width=\"257\" height=\"44\">Mat\u00e9riau<\/td>\n<td width=\"597\">R\u00e9sine<\/td>\n<\/tr>\n<tr>\n<td width=\"257\" height=\"44\">Couleur<\/td>\n<td width=\"597\">8 Couleurs<\/td>\n<\/tr>\n<tr>\n<td width=\"257\" height=\"44\">Volume<\/td>\n<td width=\"597\">8ml<\/td>\n<\/tr>\n<tr>\n<td width=\"257\" height=\"44\">S\u00e9curit\u00e9<\/td>\n<td width=\"597\">Sans HEMA, sans TPO, non toxique, MSDS disponible<\/td>\n<\/tr>\n<tr>\n<td width=\"257\" height=\"44\">MOQ<\/td>\n<td width=\"597\">Faible MOQ<\/td>\n<\/tr>\n<tr>\n<td width=\"257\" height=\"44\">\u00c9chantillon gratuit<\/td>\n<td width=\"597\">Disponible<\/td>\n<\/tr>\n<tr>\n<td width=\"257\" height=\"82\">Option personnalis\u00e9e<\/td>\n<td width=\"597\">Services OEM\/ODM, prise en charge des logos, \u00e9tiquettes et emballages personnalis\u00e9s<\/td>\n<\/tr>\n<\/tbody>\n<\/table>\n<h3 class=\"brxe-heading\">Fabricant de vernis \u00e0 ongles en gel<\/h3>\n<p><a href=\"https:\/\/www.fsyougel.com\/fr\/\"><strong>YouGel<\/strong><\/a>\u00a0est un fabricant de vernis \u00e0 ongles en gel de haute technologie qui propose des services de vente en gros, de marque priv\u00e9e et d'OEM\/ODM. Plus de 10 000 couleurs sans HEMA, v\u00e9g\u00e9taliennes et sans cruaut\u00e9, avec une application douce, une longue tenue et un retrait facile.<\/p>","protected":false},"featured_media":1038,"comment_status":"closed","ping_status":"closed","template":"","meta":{"_acf_changed":false},"product_brand":[],"product_cat":[19],"product_tag":[],"class_list":{"0":"post-1037","1":"product","2":"type-product","3":"status-publish","4":"has-post-thumbnail","6":"product_cat-gel-polish-color-wholesale","8":"first","9":"instock","10":"shipping-taxable","11":"product-type-simple"},"acf":[],"_links":{"self":[{"href":"https:\/\/www.fsyougel.com\/fr\/wp-json\/wp\/v2\/product\/1037","targetHints":{"allow":["GET"]}}],"collection":[{"href":"https:\/\/www.fsyougel.com\/fr\/wp-json\/wp\/v2\/product"}],"about":[{"href":"https:\/\/www.fsyougel.com\/fr\/wp-json\/wp\/v2\/types\/product"}],"replies":[{"embeddable":true,"href":"https:\/\/www.fsyougel.com\/fr\/wp-json\/wp\/v2\/comments?post=1037"}],"wp:featuredmedia":[{"embeddable":true,"href":"https:\/\/www.fsyougel.com\/fr\/wp-json\/wp\/v2\/media\/1038"}],"wp:attachment":[{"href":"https:\/\/www.fsyougel.com\/fr\/wp-json\/wp\/v2\/media?parent=1037"}],"wp:term":[{"taxonomy":"product_brand","embeddable":true,"href":"https:\/\/www.fsyougel.com\/fr\/wp-json\/wp\/v2\/product_brand?post=1037"},{"taxonomy":"product_cat","embeddable":true,"href":"https:\/\/www.fsyougel.com\/fr\/wp-json\/wp\/v2\/product_cat?post=1037"},{"taxonomy":"product_tag","embeddable":true,"href":"https:\/\/www.fsyougel.com\/fr\/wp-json\/wp\/v2\/product_tag?post=1037"}],"curies":[{"name":"wp","href":"https:\/\/api.w.org\/{rel}","templated":true}]}}