{"id":1083,"date":"2025-09-12T08:40:10","date_gmt":"2025-09-12T08:40:10","guid":{"rendered":"https:\/\/www.fsyougel.com\/"},"modified":"2025-10-24T08:51:13","modified_gmt":"2025-10-24T08:51:13","slug":"galaxy-flash-gel-polish-manufacturer","status":"publish","type":"product","link":"https:\/\/www.fsyougel.com\/fr\/produit\/galaxy-flash-gel-polish-manufacturer\/","title":{"rendered":"Fabricant chinois de vernis en gel Galaxy Flash, vernis \u00e0 ongles en gel UV Diamond Disco Flash Private Label"},"content":{"rendered":"<div class=\"wp-block-columns is-layout-flex wp-container-core-columns-is-layout-9d6595d7 wp-block-columns-is-layout-flex\">\n<div class=\"wp-block-column is-layout-flow wp-block-column-is-layout-flow\">\n<h2 class=\"wp-block-heading\">Grossiste Galaxy Flash Gel Polish Caract\u00e9ristiques :<\/h2>\n\n\n\n<ul class=\"wp-block-list\">\n<li><strong>Effet diamant scintillant : <\/strong>Le Wholesale Galaxy Flash Gel Polish contient des particules de diamant qui, \u00e0 l'application, donnent un \u00e9clat \u00e9toil\u00e9 unique et un look \u00e9tonnant pour les f\u00eates nocturnes et les c\u00e9l\u00e9brations.<\/li>\n\n\n\n<li><strong>Finition lisse :<\/strong> Le produit offre une exp\u00e9rience d'application douce et soyeuse, couvrant les ongles imm\u00e9diatement pour fournir une finition brillante impeccable. Le vernis gel Wholesale Galaxy Flash Flash est id\u00e9al pour les diff\u00e9rents designs de nail art.<\/li>\n\n\n\n<li><strong>Effet de s\u00e9chage UV :<\/strong> Gr\u00e2ce \u00e0 la technologie de la lumi\u00e8re UV, il durcit pour donner un fini brillant et durable qui ne s'estompe jamais, laissant le bout des doigts rayonnant.<\/li>\n\n\n\n<li><strong>Personnalisation de la marque priv\u00e9e :<\/strong> Offrant des capacit\u00e9s de marquage priv\u00e9, le gel polish galaxy flash en gros peut \u00eatre emball\u00e9, formul\u00e9 et color\u00e9 pour r\u00e9pondre aux besoins des clients, individualisant ainsi votre marque.<\/li>\n\n\n\n<li><strong>Formule s\u00fbre et \u00e9cologique : <\/strong>Exempte de produits chimiques agressifs, cette formule douce et non irritante peut \u00eatre utilis\u00e9e sans danger pendant une p\u00e9riode prolong\u00e9e, pr\u00e9servant ainsi la sant\u00e9 des ongles.<\/li>\n\n\n\n<li><strong>Choix au niveau du salon<\/strong>: L'excellente brillance et la durabilit\u00e9 de ce gel polish flash galaxie 14 couleurs en font un choix id\u00e9al pour les salons de coiffure, offrant aux clients une exp\u00e9rience unique \u00e0 la lumi\u00e8re des \u00e9toiles.<\/li>\n\n\n\n<li><strong>Approvisionnement mondial en gros :<\/strong> En tant que fabricant en gros de galaxy flash gel polish, nous proposons des achats en gros par le biais d'un r\u00e9seau d'approvisionnement mondial afin de r\u00e9pondre aux diverses exigences du march\u00e9.<\/li>\n<\/ul>\n<\/div>\n\n\n\n<div class=\"wp-block-column is-layout-flow wp-block-column-is-layout-flow\">\n<figure class=\"wp-block-image size-full\"><img decoding=\"async\" width=\"1500\" height=\"1500\" src=\"https:\/\/www.fsyougel.com\/wp-content\/uploads\/2025\/09\/Galaxy-Flash-Gel-Polish-Manufacturer-3.webp\" alt=\"Galaxy Flash Gel Polish Fabricant (3)\" class=\"wp-image-1089\" srcset=\"https:\/\/www.fsyougel.com\/wp-content\/uploads\/2025\/09\/Galaxy-Flash-Gel-Polish-Manufacturer-3.webp 1500w, https:\/\/www.fsyougel.com\/wp-content\/uploads\/2025\/09\/Galaxy-Flash-Gel-Polish-Manufacturer-3-300x300.webp 300w, https:\/\/www.fsyougel.com\/wp-content\/uploads\/2025\/09\/Galaxy-Flash-Gel-Polish-Manufacturer-3-150x150.webp 150w, https:\/\/www.fsyougel.com\/wp-content\/uploads\/2025\/09\/Galaxy-Flash-Gel-Polish-Manufacturer-3-768x768.webp 768w, https:\/\/www.fsyougel.com\/wp-content\/uploads\/2025\/09\/Galaxy-Flash-Gel-Polish-Manufacturer-3-12x12.webp 12w, https:\/\/www.fsyougel.com\/wp-content\/uploads\/2025\/09\/Galaxy-Flash-Gel-Polish-Manufacturer-3-1200x1200.webp 1200w, https:\/\/www.fsyougel.com\/wp-content\/uploads\/2025\/09\/Galaxy-Flash-Gel-Polish-Manufacturer-3-600x600.webp 600w, https:\/\/www.fsyougel.com\/wp-content\/uploads\/2025\/09\/Galaxy-Flash-Gel-Polish-Manufacturer-3-100x100.webp 100w\" sizes=\"(max-width: 1500px) 100vw, 1500px\" \/><\/figure>\n<\/div>\n<\/div>\n\n\n\n<div class=\"wp-block-columns is-layout-flex wp-container-core-columns-is-layout-9d6595d7 wp-block-columns-is-layout-flex\">\n<div class=\"wp-block-column is-layout-flow wp-block-column-is-layout-flow\">\n<figure class=\"wp-block-image size-full\"><img decoding=\"async\" width=\"1500\" height=\"625\" src=\"https:\/\/www.fsyougel.com\/wp-content\/uploads\/2025\/09\/Galaxy-Flash-Gel-Polish-Wholesale-Supplier-3.webp\" alt=\"Galaxy Flash Gel Polish Fournisseur grossiste (3)\" class=\"wp-image-1093\" srcset=\"https:\/\/www.fsyougel.com\/wp-content\/uploads\/2025\/09\/Galaxy-Flash-Gel-Polish-Wholesale-Supplier-3.webp 1500w, https:\/\/www.fsyougel.com\/wp-content\/uploads\/2025\/09\/Galaxy-Flash-Gel-Polish-Wholesale-Supplier-3-300x125.webp 300w, https:\/\/www.fsyougel.com\/wp-content\/uploads\/2025\/09\/Galaxy-Flash-Gel-Polish-Wholesale-Supplier-3-768x320.webp 768w, https:\/\/www.fsyougel.com\/wp-content\/uploads\/2025\/09\/Galaxy-Flash-Gel-Polish-Wholesale-Supplier-3-18x8.webp 18w, https:\/\/www.fsyougel.com\/wp-content\/uploads\/2025\/09\/Galaxy-Flash-Gel-Polish-Wholesale-Supplier-3-1200x500.webp 1200w, https:\/\/www.fsyougel.com\/wp-content\/uploads\/2025\/09\/Galaxy-Flash-Gel-Polish-Wholesale-Supplier-3-600x250.webp 600w\" sizes=\"(max-width: 1500px) 100vw, 1500px\" \/><\/figure>\n<\/div>\n<\/div>\n\n\n\n<figure class=\"wp-block-image size-full\"><img decoding=\"async\" width=\"1500\" height=\"500\" src=\"https:\/\/www.fsyougel.com\/wp-content\/uploads\/2025\/09\/Galaxy-Flash-Gel-Polish-Wholesale-Supplier-2.webp\" alt=\"Galaxy Flash Gel Polish Fournisseur grossiste (2)\" class=\"wp-image-1092\" srcset=\"https:\/\/www.fsyougel.com\/wp-content\/uploads\/2025\/09\/Galaxy-Flash-Gel-Polish-Wholesale-Supplier-2.webp 1500w, https:\/\/www.fsyougel.com\/wp-content\/uploads\/2025\/09\/Galaxy-Flash-Gel-Polish-Wholesale-Supplier-2-300x100.webp 300w, https:\/\/www.fsyougel.com\/wp-content\/uploads\/2025\/09\/Galaxy-Flash-Gel-Polish-Wholesale-Supplier-2-768x256.webp 768w, https:\/\/www.fsyougel.com\/wp-content\/uploads\/2025\/09\/Galaxy-Flash-Gel-Polish-Wholesale-Supplier-2-18x6.webp 18w, https:\/\/www.fsyougel.com\/wp-content\/uploads\/2025\/09\/Galaxy-Flash-Gel-Polish-Wholesale-Supplier-2-1200x400.webp 1200w, https:\/\/www.fsyougel.com\/wp-content\/uploads\/2025\/09\/Galaxy-Flash-Gel-Polish-Wholesale-Supplier-2-600x200.webp 600w\" sizes=\"(max-width: 1500px) 100vw, 1500px\" \/><\/figure>\n\n\n\n<p><\/p>","protected":false},"excerpt":{"rendered":"<p>Bienvenue sur notre site d'achat et de vente en gros de vernis gel galaxy flash, proposant le vernis gel UV diamond disco flash. Parfait pour les salons de manucure et les marques, avec des options de marque priv\u00e9e. La vente en gros de vernis gel galaxy flash est d'une qualit\u00e9 sup\u00e9rieure et d'une brillance durable.<\/p>\n<table border=\"0\" width=\"854\" cellspacing=\"0\" cellpadding=\"0\">\n<tbody>\n<tr>\n<td class=\"et3\" width=\"257\" height=\"44\">Marque<\/td>\n<td class=\"et3\" width=\"597\">YouGel<\/td>\n<\/tr>\n<tr>\n<td class=\"et4\" width=\"257\" height=\"44\">Num\u00e9ro de mod\u00e8le<\/td>\n<td class=\"et4\" width=\"597\">CG01<\/td>\n<\/tr>\n<tr>\n<td class=\"et4\" width=\"257\" height=\"44\">Type de produit<\/td>\n<td class=\"et4\" width=\"597\">Gel de polissage UV\/LED<\/td>\n<\/tr>\n<tr>\n<td class=\"et4\" width=\"257\" height=\"44\">Mat\u00e9riau<\/td>\n<td class=\"et4\" width=\"597\">R\u00e9sine<\/td>\n<\/tr>\n<tr>\n<td class=\"et4\" width=\"257\" height=\"44\">Couleur<\/td>\n<td class=\"et4\" width=\"597\">14 Couleurs<\/td>\n<\/tr>\n<tr>\n<td class=\"et4\" width=\"257\" height=\"44\">Volume<\/td>\n<td class=\"et4\" width=\"597\">15 ml<\/td>\n<\/tr>\n<tr>\n<td class=\"et4\" width=\"257\" height=\"44\">S\u00e9curit\u00e9<\/td>\n<td class=\"et4\" width=\"597\">Sans HEMA, sans TPO, non toxique, MSDS disponible<\/td>\n<\/tr>\n<tr>\n<td class=\"et4\" width=\"257\" height=\"44\">MOQ<\/td>\n<td class=\"et4\" width=\"597\">Faible MOQ<\/td>\n<\/tr>\n<tr>\n<td class=\"et4\" width=\"257\" height=\"44\">\u00c9chantillon gratuit<\/td>\n<td class=\"et4\" width=\"597\">Disponible<\/td>\n<\/tr>\n<tr>\n<td class=\"et4\" width=\"257\" height=\"82\">Option personnalis\u00e9e<\/td>\n<td class=\"et4\" width=\"597\">Services OEM\/ODM, prise en charge des logos, \u00e9tiquettes et emballages personnalis\u00e9s<\/td>\n<\/tr>\n<\/tbody>\n<\/table>\n<h2 class=\"brxe-heading\">Du fabricant de vernis en gel<\/h2>\n<p><a href=\"https:\/\/www.fsyougel.com\/fr\/\"><strong>YouGel<\/strong><\/a> est un fabricant de vernis en gel de confiance, qui propose des couches de base en gel de haute qualit\u00e9 adapt\u00e9es aux ongles UV\/LED. Nos produits sont con\u00e7us pour garantir une application en douceur, une tenue longue dur\u00e9e et un retrait facile.<\/p>","protected":false},"featured_media":1088,"comment_status":"closed","ping_status":"closed","template":"","meta":{"_acf_changed":false},"product_brand":[],"product_cat":[19],"product_tag":[],"class_list":{"0":"post-1083","1":"product","2":"type-product","3":"status-publish","4":"has-post-thumbnail","6":"product_cat-gel-polish-color-wholesale","8":"first","9":"instock","10":"shipping-taxable","11":"product-type-simple"},"acf":[],"_links":{"self":[{"href":"https:\/\/www.fsyougel.com\/fr\/wp-json\/wp\/v2\/product\/1083","targetHints":{"allow":["GET"]}}],"collection":[{"href":"https:\/\/www.fsyougel.com\/fr\/wp-json\/wp\/v2\/product"}],"about":[{"href":"https:\/\/www.fsyougel.com\/fr\/wp-json\/wp\/v2\/types\/product"}],"replies":[{"embeddable":true,"href":"https:\/\/www.fsyougel.com\/fr\/wp-json\/wp\/v2\/comments?post=1083"}],"wp:featuredmedia":[{"embeddable":true,"href":"https:\/\/www.fsyougel.com\/fr\/wp-json\/wp\/v2\/media\/1088"}],"wp:attachment":[{"href":"https:\/\/www.fsyougel.com\/fr\/wp-json\/wp\/v2\/media?parent=1083"}],"wp:term":[{"taxonomy":"product_brand","embeddable":true,"href":"https:\/\/www.fsyougel.com\/fr\/wp-json\/wp\/v2\/product_brand?post=1083"},{"taxonomy":"product_cat","embeddable":true,"href":"https:\/\/www.fsyougel.com\/fr\/wp-json\/wp\/v2\/product_cat?post=1083"},{"taxonomy":"product_tag","embeddable":true,"href":"https:\/\/www.fsyougel.com\/fr\/wp-json\/wp\/v2\/product_tag?post=1083"}],"curies":[{"name":"wp","href":"https:\/\/api.w.org\/{rel}","templated":true}]}}