{"id":1096,"date":"2025-09-12T09:34:32","date_gmt":"2025-09-12T09:34:32","guid":{"rendered":"https:\/\/www.fsyougel.com\/"},"modified":"2025-10-24T08:50:22","modified_gmt":"2025-10-24T08:50:22","slug":"disco-diamond-gel-polish-supplier","status":"publish","type":"product","link":"https:\/\/www.fsyougel.com\/fr\/produit\/disco-diamond-gel-polish-supplier\/","title":{"rendered":"Disco Diamond Gel Polish Supplier, 29 couleurs flash comme des diamants bris\u00e9s sur les ongles"},"content":{"rendered":"<div class=\"wp-block-columns is-layout-flex wp-container-core-columns-is-layout-9d6595d7 wp-block-columns-is-layout-flex\">\n<div class=\"wp-block-column is-layout-flow wp-block-column-is-layout-flow\">\n<h2 class=\"wp-block-heading\">Gel Polish Disco Diamond en gros Caract\u00e9ristiques :<\/h2>\n\n\n\n<ul class=\"wp-block-list\">\n<li><strong>Effet diamant disco :<\/strong> Le Disco Diamond Gel Polish se d\u00e9cline en 29 couleurs chatoyantes, qui scintillent comme des diamants bris\u00e9s sur le bout de vos doigts pour un look \u00e9blouissant, parfait pour les f\u00eates et les \u00e9v\u00e9nements.<\/li>\n\n\n\n<li><strong>Lisse et brillant :<\/strong> Chaque Disco Diamond Gel Polish s'applique en douceur, donnant une finition \u00e9l\u00e9gante qui dure longtemps et offre une brillance durable semblable \u00e0 celle d'un diamant.<\/li>\n\n\n\n<li><strong>Un \u00e9clat unique :<\/strong> L'aspect de diamant bris\u00e9 et les teintes \u00e9tincelantes conf\u00e8rent \u00e0 cette manucure un attrait visuel spectaculaire qui fait fureur aupr\u00e8s des jeunes fashionistas.<\/li>\n\n\n\n<li><strong>Personnalisation de la marque priv\u00e9e<\/strong>: La vente en gros de Disco Diamond Gel Polish est disponible pour la personnalisation OEM\/ODM, o\u00f9 l'emballage et la marque personnalis\u00e9s selon les exigences du client sont possibles.<\/li>\n\n\n\n<li><strong>Formule s\u00fbre et inoffensive :<\/strong> Formul\u00e9 \u00e0 partir d'ingr\u00e9dients non toxiques et respectueux de l'environnement, il n'endommage pas la surface des ongles lors de l'application et peut \u00eatre port\u00e9 longtemps.<\/li>\n\n\n\n<li><strong>Application polyvalente :<\/strong> Id\u00e9al pour les salons de manucure professionnels et les bricoleurs, il est \u00e0 la port\u00e9e de tous ceux qui souhaitent obtenir des effets stup\u00e9fiants.<\/li>\n\n\n\n<li>Approvisionnement en vrac et exp\u00e9dition mondiale : En tant que fabricant en gros de gel polish disco diamant, nous offrons une capacit\u00e9 de production en vrac avec une exp\u00e9dition rapide pour r\u00e9pondre aux commandes des clients internationaux.<\/li>\n<\/ul>\n<\/div>\n\n\n\n<div class=\"wp-block-column is-layout-flow wp-block-column-is-layout-flow\">\n<figure class=\"wp-block-image size-full\"><img decoding=\"async\" width=\"1500\" height=\"1500\" src=\"https:\/\/www.fsyougel.com\/wp-content\/uploads\/2025\/09\/Disco-Diamond-Gel-Polish-Supplier-4.webp\" alt=\"Disco Diamond Gel Polish Supplier (4)\" class=\"wp-image-1105\" srcset=\"https:\/\/www.fsyougel.com\/wp-content\/uploads\/2025\/09\/Disco-Diamond-Gel-Polish-Supplier-4.webp 1500w, https:\/\/www.fsyougel.com\/wp-content\/uploads\/2025\/09\/Disco-Diamond-Gel-Polish-Supplier-4-300x300.webp 300w, https:\/\/www.fsyougel.com\/wp-content\/uploads\/2025\/09\/Disco-Diamond-Gel-Polish-Supplier-4-150x150.webp 150w, https:\/\/www.fsyougel.com\/wp-content\/uploads\/2025\/09\/Disco-Diamond-Gel-Polish-Supplier-4-768x768.webp 768w, https:\/\/www.fsyougel.com\/wp-content\/uploads\/2025\/09\/Disco-Diamond-Gel-Polish-Supplier-4-12x12.webp 12w, https:\/\/www.fsyougel.com\/wp-content\/uploads\/2025\/09\/Disco-Diamond-Gel-Polish-Supplier-4-1200x1200.webp 1200w, https:\/\/www.fsyougel.com\/wp-content\/uploads\/2025\/09\/Disco-Diamond-Gel-Polish-Supplier-4-600x600.webp 600w, https:\/\/www.fsyougel.com\/wp-content\/uploads\/2025\/09\/Disco-Diamond-Gel-Polish-Supplier-4-100x100.webp 100w\" sizes=\"(max-width: 1500px) 100vw, 1500px\" \/><\/figure>\n<\/div>\n<\/div>\n\n\n\n<div class=\"wp-block-columns is-layout-flex wp-container-core-columns-is-layout-9d6595d7 wp-block-columns-is-layout-flex\">\n<div class=\"wp-block-column is-layout-flow wp-block-column-is-layout-flow\">\n<figure class=\"wp-block-image size-full\"><img decoding=\"async\" width=\"1500\" height=\"900\" src=\"https:\/\/www.fsyougel.com\/wp-content\/uploads\/2025\/09\/Wholesale-Disco-Diamond-Gel-Polish-2.webp\" alt=\"Grossiste Disco Diamond Gel Polish (2)\" class=\"wp-image-1107\" srcset=\"https:\/\/www.fsyougel.com\/wp-content\/uploads\/2025\/09\/Wholesale-Disco-Diamond-Gel-Polish-2.webp 1500w, https:\/\/www.fsyougel.com\/wp-content\/uploads\/2025\/09\/Wholesale-Disco-Diamond-Gel-Polish-2-300x180.webp 300w, https:\/\/www.fsyougel.com\/wp-content\/uploads\/2025\/09\/Wholesale-Disco-Diamond-Gel-Polish-2-768x461.webp 768w, https:\/\/www.fsyougel.com\/wp-content\/uploads\/2025\/09\/Wholesale-Disco-Diamond-Gel-Polish-2-18x12.webp 18w, https:\/\/www.fsyougel.com\/wp-content\/uploads\/2025\/09\/Wholesale-Disco-Diamond-Gel-Polish-2-1200x720.webp 1200w, https:\/\/www.fsyougel.com\/wp-content\/uploads\/2025\/09\/Wholesale-Disco-Diamond-Gel-Polish-2-600x360.webp 600w\" sizes=\"(max-width: 1500px) 100vw, 1500px\" \/><\/figure>\n<\/div>\n<\/div>\n\n\n\n<figure class=\"wp-block-image size-full\"><img decoding=\"async\" width=\"1500\" height=\"540\" src=\"https:\/\/www.fsyougel.com\/wp-content\/uploads\/2025\/09\/Wholesale-Disco-Diamond-Gel-Polish-1.webp\" alt=\"Grossiste Disco Diamond Gel Polish (1)\" class=\"wp-image-1106\" srcset=\"https:\/\/www.fsyougel.com\/wp-content\/uploads\/2025\/09\/Wholesale-Disco-Diamond-Gel-Polish-1.webp 1500w, https:\/\/www.fsyougel.com\/wp-content\/uploads\/2025\/09\/Wholesale-Disco-Diamond-Gel-Polish-1-300x108.webp 300w, https:\/\/www.fsyougel.com\/wp-content\/uploads\/2025\/09\/Wholesale-Disco-Diamond-Gel-Polish-1-768x276.webp 768w, https:\/\/www.fsyougel.com\/wp-content\/uploads\/2025\/09\/Wholesale-Disco-Diamond-Gel-Polish-1-18x6.webp 18w, https:\/\/www.fsyougel.com\/wp-content\/uploads\/2025\/09\/Wholesale-Disco-Diamond-Gel-Polish-1-1200x432.webp 1200w, https:\/\/www.fsyougel.com\/wp-content\/uploads\/2025\/09\/Wholesale-Disco-Diamond-Gel-Polish-1-600x216.webp 600w\" sizes=\"(max-width: 1500px) 100vw, 1500px\" \/><\/figure>\n\n\n\n<p><\/p>","protected":false},"excerpt":{"rendered":"<p data-start=\"398\" data-end=\"682\">Bienvenue \u00e0 l'achat, \u00e0 la vente en gros de disco diamond gel polish fabricant offrant 29 couleurs flash qui ressemblent \u00e0 des diamants bris\u00e9s sur les ongles. Scintillant et accrocheur. Parfait pour les salons et les marques personnalis\u00e9es. Le vernis en gel disco diamant en gros offre une brillance durable et une qualit\u00e9 sup\u00e9rieure.<\/p>\n<table border=\"0\" width=\"854\" cellspacing=\"0\" cellpadding=\"0\">\n<tbody>\n<tr>\n<td class=\"et3\" width=\"257\" height=\"44\">Marque<\/td>\n<td class=\"et3\" width=\"597\">YouGel<\/td>\n<\/tr>\n<tr>\n<td class=\"et4\" width=\"257\" height=\"44\">Num\u00e9ro de mod\u00e8le<\/td>\n<td class=\"et4\" width=\"597\">DG01<\/td>\n<\/tr>\n<tr>\n<td class=\"et4\" width=\"257\" height=\"44\">Type de produit<\/td>\n<td class=\"et4\" width=\"597\">Gel de polissage UV\/LED<\/td>\n<\/tr>\n<tr>\n<td class=\"et4\" width=\"257\" height=\"44\">Mat\u00e9riau<\/td>\n<td class=\"et4\" width=\"597\">R\u00e9sine<\/td>\n<\/tr>\n<tr>\n<td class=\"et4\" width=\"257\" height=\"44\">Couleur<\/td>\n<td class=\"et4\" width=\"597\">29 Couleurs<\/td>\n<\/tr>\n<tr>\n<td class=\"et4\" width=\"257\" height=\"44\">Volume<\/td>\n<td class=\"et4\" width=\"597\">15 ml<\/td>\n<\/tr>\n<tr>\n<td class=\"et4\" width=\"257\" height=\"44\">S\u00e9curit\u00e9<\/td>\n<td class=\"et4\" width=\"597\">Sans HEMA, sans TPO, non toxique, MSDS disponible<\/td>\n<\/tr>\n<tr>\n<td class=\"et4\" width=\"257\" height=\"44\">MOQ<\/td>\n<td class=\"et4\" width=\"597\">Faible MOQ<\/td>\n<\/tr>\n<tr>\n<td class=\"et4\" width=\"257\" height=\"44\">\u00c9chantillon gratuit<\/td>\n<td class=\"et4\" width=\"597\">Disponible<\/td>\n<\/tr>\n<tr>\n<td class=\"et4\" width=\"257\" height=\"82\">Option personnalis\u00e9e<\/td>\n<td class=\"et4\" width=\"597\">Services OEM\/ODM, prise en charge des logos, \u00e9tiquettes et emballages personnalis\u00e9s<\/td>\n<\/tr>\n<\/tbody>\n<\/table>\n<h2 class=\"brxe-heading\">Du fabricant de vernis en gel<\/h2>\n<p><a href=\"https:\/\/www.fsyougel.com\/fr\/\"><strong>YouGel<\/strong><\/a> est un fabricant de vernis en gel de confiance, qui propose des couches de base en gel de haute qualit\u00e9 adapt\u00e9es aux ongles UV\/LED. Nos produits sont con\u00e7us pour garantir une application en douceur, une tenue longue dur\u00e9e et un retrait facile.<\/p>","protected":false},"featured_media":1104,"comment_status":"closed","ping_status":"closed","template":"","meta":{"_acf_changed":false},"product_brand":[],"product_cat":[19],"product_tag":[],"class_list":{"0":"post-1096","1":"product","2":"type-product","3":"status-publish","4":"has-post-thumbnail","6":"product_cat-gel-polish-color-wholesale","8":"first","9":"instock","10":"shipping-taxable","11":"product-type-simple"},"acf":[],"_links":{"self":[{"href":"https:\/\/www.fsyougel.com\/fr\/wp-json\/wp\/v2\/product\/1096","targetHints":{"allow":["GET"]}}],"collection":[{"href":"https:\/\/www.fsyougel.com\/fr\/wp-json\/wp\/v2\/product"}],"about":[{"href":"https:\/\/www.fsyougel.com\/fr\/wp-json\/wp\/v2\/types\/product"}],"replies":[{"embeddable":true,"href":"https:\/\/www.fsyougel.com\/fr\/wp-json\/wp\/v2\/comments?post=1096"}],"wp:featuredmedia":[{"embeddable":true,"href":"https:\/\/www.fsyougel.com\/fr\/wp-json\/wp\/v2\/media\/1104"}],"wp:attachment":[{"href":"https:\/\/www.fsyougel.com\/fr\/wp-json\/wp\/v2\/media?parent=1096"}],"wp:term":[{"taxonomy":"product_brand","embeddable":true,"href":"https:\/\/www.fsyougel.com\/fr\/wp-json\/wp\/v2\/product_brand?post=1096"},{"taxonomy":"product_cat","embeddable":true,"href":"https:\/\/www.fsyougel.com\/fr\/wp-json\/wp\/v2\/product_cat?post=1096"},{"taxonomy":"product_tag","embeddable":true,"href":"https:\/\/www.fsyougel.com\/fr\/wp-json\/wp\/v2\/product_tag?post=1096"}],"curies":[{"name":"wp","href":"https:\/\/api.w.org\/{rel}","templated":true}]}}