{"id":1144,"date":"2025-09-26T11:51:54","date_gmt":"2025-09-26T11:29:37","guid":{"rendered":"https:\/\/www.fsyougel.com\/?post_type=product&#038;p=1144"},"modified":"2025-10-16T04:00:24","modified_gmt":"2025-10-16T04:00:24","slug":"wholesale-abstract-gel-polish","status":"publish","type":"product","link":"https:\/\/www.fsyougel.com\/fr\/produit\/wholesale-abstract-gel-polish\/","title":{"rendered":"Fournisseur en gros de vernis gel abstrait | Vernis gel personnalis\u00e9 pour le Nail Art"},"content":{"rendered":"<div class=\"wp-block-columns is-layout-flex wp-container-core-columns-is-layout-9d6595d7 wp-block-columns-is-layout-flex\">\n<div class=\"wp-block-column is-layout-flow wp-block-column-is-layout-flow\">\n<h2 class=\"wp-block-heading\">Gel Polish abstrait en gros Caract\u00e9ristiques :<\/h2>\n\n\n\n<ul class=\"wp-block-list\">\n<li><strong>Options de base multiples<\/strong>: Disponible en <strong>Base \/ Noir \/ Blanc<\/strong>Le nail art est un art abstrait, qui offre des arri\u00e8re-plans polyvalents pour n'importe quel nail art abstrait.<\/li>\n\n\n\n<li><strong>Facile \u00e0 appliquer<\/strong>: Appliquez le gel abstrait, puis dessinez les lettres ou les motifs souhait\u00e9s. Ne vous inqui\u00e9tez pas si ce n'est pas parfait, le gel s'\u00e9tale naturellement pour cr\u00e9er des effets impeccables.<\/li>\n\n\n\n<li><strong>S\u00fbr et doux<\/strong>: Notre <strong>Gros gel polish abstrait<\/strong> est <strong>Sans TPO et sans HEMA<\/strong>Convient aux ongles sensibles.<\/li>\n\n\n\n<li><strong>Durable et de longue dur\u00e9e<\/strong>: La formule r\u00e9sistante \u00e0 l'\u00e9caillage et la brillance \u00e9clatante garantissent des r\u00e9sultats de qualit\u00e9 professionnelle.<\/li>\n\n\n\n<li><strong>Art cr\u00e9atif des ongles<\/strong>: Parfait pour des dessins d'ongles abstraits uniques, id\u00e9al pour les salons, les artistes et les commandes personnalis\u00e9es en vrac.<\/li>\n\n\n\n<li><strong>Service OEM\/ODM<\/strong>: Possibilit\u00e9 de personnaliser le logo, l'emballage et les couleurs pour les clients en gros.<\/li>\n<\/ul>\n<\/div>\n\n\n\n<div class=\"wp-block-column is-layout-flow wp-block-column-is-layout-flow\">\n<figure class=\"wp-block-image size-full\"><img decoding=\"async\" width=\"1500\" height=\"1500\" src=\"https:\/\/www.fsyougel.com\/wp-content\/uploads\/2025\/09\/Wholesale-Abstract-Gel-Polish-Supplier-4.webp\" alt=\"Fournisseur en gros de Gel Polish abstrait (4)\" class=\"wp-image-1148\" srcset=\"https:\/\/www.fsyougel.com\/wp-content\/uploads\/2025\/09\/Wholesale-Abstract-Gel-Polish-Supplier-4.webp 1500w, https:\/\/www.fsyougel.com\/wp-content\/uploads\/2025\/09\/Wholesale-Abstract-Gel-Polish-Supplier-4-300x300.webp 300w, https:\/\/www.fsyougel.com\/wp-content\/uploads\/2025\/09\/Wholesale-Abstract-Gel-Polish-Supplier-4-150x150.webp 150w, https:\/\/www.fsyougel.com\/wp-content\/uploads\/2025\/09\/Wholesale-Abstract-Gel-Polish-Supplier-4-768x768.webp 768w, https:\/\/www.fsyougel.com\/wp-content\/uploads\/2025\/09\/Wholesale-Abstract-Gel-Polish-Supplier-4-12x12.webp 12w, https:\/\/www.fsyougel.com\/wp-content\/uploads\/2025\/09\/Wholesale-Abstract-Gel-Polish-Supplier-4-1200x1200.webp 1200w, https:\/\/www.fsyougel.com\/wp-content\/uploads\/2025\/09\/Wholesale-Abstract-Gel-Polish-Supplier-4-600x600.webp 600w, https:\/\/www.fsyougel.com\/wp-content\/uploads\/2025\/09\/Wholesale-Abstract-Gel-Polish-Supplier-4-100x100.webp 100w\" sizes=\"(max-width: 1500px) 100vw, 1500px\" \/><\/figure>\n<\/div>\n<\/div>\n\n\n\n<div class=\"wp-block-columns is-layout-flex wp-container-core-columns-is-layout-9d6595d7 wp-block-columns-is-layout-flex\">\n<div class=\"wp-block-column is-layout-flow wp-block-column-is-layout-flow\">\n<figure class=\"wp-block-image size-full\"><img decoding=\"async\" width=\"1500\" height=\"1500\" src=\"https:\/\/www.fsyougel.com\/wp-content\/uploads\/2025\/09\/Wholesale-Abstract-Gel-Polish-Supplier-6.webp\" alt=\"Fournisseur en gros de Gel Polish abstrait (6)\" class=\"wp-image-1150\" srcset=\"https:\/\/www.fsyougel.com\/wp-content\/uploads\/2025\/09\/Wholesale-Abstract-Gel-Polish-Supplier-6.webp 1500w, https:\/\/www.fsyougel.com\/wp-content\/uploads\/2025\/09\/Wholesale-Abstract-Gel-Polish-Supplier-6-300x300.webp 300w, https:\/\/www.fsyougel.com\/wp-content\/uploads\/2025\/09\/Wholesale-Abstract-Gel-Polish-Supplier-6-150x150.webp 150w, https:\/\/www.fsyougel.com\/wp-content\/uploads\/2025\/09\/Wholesale-Abstract-Gel-Polish-Supplier-6-768x768.webp 768w, https:\/\/www.fsyougel.com\/wp-content\/uploads\/2025\/09\/Wholesale-Abstract-Gel-Polish-Supplier-6-12x12.webp 12w, https:\/\/www.fsyougel.com\/wp-content\/uploads\/2025\/09\/Wholesale-Abstract-Gel-Polish-Supplier-6-1200x1200.webp 1200w, https:\/\/www.fsyougel.com\/wp-content\/uploads\/2025\/09\/Wholesale-Abstract-Gel-Polish-Supplier-6-600x600.webp 600w, https:\/\/www.fsyougel.com\/wp-content\/uploads\/2025\/09\/Wholesale-Abstract-Gel-Polish-Supplier-6-100x100.webp 100w\" sizes=\"(max-width: 1500px) 100vw, 1500px\" \/><\/figure>\n<\/div>\n\n\n\n<div class=\"wp-block-column is-layout-flow wp-block-column-is-layout-flow\">\n<figure class=\"wp-block-image size-full\"><img decoding=\"async\" width=\"1500\" height=\"1500\" src=\"https:\/\/www.fsyougel.com\/wp-content\/uploads\/2025\/09\/Wholesale-Abstract-Gel-Polish-Supplier-5.webp\" alt=\"Fournisseur en gros de Gel Polish abstrait (5)\" class=\"wp-image-1149\" srcset=\"https:\/\/www.fsyougel.com\/wp-content\/uploads\/2025\/09\/Wholesale-Abstract-Gel-Polish-Supplier-5.webp 1500w, https:\/\/www.fsyougel.com\/wp-content\/uploads\/2025\/09\/Wholesale-Abstract-Gel-Polish-Supplier-5-300x300.webp 300w, https:\/\/www.fsyougel.com\/wp-content\/uploads\/2025\/09\/Wholesale-Abstract-Gel-Polish-Supplier-5-150x150.webp 150w, https:\/\/www.fsyougel.com\/wp-content\/uploads\/2025\/09\/Wholesale-Abstract-Gel-Polish-Supplier-5-768x768.webp 768w, https:\/\/www.fsyougel.com\/wp-content\/uploads\/2025\/09\/Wholesale-Abstract-Gel-Polish-Supplier-5-12x12.webp 12w, https:\/\/www.fsyougel.com\/wp-content\/uploads\/2025\/09\/Wholesale-Abstract-Gel-Polish-Supplier-5-1200x1200.webp 1200w, https:\/\/www.fsyougel.com\/wp-content\/uploads\/2025\/09\/Wholesale-Abstract-Gel-Polish-Supplier-5-600x600.webp 600w, https:\/\/www.fsyougel.com\/wp-content\/uploads\/2025\/09\/Wholesale-Abstract-Gel-Polish-Supplier-5-100x100.webp 100w\" sizes=\"(max-width: 1500px) 100vw, 1500px\" \/><\/figure>\n<\/div>\n<\/div>\n\n\n\n<p><\/p>","protected":false},"excerpt":{"rendered":"<p>Bienvenue dans notre collection de gel polish abstrait en gros avec des options Base, Black et White. Il suffit d'appliquer et de dessiner pour que vos motifs s'\u00e9tendent naturellement et produisent des effets stup\u00e9fiants. Formule s\u00fbre sans TPO ni HEMA, parfaite pour les salons, les commandes en gros et les marques personnalis\u00e9es.<\/p>\n<table border=\"0\" width=\"854\" cellspacing=\"0\" cellpadding=\"0\">\n<tbody>\n<tr>\n<td width=\"257\" height=\"44\">Marque<\/td>\n<td width=\"597\">YouGel<\/td>\n<\/tr>\n<tr>\n<td width=\"257\" height=\"44\">Type de produit<\/td>\n<td width=\"597\">UV\/LED de trempage<\/td>\n<\/tr>\n<tr>\n<td width=\"257\" height=\"44\">Mat\u00e9riau<\/td>\n<td width=\"597\">R\u00e9sine<\/td>\n<\/tr>\n<tr>\n<td width=\"257\" height=\"44\">Couleur<\/td>\n<td width=\"597\">Base, noir et blanc<\/td>\n<\/tr>\n<tr>\n<td width=\"257\" height=\"44\">Volume<\/td>\n<td width=\"597\">15ml<\/td>\n<\/tr>\n<tr>\n<td width=\"257\" height=\"44\">S\u00e9curit\u00e9<\/td>\n<td width=\"597\"><strong>Sans HEMA<\/strong>, <strong>Sans TPO, <\/strong>Non toxique, fiche de donn\u00e9es de s\u00e9curit\u00e9 disponible<\/td>\n<\/tr>\n<tr>\n<td width=\"257\" height=\"44\">MOQ<\/td>\n<td width=\"597\">Faible MOQ<\/td>\n<\/tr>\n<tr>\n<td width=\"257\" height=\"44\">\u00c9chantillon gratuit<\/td>\n<td width=\"597\">Disponible<\/td>\n<\/tr>\n<tr>\n<td width=\"257\" height=\"82\">Option personnalis\u00e9e<\/td>\n<td width=\"597\">Services OEM\/ODM, prise en charge des logos, \u00e9tiquettes et emballages personnalis\u00e9s<\/td>\n<\/tr>\n<\/tbody>\n<\/table>\n<h3 class=\"brxe-heading\">Fabricant de vernis \u00e0 ongles en gel<\/h3>\n<p><a href=\"https:\/\/www.fsyougel.com\/fr\/\"><strong>YouGel<\/strong><\/a> est un fabricant de vernis \u00e0 ongles en gel de haute technologie. <a href=\"https:\/\/www.fsyougel.com\/fr\/wholesale-gel-polish\/\"><strong>commerce de gros<\/strong><\/a>, <a href=\"https:\/\/www.fsyougel.com\/fr\/private-label-gel-polish\/\"><strong>marque priv\u00e9e<\/strong><\/a>et<a href=\"https:\/\/www.fsyougel.com\/fr\/custom-gel-polish\/\"><strong> Services OEM\/ODM<\/strong><\/a>. Choisissez parmi <strong>10 000+ couleurs sans HEMA, sans TPO, v\u00e9g\u00e9taliennes et sans cruaut\u00e9<\/strong> con\u00e7u pour une application en douceur, une longue dur\u00e9e d'utilisation et une absorption facile.<\/p>","protected":false},"featured_media":1147,"comment_status":"closed","ping_status":"closed","template":"","meta":{"_acf_changed":false},"product_brand":[],"product_cat":[24,27],"product_tag":[],"class_list":{"0":"post-1144","1":"product","2":"type-product","3":"status-publish","4":"has-post-thumbnail","6":"product_cat-wholesale-nail-art-gel","7":"product_cat-new-gel-polish-collection","9":"first","10":"instock","11":"shipping-taxable","12":"product-type-simple"},"acf":[],"_links":{"self":[{"href":"https:\/\/www.fsyougel.com\/fr\/wp-json\/wp\/v2\/product\/1144","targetHints":{"allow":["GET"]}}],"collection":[{"href":"https:\/\/www.fsyougel.com\/fr\/wp-json\/wp\/v2\/product"}],"about":[{"href":"https:\/\/www.fsyougel.com\/fr\/wp-json\/wp\/v2\/types\/product"}],"replies":[{"embeddable":true,"href":"https:\/\/www.fsyougel.com\/fr\/wp-json\/wp\/v2\/comments?post=1144"}],"wp:featuredmedia":[{"embeddable":true,"href":"https:\/\/www.fsyougel.com\/fr\/wp-json\/wp\/v2\/media\/1147"}],"wp:attachment":[{"href":"https:\/\/www.fsyougel.com\/fr\/wp-json\/wp\/v2\/media?parent=1144"}],"wp:term":[{"taxonomy":"product_brand","embeddable":true,"href":"https:\/\/www.fsyougel.com\/fr\/wp-json\/wp\/v2\/product_brand?post=1144"},{"taxonomy":"product_cat","embeddable":true,"href":"https:\/\/www.fsyougel.com\/fr\/wp-json\/wp\/v2\/product_cat?post=1144"},{"taxonomy":"product_tag","embeddable":true,"href":"https:\/\/www.fsyougel.com\/fr\/wp-json\/wp\/v2\/product_tag?post=1144"}],"curies":[{"name":"wp","href":"https:\/\/api.w.org\/{rel}","templated":true}]}}