{"id":1155,"date":"2025-09-26T02:47:48","date_gmt":"2025-09-26T02:47:48","guid":{"rendered":"https:\/\/www.fsyougel.com\/?post_type=product&#038;p=1155"},"modified":"2025-10-24T08:49:50","modified_gmt":"2025-10-24T08:49:50","slug":"wholesale-gel-nail-polish-colors-2025","status":"publish","type":"product","link":"https:\/\/www.fsyougel.com\/fr\/produit\/wholesale-gel-nail-polish-colors-2025\/","title":{"rendered":"Coloris de vernis \u00e0 ongles en gel en gros 2025, Nouvelle s\u00e9rie de vernis \u00e0 ongles en gel d'automne, fabricant"},"content":{"rendered":"<div class=\"wp-block-columns is-layout-flex wp-container-core-columns-is-layout-9d6595d7 wp-block-columns-is-layout-flex\">\n<div class=\"wp-block-column is-layout-flow wp-block-column-is-layout-flow\">\n<h2 class=\"wp-block-heading\">Couleurs de vernis \u00e0 ongles en gel en gros Caract\u00e9ristiques :<\/h2>\n\n\n\n<ul class=\"wp-block-list\">\n<li><strong>Collection d'automne 2025 la plus r\u00e9cente et la plus tendance :<\/strong> Soyez dans le coup avec nos couleurs de vernis \u00e0 ongles en gel en gros 2025, en ligne avec les nouvelles tendances du vernis \u00e0 ongles en gel d'automne. La collection comprend l'\u00e9l\u00e9gante Caramel Latte, l'enjou\u00e9e Lavender Series et la riche Indigo Series, cr\u00e9\u00e9es en fonction de la demande saisonni\u00e8re.<\/li>\n\n\n\n<li><strong>Choix de finitions :<\/strong> Le gel polish de gros est disponible dans une s\u00e9lection de finitions brillantes et plates pour permettre aux salons et aux distributeurs de r\u00e9pondre aux besoins des diff\u00e9rents clients et d'\u00e9largir leur gamme de produits.<\/li>\n\n\n\n<li><strong>Formulation professionnelle<\/strong>: M\u00e9lang\u00e9 pour une application facile et une tenue longue dur\u00e9e, avec l'assurance d'une qualit\u00e9 de salon gr\u00e2ce \u00e0 une couleur intense et une tenue r\u00e9sistante \u00e0 l'\u00e9caillage.<\/li>\n\n\n\n<li><strong>S\u00fbr et respectueux de l'environnement : sans HEMA ni TPO<\/strong> r\u00e9duisant ainsi les cas de r\u00e9ponses allergiques et d'irritation. A utiliser de pr\u00e9f\u00e9rence sur les march\u00e9s o\u00f9 les lois sur la s\u00e9curit\u00e9 sont strictes et o\u00f9 les produits pour les ongles respectueux de l'environnement constituent une priorit\u00e9 absolue.<\/li>\n\n\n\n<li><strong>OEM\/ODM Personnalisation : <\/strong>Assistance libre pour l'\u00e9tiquetage priv\u00e9, l'emballage personnalis\u00e9 et le d\u00e9veloppement de couleurs sur mesure afin de permettre \u00e0 votre entreprise de se d\u00e9marquer dans le secteur extr\u00eamement concurrentiel des soins des ongles.<\/li>\n\n\n\n<li><strong>Avantage Bulk &amp; Wholesale : <\/strong>La production de masse garantit une qualit\u00e9 uniforme, un approvisionnement assur\u00e9 et des prix comp\u00e9titifs. C'est le choix id\u00e9al pour les distributeurs mondiaux, les grossistes et les cha\u00eenes de salons professionnels.<\/li>\n<\/ul>\n<\/div>\n\n\n\n<div class=\"wp-block-column is-layout-flow wp-block-column-is-layout-flow\">\n<figure class=\"wp-block-image size-full\"><img decoding=\"async\" width=\"1500\" height=\"1500\" src=\"https:\/\/www.fsyougel.com\/wp-content\/uploads\/2025\/09\/Wholesale-Gel-Nail-Polish-Colors-2025-2.webp\" alt=\"Couleurs de vernis \u00e0 ongles en gel en gros 2025 (2)\" class=\"wp-image-1157\" srcset=\"https:\/\/www.fsyougel.com\/wp-content\/uploads\/2025\/09\/Wholesale-Gel-Nail-Polish-Colors-2025-2.webp 1500w, https:\/\/www.fsyougel.com\/wp-content\/uploads\/2025\/09\/Wholesale-Gel-Nail-Polish-Colors-2025-2-300x300.webp 300w, https:\/\/www.fsyougel.com\/wp-content\/uploads\/2025\/09\/Wholesale-Gel-Nail-Polish-Colors-2025-2-150x150.webp 150w, https:\/\/www.fsyougel.com\/wp-content\/uploads\/2025\/09\/Wholesale-Gel-Nail-Polish-Colors-2025-2-768x768.webp 768w, https:\/\/www.fsyougel.com\/wp-content\/uploads\/2025\/09\/Wholesale-Gel-Nail-Polish-Colors-2025-2-12x12.webp 12w, https:\/\/www.fsyougel.com\/wp-content\/uploads\/2025\/09\/Wholesale-Gel-Nail-Polish-Colors-2025-2-1200x1200.webp 1200w, https:\/\/www.fsyougel.com\/wp-content\/uploads\/2025\/09\/Wholesale-Gel-Nail-Polish-Colors-2025-2-600x600.webp 600w, https:\/\/www.fsyougel.com\/wp-content\/uploads\/2025\/09\/Wholesale-Gel-Nail-Polish-Colors-2025-2-100x100.webp 100w\" sizes=\"(max-width: 1500px) 100vw, 1500px\" \/><\/figure>\n<\/div>\n<\/div>","protected":false},"excerpt":{"rendered":"<p>D\u00e9couvrez nos couleurs de vernis \u00e0 ongles en gel en gros 2025 dans les derni\u00e8res couleurs de vernis \u00e0 ongles en gel de l'automne-Caramel Latte, Lavender, et Indigo Series. Disponible en effet brillant ou mat, la formule HEMA et TPO FREE assure une application s\u00fbre. Contactez-nous d\u00e8s maintenant pour des \u00e9chantillons gratuits et OEM\/ODM !<\/p>\n<table border=\"0\" width=\"854\" cellspacing=\"0\" cellpadding=\"0\">\n<tbody>\n<tr>\n<td width=\"257\" height=\"44\">Marque<\/td>\n<td width=\"597\">YouGel<\/td>\n<\/tr>\n<tr>\n<td width=\"257\" height=\"44\">Type de produit<\/td>\n<td width=\"597\">UV\/LED de trempage<\/td>\n<\/tr>\n<tr>\n<td width=\"257\" height=\"44\">Mat\u00e9riau<\/td>\n<td width=\"597\">R\u00e9sine<\/td>\n<\/tr>\n<tr>\n<td width=\"257\" height=\"44\">Couleur<\/td>\n<td width=\"597\">S\u00e9rie Caramel Latte\/Lavande\/S\u00e9rie Indigo<\/td>\n<\/tr>\n<tr>\n<td width=\"257\" height=\"44\">Volume<\/td>\n<td width=\"597\">15ml, 1kg<\/td>\n<\/tr>\n<tr>\n<td width=\"257\" height=\"44\">S\u00e9curit\u00e9<\/td>\n<td width=\"597\">Sans HEMA, sans TPO, non toxique, MSDS disponible<\/td>\n<\/tr>\n<tr>\n<td width=\"257\" height=\"44\">MOQ<\/td>\n<td width=\"597\">Faible MOQ<\/td>\n<\/tr>\n<tr>\n<td width=\"257\" height=\"44\">\u00c9chantillon gratuit<\/td>\n<td width=\"597\">Disponible<\/td>\n<\/tr>\n<tr>\n<td width=\"257\" height=\"82\">Option personnalis\u00e9e<\/td>\n<td width=\"597\">Services OEM\/ODM, prise en charge des logos, \u00e9tiquettes et emballages personnalis\u00e9s<\/td>\n<\/tr>\n<\/tbody>\n<\/table>\n<h2 class=\"brxe-heading\">Du fabricant de vernis en gel<\/h2>\n<p><a href=\"https:\/\/www.fsyougel.com\/fr\/\"><strong>YouGel<\/strong><\/a> est un fabricant de vernis en gel de confiance, qui propose des couches de base en gel de haute qualit\u00e9 adapt\u00e9es aux ongles UV\/LED. Nos produits sont con\u00e7us pour garantir une application en douceur, une tenue longue dur\u00e9e et un retrait facile.<\/p>","protected":false},"featured_media":1158,"comment_status":"closed","ping_status":"closed","template":"","meta":{"_acf_changed":false},"product_brand":[],"product_cat":[19,27],"product_tag":[],"class_list":{"0":"post-1155","1":"product","2":"type-product","3":"status-publish","4":"has-post-thumbnail","6":"product_cat-gel-polish-color-wholesale","7":"product_cat-new-gel-polish-collection","9":"first","10":"instock","11":"shipping-taxable","12":"product-type-simple"},"acf":[],"_links":{"self":[{"href":"https:\/\/www.fsyougel.com\/fr\/wp-json\/wp\/v2\/product\/1155","targetHints":{"allow":["GET"]}}],"collection":[{"href":"https:\/\/www.fsyougel.com\/fr\/wp-json\/wp\/v2\/product"}],"about":[{"href":"https:\/\/www.fsyougel.com\/fr\/wp-json\/wp\/v2\/types\/product"}],"replies":[{"embeddable":true,"href":"https:\/\/www.fsyougel.com\/fr\/wp-json\/wp\/v2\/comments?post=1155"}],"wp:featuredmedia":[{"embeddable":true,"href":"https:\/\/www.fsyougel.com\/fr\/wp-json\/wp\/v2\/media\/1158"}],"wp:attachment":[{"href":"https:\/\/www.fsyougel.com\/fr\/wp-json\/wp\/v2\/media?parent=1155"}],"wp:term":[{"taxonomy":"product_brand","embeddable":true,"href":"https:\/\/www.fsyougel.com\/fr\/wp-json\/wp\/v2\/product_brand?post=1155"},{"taxonomy":"product_cat","embeddable":true,"href":"https:\/\/www.fsyougel.com\/fr\/wp-json\/wp\/v2\/product_cat?post=1155"},{"taxonomy":"product_tag","embeddable":true,"href":"https:\/\/www.fsyougel.com\/fr\/wp-json\/wp\/v2\/product_tag?post=1155"}],"curies":[{"name":"wp","href":"https:\/\/api.w.org\/{rel}","templated":true}]}}