{"id":1161,"date":"2025-09-26T06:23:54","date_gmt":"2025-09-26T06:23:54","guid":{"rendered":"https:\/\/www.fsyougel.com\/?post_type=product&#038;p=1161"},"modified":"2025-09-27T06:27:12","modified_gmt":"2025-09-27T06:27:12","slug":"platinum-diamond-gel-nail-polish-bulk","status":"publish","type":"product","link":"https:\/\/www.fsyougel.com\/fr\/produit\/platinum-diamond-gel-nail-polish-bulk\/","title":{"rendered":"Vernis \u00e0 ongles en gel Platinum Diamond en vrac, 24 couleurs sans TPO pour la collection de No\u00ebl"},"content":{"rendered":"<div class=\"wp-block-columns is-layout-flex wp-container-core-columns-is-layout-9d6595d7 wp-block-columns-is-layout-flex\">\n<div class=\"wp-block-column is-layout-flow wp-block-column-is-layout-flow\">\n<h2 class=\"wp-block-heading\">Platinum Diamond Gel Nail Polish Caract\u00e9ristiques :<\/h2>\n\n\n\n<ul class=\"wp-block-list\">\n<li><strong>Vernis \u00e0 ongles en gel Platinum Diamond en vrac :<\/strong> Cet ensemble de 24 couleurs magnifiques est id\u00e9al pour les salons professionnels et les grossistes.<\/li>\n\n\n\n<li><strong>\u00c9l\u00e9gance festive de No\u00ebl :<\/strong> Mettez de l'ambiance dans vos ongles pour les f\u00eates ! Cette saison, notre vernis \u00e0 ongles diamant platine est drap\u00e9 d'un glamour de No\u00ebl classique - des rouges chatoyants, des verts forestiers profonds et des touches de paillettes dor\u00e9es.<\/li>\n\n\n\n<li><strong>Utilisation polyvalente :<\/strong> Parfait pour compl\u00e9ter vos looks de f\u00eate, cr\u00e9er des manucures de qualit\u00e9 professionnelle ou ajouter une touche de glamour pour les f\u00eates de fin d'ann\u00e9e.<\/li>\n\n\n\n<li><strong>Formule douce et s\u00fbre : <\/strong>Gel diamant platine avec une formulation sans HEMA ni TPO, permettant une utilisation plus s\u00fbre avec une irritation r\u00e9duite - id\u00e9al pour les ongles sensibles.<\/li>\n\n\n\n<li><strong>Vrac et service OEM\/ODM :<\/strong> Yougel est disponible dans des emballages en vrac avec une marque priv\u00e9e et une collection saisonni\u00e8re personnalis\u00e9e.<\/li>\n\n\n\n<li><strong>Finition professionnelle<\/strong>: Avec une brillance longue dur\u00e9e, une application soyeuse et une r\u00e9sistance \u00e0 l'\u00e9caillage, c'est le choix id\u00e9al pour les offres de No\u00ebl.<\/li>\n<\/ul>\n<\/div>\n\n\n\n<div class=\"wp-block-column is-layout-flow wp-block-column-is-layout-flow\">\n<figure class=\"wp-block-image size-full\"><img decoding=\"async\" width=\"5500\" height=\"4640\" src=\"https:\/\/www.fsyougel.com\/wp-content\/uploads\/2025\/09\/Platinum-Diamond-Gel-Nail-Polish-Bulk-1.webp\" alt=\"Vernis \u00e0 ongles en gel Platinum Diamond en vrac (1)\" class=\"wp-image-1162\" srcset=\"https:\/\/www.fsyougel.com\/wp-content\/uploads\/2025\/09\/Platinum-Diamond-Gel-Nail-Polish-Bulk-1.webp 5500w, https:\/\/www.fsyougel.com\/wp-content\/uploads\/2025\/09\/Platinum-Diamond-Gel-Nail-Polish-Bulk-1-300x253.webp 300w, https:\/\/www.fsyougel.com\/wp-content\/uploads\/2025\/09\/Platinum-Diamond-Gel-Nail-Polish-Bulk-1-768x648.webp 768w, https:\/\/www.fsyougel.com\/wp-content\/uploads\/2025\/09\/Platinum-Diamond-Gel-Nail-Polish-Bulk-1-14x12.webp 14w, https:\/\/www.fsyougel.com\/wp-content\/uploads\/2025\/09\/Platinum-Diamond-Gel-Nail-Polish-Bulk-1-1200x1012.webp 1200w, https:\/\/www.fsyougel.com\/wp-content\/uploads\/2025\/09\/Platinum-Diamond-Gel-Nail-Polish-Bulk-1-600x506.webp 600w\" sizes=\"(max-width: 5500px) 100vw, 5500px\" \/><\/figure>\n<\/div>\n<\/div>\n\n\n\n<div class=\"wp-block-columns is-layout-flex wp-container-core-columns-is-layout-9d6595d7 wp-block-columns-is-layout-flex\">\n<div class=\"wp-block-column is-layout-flow wp-block-column-is-layout-flow\"><\/div>\n<\/div>\n\n\n\n<figure class=\"wp-block-image size-full\"><img decoding=\"async\" width=\"5500\" height=\"4640\" src=\"https:\/\/www.fsyougel.com\/wp-content\/uploads\/2025\/09\/Platinum-Diamond-Gel-Nail-Polish-Bulk-3.webp\" alt=\"Vernis \u00e0 ongles en gel Platinum Diamond en vrac (3)\" class=\"wp-image-1164\" srcset=\"https:\/\/www.fsyougel.com\/wp-content\/uploads\/2025\/09\/Platinum-Diamond-Gel-Nail-Polish-Bulk-3.webp 5500w, https:\/\/www.fsyougel.com\/wp-content\/uploads\/2025\/09\/Platinum-Diamond-Gel-Nail-Polish-Bulk-3-300x253.webp 300w, https:\/\/www.fsyougel.com\/wp-content\/uploads\/2025\/09\/Platinum-Diamond-Gel-Nail-Polish-Bulk-3-768x648.webp 768w, https:\/\/www.fsyougel.com\/wp-content\/uploads\/2025\/09\/Platinum-Diamond-Gel-Nail-Polish-Bulk-3-14x12.webp 14w, https:\/\/www.fsyougel.com\/wp-content\/uploads\/2025\/09\/Platinum-Diamond-Gel-Nail-Polish-Bulk-3-1200x1012.webp 1200w, https:\/\/www.fsyougel.com\/wp-content\/uploads\/2025\/09\/Platinum-Diamond-Gel-Nail-Polish-Bulk-3-600x506.webp 600w\" sizes=\"(max-width: 5500px) 100vw, 5500px\" \/><\/figure>","protected":false},"excerpt":{"rendered":"<p data-start=\"398\" data-end=\"682\">C\u00e9l\u00e9brez No\u00ebl avec notre masse de vernis \u00e0 ongles en gel platine diamant\u00e9e, comprenant 24 teintes festives - des rouges \u00e9tincelants, des verts et des paillettes d'or. Formule sans HEMA ni TPO. Contactez-nous d\u00e8s aujourd'hui pour un service OEM\/ODM et demandez vos \u00e9chantillons gratuits !<\/p>\n<table border=\"0\" width=\"854\" cellspacing=\"0\" cellpadding=\"0\">\n<tbody>\n<tr>\n<td width=\"257\" height=\"44\">Marque<\/td>\n<td width=\"597\">YouGel<\/td>\n<\/tr>\n<tr>\n<td width=\"257\" height=\"44\">Type de produit<\/td>\n<td width=\"597\">UV\/LED de trempage<\/td>\n<\/tr>\n<tr>\n<td width=\"257\" height=\"44\">Mat\u00e9riau<\/td>\n<td width=\"597\">R\u00e9sine<\/td>\n<\/tr>\n<tr>\n<td width=\"257\" height=\"44\">Couleur<\/td>\n<td width=\"597\">24 Couleurs<\/td>\n<\/tr>\n<tr>\n<td width=\"257\" height=\"44\">Volume<\/td>\n<td width=\"597\">15ml, 1kg<\/td>\n<\/tr>\n<tr>\n<td width=\"257\" height=\"44\">S\u00e9curit\u00e9<\/td>\n<td width=\"597\">Sans TPO, sans HEMA, non toxique, MSDS disponible<\/td>\n<\/tr>\n<tr>\n<td width=\"257\" height=\"44\">MOQ<\/td>\n<td width=\"597\">Faible MOQ<\/td>\n<\/tr>\n<tr>\n<td width=\"257\" height=\"44\">\u00c9chantillon gratuit<\/td>\n<td width=\"597\">Disponible<\/td>\n<\/tr>\n<tr>\n<td width=\"257\" height=\"82\">Option personnalis\u00e9e<\/td>\n<td width=\"597\">Services OEM\/ODM, prise en charge des logos, \u00e9tiquettes et emballages personnalis\u00e9s<\/td>\n<\/tr>\n<\/tbody>\n<\/table>\n<h2 class=\"brxe-heading\">Du fabricant de vernis en gel<\/h2>\n<p><a href=\"https:\/\/www.fsyougel.com\/fr\/\"><strong>YouGel<\/strong><\/a> est un fabricant de vernis en gel de confiance, qui propose des couches de base en gel de haute qualit\u00e9 adapt\u00e9es aux ongles UV\/LED. Nos produits sont con\u00e7us pour garantir une application en douceur, une tenue longue dur\u00e9e et un retrait facile.<\/p>","protected":false},"featured_media":1163,"comment_status":"closed","ping_status":"closed","template":"","meta":{"_acf_changed":false},"product_brand":[],"product_cat":[19,27],"product_tag":[],"class_list":{"0":"post-1161","1":"product","2":"type-product","3":"status-publish","4":"has-post-thumbnail","6":"product_cat-gel-polish-color-wholesale","7":"product_cat-new-gel-polish-collection","9":"first","10":"instock","11":"shipping-taxable","12":"product-type-simple"},"acf":[],"_links":{"self":[{"href":"https:\/\/www.fsyougel.com\/fr\/wp-json\/wp\/v2\/product\/1161","targetHints":{"allow":["GET"]}}],"collection":[{"href":"https:\/\/www.fsyougel.com\/fr\/wp-json\/wp\/v2\/product"}],"about":[{"href":"https:\/\/www.fsyougel.com\/fr\/wp-json\/wp\/v2\/types\/product"}],"replies":[{"embeddable":true,"href":"https:\/\/www.fsyougel.com\/fr\/wp-json\/wp\/v2\/comments?post=1161"}],"wp:featuredmedia":[{"embeddable":true,"href":"https:\/\/www.fsyougel.com\/fr\/wp-json\/wp\/v2\/media\/1163"}],"wp:attachment":[{"href":"https:\/\/www.fsyougel.com\/fr\/wp-json\/wp\/v2\/media?parent=1161"}],"wp:term":[{"taxonomy":"product_brand","embeddable":true,"href":"https:\/\/www.fsyougel.com\/fr\/wp-json\/wp\/v2\/product_brand?post=1161"},{"taxonomy":"product_cat","embeddable":true,"href":"https:\/\/www.fsyougel.com\/fr\/wp-json\/wp\/v2\/product_cat?post=1161"},{"taxonomy":"product_tag","embeddable":true,"href":"https:\/\/www.fsyougel.com\/fr\/wp-json\/wp\/v2\/product_tag?post=1161"}],"curies":[{"name":"wp","href":"https:\/\/api.w.org\/{rel}","templated":true}]}}