{"id":1217,"date":"2025-10-24T08:26:09","date_gmt":"2025-10-24T08:26:09","guid":{"rendered":"https:\/\/www.fsyougel.com\/?post_type=product&#038;p=1217"},"modified":"2025-10-24T08:46:42","modified_gmt":"2025-10-24T08:46:42","slug":"seashell-top-coat-nail-supply","status":"publish","type":"product","link":"https:\/\/www.fsyougel.com\/fr\/produit\/seashell-top-coat-nail-supply\/","title":{"rendered":"Seashell Top Coat Nail Supply, sans HEMA, sans TPO Gel Top Coat Factory"},"content":{"rendered":"<div class=\"wp-block-columns is-layout-flex wp-container-core-columns-is-layout-9d6595d7 wp-block-columns-is-layout-flex\">\n<div class=\"wp-block-column is-layout-flow wp-block-column-is-layout-flow\">\n<h2 class=\"wp-block-heading\">Seashell Top Coat Nail Supply Caract\u00e9ristiques :<\/h2>\n\n\n\n<ul class=\"wp-block-list\">\n<li><strong>Seashell Iridescent Finish :<\/strong> Cr\u00e9e un \u00e9clat unique et nacr\u00e9 qui rehausse toute couleur de vernis gel, offrant un aspect luxueux et tendance pour les manucures de qualit\u00e9 sup\u00e9rieure.<\/li>\n\n\n\n<li><strong>Formule sans HEMA et sans TPO :<\/strong> Con\u00e7ue pour la s\u00e9curit\u00e9 et le confort, cette formulation minimise les r\u00e9actions allergiques et est douce m\u00eame pour les peaux sensibles.<\/li>\n\n\n\n<li><strong>Haute brillance et r\u00e9sistance aux rayures :<\/strong> Offre une brillance semblable \u00e0 celle du verre qui dure des semaines tout en r\u00e9sistant aux rayures, \u00e0 la d\u00e9coloration et au jaunissement.<\/li>\n\n\n\n<li><strong>Durcissement rapide et application en douceur :<\/strong> Fonctionne en toute transparence avec tous les syst\u00e8mes LED\/UV, offrant une texture lisse et auto-nivelante pour des r\u00e9sultats professionnels rapides.<\/li>\n\n\n\n<li><strong>Couche de protection durable :<\/strong> Scelle la couleur, pr\u00e9vient l'\u00e9caillage et prolonge la dur\u00e9e de vie des manucures, ce qui en fait un produit id\u00e9al pour les salons de coiffure et la vente au d\u00e9tail.<\/li>\n\n\n\n<li><strong>Support OEM\/ODM :<\/strong> En tant que professionnel <strong>top coat coquillage nail supply<\/strong> En tant que fabricant, nous proposons la personnalisation de marques priv\u00e9es, un service de conception gratuit et des quotas flexibles pour aider votre marque \u00e0 se d\u00e9marquer.<\/li>\n<\/ul>\n<\/div>\n\n\n\n<div class=\"wp-block-column is-layout-flow wp-block-column-is-layout-flow\">\n<figure class=\"wp-block-image size-full\"><img decoding=\"async\" width=\"1500\" height=\"1500\" src=\"https:\/\/www.fsyougel.com\/wp-content\/uploads\/2025\/10\/Seashell-Top-Coat-Nail-Supply-1.webp\" alt=\"Seashell Top Coat Nail Supply (1)\" class=\"wp-image-1218\" srcset=\"https:\/\/www.fsyougel.com\/wp-content\/uploads\/2025\/10\/Seashell-Top-Coat-Nail-Supply-1.webp 1500w, https:\/\/www.fsyougel.com\/wp-content\/uploads\/2025\/10\/Seashell-Top-Coat-Nail-Supply-1-300x300.webp 300w, https:\/\/www.fsyougel.com\/wp-content\/uploads\/2025\/10\/Seashell-Top-Coat-Nail-Supply-1-150x150.webp 150w, https:\/\/www.fsyougel.com\/wp-content\/uploads\/2025\/10\/Seashell-Top-Coat-Nail-Supply-1-768x768.webp 768w, https:\/\/www.fsyougel.com\/wp-content\/uploads\/2025\/10\/Seashell-Top-Coat-Nail-Supply-1-12x12.webp 12w, https:\/\/www.fsyougel.com\/wp-content\/uploads\/2025\/10\/Seashell-Top-Coat-Nail-Supply-1-1200x1200.webp 1200w, https:\/\/www.fsyougel.com\/wp-content\/uploads\/2025\/10\/Seashell-Top-Coat-Nail-Supply-1-600x600.webp 600w, https:\/\/www.fsyougel.com\/wp-content\/uploads\/2025\/10\/Seashell-Top-Coat-Nail-Supply-1-100x100.webp 100w\" sizes=\"(max-width: 1500px) 100vw, 1500px\" \/><\/figure>\n<\/div>\n<\/div>\n\n\n\n<figure class=\"wp-block-image size-full\"><img decoding=\"async\" width=\"6960\" height=\"4640\" src=\"https:\/\/www.fsyougel.com\/wp-content\/uploads\/2025\/10\/Seashell-Top-Coat-Nail-Supply-Factory.webp\" alt=\"Seashell Top Coat Nail Supply Factory\" class=\"wp-image-1221\" srcset=\"https:\/\/www.fsyougel.com\/wp-content\/uploads\/2025\/10\/Seashell-Top-Coat-Nail-Supply-Factory.webp 6960w, https:\/\/www.fsyougel.com\/wp-content\/uploads\/2025\/10\/Seashell-Top-Coat-Nail-Supply-Factory-300x200.webp 300w, https:\/\/www.fsyougel.com\/wp-content\/uploads\/2025\/10\/Seashell-Top-Coat-Nail-Supply-Factory-768x512.webp 768w, https:\/\/www.fsyougel.com\/wp-content\/uploads\/2025\/10\/Seashell-Top-Coat-Nail-Supply-Factory-18x12.webp 18w, https:\/\/www.fsyougel.com\/wp-content\/uploads\/2025\/10\/Seashell-Top-Coat-Nail-Supply-Factory-1200x800.webp 1200w, https:\/\/www.fsyougel.com\/wp-content\/uploads\/2025\/10\/Seashell-Top-Coat-Nail-Supply-Factory-600x400.webp 600w\" sizes=\"(max-width: 6960px) 100vw, 6960px\" \/><\/figure>","protected":false},"excerpt":{"rendered":"<p data-start=\"92\" data-end=\"275\">D\u00e9couvrez l'\u00e9clat de notre <strong data-start=\"225\" data-end=\"258\">top coat coquillage nail supply<\/strong>Ce vernis de finition a \u00e9t\u00e9 sp\u00e9cialement con\u00e7u pour les salons de manucure professionnels et les marques de produits pour les ongles des \u00e9quipementiers. Ce top coat offre une finition lumineuse, semblable \u00e0 celle d'un coquillage, avec une protection avanc\u00e9e et une brillance longue dur\u00e9e.<\/p>\n<table border=\"0\" width=\"854\" cellspacing=\"0\" cellpadding=\"0\">\n<tbody>\n<tr>\n<td width=\"257\" height=\"44\">Marque<\/td>\n<td width=\"597\">YouGel<\/td>\n<\/tr>\n<tr>\n<td width=\"257\" height=\"44\">Lieu d'origine<\/td>\n<td width=\"597\">Guangdong, Chine<\/td>\n<\/tr>\n<tr>\n<td width=\"257\" height=\"44\">Type de produit<\/td>\n<td width=\"597\">UV\/LED de trempage<\/td>\n<\/tr>\n<tr>\n<td width=\"257\" height=\"44\">Mat\u00e9riau<\/td>\n<td width=\"597\">R\u00e9sine<\/td>\n<\/tr>\n<tr>\n<td width=\"257\" height=\"44\">Couleur<\/td>\n<td width=\"597\">Blanc, noir<\/td>\n<\/tr>\n<tr>\n<td width=\"257\" height=\"44\">Volume<\/td>\n<td width=\"597\">15ml, 1kg<\/td>\n<\/tr>\n<tr>\n<td width=\"257\" height=\"44\">S\u00e9curit\u00e9<\/td>\n<td width=\"597\">Sans HEMA, sans TPO, non toxique, MSDS disponible<\/td>\n<\/tr>\n<tr>\n<td width=\"257\" height=\"44\">MOQ<\/td>\n<td width=\"597\">Faible MOQ<\/td>\n<\/tr>\n<tr>\n<td width=\"257\" height=\"44\">\u00c9chantillon gratuit<\/td>\n<td width=\"597\">Disponible<\/td>\n<\/tr>\n<tr>\n<td width=\"257\" height=\"82\">Option personnalis\u00e9e<\/td>\n<td width=\"597\">Services OEM\/ODM, prise en charge des logos, \u00e9tiquettes et emballages personnalis\u00e9s<\/td>\n<\/tr>\n<\/tbody>\n<\/table>\n<h2 class=\"brxe-heading\">Du fabricant de Gel Top Coat<\/h2>\n<p>YouGel est un fabricant de vernis de finition en gel de confiance, qui propose des vernis de base en gel de haute qualit\u00e9 adapt\u00e9s aux ongles UV\/LED. Nos produits sont con\u00e7us pour garantir une application en douceur, une tenue longue dur\u00e9e et une absorption facile.<\/p>","protected":false},"featured_media":1220,"comment_status":"closed","ping_status":"closed","template":"","meta":{"_acf_changed":false},"product_brand":[],"product_cat":[18],"product_tag":[],"class_list":{"0":"post-1217","1":"product","2":"type-product","3":"status-publish","4":"has-post-thumbnail","6":"product_cat-top-coat-wholesale","8":"first","9":"instock","10":"shipping-taxable","11":"product-type-simple"},"acf":[],"_links":{"self":[{"href":"https:\/\/www.fsyougel.com\/fr\/wp-json\/wp\/v2\/product\/1217","targetHints":{"allow":["GET"]}}],"collection":[{"href":"https:\/\/www.fsyougel.com\/fr\/wp-json\/wp\/v2\/product"}],"about":[{"href":"https:\/\/www.fsyougel.com\/fr\/wp-json\/wp\/v2\/types\/product"}],"replies":[{"embeddable":true,"href":"https:\/\/www.fsyougel.com\/fr\/wp-json\/wp\/v2\/comments?post=1217"}],"wp:featuredmedia":[{"embeddable":true,"href":"https:\/\/www.fsyougel.com\/fr\/wp-json\/wp\/v2\/media\/1220"}],"wp:attachment":[{"href":"https:\/\/www.fsyougel.com\/fr\/wp-json\/wp\/v2\/media?parent=1217"}],"wp:term":[{"taxonomy":"product_brand","embeddable":true,"href":"https:\/\/www.fsyougel.com\/fr\/wp-json\/wp\/v2\/product_brand?post=1217"},{"taxonomy":"product_cat","embeddable":true,"href":"https:\/\/www.fsyougel.com\/fr\/wp-json\/wp\/v2\/product_cat?post=1217"},{"taxonomy":"product_tag","embeddable":true,"href":"https:\/\/www.fsyougel.com\/fr\/wp-json\/wp\/v2\/product_tag?post=1217"}],"curies":[{"name":"wp","href":"https:\/\/api.w.org\/{rel}","templated":true}]}}