{"id":1228,"date":"2025-10-24T09:34:32","date_gmt":"2025-10-24T09:34:32","guid":{"rendered":"https:\/\/www.fsyougel.com\/?post_type=product&#038;p=1228"},"modified":"2025-10-24T09:55:37","modified_gmt":"2025-10-24T09:55:37","slug":"non-stick-powder-matte-top-coat-bulk","status":"publish","type":"product","link":"https:\/\/www.fsyougel.com\/fr\/produit\/non-stick-powder-matte-top-coat-bulk\/","title":{"rendered":"Top coat mat antiadh\u00e9sif en vrac, sans TPO, sans essuyage Fournisseur de gel pour ongles"},"content":{"rendered":"<div class=\"wp-block-columns is-layout-flex wp-container-core-columns-is-layout-9d6595d7 wp-block-columns-is-layout-flex\">\n<div class=\"wp-block-column is-layout-flow wp-block-column-is-layout-flow\">\n<h2 class=\"wp-block-heading\">Caract\u00e9ristiques du top coat mat antiadh\u00e9sif en poudre :<\/h2>\n\n\n\n<ul class=\"wp-block-list\">\n<li><strong>Finition mate haut de gamme :<\/strong> Finition mate douce et antiadh\u00e9sive qui met en valeur les couleurs des vernis gel et des d\u00e9corations pour ongles.<\/li>\n\n\n\n<li><strong>Formule sans HEMA et sans TPO : <\/strong>Doux pour les ongles sensibles, \u00e9limine les r\u00e9actions allergiques et garantit des r\u00e9sultats professionnels.<\/li>\n\n\n\n<li><strong>Pratique sans essuyage : <\/strong>Facile \u00e0 appliquer, sans avoir \u00e0 essuyer les couches collantes, ce qui fait gagner du temps aux techniciens en onglerie.<\/li>\n\n\n\n<li><strong>Durabilit\u00e9 \u00e0 long terme :<\/strong> Prot\u00e8ge les ongles contre les \u00e9clats, les rayures et la d\u00e9coloration, pour une longue tenue.<\/li>\n\n\n\n<li>Notre rev\u00eatement mat en poudre antiadh\u00e9sif en vrac est id\u00e9al pour les distributeurs, les salons et les entreprises de marques priv\u00e9es. Solutions d'emballage polyvalentes, consultation gratuite en mati\u00e8re de conception et faible quantit\u00e9 minimale de commande disponible.<\/li>\n<\/ul>\n<\/div>\n\n\n\n<div class=\"wp-block-column is-layout-flow wp-block-column-is-layout-flow\">\n<figure class=\"wp-block-image size-full\"><img decoding=\"async\" width=\"1500\" height=\"1500\" src=\"https:\/\/www.fsyougel.com\/wp-content\/uploads\/2025\/10\/Non-Stick-Powder-Matte-Top-Coat-in-Bulk-3.webp\" alt=\"Top coat mat antiadh\u00e9sif en vrac (3)\" class=\"wp-image-1230\" srcset=\"https:\/\/www.fsyougel.com\/wp-content\/uploads\/2025\/10\/Non-Stick-Powder-Matte-Top-Coat-in-Bulk-3.webp 1500w, https:\/\/www.fsyougel.com\/wp-content\/uploads\/2025\/10\/Non-Stick-Powder-Matte-Top-Coat-in-Bulk-3-300x300.webp 300w, https:\/\/www.fsyougel.com\/wp-content\/uploads\/2025\/10\/Non-Stick-Powder-Matte-Top-Coat-in-Bulk-3-150x150.webp 150w, https:\/\/www.fsyougel.com\/wp-content\/uploads\/2025\/10\/Non-Stick-Powder-Matte-Top-Coat-in-Bulk-3-768x768.webp 768w, https:\/\/www.fsyougel.com\/wp-content\/uploads\/2025\/10\/Non-Stick-Powder-Matte-Top-Coat-in-Bulk-3-12x12.webp 12w, https:\/\/www.fsyougel.com\/wp-content\/uploads\/2025\/10\/Non-Stick-Powder-Matte-Top-Coat-in-Bulk-3-1200x1200.webp 1200w, https:\/\/www.fsyougel.com\/wp-content\/uploads\/2025\/10\/Non-Stick-Powder-Matte-Top-Coat-in-Bulk-3-600x600.webp 600w, https:\/\/www.fsyougel.com\/wp-content\/uploads\/2025\/10\/Non-Stick-Powder-Matte-Top-Coat-in-Bulk-3-100x100.webp 100w\" sizes=\"(max-width: 1500px) 100vw, 1500px\" \/><\/figure>\n<\/div>\n<\/div>\n\n\n\n<div class=\"wp-block-columns is-layout-flex wp-container-core-columns-is-layout-9d6595d7 wp-block-columns-is-layout-flex\">\n<div class=\"wp-block-column is-layout-flow wp-block-column-is-layout-flow\">\n<figure class=\"wp-block-image size-full\"><img decoding=\"async\" width=\"1500\" height=\"1500\" src=\"https:\/\/www.fsyougel.com\/wp-content\/uploads\/2025\/10\/Non-Stick-Powder-Matte-Top-Coat-in-Bulk-4.webp\" alt=\"Top coat mat antiadh\u00e9sif en vrac (4)\" class=\"wp-image-1231\" srcset=\"https:\/\/www.fsyougel.com\/wp-content\/uploads\/2025\/10\/Non-Stick-Powder-Matte-Top-Coat-in-Bulk-4.webp 1500w, https:\/\/www.fsyougel.com\/wp-content\/uploads\/2025\/10\/Non-Stick-Powder-Matte-Top-Coat-in-Bulk-4-300x300.webp 300w, https:\/\/www.fsyougel.com\/wp-content\/uploads\/2025\/10\/Non-Stick-Powder-Matte-Top-Coat-in-Bulk-4-150x150.webp 150w, https:\/\/www.fsyougel.com\/wp-content\/uploads\/2025\/10\/Non-Stick-Powder-Matte-Top-Coat-in-Bulk-4-768x768.webp 768w, https:\/\/www.fsyougel.com\/wp-content\/uploads\/2025\/10\/Non-Stick-Powder-Matte-Top-Coat-in-Bulk-4-12x12.webp 12w, https:\/\/www.fsyougel.com\/wp-content\/uploads\/2025\/10\/Non-Stick-Powder-Matte-Top-Coat-in-Bulk-4-1200x1200.webp 1200w, https:\/\/www.fsyougel.com\/wp-content\/uploads\/2025\/10\/Non-Stick-Powder-Matte-Top-Coat-in-Bulk-4-600x600.webp 600w, https:\/\/www.fsyougel.com\/wp-content\/uploads\/2025\/10\/Non-Stick-Powder-Matte-Top-Coat-in-Bulk-4-100x100.webp 100w\" sizes=\"(max-width: 1500px) 100vw, 1500px\" \/><\/figure>\n<\/div>\n\n\n\n<div class=\"wp-block-column is-layout-flow wp-block-column-is-layout-flow\">\n<figure class=\"wp-block-image size-full\"><img decoding=\"async\" width=\"1500\" height=\"1500\" src=\"https:\/\/www.fsyougel.com\/wp-content\/uploads\/2025\/10\/Non-Stick-Powder-Matte-Top-Coat-in-Bulk-8.webp\" alt=\"Top coat mat antiadh\u00e9sif en vrac (8)\" class=\"wp-image-1235\" srcset=\"https:\/\/www.fsyougel.com\/wp-content\/uploads\/2025\/10\/Non-Stick-Powder-Matte-Top-Coat-in-Bulk-8.webp 1500w, https:\/\/www.fsyougel.com\/wp-content\/uploads\/2025\/10\/Non-Stick-Powder-Matte-Top-Coat-in-Bulk-8-300x300.webp 300w, https:\/\/www.fsyougel.com\/wp-content\/uploads\/2025\/10\/Non-Stick-Powder-Matte-Top-Coat-in-Bulk-8-150x150.webp 150w, https:\/\/www.fsyougel.com\/wp-content\/uploads\/2025\/10\/Non-Stick-Powder-Matte-Top-Coat-in-Bulk-8-768x768.webp 768w, https:\/\/www.fsyougel.com\/wp-content\/uploads\/2025\/10\/Non-Stick-Powder-Matte-Top-Coat-in-Bulk-8-12x12.webp 12w, https:\/\/www.fsyougel.com\/wp-content\/uploads\/2025\/10\/Non-Stick-Powder-Matte-Top-Coat-in-Bulk-8-1200x1200.webp 1200w, https:\/\/www.fsyougel.com\/wp-content\/uploads\/2025\/10\/Non-Stick-Powder-Matte-Top-Coat-in-Bulk-8-600x600.webp 600w, https:\/\/www.fsyougel.com\/wp-content\/uploads\/2025\/10\/Non-Stick-Powder-Matte-Top-Coat-in-Bulk-8-100x100.webp 100w\" sizes=\"(max-width: 1500px) 100vw, 1500px\" \/><\/figure>\n<\/div>\n<\/div>","protected":false},"excerpt":{"rendered":"<p data-start=\"92\" data-end=\"275\">Am\u00e9liorez vos services de manucure gr\u00e2ce \u00e0 notre top coat mat en poudre antiadh\u00e9sif sans TPO, sp\u00e9cialement formul\u00e9 pour les salons professionnels, les distributeurs et les marques OEM. Profitez d'un fini mat lisse et durable sans r\u00e9sidus collants.<\/p>\n<table border=\"0\" width=\"854\" cellspacing=\"0\" cellpadding=\"0\">\n<tbody>\n<tr>\n<td width=\"257\" height=\"44\">Marque<\/td>\n<td width=\"597\">YouGel<\/td>\n<\/tr>\n<tr>\n<td width=\"257\" height=\"44\">Num\u00e9ro de mod\u00e8le<\/td>\n<td width=\"597\">MT01<\/td>\n<\/tr>\n<tr>\n<td width=\"257\" height=\"44\">Type de produit<\/td>\n<td width=\"597\">UV\/LED de trempage<\/td>\n<\/tr>\n<tr>\n<td width=\"257\" height=\"44\">Mat\u00e9riau<\/td>\n<td width=\"597\">R\u00e9sine<\/td>\n<\/tr>\n<tr>\n<td width=\"257\" height=\"44\">Couleur<\/td>\n<td width=\"597\">Clair<\/td>\n<\/tr>\n<tr>\n<td width=\"257\" height=\"44\">Volume<\/td>\n<td width=\"597\">15ml<\/td>\n<\/tr>\n<tr>\n<td width=\"257\" height=\"44\">S\u00e9curit\u00e9<\/td>\n<td width=\"597\">Sans HEMA, sans TPO, non toxique, MSDS disponible<\/td>\n<\/tr>\n<tr>\n<td width=\"257\" height=\"44\">MOQ<\/td>\n<td width=\"597\">Faible MOQ<\/td>\n<\/tr>\n<tr>\n<td width=\"257\" height=\"44\">\u00c9chantillon gratuit<\/td>\n<td width=\"597\">Disponible<\/td>\n<\/tr>\n<tr>\n<td width=\"257\" height=\"82\">Option personnalis\u00e9e<\/td>\n<td width=\"597\">Services OEM\/ODM, prise en charge des logos, \u00e9tiquettes et emballages personnalis\u00e9s<\/td>\n<\/tr>\n<\/tbody>\n<\/table>\n<h2 class=\"brxe-heading\">Du fabricant de Gel Top Coat<\/h2>\n<p>YouGel est un fabricant de vernis de finition en gel de confiance, qui propose des vernis de base en gel de haute qualit\u00e9 adapt\u00e9s aux ongles UV\/LED. Nos produits sont con\u00e7us pour garantir une application en douceur, une tenue longue dur\u00e9e et une absorption facile.<\/p>","protected":false},"featured_media":1232,"comment_status":"closed","ping_status":"closed","template":"","meta":{"_acf_changed":false},"product_brand":[],"product_cat":[18],"product_tag":[],"class_list":{"0":"post-1228","1":"product","2":"type-product","3":"status-publish","4":"has-post-thumbnail","6":"product_cat-top-coat-wholesale","8":"first","9":"instock","10":"shipping-taxable","11":"product-type-simple"},"acf":[],"_links":{"self":[{"href":"https:\/\/www.fsyougel.com\/fr\/wp-json\/wp\/v2\/product\/1228","targetHints":{"allow":["GET"]}}],"collection":[{"href":"https:\/\/www.fsyougel.com\/fr\/wp-json\/wp\/v2\/product"}],"about":[{"href":"https:\/\/www.fsyougel.com\/fr\/wp-json\/wp\/v2\/types\/product"}],"replies":[{"embeddable":true,"href":"https:\/\/www.fsyougel.com\/fr\/wp-json\/wp\/v2\/comments?post=1228"}],"wp:featuredmedia":[{"embeddable":true,"href":"https:\/\/www.fsyougel.com\/fr\/wp-json\/wp\/v2\/media\/1232"}],"wp:attachment":[{"href":"https:\/\/www.fsyougel.com\/fr\/wp-json\/wp\/v2\/media?parent=1228"}],"wp:term":[{"taxonomy":"product_brand","embeddable":true,"href":"https:\/\/www.fsyougel.com\/fr\/wp-json\/wp\/v2\/product_brand?post=1228"},{"taxonomy":"product_cat","embeddable":true,"href":"https:\/\/www.fsyougel.com\/fr\/wp-json\/wp\/v2\/product_cat?post=1228"},{"taxonomy":"product_tag","embeddable":true,"href":"https:\/\/www.fsyougel.com\/fr\/wp-json\/wp\/v2\/product_tag?post=1228"}],"curies":[{"name":"wp","href":"https:\/\/api.w.org\/{rel}","templated":true}]}}