{"id":1246,"date":"2025-10-28T08:02:52","date_gmt":"2025-10-28T08:02:52","guid":{"rendered":"https:\/\/www.fsyougel.com\/?post_type=product&#038;p=1246"},"modified":"2025-10-28T08:46:03","modified_gmt":"2025-10-28T08:46:03","slug":"solid-non-stick-hand-extension-gel-bulk","status":"publish","type":"product","link":"https:\/\/www.fsyougel.com\/fr\/produit\/solid-non-stick-hand-extension-gel-bulk\/","title":{"rendered":"Gel solide antiadh\u00e9sif pour extension des mains, vente en gros, gel thixotrope pour extension des ongles, 10 couleurs"},"content":{"rendered":"<div class=\"wp-block-columns is-layout-flex wp-container-core-columns-is-layout-9d6595d7 wp-block-columns-is-layout-flex\">\n<div class=\"wp-block-column is-layout-flow wp-block-column-is-layout-flow\">\n<div class=\"wp-block-columns is-layout-flex wp-container-core-columns-is-layout-9d6595d7 wp-block-columns-is-layout-flex\">\n<div class=\"wp-block-column is-layout-flow wp-block-column-is-layout-flow\">\n<h2 class=\"wp-block-heading\">Caract\u00e9ristiques du gel antiadh\u00e9sif solide pour extension de main vendu en gros :<\/h2>\n\n\n\n<ul class=\"wp-block-list\">\n<li><strong>Formule non collante<\/strong>: Texture lisse avec une excellente thixotropie \u2014 facile \u00e0 modeler sans coller aux pinceaux ou aux mains, garantissant une application propre et efficace.<\/li>\n\n\n\n<li><strong>Extension pratique pour les mains<\/strong>: Aucun formulaire papier n'est n\u00e9cessaire. Le gel peut \u00eatre press\u00e9 et model\u00e9 directement \u00e0 la main, ce qui rend l'extension des ongles plus rapide et plus facile pour les d\u00e9butants.<\/li>\n\n\n\n<li><strong>Haute plasticit\u00e9 et forte r\u00e9silience<\/strong>: Structure souple mais r\u00e9sistante, facile \u00e0 modeler pour r\u00e9aliser des motifs 3D sur les ongles ou des sculptures, qui conserve une forme parfaite apr\u00e8s durcissement.<\/li>\n\n\n\n<li><strong>Gel constructeur thixotrope<\/strong>: Devient souple \u00e0 l'application et s'\u00e9paissit lorsqu'il est statique \u2014 emp\u00eache les d\u00e9bordements et permet un contr\u00f4le pr\u00e9cis pendant la construction des ongles.<\/li>\n\n\n\n<li><strong>S\u00e9lection de 10 couleurs vives<\/strong>: Disponible en 10 couleurs tendance pour r\u00e9pondre aux divers besoins des salons et de personnalisation, convient pour cr\u00e9er des looks naturels ou cr\u00e9atifs pour les ongles.<\/li>\n\n\n\n<li><strong>Performances de niveau professionnel<\/strong>: Id\u00e9al pour les salons de manucure, les \u00e9coles d'esth\u00e9tique et les distributeurs de produits de nail art \u00e0 la recherche d'un gel de construction solide, antiadh\u00e9sif et de haute qualit\u00e9 \u00e0 prix de gros.<\/li>\n<\/ul>\n<\/div>\n\n\n\n<div class=\"wp-block-column is-layout-flow wp-block-column-is-layout-flow\">\n<figure class=\"wp-block-image size-full\"><img decoding=\"async\" width=\"1500\" height=\"1500\" src=\"https:\/\/www.fsyougel.com\/wp-content\/uploads\/2025\/10\/10-Colors-Solid-Non-Stick-Hand-Extension-Gel-Wholesale-1.webp\" alt=\"10 couleurs de gel antiadh\u00e9sif solide pour extension de main en gros (1)\" class=\"wp-image-1247\" srcset=\"https:\/\/www.fsyougel.com\/wp-content\/uploads\/2025\/10\/10-Colors-Solid-Non-Stick-Hand-Extension-Gel-Wholesale-1.webp 1500w, https:\/\/www.fsyougel.com\/wp-content\/uploads\/2025\/10\/10-Colors-Solid-Non-Stick-Hand-Extension-Gel-Wholesale-1-300x300.webp 300w, https:\/\/www.fsyougel.com\/wp-content\/uploads\/2025\/10\/10-Colors-Solid-Non-Stick-Hand-Extension-Gel-Wholesale-1-150x150.webp 150w, https:\/\/www.fsyougel.com\/wp-content\/uploads\/2025\/10\/10-Colors-Solid-Non-Stick-Hand-Extension-Gel-Wholesale-1-768x768.webp 768w, https:\/\/www.fsyougel.com\/wp-content\/uploads\/2025\/10\/10-Colors-Solid-Non-Stick-Hand-Extension-Gel-Wholesale-1-12x12.webp 12w, https:\/\/www.fsyougel.com\/wp-content\/uploads\/2025\/10\/10-Colors-Solid-Non-Stick-Hand-Extension-Gel-Wholesale-1-1200x1200.webp 1200w, https:\/\/www.fsyougel.com\/wp-content\/uploads\/2025\/10\/10-Colors-Solid-Non-Stick-Hand-Extension-Gel-Wholesale-1-600x600.webp 600w, https:\/\/www.fsyougel.com\/wp-content\/uploads\/2025\/10\/10-Colors-Solid-Non-Stick-Hand-Extension-Gel-Wholesale-1-100x100.webp 100w\" sizes=\"(max-width: 1500px) 100vw, 1500px\" \/><\/figure>\n<\/div>\n<\/div>\n<\/div>\n<\/div>\n\n\n\n<div class=\"wp-block-columns is-layout-flex wp-container-core-columns-is-layout-9d6595d7 wp-block-columns-is-layout-flex\">\n<div class=\"wp-block-column is-layout-flow wp-block-column-is-layout-flow\">\n<figure class=\"wp-block-image size-full\"><img decoding=\"async\" width=\"1500\" height=\"1500\" src=\"https:\/\/www.fsyougel.com\/wp-content\/uploads\/2025\/10\/Solid-Non-Stick-Hand-Extension-Gel-Wholesale-Supplier-yougel-2.webp\" alt=\"Fournisseur en gros de gel solide antiadh\u00e9sif pour extension de main - yougel (2)\" class=\"wp-image-1251\" srcset=\"https:\/\/www.fsyougel.com\/wp-content\/uploads\/2025\/10\/Solid-Non-Stick-Hand-Extension-Gel-Wholesale-Supplier-yougel-2.webp 1500w, https:\/\/www.fsyougel.com\/wp-content\/uploads\/2025\/10\/Solid-Non-Stick-Hand-Extension-Gel-Wholesale-Supplier-yougel-2-300x300.webp 300w, https:\/\/www.fsyougel.com\/wp-content\/uploads\/2025\/10\/Solid-Non-Stick-Hand-Extension-Gel-Wholesale-Supplier-yougel-2-150x150.webp 150w, https:\/\/www.fsyougel.com\/wp-content\/uploads\/2025\/10\/Solid-Non-Stick-Hand-Extension-Gel-Wholesale-Supplier-yougel-2-768x768.webp 768w, https:\/\/www.fsyougel.com\/wp-content\/uploads\/2025\/10\/Solid-Non-Stick-Hand-Extension-Gel-Wholesale-Supplier-yougel-2-12x12.webp 12w, https:\/\/www.fsyougel.com\/wp-content\/uploads\/2025\/10\/Solid-Non-Stick-Hand-Extension-Gel-Wholesale-Supplier-yougel-2-1200x1200.webp 1200w, https:\/\/www.fsyougel.com\/wp-content\/uploads\/2025\/10\/Solid-Non-Stick-Hand-Extension-Gel-Wholesale-Supplier-yougel-2-600x600.webp 600w, https:\/\/www.fsyougel.com\/wp-content\/uploads\/2025\/10\/Solid-Non-Stick-Hand-Extension-Gel-Wholesale-Supplier-yougel-2-100x100.webp 100w\" sizes=\"(max-width: 1500px) 100vw, 1500px\" \/><\/figure>\n<\/div>\n\n\n\n<div class=\"wp-block-column is-layout-flow wp-block-column-is-layout-flow\">\n<figure class=\"wp-block-image size-full\"><img decoding=\"async\" width=\"1500\" height=\"1500\" src=\"https:\/\/www.fsyougel.com\/wp-content\/uploads\/2025\/10\/Solid-Non-Stick-Hand-Extension-Gel-Wholesale-Supplier-yougel-3.webp\" alt=\"Fournisseur en gros de gel solide antiadh\u00e9sif pour extension de main - yougel (3)\" class=\"wp-image-1252\" srcset=\"https:\/\/www.fsyougel.com\/wp-content\/uploads\/2025\/10\/Solid-Non-Stick-Hand-Extension-Gel-Wholesale-Supplier-yougel-3.webp 1500w, https:\/\/www.fsyougel.com\/wp-content\/uploads\/2025\/10\/Solid-Non-Stick-Hand-Extension-Gel-Wholesale-Supplier-yougel-3-300x300.webp 300w, https:\/\/www.fsyougel.com\/wp-content\/uploads\/2025\/10\/Solid-Non-Stick-Hand-Extension-Gel-Wholesale-Supplier-yougel-3-150x150.webp 150w, https:\/\/www.fsyougel.com\/wp-content\/uploads\/2025\/10\/Solid-Non-Stick-Hand-Extension-Gel-Wholesale-Supplier-yougel-3-768x768.webp 768w, https:\/\/www.fsyougel.com\/wp-content\/uploads\/2025\/10\/Solid-Non-Stick-Hand-Extension-Gel-Wholesale-Supplier-yougel-3-12x12.webp 12w, https:\/\/www.fsyougel.com\/wp-content\/uploads\/2025\/10\/Solid-Non-Stick-Hand-Extension-Gel-Wholesale-Supplier-yougel-3-1200x1200.webp 1200w, https:\/\/www.fsyougel.com\/wp-content\/uploads\/2025\/10\/Solid-Non-Stick-Hand-Extension-Gel-Wholesale-Supplier-yougel-3-600x600.webp 600w, https:\/\/www.fsyougel.com\/wp-content\/uploads\/2025\/10\/Solid-Non-Stick-Hand-Extension-Gel-Wholesale-Supplier-yougel-3-100x100.webp 100w\" sizes=\"(max-width: 1500px) 100vw, 1500px\" \/><\/figure>\n<\/div>\n<\/div>\n\n\n\n<div class=\"wp-block-columns is-layout-flex wp-container-core-columns-is-layout-9d6595d7 wp-block-columns-is-layout-flex\">\n<div class=\"wp-block-column is-layout-flow wp-block-column-is-layout-flow\" style=\"flex-basis:25%\"><\/div>\n\n\n\n<div class=\"wp-block-column is-layout-flow wp-block-column-is-layout-flow\" style=\"flex-basis:50%\">\n<figure class=\"wp-block-image size-full\"><img decoding=\"async\" width=\"1500\" height=\"2000\" src=\"https:\/\/www.fsyougel.com\/wp-content\/uploads\/2025\/10\/Solid-Non-Stick-Hand-Extension-Gel-Wholesale-Supplier-yougel-7.webp\" alt=\"Fournisseur en gros de gel solide antiadh\u00e9sif pour extension de main - yougel (7)\" class=\"wp-image-1256\" srcset=\"https:\/\/www.fsyougel.com\/wp-content\/uploads\/2025\/10\/Solid-Non-Stick-Hand-Extension-Gel-Wholesale-Supplier-yougel-7.webp 1500w, https:\/\/www.fsyougel.com\/wp-content\/uploads\/2025\/10\/Solid-Non-Stick-Hand-Extension-Gel-Wholesale-Supplier-yougel-7-225x300.webp 225w, https:\/\/www.fsyougel.com\/wp-content\/uploads\/2025\/10\/Solid-Non-Stick-Hand-Extension-Gel-Wholesale-Supplier-yougel-7-768x1024.webp 768w, https:\/\/www.fsyougel.com\/wp-content\/uploads\/2025\/10\/Solid-Non-Stick-Hand-Extension-Gel-Wholesale-Supplier-yougel-7-9x12.webp 9w, https:\/\/www.fsyougel.com\/wp-content\/uploads\/2025\/10\/Solid-Non-Stick-Hand-Extension-Gel-Wholesale-Supplier-yougel-7-1200x1600.webp 1200w, https:\/\/www.fsyougel.com\/wp-content\/uploads\/2025\/10\/Solid-Non-Stick-Hand-Extension-Gel-Wholesale-Supplier-yougel-7-600x800.webp 600w\" sizes=\"(max-width: 1500px) 100vw, 1500px\" \/><\/figure>\n<\/div>\n\n\n\n<div class=\"wp-block-column is-layout-flow wp-block-column-is-layout-flow\" style=\"flex-basis:25%\"><\/div>\n<\/div>","protected":false},"excerpt":{"rendered":"<p>Bienvenue pour acheter nos produits en gros <strong data-start=\"155\" data-end=\"193\">gel solide antiadh\u00e9sif pour extension de main<\/strong>, id\u00e9al pour les salons de manucure professionnels et les distributeurs. Ce gel de construction thixotrope permet de r\u00e9aliser facilement des extensions manuelles, des sculptures 3D et offre une forte r\u00e9silience. Aucun formulaire papier n'est n\u00e9cessaire, l'application est facile et 10 couleurs vives sont disponibles pour des designs cr\u00e9atifs.<\/p>\n<table border=\"0\" width=\"854\" cellspacing=\"0\" cellpadding=\"0\">\n<tbody>\n<tr>\n<td width=\"257\" height=\"44\">Marque<\/td>\n<td width=\"597\">YouGel<\/td>\n<\/tr>\n<tr>\n<td width=\"257\" height=\"44\">Num\u00e9ro de mod\u00e8le<\/td>\n<td width=\"597\">BG01<\/td>\n<\/tr>\n<tr>\n<td width=\"257\" height=\"44\">Type de produit<\/td>\n<td width=\"597\">Gel UV\/LED \u00e0 dissoudre<\/td>\n<\/tr>\n<tr>\n<td width=\"257\" height=\"44\">Mat\u00e9riau<\/td>\n<td width=\"597\">Mati\u00e8re premi\u00e8re r\u00e9sine<\/td>\n<\/tr>\n<tr>\n<td width=\"257\" height=\"44\">Couleur<\/td>\n<td width=\"597\">10 couleurs<\/td>\n<\/tr>\n<tr>\n<td width=\"257\" height=\"44\">Volume<\/td>\n<td width=\"597\">15 g\/30 g\/50 g<\/td>\n<\/tr>\n<tr>\n<td width=\"257\" height=\"44\">S\u00e9curit\u00e9<\/td>\n<td width=\"597\">Sans HEMA, sans TPO, non toxique, MSDS disponible<\/td>\n<\/tr>\n<tr>\n<td width=\"257\" height=\"44\">MOQ<\/td>\n<td width=\"597\">Faible MOQ<\/td>\n<\/tr>\n<tr>\n<td width=\"257\" height=\"44\">\u00c9chantillon gratuit<\/td>\n<td width=\"597\">Disponible<\/td>\n<\/tr>\n<tr>\n<td width=\"257\" height=\"82\">Option personnalis\u00e9e<\/td>\n<td width=\"597\">Services OEM\/ODM, prise en charge des logos, \u00e9tiquettes et emballages personnalis\u00e9s<\/td>\n<\/tr>\n<\/tbody>\n<\/table>\n<h3 class=\"brxe-heading\">Fabricant de vernis \u00e0 ongles en gel<\/h3>\n<p><a href=\"https:\/\/www.fsyougel.com\/fr\/\"><strong>YouGel<\/strong><\/a>\u00a0est un fabricant de vernis \u00e0 ongles en gel de haute technologie qui propose des services de vente en gros, de marque priv\u00e9e et d'OEM\/ODM. Plus de 10 000 couleurs sans HEMA, v\u00e9g\u00e9taliennes et sans cruaut\u00e9, avec une application douce, une longue tenue et un retrait facile.<\/p>","protected":false},"featured_media":1248,"comment_status":"closed","ping_status":"closed","template":"","meta":{"_acf_changed":false},"product_brand":[],"product_cat":[20],"product_tag":[],"class_list":{"0":"post-1246","1":"product","2":"type-product","3":"status-publish","4":"has-post-thumbnail","6":"product_cat-nail-extension-gel-wholesale","8":"first","9":"instock","10":"shipping-taxable","11":"product-type-external"},"acf":[],"_links":{"self":[{"href":"https:\/\/www.fsyougel.com\/fr\/wp-json\/wp\/v2\/product\/1246","targetHints":{"allow":["GET"]}}],"collection":[{"href":"https:\/\/www.fsyougel.com\/fr\/wp-json\/wp\/v2\/product"}],"about":[{"href":"https:\/\/www.fsyougel.com\/fr\/wp-json\/wp\/v2\/types\/product"}],"replies":[{"embeddable":true,"href":"https:\/\/www.fsyougel.com\/fr\/wp-json\/wp\/v2\/comments?post=1246"}],"wp:featuredmedia":[{"embeddable":true,"href":"https:\/\/www.fsyougel.com\/fr\/wp-json\/wp\/v2\/media\/1248"}],"wp:attachment":[{"href":"https:\/\/www.fsyougel.com\/fr\/wp-json\/wp\/v2\/media?parent=1246"}],"wp:term":[{"taxonomy":"product_brand","embeddable":true,"href":"https:\/\/www.fsyougel.com\/fr\/wp-json\/wp\/v2\/product_brand?post=1246"},{"taxonomy":"product_cat","embeddable":true,"href":"https:\/\/www.fsyougel.com\/fr\/wp-json\/wp\/v2\/product_cat?post=1246"},{"taxonomy":"product_tag","embeddable":true,"href":"https:\/\/www.fsyougel.com\/fr\/wp-json\/wp\/v2\/product_tag?post=1246"}],"curies":[{"name":"wp","href":"https:\/\/api.w.org\/{rel}","templated":true}]}}