{"id":1259,"date":"2025-10-28T08:57:31","date_gmt":"2025-10-28T08:57:31","guid":{"rendered":"https:\/\/www.fsyougel.com\/?post_type=product&#038;p=1259"},"modified":"2025-10-28T09:30:52","modified_gmt":"2025-10-28T09:30:52","slug":"5-in-1-multi-functional-gel-supplier","status":"publish","type":"product","link":"https:\/\/www.fsyougel.com\/fr\/produit\/5-in-1-multi-functional-gel-supplier\/","title":{"rendered":"Fournisseur de gel multifonctionnel 5 en 1, couche de finition dure pour strass\/design 3D"},"content":{"rendered":"<div class=\"wp-block-columns is-layout-flex wp-container-core-columns-is-layout-9d6595d7 wp-block-columns-is-layout-flex\">\n<div class=\"wp-block-column is-layout-flow wp-block-column-is-layout-flow\">\n<h2 class=\"wp-block-heading\">Gel multifonctionnel 5 en 1 de marque priv\u00e9e Caract\u00e9ristiques :<\/h2>\n\n\n\n<ul class=\"wp-block-list\">\n<li><strong>100% Transparence et effet cristal : <\/strong>Ce gel multifonctionnel 5 en 1 personnalis\u00e9 offre une transparence ultra-claire, semblable \u00e0 celle du verre, id\u00e9ale pour les motifs de vernis \u00e0 ongles en 3D ou \u00e0 effet ondul\u00e9 avec une brillance \u00e9clatante.<\/li>\n\n\n\n<li><strong>Haute viscosit\u00e9 et forte adh\u00e9rence : <\/strong>Formul\u00e9 avec une super viscosit\u00e9 et une forte adh\u00e9rence, il maintient fermement les strass, les pierres pr\u00e9cieuses et les bijoux pour ongles en place sans qu'ils ne tombent.<\/li>\n\n\n\n<li><strong>Fonction de renforcement et de consolidation :<\/strong> Agit comme un gel fortifiant pour augmenter l'\u00e9paisseur des ongles et renforcer le lit de l'ongle afin de lui donner une forme arqu\u00e9e naturelle et esth\u00e9tique pour une meilleure durabilit\u00e9.<\/li>\n\n\n\n<li><strong>Finition sans essuyage et non collante : <\/strong>Peut \u00eatre utilis\u00e9 comme couche de finition dure sans essuyage ; plus \u00e9pais et plus dur que les couches de finition normales, il offre une protection lisse et brillante sans r\u00e9sidus collants.<\/li>\n\n\n\n<li><strong>Utilisation durable et polyvalente : <\/strong>Convient pour le moulage 3D, la d\u00e9coration en cristal ou le scellement des motifs sur les ongles. Offre une excellente durabilit\u00e9 et une brillance durable sous les lampes UV\/LED.<\/li>\n<\/ul>\n<\/div>\n\n\n\n<div class=\"wp-block-column is-layout-flow wp-block-column-is-layout-flow\">\n<figure class=\"wp-block-image size-full\"><img decoding=\"async\" width=\"1500\" height=\"1500\" src=\"https:\/\/www.fsyougel.com\/wp-content\/uploads\/2025\/10\/5-in-1-Multi-functional-Gel-Supplier-yougel-5.webp\" alt=\"Fournisseur de gel multifonctionnel 5 en 1 - yougel (5)\" class=\"wp-image-1264\" srcset=\"https:\/\/www.fsyougel.com\/wp-content\/uploads\/2025\/10\/5-in-1-Multi-functional-Gel-Supplier-yougel-5.webp 1500w, https:\/\/www.fsyougel.com\/wp-content\/uploads\/2025\/10\/5-in-1-Multi-functional-Gel-Supplier-yougel-5-300x300.webp 300w, https:\/\/www.fsyougel.com\/wp-content\/uploads\/2025\/10\/5-in-1-Multi-functional-Gel-Supplier-yougel-5-150x150.webp 150w, https:\/\/www.fsyougel.com\/wp-content\/uploads\/2025\/10\/5-in-1-Multi-functional-Gel-Supplier-yougel-5-768x768.webp 768w, https:\/\/www.fsyougel.com\/wp-content\/uploads\/2025\/10\/5-in-1-Multi-functional-Gel-Supplier-yougel-5-12x12.webp 12w, https:\/\/www.fsyougel.com\/wp-content\/uploads\/2025\/10\/5-in-1-Multi-functional-Gel-Supplier-yougel-5-1200x1200.webp 1200w, https:\/\/www.fsyougel.com\/wp-content\/uploads\/2025\/10\/5-in-1-Multi-functional-Gel-Supplier-yougel-5-600x600.webp 600w, https:\/\/www.fsyougel.com\/wp-content\/uploads\/2025\/10\/5-in-1-Multi-functional-Gel-Supplier-yougel-5-100x100.webp 100w\" sizes=\"(max-width: 1500px) 100vw, 1500px\" \/><\/figure>\n<\/div>\n<\/div>\n\n\n\n<p>En tant que professionnel <strong>Fournisseur de gel multifonctionnel 5 en 1<\/strong>, Nous proposons un gel renfor\u00e7ateur transparent et tr\u00e8s visqueux, id\u00e9al pour la fixation de strass, l'art 3D et la protection durable des ongles.<\/p>\n\n\n\n<div class=\"wp-block-columns is-layout-flex wp-container-core-columns-is-layout-9d6595d7 wp-block-columns-is-layout-flex\">\n<div class=\"wp-block-column is-layout-flow wp-block-column-is-layout-flow\">\n<figure class=\"wp-block-image size-full\"><img decoding=\"async\" width=\"1500\" height=\"1500\" src=\"https:\/\/www.fsyougel.com\/wp-content\/uploads\/2025\/10\/5-in-1-Multi-functional-Gel-Supplier-yougel-6.webp\" alt=\"Fournisseur de gel multifonctionnel 5 en 1 - yougel (6)\" class=\"wp-image-1265\" srcset=\"https:\/\/www.fsyougel.com\/wp-content\/uploads\/2025\/10\/5-in-1-Multi-functional-Gel-Supplier-yougel-6.webp 1500w, https:\/\/www.fsyougel.com\/wp-content\/uploads\/2025\/10\/5-in-1-Multi-functional-Gel-Supplier-yougel-6-300x300.webp 300w, https:\/\/www.fsyougel.com\/wp-content\/uploads\/2025\/10\/5-in-1-Multi-functional-Gel-Supplier-yougel-6-150x150.webp 150w, https:\/\/www.fsyougel.com\/wp-content\/uploads\/2025\/10\/5-in-1-Multi-functional-Gel-Supplier-yougel-6-768x768.webp 768w, https:\/\/www.fsyougel.com\/wp-content\/uploads\/2025\/10\/5-in-1-Multi-functional-Gel-Supplier-yougel-6-12x12.webp 12w, https:\/\/www.fsyougel.com\/wp-content\/uploads\/2025\/10\/5-in-1-Multi-functional-Gel-Supplier-yougel-6-1200x1200.webp 1200w, https:\/\/www.fsyougel.com\/wp-content\/uploads\/2025\/10\/5-in-1-Multi-functional-Gel-Supplier-yougel-6-600x600.webp 600w, https:\/\/www.fsyougel.com\/wp-content\/uploads\/2025\/10\/5-in-1-Multi-functional-Gel-Supplier-yougel-6-100x100.webp 100w\" sizes=\"(max-width: 1500px) 100vw, 1500px\" \/><\/figure>\n<\/div>\n\n\n\n<div class=\"wp-block-column is-layout-flow wp-block-column-is-layout-flow\">\n<figure class=\"wp-block-image size-full\"><img decoding=\"async\" width=\"1500\" height=\"1500\" src=\"https:\/\/www.fsyougel.com\/wp-content\/uploads\/2025\/10\/5-in-1-Multi-functional-Gel-Supplier-yougel-1.webp\" alt=\"Fournisseur de gel multifonctionnel 5 en 1 - yougel (1)\" class=\"wp-image-1260\" srcset=\"https:\/\/www.fsyougel.com\/wp-content\/uploads\/2025\/10\/5-in-1-Multi-functional-Gel-Supplier-yougel-1.webp 1500w, https:\/\/www.fsyougel.com\/wp-content\/uploads\/2025\/10\/5-in-1-Multi-functional-Gel-Supplier-yougel-1-300x300.webp 300w, https:\/\/www.fsyougel.com\/wp-content\/uploads\/2025\/10\/5-in-1-Multi-functional-Gel-Supplier-yougel-1-150x150.webp 150w, https:\/\/www.fsyougel.com\/wp-content\/uploads\/2025\/10\/5-in-1-Multi-functional-Gel-Supplier-yougel-1-768x768.webp 768w, https:\/\/www.fsyougel.com\/wp-content\/uploads\/2025\/10\/5-in-1-Multi-functional-Gel-Supplier-yougel-1-12x12.webp 12w, https:\/\/www.fsyougel.com\/wp-content\/uploads\/2025\/10\/5-in-1-Multi-functional-Gel-Supplier-yougel-1-1200x1200.webp 1200w, https:\/\/www.fsyougel.com\/wp-content\/uploads\/2025\/10\/5-in-1-Multi-functional-Gel-Supplier-yougel-1-600x600.webp 600w, https:\/\/www.fsyougel.com\/wp-content\/uploads\/2025\/10\/5-in-1-Multi-functional-Gel-Supplier-yougel-1-100x100.webp 100w\" sizes=\"(max-width: 1500px) 100vw, 1500px\" \/><\/figure>\n<\/div>\n<\/div>\n\n\n\n<p><\/p>","protected":false},"excerpt":{"rendered":"<p data-start=\"339\" data-end=\"623\">Bienvenue pour acheter nos produits en gros <strong data-start=\"169\" data-end=\"200\">Gel multifonctionnel 5 en 1<\/strong> provenant d'un fournisseur de confiance. Ce gel renfor\u00e7ateur cristallin \u00e0 haute viscosit\u00e9 est id\u00e9al pour fixer les strass, r\u00e9aliser des nail arts en 3D et obtenir une brillance longue dur\u00e9e. Profitez de prix d'usine, d'une personnalisation OEM et d'une livraison rapide pour des fournitures pour ongles de qualit\u00e9 professionnelle.<\/p>\n<table border=\"0\" width=\"854\" cellspacing=\"0\" cellpadding=\"0\">\n<tbody>\n<tr>\n<td width=\"257\" height=\"44\">Marque<\/td>\n<td width=\"597\">YouGel<\/td>\n<\/tr>\n<tr>\n<td width=\"257\" height=\"44\">Num\u00e9ro de mod\u00e8le<\/td>\n<td width=\"597\">TP03<\/td>\n<\/tr>\n<tr>\n<td width=\"257\" height=\"44\">Type de produit<\/td>\n<td width=\"597\">Gel de polissage UV\/LED<\/td>\n<\/tr>\n<tr>\n<td width=\"257\" height=\"44\">Mat\u00e9riau<\/td>\n<td width=\"597\">R\u00e9sine<\/td>\n<\/tr>\n<tr>\n<td width=\"257\" height=\"44\">Couleur<\/td>\n<td width=\"597\">Clair<\/td>\n<\/tr>\n<tr>\n<td width=\"257\" height=\"44\">Volume<\/td>\n<td width=\"597\">15ml<\/td>\n<\/tr>\n<tr>\n<td width=\"257\" height=\"44\">S\u00e9curit\u00e9<\/td>\n<td width=\"597\">Sans HEMA, sans TPO, non toxique, MSDS disponible<\/td>\n<\/tr>\n<tr>\n<td width=\"257\" height=\"44\">MOQ<\/td>\n<td width=\"597\">Faible MOQ<\/td>\n<\/tr>\n<tr>\n<td width=\"257\" height=\"44\">\u00c9chantillon gratuit<\/td>\n<td width=\"597\">Disponible<\/td>\n<\/tr>\n<tr>\n<td width=\"257\" height=\"82\">Option personnalis\u00e9e<\/td>\n<td width=\"597\">Services OEM\/ODM, prise en charge des logos, \u00e9tiquettes et emballages personnalis\u00e9s<\/td>\n<\/tr>\n<\/tbody>\n<\/table>\n<h3 class=\"brxe-heading\">Fabricant de vernis \u00e0 ongles en gel<\/h3>\n<p><a href=\"https:\/\/www.fsyougel.com\/fr\/\"><strong>YouGel<\/strong><\/a>\u00a0est un fabricant de vernis \u00e0 ongles en gel de haute technologie qui propose des services de vente en gros, de marque priv\u00e9e et d'OEM\/ODM. Plus de 10 000 couleurs sans HEMA, v\u00e9g\u00e9taliennes et sans cruaut\u00e9, avec une application douce, une longue tenue et un retrait facile.<\/p>","protected":false},"featured_media":1261,"comment_status":"closed","ping_status":"closed","template":"","meta":{"_acf_changed":false},"product_brand":[],"product_cat":[25],"product_tag":[],"class_list":{"0":"post-1259","1":"product","2":"type-product","3":"status-publish","4":"has-post-thumbnail","6":"product_cat-wholesale-function-gel","8":"first","9":"instock","10":"shipping-taxable","11":"product-type-simple"},"acf":[],"_links":{"self":[{"href":"https:\/\/www.fsyougel.com\/fr\/wp-json\/wp\/v2\/product\/1259","targetHints":{"allow":["GET"]}}],"collection":[{"href":"https:\/\/www.fsyougel.com\/fr\/wp-json\/wp\/v2\/product"}],"about":[{"href":"https:\/\/www.fsyougel.com\/fr\/wp-json\/wp\/v2\/types\/product"}],"replies":[{"embeddable":true,"href":"https:\/\/www.fsyougel.com\/fr\/wp-json\/wp\/v2\/comments?post=1259"}],"wp:featuredmedia":[{"embeddable":true,"href":"https:\/\/www.fsyougel.com\/fr\/wp-json\/wp\/v2\/media\/1261"}],"wp:attachment":[{"href":"https:\/\/www.fsyougel.com\/fr\/wp-json\/wp\/v2\/media?parent=1259"}],"wp:term":[{"taxonomy":"product_brand","embeddable":true,"href":"https:\/\/www.fsyougel.com\/fr\/wp-json\/wp\/v2\/product_brand?post=1259"},{"taxonomy":"product_cat","embeddable":true,"href":"https:\/\/www.fsyougel.com\/fr\/wp-json\/wp\/v2\/product_cat?post=1259"},{"taxonomy":"product_tag","embeddable":true,"href":"https:\/\/www.fsyougel.com\/fr\/wp-json\/wp\/v2\/product_tag?post=1259"}],"curies":[{"name":"wp","href":"https:\/\/api.w.org\/{rel}","templated":true}]}}