{"id":1266,"date":"2025-10-28T09:37:20","date_gmt":"2025-10-28T09:37:20","guid":{"rendered":"https:\/\/www.fsyougel.com\/?post_type=product&#038;p=1266"},"modified":"2025-10-28T09:53:51","modified_gmt":"2025-10-28T09:53:51","slug":"oem-15ml-acid-free-primer-for-gel-nails","status":"publish","type":"product","link":"https:\/\/www.fsyougel.com\/fr\/produit\/oem-15ml-acid-free-primer-for-gel-nails\/","title":{"rendered":"Appr\u00eat sans acide OEM 15 ml pour ongles en gel, fabricant de vernis \u00e0 ongles en gel sous marque priv\u00e9e"},"content":{"rendered":"<div class=\"wp-block-columns is-layout-flex wp-container-core-columns-is-layout-9d6595d7 wp-block-columns-is-layout-flex\">\n<div class=\"wp-block-column is-layout-flow wp-block-column-is-layout-flow\">\n<h2 class=\"wp-block-heading\">Appr\u00eat sans acide OEM pour ongles en gel Caract\u00e9ristiques :<\/h2>\n\n\n\n<ul class=\"wp-block-list\">\n<li><strong>S\u00e9chage rapide \u00e0 l'air, aucune lampe UV n\u00e9cessaire<\/strong>: Notre base sans acide unique pour ongles en gel s\u00e8che \u00e0 l'air en 15 \u00e0 20 secondes, ce qui permet de gagner du temps et de simplifier le travail en salon.<\/li>\n\n\n\n<li><strong>Adh\u00e9rence am\u00e9lior\u00e9e et longue dur\u00e9e :<\/strong> Adh\u00e8re efficacement \u00e0 l'ongle naturel et au gel UV pour une tenue plus longue, r\u00e9duisant ainsi le d\u00e9collement, le soul\u00e8vement et la s\u00e9paration pr\u00e9matur\u00e9e.<\/li>\n\n\n\n<li><strong>Effet d\u00e9graissant et d\u00e9sinfectant : <\/strong>\u00c9limine l'huile et les impuret\u00e9s de la surface de l'ongle afin de cr\u00e9er une couche de base parfaitement \u00e9quilibr\u00e9e pour une meilleure adh\u00e9rence.<\/li>\n\n\n\n<li><strong>Formule non toxique et douce : <\/strong>Sans acide, inodore et doux pour les ongles naturels, il offre une adh\u00e9rence durable sans endommager ni irriter le lit de l'ongle.<\/li>\n\n\n\n<li><strong>Assistance professionnelle OEM\/marque priv\u00e9e : <\/strong>Disponible pour la vente en gros et sous marque priv\u00e9e, id\u00e9al pour les marques de vernis \u00e0 ongles, les distributeurs et les fournisseurs de produits pour salons de beaut\u00e9.<\/li>\n<\/ul>\n<\/div>\n\n\n\n<div class=\"wp-block-column is-layout-flow wp-block-column-is-layout-flow\">\n<figure class=\"wp-block-image size-full\"><img decoding=\"async\" width=\"1500\" height=\"1500\" src=\"https:\/\/www.fsyougel.com\/wp-content\/uploads\/2025\/10\/Custom-Acid-Free-Primer-for-Gel-Nails-1.webp\" alt=\"Appr\u00eat sans acide personnalis\u00e9 pour ongles en gel (1)\" class=\"wp-image-1267\" srcset=\"https:\/\/www.fsyougel.com\/wp-content\/uploads\/2025\/10\/Custom-Acid-Free-Primer-for-Gel-Nails-1.webp 1500w, https:\/\/www.fsyougel.com\/wp-content\/uploads\/2025\/10\/Custom-Acid-Free-Primer-for-Gel-Nails-1-300x300.webp 300w, https:\/\/www.fsyougel.com\/wp-content\/uploads\/2025\/10\/Custom-Acid-Free-Primer-for-Gel-Nails-1-150x150.webp 150w, https:\/\/www.fsyougel.com\/wp-content\/uploads\/2025\/10\/Custom-Acid-Free-Primer-for-Gel-Nails-1-768x768.webp 768w, https:\/\/www.fsyougel.com\/wp-content\/uploads\/2025\/10\/Custom-Acid-Free-Primer-for-Gel-Nails-1-12x12.webp 12w, https:\/\/www.fsyougel.com\/wp-content\/uploads\/2025\/10\/Custom-Acid-Free-Primer-for-Gel-Nails-1-1200x1200.webp 1200w, https:\/\/www.fsyougel.com\/wp-content\/uploads\/2025\/10\/Custom-Acid-Free-Primer-for-Gel-Nails-1-600x600.webp 600w, https:\/\/www.fsyougel.com\/wp-content\/uploads\/2025\/10\/Custom-Acid-Free-Primer-for-Gel-Nails-1-100x100.webp 100w\" sizes=\"(max-width: 1500px) 100vw, 1500px\" \/><\/figure>\n<\/div>\n<\/div>\n\n\n\n<div class=\"wp-block-columns is-layout-flex wp-container-core-columns-is-layout-9d6595d7 wp-block-columns-is-layout-flex\">\n<div class=\"wp-block-column is-layout-flow wp-block-column-is-layout-flow\">\n<figure class=\"wp-block-image size-full\"><img decoding=\"async\" width=\"1500\" height=\"4300\" src=\"https:\/\/www.fsyougel.com\/wp-content\/uploads\/2025\/10\/Custom-Acid-Free-Primer-Manufacturer-yougel-2.webp\" alt=\"Fabricant d&#039;appr\u00eats sans acide personnalis\u00e9s - yougel (2)\" class=\"wp-image-1272\" srcset=\"https:\/\/www.fsyougel.com\/wp-content\/uploads\/2025\/10\/Custom-Acid-Free-Primer-Manufacturer-yougel-2.webp 1500w, https:\/\/www.fsyougel.com\/wp-content\/uploads\/2025\/10\/Custom-Acid-Free-Primer-Manufacturer-yougel-2-105x300.webp 105w, https:\/\/www.fsyougel.com\/wp-content\/uploads\/2025\/10\/Custom-Acid-Free-Primer-Manufacturer-yougel-2-768x2202.webp 768w, https:\/\/www.fsyougel.com\/wp-content\/uploads\/2025\/10\/Custom-Acid-Free-Primer-Manufacturer-yougel-2-4x12.webp 4w, https:\/\/www.fsyougel.com\/wp-content\/uploads\/2025\/10\/Custom-Acid-Free-Primer-Manufacturer-yougel-2-1200x3440.webp 1200w, https:\/\/www.fsyougel.com\/wp-content\/uploads\/2025\/10\/Custom-Acid-Free-Primer-Manufacturer-yougel-2-600x1720.webp 600w\" sizes=\"(max-width: 1500px) 100vw, 1500px\" \/><\/figure>\n<\/div>\n\n\n\n<div class=\"wp-block-column is-layout-flow wp-block-column-is-layout-flow\">\n<figure class=\"wp-block-image size-full\"><img decoding=\"async\" width=\"1500\" height=\"4300\" src=\"https:\/\/www.fsyougel.com\/wp-content\/uploads\/2025\/10\/Custom-Acid-Free-Primer-Manufacturer-yougel-1.webp\" alt=\"Fabricant d&#039;appr\u00eats sans acide personnalis\u00e9s - yougel (1)\" class=\"wp-image-1271\" srcset=\"https:\/\/www.fsyougel.com\/wp-content\/uploads\/2025\/10\/Custom-Acid-Free-Primer-Manufacturer-yougel-1.webp 1500w, https:\/\/www.fsyougel.com\/wp-content\/uploads\/2025\/10\/Custom-Acid-Free-Primer-Manufacturer-yougel-1-105x300.webp 105w, https:\/\/www.fsyougel.com\/wp-content\/uploads\/2025\/10\/Custom-Acid-Free-Primer-Manufacturer-yougel-1-768x2202.webp 768w, https:\/\/www.fsyougel.com\/wp-content\/uploads\/2025\/10\/Custom-Acid-Free-Primer-Manufacturer-yougel-1-4x12.webp 4w, https:\/\/www.fsyougel.com\/wp-content\/uploads\/2025\/10\/Custom-Acid-Free-Primer-Manufacturer-yougel-1-1200x3440.webp 1200w, https:\/\/www.fsyougel.com\/wp-content\/uploads\/2025\/10\/Custom-Acid-Free-Primer-Manufacturer-yougel-1-600x1720.webp 600w\" sizes=\"(max-width: 1500px) 100vw, 1500px\" \/><\/figure>\n<\/div>\n<\/div>\n\n\n\n<p><\/p>","protected":false},"excerpt":{"rendered":"<p data-start=\"339\" data-end=\"623\">Bienvenue pour acheter notre appr\u00eat sans acide personnalis\u00e9 en gros pour les ongles en gel. Cette formule non toxique \u00e0 s\u00e9chage rapide am\u00e9liore l'adh\u00e9rence entre les ongles et les gels UV pour des r\u00e9sultats durables. S\u00e8che \u00e0 l'air en 15 \u00e0 20 secondes, sans lampe. Parfait pour les fournisseurs de produits pour les ongles OEM et de marque priv\u00e9e.<\/p>\n<table border=\"0\" width=\"854\" cellspacing=\"0\" cellpadding=\"0\">\n<tbody>\n<tr>\n<td width=\"257\" height=\"44\">Marque<\/td>\n<td width=\"597\">YouGel<\/td>\n<\/tr>\n<tr>\n<td width=\"257\" height=\"44\">Num\u00e9ro de mod\u00e8le<\/td>\n<td width=\"597\">FP01<\/td>\n<\/tr>\n<tr>\n<td width=\"257\" height=\"44\">Type de produit<\/td>\n<td width=\"597\">S\u00e9cher \u00e0 l'air libre<\/td>\n<\/tr>\n<tr>\n<td width=\"257\" height=\"44\">Mat\u00e9riau<\/td>\n<td width=\"597\">Liquide<\/td>\n<\/tr>\n<tr>\n<td width=\"257\" height=\"44\">Couleur<\/td>\n<td width=\"597\">Clair<\/td>\n<\/tr>\n<tr>\n<td width=\"257\" height=\"44\">Volume<\/td>\n<td width=\"597\">15ml<\/td>\n<\/tr>\n<tr>\n<td width=\"257\" height=\"44\">S\u00e9curit\u00e9<\/td>\n<td width=\"597\">Sans HEMA, sans TPO, non toxique, MSDS disponible<\/td>\n<\/tr>\n<tr>\n<td width=\"257\" height=\"44\">MOQ<\/td>\n<td width=\"597\">Faible MOQ<\/td>\n<\/tr>\n<tr>\n<td width=\"257\" height=\"44\">\u00c9chantillon gratuit<\/td>\n<td width=\"597\">Disponible<\/td>\n<\/tr>\n<tr>\n<td width=\"257\" height=\"82\">Option personnalis\u00e9e<\/td>\n<td width=\"597\">Services OEM\/ODM, prise en charge des logos, \u00e9tiquettes et emballages personnalis\u00e9s<\/td>\n<\/tr>\n<\/tbody>\n<\/table>\n<h3 class=\"brxe-heading\">Fabricant de vernis \u00e0 ongles en gel<\/h3>\n<p><a href=\"https:\/\/www.fsyougel.com\/fr\/\"><strong>YouGel<\/strong><\/a>\u00a0est un fabricant de vernis \u00e0 ongles en gel de haute technologie qui propose des services de vente en gros, de marque priv\u00e9e et d'OEM\/ODM. Plus de 10 000 couleurs sans HEMA, v\u00e9g\u00e9taliennes et sans cruaut\u00e9, avec une application douce, une longue tenue et un retrait facile.<\/p>","protected":false},"featured_media":1273,"comment_status":"closed","ping_status":"closed","template":"","meta":{"_acf_changed":false},"product_brand":[],"product_cat":[25],"product_tag":[],"class_list":{"0":"post-1266","1":"product","2":"type-product","3":"status-publish","4":"has-post-thumbnail","6":"product_cat-wholesale-function-gel","8":"first","9":"instock","10":"shipping-taxable","11":"product-type-simple"},"acf":[],"_links":{"self":[{"href":"https:\/\/www.fsyougel.com\/fr\/wp-json\/wp\/v2\/product\/1266","targetHints":{"allow":["GET"]}}],"collection":[{"href":"https:\/\/www.fsyougel.com\/fr\/wp-json\/wp\/v2\/product"}],"about":[{"href":"https:\/\/www.fsyougel.com\/fr\/wp-json\/wp\/v2\/types\/product"}],"replies":[{"embeddable":true,"href":"https:\/\/www.fsyougel.com\/fr\/wp-json\/wp\/v2\/comments?post=1266"}],"wp:featuredmedia":[{"embeddable":true,"href":"https:\/\/www.fsyougel.com\/fr\/wp-json\/wp\/v2\/media\/1273"}],"wp:attachment":[{"href":"https:\/\/www.fsyougel.com\/fr\/wp-json\/wp\/v2\/media?parent=1266"}],"wp:term":[{"taxonomy":"product_brand","embeddable":true,"href":"https:\/\/www.fsyougel.com\/fr\/wp-json\/wp\/v2\/product_brand?post=1266"},{"taxonomy":"product_cat","embeddable":true,"href":"https:\/\/www.fsyougel.com\/fr\/wp-json\/wp\/v2\/product_cat?post=1266"},{"taxonomy":"product_tag","embeddable":true,"href":"https:\/\/www.fsyougel.com\/fr\/wp-json\/wp\/v2\/product_tag?post=1266"}],"curies":[{"name":"wp","href":"https:\/\/api.w.org\/{rel}","templated":true}]}}