{"id":1275,"date":"2025-10-28T10:04:11","date_gmt":"2025-10-28T10:04:11","guid":{"rendered":"https:\/\/www.fsyougel.com\/?post_type=product&#038;p=1275"},"modified":"2025-10-28T10:21:53","modified_gmt":"2025-10-28T10:21:53","slug":"wholesale-chrome-mirror-powder-supplier","status":"publish","type":"product","link":"https:\/\/www.fsyougel.com\/fr\/produit\/wholesale-chrome-mirror-powder-supplier\/","title":{"rendered":"Fournisseur en gros de poudre miroir chrom\u00e9e | Shinny Bright Nail Art pour salon de manucure"},"content":{"rendered":"<div class=\"wp-block-columns is-layout-flex wp-container-core-columns-is-layout-9d6595d7 wp-block-columns-is-layout-flex\">\n<div class=\"wp-block-column is-layout-flow wp-block-column-is-layout-flow\">\n<h2 class=\"wp-block-heading\">Caract\u00e9ristiques de la poudre miroir chrom\u00e9e en gros :<\/h2>\n\n\n\n<ul class=\"wp-block-list\">\n<li><strong>Finition miroir haute brillance :<\/strong> Notre poudre chrom\u00e9e pour miroir vendue en gros produit un \u00e9clat m\u00e9tallique \u00e9tonnant avec un aspect r\u00e9fl\u00e9chissant soyeux et lisse pour de magnifiques ongles au fini miroir.<\/li>\n\n\n\n<li><strong>Formule ultra-fine : <\/strong>Poudre ultra-fine exceptionnellement fine qui s'applique facilement sans faire de grumeaux, parfaite pour une utilisation professionnelle en salon ou \u00e0 domicile.<\/li>\n\n\n\n<li><strong>Finition longue tenue : <\/strong>R\u00e9sistant \u00e0 la d\u00e9coloration, aux rayures et au ternissement, votre nail art conserve son \u00e9clat et son fini miroir pendant des semaines.<\/li>\n\n\n\n<li><strong>Options multicolores : <\/strong>Disponible en argent, or, or rose et couleurs holographiques pour s'harmoniser avec tous les designs d'ongles ou tous les looks saisonniers.<\/li>\n\n\n\n<li><strong>Application facile : <\/strong>Id\u00e9al pour une application sur un vernis gel ou une couche de finition : il suffit de le polir et de le sceller pour obtenir instantan\u00e9ment un fini chrom\u00e9 r\u00e9fl\u00e9chissant.<\/li>\n\n\n\n<li><strong>Vente en gros et OEM disponibles : <\/strong>Directement depuis l'usine, avec un approvisionnement stable, des prix d'usine comp\u00e9titifs et des emballages personnalis\u00e9s pour les distributeurs internationaux.<\/li>\n<\/ul>\n<\/div>\n\n\n\n<div class=\"wp-block-column is-layout-flow wp-block-column-is-layout-flow\">\n<figure class=\"wp-block-image size-full\"><img decoding=\"async\" width=\"1500\" height=\"1500\" src=\"https:\/\/www.fsyougel.com\/wp-content\/uploads\/2025\/10\/Wholesale-Chrome-Mirror-Powder-Supplier-yougel-1.webp\" alt=\"Fournisseur en gros de poudre miroir chrom\u00e9e - yougel (1)\" class=\"wp-image-1280\" srcset=\"https:\/\/www.fsyougel.com\/wp-content\/uploads\/2025\/10\/Wholesale-Chrome-Mirror-Powder-Supplier-yougel-1.webp 1500w, https:\/\/www.fsyougel.com\/wp-content\/uploads\/2025\/10\/Wholesale-Chrome-Mirror-Powder-Supplier-yougel-1-300x300.webp 300w, https:\/\/www.fsyougel.com\/wp-content\/uploads\/2025\/10\/Wholesale-Chrome-Mirror-Powder-Supplier-yougel-1-150x150.webp 150w, https:\/\/www.fsyougel.com\/wp-content\/uploads\/2025\/10\/Wholesale-Chrome-Mirror-Powder-Supplier-yougel-1-768x768.webp 768w, https:\/\/www.fsyougel.com\/wp-content\/uploads\/2025\/10\/Wholesale-Chrome-Mirror-Powder-Supplier-yougel-1-12x12.webp 12w, https:\/\/www.fsyougel.com\/wp-content\/uploads\/2025\/10\/Wholesale-Chrome-Mirror-Powder-Supplier-yougel-1-1200x1200.webp 1200w, https:\/\/www.fsyougel.com\/wp-content\/uploads\/2025\/10\/Wholesale-Chrome-Mirror-Powder-Supplier-yougel-1-600x600.webp 600w, https:\/\/www.fsyougel.com\/wp-content\/uploads\/2025\/10\/Wholesale-Chrome-Mirror-Powder-Supplier-yougel-1-100x100.webp 100w\" sizes=\"(max-width: 1500px) 100vw, 1500px\" \/><\/figure>\n<\/div>\n<\/div>\n\n\n\n<div class=\"wp-block-columns is-layout-flex wp-container-core-columns-is-layout-9d6595d7 wp-block-columns-is-layout-flex\">\n<div class=\"wp-block-column is-layout-flow wp-block-column-is-layout-flow\">\n<figure class=\"wp-block-image size-full\"><img decoding=\"async\" width=\"1500\" height=\"1500\" src=\"https:\/\/www.fsyougel.com\/wp-content\/uploads\/2025\/10\/Custom-Chrome-Mirror-Powder-Supplier-yougel-3.webp\" alt=\"Fournisseur de poudre chrom\u00e9e personnalis\u00e9e pour miroirs - yougel (3)\" class=\"wp-image-1279\" srcset=\"https:\/\/www.fsyougel.com\/wp-content\/uploads\/2025\/10\/Custom-Chrome-Mirror-Powder-Supplier-yougel-3.webp 1500w, https:\/\/www.fsyougel.com\/wp-content\/uploads\/2025\/10\/Custom-Chrome-Mirror-Powder-Supplier-yougel-3-300x300.webp 300w, https:\/\/www.fsyougel.com\/wp-content\/uploads\/2025\/10\/Custom-Chrome-Mirror-Powder-Supplier-yougel-3-150x150.webp 150w, https:\/\/www.fsyougel.com\/wp-content\/uploads\/2025\/10\/Custom-Chrome-Mirror-Powder-Supplier-yougel-3-768x768.webp 768w, https:\/\/www.fsyougel.com\/wp-content\/uploads\/2025\/10\/Custom-Chrome-Mirror-Powder-Supplier-yougel-3-12x12.webp 12w, https:\/\/www.fsyougel.com\/wp-content\/uploads\/2025\/10\/Custom-Chrome-Mirror-Powder-Supplier-yougel-3-1200x1200.webp 1200w, https:\/\/www.fsyougel.com\/wp-content\/uploads\/2025\/10\/Custom-Chrome-Mirror-Powder-Supplier-yougel-3-600x600.webp 600w, https:\/\/www.fsyougel.com\/wp-content\/uploads\/2025\/10\/Custom-Chrome-Mirror-Powder-Supplier-yougel-3-100x100.webp 100w\" sizes=\"(max-width: 1500px) 100vw, 1500px\" \/><\/figure>\n<\/div>\n\n\n\n<div class=\"wp-block-column is-layout-flow wp-block-column-is-layout-flow\">\n<figure class=\"wp-block-image size-full\"><img decoding=\"async\" width=\"1500\" height=\"1500\" src=\"https:\/\/www.fsyougel.com\/wp-content\/uploads\/2025\/10\/Custom-Chrome-Mirror-Powder-Supplier-yougel-2.webp\" alt=\"Fournisseur de poudre chrom\u00e9e personnalis\u00e9e pour miroirs - yougel (2)\" class=\"wp-image-1278\" srcset=\"https:\/\/www.fsyougel.com\/wp-content\/uploads\/2025\/10\/Custom-Chrome-Mirror-Powder-Supplier-yougel-2.webp 1500w, https:\/\/www.fsyougel.com\/wp-content\/uploads\/2025\/10\/Custom-Chrome-Mirror-Powder-Supplier-yougel-2-300x300.webp 300w, https:\/\/www.fsyougel.com\/wp-content\/uploads\/2025\/10\/Custom-Chrome-Mirror-Powder-Supplier-yougel-2-150x150.webp 150w, https:\/\/www.fsyougel.com\/wp-content\/uploads\/2025\/10\/Custom-Chrome-Mirror-Powder-Supplier-yougel-2-768x768.webp 768w, https:\/\/www.fsyougel.com\/wp-content\/uploads\/2025\/10\/Custom-Chrome-Mirror-Powder-Supplier-yougel-2-12x12.webp 12w, https:\/\/www.fsyougel.com\/wp-content\/uploads\/2025\/10\/Custom-Chrome-Mirror-Powder-Supplier-yougel-2-1200x1200.webp 1200w, https:\/\/www.fsyougel.com\/wp-content\/uploads\/2025\/10\/Custom-Chrome-Mirror-Powder-Supplier-yougel-2-600x600.webp 600w, https:\/\/www.fsyougel.com\/wp-content\/uploads\/2025\/10\/Custom-Chrome-Mirror-Powder-Supplier-yougel-2-100x100.webp 100w\" sizes=\"(max-width: 1500px) 100vw, 1500px\" \/><\/figure>\n<\/div>\n\n\n\n<div class=\"wp-block-column is-layout-flow wp-block-column-is-layout-flow\">\n<figure class=\"wp-block-image size-full\"><img decoding=\"async\" width=\"1500\" height=\"1500\" src=\"https:\/\/www.fsyougel.com\/wp-content\/uploads\/2025\/10\/Custom-Chrome-Mirror-Powder-Supplier-yougel-1.webp\" alt=\"Fournisseur de poudre chrom\u00e9e personnalis\u00e9e pour miroirs - yougel (1)\" class=\"wp-image-1277\" srcset=\"https:\/\/www.fsyougel.com\/wp-content\/uploads\/2025\/10\/Custom-Chrome-Mirror-Powder-Supplier-yougel-1.webp 1500w, https:\/\/www.fsyougel.com\/wp-content\/uploads\/2025\/10\/Custom-Chrome-Mirror-Powder-Supplier-yougel-1-300x300.webp 300w, https:\/\/www.fsyougel.com\/wp-content\/uploads\/2025\/10\/Custom-Chrome-Mirror-Powder-Supplier-yougel-1-150x150.webp 150w, https:\/\/www.fsyougel.com\/wp-content\/uploads\/2025\/10\/Custom-Chrome-Mirror-Powder-Supplier-yougel-1-768x768.webp 768w, https:\/\/www.fsyougel.com\/wp-content\/uploads\/2025\/10\/Custom-Chrome-Mirror-Powder-Supplier-yougel-1-12x12.webp 12w, https:\/\/www.fsyougel.com\/wp-content\/uploads\/2025\/10\/Custom-Chrome-Mirror-Powder-Supplier-yougel-1-1200x1200.webp 1200w, https:\/\/www.fsyougel.com\/wp-content\/uploads\/2025\/10\/Custom-Chrome-Mirror-Powder-Supplier-yougel-1-600x600.webp 600w, https:\/\/www.fsyougel.com\/wp-content\/uploads\/2025\/10\/Custom-Chrome-Mirror-Powder-Supplier-yougel-1-100x100.webp 100w\" sizes=\"(max-width: 1500px) 100vw, 1500px\" \/><\/figure>\n<\/div>\n<\/div>\n\n\n\n<p><\/p>","protected":false},"excerpt":{"rendered":"<p>Bienvenue pour acheter notre poudre chrom\u00e9e pour miroir personnalis\u00e9e en gros, offrant un \u00e9clat m\u00e9tallique brillant et une texture ultra-fine pour les salons de manucure professionnels. Longue dur\u00e9e, facile \u00e0 appliquer et disponible en plusieurs couleurs. Profitez de la personnalisation OEM, d'une livraison rapide et de prix directs d'usine pour votre entreprise de nail art.<\/p>\n<table border=\"0\" width=\"854\" cellspacing=\"0\" cellpadding=\"0\">\n<tbody>\n<tr>\n<td width=\"257\" height=\"44\">Marque<\/td>\n<td width=\"597\">YouGel<\/td>\n<\/tr>\n<tr>\n<td width=\"257\" height=\"44\">Num\u00e9ro de mod\u00e8le<\/td>\n<td width=\"597\">CHP001<\/td>\n<\/tr>\n<tr>\n<td width=\"257\" height=\"44\">Type de produit<\/td>\n<td width=\"597\">Poudre pour ongles<\/td>\n<\/tr>\n<tr>\n<td width=\"257\" height=\"44\">Mat\u00e9riau<\/td>\n<td width=\"597\">Poudre<\/td>\n<\/tr>\n<tr>\n<td width=\"257\" height=\"44\">Couleur<\/td>\n<td width=\"597\">6 couleurs<\/td>\n<\/tr>\n<tr>\n<td width=\"257\" height=\"44\">Volume<\/td>\n<td width=\"597\">1 g\/3 g\/5 g\/7 g\/10 g\/1 kg<\/td>\n<\/tr>\n<tr>\n<td width=\"257\" height=\"44\">S\u00e9curit\u00e9<\/td>\n<td width=\"597\">Sans HEMA, sans TPO, non toxique, MSDS disponible<\/td>\n<\/tr>\n<tr>\n<td width=\"257\" height=\"44\">MOQ<\/td>\n<td width=\"597\">Faible MOQ<\/td>\n<\/tr>\n<tr>\n<td width=\"257\" height=\"44\">\u00c9chantillon gratuit<\/td>\n<td width=\"597\">Disponible<\/td>\n<\/tr>\n<tr>\n<td width=\"257\" height=\"82\">Option personnalis\u00e9e<\/td>\n<td width=\"597\">Services OEM\/ODM, prise en charge des logos, \u00e9tiquettes et emballages personnalis\u00e9s<\/td>\n<\/tr>\n<\/tbody>\n<\/table>\n<h3 class=\"brxe-heading\">Fabricant de vernis \u00e0 ongles en gel<\/h3>\n<p><a href=\"https:\/\/www.fsyougel.com\/fr\/\"><strong>YouGel<\/strong><\/a> est un fabricant de vernis \u00e0 ongles en gel de haute technologie. <a href=\"https:\/\/www.fsyougel.com\/fr\/wholesale-gel-polish\/\"><strong>commerce de gros<\/strong><\/a>, <a href=\"https:\/\/www.fsyougel.com\/fr\/private-label-gel-polish\/\"><strong>marque priv\u00e9e<\/strong><\/a>et<a href=\"https:\/\/www.fsyougel.com\/fr\/custom-gel-polish\/\"><strong> Services OEM\/ODM<\/strong><\/a>. Choisissez parmi <strong>10 000+ couleurs sans HEMA, sans TPO, v\u00e9g\u00e9taliennes et sans cruaut\u00e9<\/strong> con\u00e7u pour une application en douceur, une longue dur\u00e9e d'utilisation et une absorption facile.<\/p>","protected":false},"featured_media":1281,"comment_status":"closed","ping_status":"closed","template":"","meta":{"_acf_changed":false},"product_brand":[],"product_cat":[24],"product_tag":[],"class_list":{"0":"post-1275","1":"product","2":"type-product","3":"status-publish","4":"has-post-thumbnail","6":"product_cat-wholesale-nail-art-gel","8":"first","9":"instock","10":"shipping-taxable","11":"product-type-simple"},"acf":[],"_links":{"self":[{"href":"https:\/\/www.fsyougel.com\/fr\/wp-json\/wp\/v2\/product\/1275","targetHints":{"allow":["GET"]}}],"collection":[{"href":"https:\/\/www.fsyougel.com\/fr\/wp-json\/wp\/v2\/product"}],"about":[{"href":"https:\/\/www.fsyougel.com\/fr\/wp-json\/wp\/v2\/types\/product"}],"replies":[{"embeddable":true,"href":"https:\/\/www.fsyougel.com\/fr\/wp-json\/wp\/v2\/comments?post=1275"}],"wp:featuredmedia":[{"embeddable":true,"href":"https:\/\/www.fsyougel.com\/fr\/wp-json\/wp\/v2\/media\/1281"}],"wp:attachment":[{"href":"https:\/\/www.fsyougel.com\/fr\/wp-json\/wp\/v2\/media?parent=1275"}],"wp:term":[{"taxonomy":"product_brand","embeddable":true,"href":"https:\/\/www.fsyougel.com\/fr\/wp-json\/wp\/v2\/product_brand?post=1275"},{"taxonomy":"product_cat","embeddable":true,"href":"https:\/\/www.fsyougel.com\/fr\/wp-json\/wp\/v2\/product_cat?post=1275"},{"taxonomy":"product_tag","embeddable":true,"href":"https:\/\/www.fsyougel.com\/fr\/wp-json\/wp\/v2\/product_tag?post=1275"}],"curies":[{"name":"wp","href":"https:\/\/api.w.org\/{rel}","templated":true}]}}