{"id":1282,"date":"2025-10-28T10:31:48","date_gmt":"2025-10-28T10:31:48","guid":{"rendered":"https:\/\/www.fsyougel.com\/?post_type=product&#038;p=1282"},"modified":"2025-10-28T10:58:44","modified_gmt":"2025-10-28T10:58:44","slug":"holographic-chrome-powder-wholesale","status":"publish","type":"product","link":"https:\/\/www.fsyougel.com\/fr\/produit\/holographic-chrome-powder-wholesale\/","title":{"rendered":"Vente en gros de poudre holographique chrom\u00e9e OEM, enlumineur pour le visage sans cruaut\u00e9 envers les animaux, marque priv\u00e9e"},"content":{"rendered":"<div class=\"wp-block-columns is-layout-flex wp-container-core-columns-is-layout-9d6595d7 wp-block-columns-is-layout-flex\">\n<div class=\"wp-block-column is-layout-flow wp-block-column-is-layout-flow\">\n<h2 class=\"wp-block-heading\">Caract\u00e9ristiques de la poudre chrom\u00e9e holographique personnalis\u00e9e :<\/h2>\n\n\n\n<ul class=\"wp-block-list\">\n<li><strong>Effet holographique \u00e9blouissant :<\/strong> Offre un \u00e9clat multidimensionnel \u00e9tonnant qui change de couleur selon les diff\u00e9rentes sources lumineuses, id\u00e9al pour les salons professionnels et les maquilleurs professionnels.<\/li>\n\n\n\n<li><strong>Texture ultra-fine et onctueuse : <\/strong>S'\u00e9tale facilement pour un fini miroir impeccable, sans traces ni grumeaux.<\/li>\n\n\n\n<li><strong>Utilisation polyvalente :<\/strong> Convient pour les ongles, les yeux et le visage : obtenez un effet holographique avec un seul produit polyvalent.<\/li>\n\n\n\n<li><strong>Brillance longue dur\u00e9e : <\/strong>R\u00e9sistant \u00e0 la d\u00e9coloration pour un fini spectaculaire qui attire l'attention et tient toute la journ\u00e9e.<\/li>\n\n\n\n<li><strong>Formule sans cruaut\u00e9 et sans danger : <\/strong>Fabriqu\u00e9 \u00e0 partir d'ingr\u00e9dients non toxiques et sans danger pour la peau ; convient \u00e0 tous les types de peau.<\/li>\n\n\n\n<li><strong>Vente en gros et OEM disponibles : <\/strong>Directement depuis l'usine, avec un approvisionnement stable, des prix d'usine comp\u00e9titifs et des emballages personnalis\u00e9s pour les distributeurs internationaux.<\/li>\n<\/ul>\n<\/div>\n\n\n\n<div class=\"wp-block-column is-layout-flow wp-block-column-is-layout-flow\">\n<figure class=\"wp-block-image size-full\"><img decoding=\"async\" width=\"1500\" height=\"1500\" src=\"https:\/\/www.fsyougel.com\/wp-content\/uploads\/2025\/10\/Wholesale-Holographic-Chrome-Powder-Manufacturer-yougel-3.webp\" alt=\"Fabricant de poudre chrom\u00e9e holographique en gros - yougel (3)\" class=\"wp-image-1288\" srcset=\"https:\/\/www.fsyougel.com\/wp-content\/uploads\/2025\/10\/Wholesale-Holographic-Chrome-Powder-Manufacturer-yougel-3.webp 1500w, https:\/\/www.fsyougel.com\/wp-content\/uploads\/2025\/10\/Wholesale-Holographic-Chrome-Powder-Manufacturer-yougel-3-300x300.webp 300w, https:\/\/www.fsyougel.com\/wp-content\/uploads\/2025\/10\/Wholesale-Holographic-Chrome-Powder-Manufacturer-yougel-3-150x150.webp 150w, https:\/\/www.fsyougel.com\/wp-content\/uploads\/2025\/10\/Wholesale-Holographic-Chrome-Powder-Manufacturer-yougel-3-768x768.webp 768w, https:\/\/www.fsyougel.com\/wp-content\/uploads\/2025\/10\/Wholesale-Holographic-Chrome-Powder-Manufacturer-yougel-3-12x12.webp 12w, https:\/\/www.fsyougel.com\/wp-content\/uploads\/2025\/10\/Wholesale-Holographic-Chrome-Powder-Manufacturer-yougel-3-1200x1200.webp 1200w, https:\/\/www.fsyougel.com\/wp-content\/uploads\/2025\/10\/Wholesale-Holographic-Chrome-Powder-Manufacturer-yougel-3-600x600.webp 600w, https:\/\/www.fsyougel.com\/wp-content\/uploads\/2025\/10\/Wholesale-Holographic-Chrome-Powder-Manufacturer-yougel-3-100x100.webp 100w\" sizes=\"(max-width: 1500px) 100vw, 1500px\" \/><\/figure>\n<\/div>\n<\/div>\n\n\n\n<div class=\"wp-block-columns is-layout-flex wp-container-core-columns-is-layout-9d6595d7 wp-block-columns-is-layout-flex\">\n<div class=\"wp-block-column is-layout-flow wp-block-column-is-layout-flow\">\n<figure class=\"wp-block-image size-full\"><img decoding=\"async\" width=\"1500\" height=\"1500\" src=\"https:\/\/www.fsyougel.com\/wp-content\/uploads\/2025\/10\/Wholesale-Holographic-Chrome-Powder-Manufacturer-yougel-1.webp\" alt=\"Fabricant de poudre chrom\u00e9e holographique en gros - yougel (1)\" class=\"wp-image-1286\" srcset=\"https:\/\/www.fsyougel.com\/wp-content\/uploads\/2025\/10\/Wholesale-Holographic-Chrome-Powder-Manufacturer-yougel-1.webp 1500w, https:\/\/www.fsyougel.com\/wp-content\/uploads\/2025\/10\/Wholesale-Holographic-Chrome-Powder-Manufacturer-yougel-1-300x300.webp 300w, https:\/\/www.fsyougel.com\/wp-content\/uploads\/2025\/10\/Wholesale-Holographic-Chrome-Powder-Manufacturer-yougel-1-150x150.webp 150w, https:\/\/www.fsyougel.com\/wp-content\/uploads\/2025\/10\/Wholesale-Holographic-Chrome-Powder-Manufacturer-yougel-1-768x768.webp 768w, https:\/\/www.fsyougel.com\/wp-content\/uploads\/2025\/10\/Wholesale-Holographic-Chrome-Powder-Manufacturer-yougel-1-12x12.webp 12w, https:\/\/www.fsyougel.com\/wp-content\/uploads\/2025\/10\/Wholesale-Holographic-Chrome-Powder-Manufacturer-yougel-1-1200x1200.webp 1200w, https:\/\/www.fsyougel.com\/wp-content\/uploads\/2025\/10\/Wholesale-Holographic-Chrome-Powder-Manufacturer-yougel-1-600x600.webp 600w, https:\/\/www.fsyougel.com\/wp-content\/uploads\/2025\/10\/Wholesale-Holographic-Chrome-Powder-Manufacturer-yougel-1-100x100.webp 100w\" sizes=\"(max-width: 1500px) 100vw, 1500px\" \/><\/figure>\n<\/div>\n\n\n\n<div class=\"wp-block-column is-layout-flow wp-block-column-is-layout-flow\">\n<figure class=\"wp-block-image size-full\"><img decoding=\"async\" width=\"1500\" height=\"1500\" src=\"https:\/\/www.fsyougel.com\/wp-content\/uploads\/2025\/10\/Wholesale-Holographic-Chrome-Powder-Manufacturer-yougel-6.webp\" alt=\"Fabricant de poudre chrom\u00e9e holographique en gros - yougel (6)\" class=\"wp-image-1290\" srcset=\"https:\/\/www.fsyougel.com\/wp-content\/uploads\/2025\/10\/Wholesale-Holographic-Chrome-Powder-Manufacturer-yougel-6.webp 1500w, https:\/\/www.fsyougel.com\/wp-content\/uploads\/2025\/10\/Wholesale-Holographic-Chrome-Powder-Manufacturer-yougel-6-300x300.webp 300w, https:\/\/www.fsyougel.com\/wp-content\/uploads\/2025\/10\/Wholesale-Holographic-Chrome-Powder-Manufacturer-yougel-6-150x150.webp 150w, https:\/\/www.fsyougel.com\/wp-content\/uploads\/2025\/10\/Wholesale-Holographic-Chrome-Powder-Manufacturer-yougel-6-768x768.webp 768w, https:\/\/www.fsyougel.com\/wp-content\/uploads\/2025\/10\/Wholesale-Holographic-Chrome-Powder-Manufacturer-yougel-6-12x12.webp 12w, https:\/\/www.fsyougel.com\/wp-content\/uploads\/2025\/10\/Wholesale-Holographic-Chrome-Powder-Manufacturer-yougel-6-1200x1200.webp 1200w, https:\/\/www.fsyougel.com\/wp-content\/uploads\/2025\/10\/Wholesale-Holographic-Chrome-Powder-Manufacturer-yougel-6-600x600.webp 600w, https:\/\/www.fsyougel.com\/wp-content\/uploads\/2025\/10\/Wholesale-Holographic-Chrome-Powder-Manufacturer-yougel-6-100x100.webp 100w\" sizes=\"(max-width: 1500px) 100vw, 1500px\" \/><\/figure>\n<\/div>\n<\/div>\n\n\n\n<p><\/p>","protected":false},"excerpt":{"rendered":"<p>Bienvenue pour acheter notre poudre chrom\u00e9e holographique en gros ! D\u00e9couvrez un \u00e9clat intense aux couleurs changeantes, avec une texture ultra-fine et une brillance longue dur\u00e9e. Id\u00e9al pour les salons de manucure et les marques de beaut\u00e9 \u00e0 la recherche de poudres OEM personnalisables, sans cruaut\u00e9 et aux effets holographiques \u00e9poustouflants.<\/p>\n<table border=\"0\" width=\"854\" cellspacing=\"0\" cellpadding=\"0\">\n<tbody>\n<tr>\n<td width=\"257\" height=\"44\">Marque<\/td>\n<td width=\"597\">YouGel<\/td>\n<\/tr>\n<tr>\n<td width=\"257\" height=\"44\">Num\u00e9ro de mod\u00e8le<\/td>\n<td width=\"597\">CHP001<\/td>\n<\/tr>\n<tr>\n<td width=\"257\" height=\"44\">Type de produit<\/td>\n<td width=\"597\">Poudre pour ongles<\/td>\n<\/tr>\n<tr>\n<td width=\"257\" height=\"44\">Mat\u00e9riau<\/td>\n<td width=\"597\">Poudre<\/td>\n<\/tr>\n<tr>\n<td width=\"257\" height=\"44\">Couleur<\/td>\n<td width=\"597\">1 couleur<\/td>\n<\/tr>\n<tr>\n<td width=\"257\" height=\"44\">Volume<\/td>\n<td width=\"597\">0,5 g<\/td>\n<\/tr>\n<tr>\n<td width=\"257\" height=\"44\">S\u00e9curit\u00e9<\/td>\n<td width=\"597\">Sans HEMA, sans TPO, non toxique, MSDS disponible<\/td>\n<\/tr>\n<tr>\n<td width=\"257\" height=\"44\">MOQ<\/td>\n<td width=\"597\">Faible MOQ<\/td>\n<\/tr>\n<tr>\n<td width=\"257\" height=\"44\">\u00c9chantillon gratuit<\/td>\n<td width=\"597\">Disponible<\/td>\n<\/tr>\n<tr>\n<td width=\"257\" height=\"82\">Option personnalis\u00e9e<\/td>\n<td width=\"597\">Services OEM\/ODM, prise en charge des logos, \u00e9tiquettes et emballages personnalis\u00e9s<\/td>\n<\/tr>\n<\/tbody>\n<\/table>\n<h3 class=\"brxe-heading\">Fabricant de vernis \u00e0 ongles en gel<\/h3>\n<p><a href=\"https:\/\/www.fsyougel.com\/fr\/\"><strong>YouGel<\/strong><\/a> est un fabricant de vernis \u00e0 ongles en gel de haute technologie. <a href=\"https:\/\/www.fsyougel.com\/fr\/wholesale-gel-polish\/\"><strong>commerce de gros<\/strong><\/a>, <a href=\"https:\/\/www.fsyougel.com\/fr\/private-label-gel-polish\/\"><strong>marque priv\u00e9e<\/strong><\/a>et<a href=\"https:\/\/www.fsyougel.com\/fr\/custom-gel-polish\/\"><strong> Services OEM\/ODM<\/strong><\/a>. Choisissez parmi <strong>10 000+ couleurs sans HEMA, sans TPO, v\u00e9g\u00e9taliennes et sans cruaut\u00e9<\/strong> con\u00e7u pour une application en douceur, une longue dur\u00e9e d'utilisation et une absorption facile.<\/p>","protected":false},"featured_media":1285,"comment_status":"closed","ping_status":"closed","template":"","meta":{"_acf_changed":false},"product_brand":[],"product_cat":[24],"product_tag":[],"class_list":{"0":"post-1282","1":"product","2":"type-product","3":"status-publish","4":"has-post-thumbnail","6":"product_cat-wholesale-nail-art-gel","8":"first","9":"instock","10":"shipping-taxable","11":"product-type-simple"},"acf":[],"_links":{"self":[{"href":"https:\/\/www.fsyougel.com\/fr\/wp-json\/wp\/v2\/product\/1282","targetHints":{"allow":["GET"]}}],"collection":[{"href":"https:\/\/www.fsyougel.com\/fr\/wp-json\/wp\/v2\/product"}],"about":[{"href":"https:\/\/www.fsyougel.com\/fr\/wp-json\/wp\/v2\/types\/product"}],"replies":[{"embeddable":true,"href":"https:\/\/www.fsyougel.com\/fr\/wp-json\/wp\/v2\/comments?post=1282"}],"wp:featuredmedia":[{"embeddable":true,"href":"https:\/\/www.fsyougel.com\/fr\/wp-json\/wp\/v2\/media\/1285"}],"wp:attachment":[{"href":"https:\/\/www.fsyougel.com\/fr\/wp-json\/wp\/v2\/media?parent=1282"}],"wp:term":[{"taxonomy":"product_brand","embeddable":true,"href":"https:\/\/www.fsyougel.com\/fr\/wp-json\/wp\/v2\/product_brand?post=1282"},{"taxonomy":"product_cat","embeddable":true,"href":"https:\/\/www.fsyougel.com\/fr\/wp-json\/wp\/v2\/product_cat?post=1282"},{"taxonomy":"product_tag","embeddable":true,"href":"https:\/\/www.fsyougel.com\/fr\/wp-json\/wp\/v2\/product_tag?post=1282"}],"curies":[{"name":"wp","href":"https:\/\/api.w.org\/{rel}","templated":true}]}}