{"id":1292,"date":"2025-10-28T17:15:12","date_gmt":"2025-10-28T17:15:12","guid":{"rendered":"https:\/\/www.fsyougel.com\/?post_type=product&#038;p=1292"},"modified":"2025-12-31T09:17:55","modified_gmt":"2025-12-31T09:17:55","slug":"moonlight-cat-eye-gel-polish-wholesale","status":"publish","type":"product","link":"https:\/\/www.fsyougel.com\/fr\/produit\/moonlight-cat-eye-gel-polish-wholesale\/","title":{"rendered":"Vente en gros de vernis gel Moonlight Cat Eye, sans TPO, 8 couleurs, vernis gel \u00e0 dissoudre, marque priv\u00e9e"},"content":{"rendered":"<div class=\"wp-block-columns is-layout-flex wp-container-core-columns-is-layout-9d6595d7 wp-block-columns-is-layout-flex\">\n<div class=\"wp-block-column is-layout-flow wp-block-column-is-layout-flow\">\n<h2 class=\"wp-block-heading\">Caract\u00e9ristiques du vernis gel Moonlight Cat Eye vendu en gros :<\/h2>\n\n\n\n<ul class=\"wp-block-list\">\n<li><strong>\u00c9clat multi-effets \u00e9blouissant<\/strong> \u2013 Cr\u00e9ez des images \u00e9poustouflantes <strong>large, incurv\u00e9 et \u0153il-de-chat en pierre pr\u00e9cieuse<\/strong> effets sous la lumi\u00e8re magn\u00e9tique, transformant chaque angle en un reflet hypnotisant.<\/li>\n\n\n\n<li><strong>Options polyvalentes pour le nail art<\/strong> \u2013 Parfait pour <strong>motif coquillage, style fran\u00e7ais et \u0153il de chat souriant<\/strong> apparence ; obtenez facilement des effets 3D dignes d'un salon professionnel chez vous ou en studio.<\/li>\n\n\n\n<li><strong>8 nuances lumineuses au clair de lune<\/strong> \u2013 Chaque couleur rayonne d'une <strong>\u00e9clat magn\u00e9tique luxueux<\/strong> qui change selon les conditions d'\u00e9clairage, offrant ainsi des possibilit\u00e9s cr\u00e9atives infinies.<\/li>\n\n\n\n<li><strong>Formule sans TPO et sans danger<\/strong> \u2013 Notre vernis gel personnalis\u00e9 Moonlight Cat Eye est fabriqu\u00e9 \u00e0 partir de <strong>ingr\u00e9dients non toxiques et sans cruaut\u00e9<\/strong>, garantissant une tenue longue dur\u00e9e et une application facile sans ab\u00eemer les ongles.<\/li>\n\n\n\n<li><strong>Adh\u00e9rence forte et retrait facile<\/strong> \u2013 Le <strong>gel \u00e0 dissoudre<\/strong> La formule offre une excellente adh\u00e9rence et s'enl\u00e8ve sans effort, convenant \u00e0 un usage professionnel et priv\u00e9.<\/li>\n<\/ul>\n<\/div>\n\n\n\n<div class=\"wp-block-column is-layout-flow wp-block-column-is-layout-flow\">\n<figure class=\"wp-block-image size-full\"><img decoding=\"async\" width=\"1500\" height=\"1500\" src=\"https:\/\/www.fsyougel.com\/wp-content\/uploads\/2025\/10\/Moonlight-Cat-Eye-Gel-Polish-Wholesale-Yougel-2.webp\" alt=\"Gel vernis Moonlight Cat Eye en gros - Yougel (2)\" class=\"wp-image-1298\" srcset=\"https:\/\/www.fsyougel.com\/wp-content\/uploads\/2025\/10\/Moonlight-Cat-Eye-Gel-Polish-Wholesale-Yougel-2.webp 1500w, https:\/\/www.fsyougel.com\/wp-content\/uploads\/2025\/10\/Moonlight-Cat-Eye-Gel-Polish-Wholesale-Yougel-2-300x300.webp 300w, https:\/\/www.fsyougel.com\/wp-content\/uploads\/2025\/10\/Moonlight-Cat-Eye-Gel-Polish-Wholesale-Yougel-2-150x150.webp 150w, https:\/\/www.fsyougel.com\/wp-content\/uploads\/2025\/10\/Moonlight-Cat-Eye-Gel-Polish-Wholesale-Yougel-2-768x768.webp 768w, https:\/\/www.fsyougel.com\/wp-content\/uploads\/2025\/10\/Moonlight-Cat-Eye-Gel-Polish-Wholesale-Yougel-2-12x12.webp 12w, https:\/\/www.fsyougel.com\/wp-content\/uploads\/2025\/10\/Moonlight-Cat-Eye-Gel-Polish-Wholesale-Yougel-2-1200x1200.webp 1200w, https:\/\/www.fsyougel.com\/wp-content\/uploads\/2025\/10\/Moonlight-Cat-Eye-Gel-Polish-Wholesale-Yougel-2-600x600.webp 600w, https:\/\/www.fsyougel.com\/wp-content\/uploads\/2025\/10\/Moonlight-Cat-Eye-Gel-Polish-Wholesale-Yougel-2-100x100.webp 100w\" sizes=\"(max-width: 1500px) 100vw, 1500px\" \/><\/figure>\n<\/div>\n<\/div>\n\n\n\n<div class=\"wp-block-columns is-layout-flex wp-container-core-columns-is-layout-9d6595d7 wp-block-columns-is-layout-flex\">\n<div class=\"wp-block-column is-layout-flow wp-block-column-is-layout-flow\">\n<figure class=\"wp-block-image size-full\"><img decoding=\"async\" width=\"1500\" height=\"1500\" src=\"https:\/\/www.fsyougel.com\/wp-content\/uploads\/2025\/10\/Custom-Moonlight-Cat-Eye-Gel-Polish-Supplier-yougel-2.webp\" alt=\"Fournisseur de vernis gel personnalis\u00e9 Moonlight Cat Eye - yougel (2)\" class=\"wp-image-1294\" srcset=\"https:\/\/www.fsyougel.com\/wp-content\/uploads\/2025\/10\/Custom-Moonlight-Cat-Eye-Gel-Polish-Supplier-yougel-2.webp 1500w, https:\/\/www.fsyougel.com\/wp-content\/uploads\/2025\/10\/Custom-Moonlight-Cat-Eye-Gel-Polish-Supplier-yougel-2-300x300.webp 300w, https:\/\/www.fsyougel.com\/wp-content\/uploads\/2025\/10\/Custom-Moonlight-Cat-Eye-Gel-Polish-Supplier-yougel-2-150x150.webp 150w, https:\/\/www.fsyougel.com\/wp-content\/uploads\/2025\/10\/Custom-Moonlight-Cat-Eye-Gel-Polish-Supplier-yougel-2-768x768.webp 768w, https:\/\/www.fsyougel.com\/wp-content\/uploads\/2025\/10\/Custom-Moonlight-Cat-Eye-Gel-Polish-Supplier-yougel-2-12x12.webp 12w, https:\/\/www.fsyougel.com\/wp-content\/uploads\/2025\/10\/Custom-Moonlight-Cat-Eye-Gel-Polish-Supplier-yougel-2-1200x1200.webp 1200w, https:\/\/www.fsyougel.com\/wp-content\/uploads\/2025\/10\/Custom-Moonlight-Cat-Eye-Gel-Polish-Supplier-yougel-2-600x600.webp 600w, https:\/\/www.fsyougel.com\/wp-content\/uploads\/2025\/10\/Custom-Moonlight-Cat-Eye-Gel-Polish-Supplier-yougel-2-100x100.webp 100w\" sizes=\"(max-width: 1500px) 100vw, 1500px\" \/><\/figure>\n<\/div>\n\n\n\n<div class=\"wp-block-column is-layout-flow wp-block-column-is-layout-flow\">\n<figure class=\"wp-block-image size-full\"><img decoding=\"async\" width=\"1500\" height=\"1500\" src=\"https:\/\/www.fsyougel.com\/wp-content\/uploads\/2025\/10\/Custom-Moonlight-Cat-Eye-Gel-Polish-Supplier-yougel-4.webp\" alt=\"Fournisseur de vernis gel personnalis\u00e9 Moonlight Cat Eye - yougel (4)\" class=\"wp-image-1296\" srcset=\"https:\/\/www.fsyougel.com\/wp-content\/uploads\/2025\/10\/Custom-Moonlight-Cat-Eye-Gel-Polish-Supplier-yougel-4.webp 1500w, https:\/\/www.fsyougel.com\/wp-content\/uploads\/2025\/10\/Custom-Moonlight-Cat-Eye-Gel-Polish-Supplier-yougel-4-300x300.webp 300w, https:\/\/www.fsyougel.com\/wp-content\/uploads\/2025\/10\/Custom-Moonlight-Cat-Eye-Gel-Polish-Supplier-yougel-4-150x150.webp 150w, https:\/\/www.fsyougel.com\/wp-content\/uploads\/2025\/10\/Custom-Moonlight-Cat-Eye-Gel-Polish-Supplier-yougel-4-768x768.webp 768w, https:\/\/www.fsyougel.com\/wp-content\/uploads\/2025\/10\/Custom-Moonlight-Cat-Eye-Gel-Polish-Supplier-yougel-4-12x12.webp 12w, https:\/\/www.fsyougel.com\/wp-content\/uploads\/2025\/10\/Custom-Moonlight-Cat-Eye-Gel-Polish-Supplier-yougel-4-1200x1200.webp 1200w, https:\/\/www.fsyougel.com\/wp-content\/uploads\/2025\/10\/Custom-Moonlight-Cat-Eye-Gel-Polish-Supplier-yougel-4-600x600.webp 600w, https:\/\/www.fsyougel.com\/wp-content\/uploads\/2025\/10\/Custom-Moonlight-Cat-Eye-Gel-Polish-Supplier-yougel-4-100x100.webp 100w\" sizes=\"(max-width: 1500px) 100vw, 1500px\" \/><\/figure>\n<\/div>\n<\/div>\n\n\n\n<p><\/p>","protected":false},"excerpt":{"rendered":"<p data-start=\"398\" data-end=\"682\">Bienvenue pour acheter notre vernis gel Moonlight Cat Eye en gros, disponible en 8 couleurs envo\u00fbtantes avec des effets \u0153il-de-chat larges, incurv\u00e9s et semblables \u00e0 des pierres pr\u00e9cieuses. Sans TPO, longue tenue et facile \u00e0 appliquer, il est parfait pour les salons et les marques \u00e0 la recherche d'un vernis \u00e0 ongles magn\u00e9tique haut de gamme \u00e0 prix d'usine.<\/p>\n<table border=\"0\" width=\"854\" cellspacing=\"0\" cellpadding=\"0\">\n<tbody>\n<tr>\n<td class=\"et3\" width=\"257\" height=\"44\">Marque<\/td>\n<td class=\"et3\" width=\"597\">YouGel<\/td>\n<\/tr>\n<tr>\n<td class=\"et4\" width=\"257\" height=\"44\">Num\u00e9ro de mod\u00e8le<\/td>\n<td class=\"et4\" width=\"597\">24CG01<\/td>\n<\/tr>\n<tr>\n<td class=\"et4\" width=\"257\" height=\"44\">Type de produit<\/td>\n<td class=\"et4\" width=\"597\">Gel de polissage UV\/LED<\/td>\n<\/tr>\n<tr>\n<td class=\"et4\" width=\"257\" height=\"44\">Mat\u00e9riau<\/td>\n<td class=\"et4\" width=\"597\">R\u00e9sine<\/td>\n<\/tr>\n<tr>\n<td class=\"et4\" width=\"257\" height=\"44\">Couleur<\/td>\n<td class=\"et4\" width=\"597\">8 Couleurs<\/td>\n<\/tr>\n<tr>\n<td class=\"et4\" width=\"257\" height=\"44\">Volume<\/td>\n<td class=\"et4\" width=\"597\">8 ml<\/td>\n<\/tr>\n<tr>\n<td class=\"et4\" width=\"257\" height=\"44\">S\u00e9curit\u00e9<\/td>\n<td class=\"et4\" width=\"597\">Sans HEMA, sans TPO, non toxique, MSDS disponible<\/td>\n<\/tr>\n<tr>\n<td class=\"et4\" width=\"257\" height=\"44\">MOQ<\/td>\n<td class=\"et4\" width=\"597\">Faible MOQ<\/td>\n<\/tr>\n<tr>\n<td class=\"et4\" width=\"257\" height=\"44\">\u00c9chantillon gratuit<\/td>\n<td class=\"et4\" width=\"597\">Disponible<\/td>\n<\/tr>\n<tr>\n<td class=\"et4\" width=\"257\" height=\"82\">Option personnalis\u00e9e<\/td>\n<td class=\"et4\" width=\"597\">Services OEM\/ODM, prise en charge des logos, \u00e9tiquettes et emballages personnalis\u00e9s<\/td>\n<\/tr>\n<\/tbody>\n<\/table>\n<h2 class=\"brxe-heading\">Du fabricant de vernis en gel<\/h2>\n<p><a href=\"https:\/\/www.fsyougel.com\/fr\/\"><strong>YouGel<\/strong><\/a> est un fabricant de vernis en gel de confiance, qui propose des couches de base en gel de haute qualit\u00e9 adapt\u00e9es aux ongles UV\/LED. Nos produits sont con\u00e7us pour garantir une application en douceur, une tenue longue dur\u00e9e et un retrait facile.<\/p>","protected":false},"featured_media":1299,"comment_status":"closed","ping_status":"closed","template":"","meta":{"_acf_changed":false},"product_brand":[],"product_cat":[19,28],"product_tag":[],"class_list":{"0":"post-1292","1":"product","2":"type-product","3":"status-publish","4":"has-post-thumbnail","6":"product_cat-gel-polish-color-wholesale","7":"product_cat-cat-eye-gel-supplier","9":"first","10":"instock","11":"shipping-taxable","12":"product-type-simple"},"acf":[],"_links":{"self":[{"href":"https:\/\/www.fsyougel.com\/fr\/wp-json\/wp\/v2\/product\/1292","targetHints":{"allow":["GET"]}}],"collection":[{"href":"https:\/\/www.fsyougel.com\/fr\/wp-json\/wp\/v2\/product"}],"about":[{"href":"https:\/\/www.fsyougel.com\/fr\/wp-json\/wp\/v2\/types\/product"}],"replies":[{"embeddable":true,"href":"https:\/\/www.fsyougel.com\/fr\/wp-json\/wp\/v2\/comments?post=1292"}],"wp:featuredmedia":[{"embeddable":true,"href":"https:\/\/www.fsyougel.com\/fr\/wp-json\/wp\/v2\/media\/1299"}],"wp:attachment":[{"href":"https:\/\/www.fsyougel.com\/fr\/wp-json\/wp\/v2\/media?parent=1292"}],"wp:term":[{"taxonomy":"product_brand","embeddable":true,"href":"https:\/\/www.fsyougel.com\/fr\/wp-json\/wp\/v2\/product_brand?post=1292"},{"taxonomy":"product_cat","embeddable":true,"href":"https:\/\/www.fsyougel.com\/fr\/wp-json\/wp\/v2\/product_cat?post=1292"},{"taxonomy":"product_tag","embeddable":true,"href":"https:\/\/www.fsyougel.com\/fr\/wp-json\/wp\/v2\/product_tag?post=1292"}],"curies":[{"name":"wp","href":"https:\/\/api.w.org\/{rel}","templated":true}]}}