{"id":1301,"date":"2025-10-28T18:12:58","date_gmt":"2025-10-28T18:12:58","guid":{"rendered":"https:\/\/www.fsyougel.com\/?post_type=product&#038;p=1301"},"modified":"2025-12-31T09:17:09","modified_gmt":"2025-12-31T09:17:09","slug":"8d-chameleon-cat-eye-gel-polish-factory","status":"publish","type":"product","link":"https:\/\/www.fsyougel.com\/fr\/produit\/8d-chameleon-cat-eye-gel-polish-factory\/","title":{"rendered":"Vente en gros de vernis gel 8D Chameleon Cat Eye, vernis gel magn\u00e9tique sans TPO"},"content":{"rendered":"<div class=\"wp-block-columns is-layout-flex wp-container-core-columns-is-layout-9d6595d7 wp-block-columns-is-layout-flex\">\n<div class=\"wp-block-column is-layout-flow wp-block-column-is-layout-flow\">\n<h2 class=\"wp-block-heading\">Caract\u00e9ristiques du vernis gel 8D Chameleon Cat Eye vendu en gros :<\/h2>\n\n\n\n<ul class=\"wp-block-list\">\n<li><strong>Effet de changement de couleur 8D \u00e9poustouflant<\/strong> \u2013 Une exp\u00e9rience \u00e9blouissante <strong>r\u00e9flexions magn\u00e9tiques multidimensionnelles<\/strong> qui changent de teinte selon l'angle d'\u00e9clairage, cr\u00e9ant ainsi un fini cam\u00e9l\u00e9on 8D \u00e9clatant.<\/li>\n\n\n\n<li><strong>Design \u0153il de chat magn\u00e9tique<\/strong> \u2013 Facilement fa\u00e7onner unique <strong>lignes \u0153il-de-chat, effets galaxie et d\u00e9grad\u00e9s aurora<\/strong> avec un b\u00e2tonnet magn\u00e9tique pour un nail art accrocheur.<\/li>\n\n\n\n<li><strong>Formule sans TPO et sans danger<\/strong> \u2013 Notre vernis gel cam\u00e9l\u00e9on 8D pour les yeux de chat est fabriqu\u00e9 \u00e0 partir d'un <strong>Formule sans TPO, non toxique et sans cruaut\u00e9<\/strong>, garantissant une application de qualit\u00e9 professionnelle sans irritation ni odeur.<\/li>\n\n\n\n<li><strong>Ultra-brillant et longue dur\u00e9e<\/strong> \u2013 Offres <strong>couleur intense, forte adh\u00e9rence et r\u00e9sistance aux \u00e9clats<\/strong> qui dure jusqu'\u00e0 plus de 3 semaines avec une brillance parfaite.<\/li>\n\n\n\n<li><strong>Vente en gros et OEM disponibles<\/strong> \u2013 Assistance <strong>personnalisation de marque priv\u00e9e<\/strong>, commandes en gros et prix d'usine comp\u00e9titifs \u2014 id\u00e9al pour les salons, les distributeurs et les marques de vernis \u00e0 ongles.<\/li>\n<\/ul>\n<\/div>\n\n\n\n<div class=\"wp-block-column is-layout-flow wp-block-column-is-layout-flow\">\n<figure class=\"wp-block-image size-full\"><img decoding=\"async\" width=\"1500\" height=\"1500\" src=\"https:\/\/www.fsyougel.com\/wp-content\/uploads\/2025\/10\/8D-Chameleon-Cat-Eye-Gel-Polish-Wholesale-Factory-yougel-1.webp\" alt=\"Usine de vente en gros de vernis gel 8D Chameleon Cat Eye - yougel (1)\" class=\"wp-image-1305\" srcset=\"https:\/\/www.fsyougel.com\/wp-content\/uploads\/2025\/10\/8D-Chameleon-Cat-Eye-Gel-Polish-Wholesale-Factory-yougel-1.webp 1500w, https:\/\/www.fsyougel.com\/wp-content\/uploads\/2025\/10\/8D-Chameleon-Cat-Eye-Gel-Polish-Wholesale-Factory-yougel-1-300x300.webp 300w, https:\/\/www.fsyougel.com\/wp-content\/uploads\/2025\/10\/8D-Chameleon-Cat-Eye-Gel-Polish-Wholesale-Factory-yougel-1-150x150.webp 150w, https:\/\/www.fsyougel.com\/wp-content\/uploads\/2025\/10\/8D-Chameleon-Cat-Eye-Gel-Polish-Wholesale-Factory-yougel-1-768x768.webp 768w, https:\/\/www.fsyougel.com\/wp-content\/uploads\/2025\/10\/8D-Chameleon-Cat-Eye-Gel-Polish-Wholesale-Factory-yougel-1-12x12.webp 12w, https:\/\/www.fsyougel.com\/wp-content\/uploads\/2025\/10\/8D-Chameleon-Cat-Eye-Gel-Polish-Wholesale-Factory-yougel-1-1200x1200.webp 1200w, https:\/\/www.fsyougel.com\/wp-content\/uploads\/2025\/10\/8D-Chameleon-Cat-Eye-Gel-Polish-Wholesale-Factory-yougel-1-600x600.webp 600w, https:\/\/www.fsyougel.com\/wp-content\/uploads\/2025\/10\/8D-Chameleon-Cat-Eye-Gel-Polish-Wholesale-Factory-yougel-1-100x100.webp 100w\" sizes=\"(max-width: 1500px) 100vw, 1500px\" \/><\/figure>\n<\/div>\n<\/div>\n\n\n\n<div class=\"wp-block-columns is-layout-flex wp-container-core-columns-is-layout-9d6595d7 wp-block-columns-is-layout-flex\">\n<div class=\"wp-block-column is-layout-flow wp-block-column-is-layout-flow\">\n<figure class=\"wp-block-image size-full\"><img decoding=\"async\" width=\"1500\" height=\"1500\" src=\"https:\/\/www.fsyougel.com\/wp-content\/uploads\/2025\/10\/8D-Chameleon-Cat-Eye-Gel-Polish-Wholesale-Factory-yougel-2.webp\" alt=\"Usine de vente en gros de vernis gel 8D Chameleon Cat Eye - yougel (2)\" class=\"wp-image-1306\" srcset=\"https:\/\/www.fsyougel.com\/wp-content\/uploads\/2025\/10\/8D-Chameleon-Cat-Eye-Gel-Polish-Wholesale-Factory-yougel-2.webp 1500w, https:\/\/www.fsyougel.com\/wp-content\/uploads\/2025\/10\/8D-Chameleon-Cat-Eye-Gel-Polish-Wholesale-Factory-yougel-2-300x300.webp 300w, https:\/\/www.fsyougel.com\/wp-content\/uploads\/2025\/10\/8D-Chameleon-Cat-Eye-Gel-Polish-Wholesale-Factory-yougel-2-150x150.webp 150w, https:\/\/www.fsyougel.com\/wp-content\/uploads\/2025\/10\/8D-Chameleon-Cat-Eye-Gel-Polish-Wholesale-Factory-yougel-2-768x768.webp 768w, https:\/\/www.fsyougel.com\/wp-content\/uploads\/2025\/10\/8D-Chameleon-Cat-Eye-Gel-Polish-Wholesale-Factory-yougel-2-12x12.webp 12w, https:\/\/www.fsyougel.com\/wp-content\/uploads\/2025\/10\/8D-Chameleon-Cat-Eye-Gel-Polish-Wholesale-Factory-yougel-2-1200x1200.webp 1200w, https:\/\/www.fsyougel.com\/wp-content\/uploads\/2025\/10\/8D-Chameleon-Cat-Eye-Gel-Polish-Wholesale-Factory-yougel-2-600x600.webp 600w, https:\/\/www.fsyougel.com\/wp-content\/uploads\/2025\/10\/8D-Chameleon-Cat-Eye-Gel-Polish-Wholesale-Factory-yougel-2-100x100.webp 100w\" sizes=\"(max-width: 1500px) 100vw, 1500px\" \/><\/figure>\n<\/div>\n\n\n\n<div class=\"wp-block-column is-layout-flow wp-block-column-is-layout-flow\">\n<figure class=\"wp-block-image size-full\"><img decoding=\"async\" width=\"1500\" height=\"1500\" src=\"https:\/\/www.fsyougel.com\/wp-content\/uploads\/2025\/10\/Wholesale-8D-Chameleon-Cat-Eye-Gel-Polish-Factory.webp\" alt=\"Usine de vente en gros de vernis gel 8D Chameleon Cat Eye\" class=\"wp-image-1309\" srcset=\"https:\/\/www.fsyougel.com\/wp-content\/uploads\/2025\/10\/Wholesale-8D-Chameleon-Cat-Eye-Gel-Polish-Factory.webp 1500w, https:\/\/www.fsyougel.com\/wp-content\/uploads\/2025\/10\/Wholesale-8D-Chameleon-Cat-Eye-Gel-Polish-Factory-300x300.webp 300w, https:\/\/www.fsyougel.com\/wp-content\/uploads\/2025\/10\/Wholesale-8D-Chameleon-Cat-Eye-Gel-Polish-Factory-150x150.webp 150w, https:\/\/www.fsyougel.com\/wp-content\/uploads\/2025\/10\/Wholesale-8D-Chameleon-Cat-Eye-Gel-Polish-Factory-768x768.webp 768w, https:\/\/www.fsyougel.com\/wp-content\/uploads\/2025\/10\/Wholesale-8D-Chameleon-Cat-Eye-Gel-Polish-Factory-12x12.webp 12w, https:\/\/www.fsyougel.com\/wp-content\/uploads\/2025\/10\/Wholesale-8D-Chameleon-Cat-Eye-Gel-Polish-Factory-1200x1200.webp 1200w, https:\/\/www.fsyougel.com\/wp-content\/uploads\/2025\/10\/Wholesale-8D-Chameleon-Cat-Eye-Gel-Polish-Factory-600x600.webp 600w, https:\/\/www.fsyougel.com\/wp-content\/uploads\/2025\/10\/Wholesale-8D-Chameleon-Cat-Eye-Gel-Polish-Factory-100x100.webp 100w\" sizes=\"(max-width: 1500px) 100vw, 1500px\" \/><\/figure>\n<\/div>\n<\/div>\n\n\n\n<figure class=\"wp-block-image size-full\"><img decoding=\"async\" width=\"1500\" height=\"907\" src=\"https:\/\/www.fsyougel.com\/wp-content\/uploads\/2025\/10\/8D-Chameleon-Cat-Eye-Gel-Polish-Manufacturer.webp\" alt=\"Fabricant de vernis gel 8D Chameleon Cat Eye\" class=\"wp-image-1303\" srcset=\"https:\/\/www.fsyougel.com\/wp-content\/uploads\/2025\/10\/8D-Chameleon-Cat-Eye-Gel-Polish-Manufacturer.webp 1500w, https:\/\/www.fsyougel.com\/wp-content\/uploads\/2025\/10\/8D-Chameleon-Cat-Eye-Gel-Polish-Manufacturer-300x181.webp 300w, https:\/\/www.fsyougel.com\/wp-content\/uploads\/2025\/10\/8D-Chameleon-Cat-Eye-Gel-Polish-Manufacturer-768x464.webp 768w, https:\/\/www.fsyougel.com\/wp-content\/uploads\/2025\/10\/8D-Chameleon-Cat-Eye-Gel-Polish-Manufacturer-18x12.webp 18w, https:\/\/www.fsyougel.com\/wp-content\/uploads\/2025\/10\/8D-Chameleon-Cat-Eye-Gel-Polish-Manufacturer-1200x726.webp 1200w, https:\/\/www.fsyougel.com\/wp-content\/uploads\/2025\/10\/8D-Chameleon-Cat-Eye-Gel-Polish-Manufacturer-600x363.webp 600w\" sizes=\"(max-width: 1500px) 100vw, 1500px\" \/><\/figure>","protected":false},"excerpt":{"rendered":"<p data-start=\"398\" data-end=\"682\">Bienvenue pour acheter notre vernis gel cam\u00e9l\u00e9on 8D pour les yeux de chat, dot\u00e9 d'une formule sans TPO et ultra brillante qui change de couleur sous la lumi\u00e8re pour cr\u00e9er de superbes effets magn\u00e9tiques. Parfait pour les salons de manucure et les marques priv\u00e9es \u00e0 la recherche de gels pour les yeux de chat vibrants et durables \u00e0 des prix de gros d'usine.<\/p>\n<table border=\"0\" width=\"854\" cellspacing=\"0\" cellpadding=\"0\">\n<tbody>\n<tr>\n<td class=\"et3\" width=\"257\" height=\"44\">Marque<\/td>\n<td class=\"et3\" width=\"597\">YouGel<\/td>\n<\/tr>\n<tr>\n<td class=\"et4\" width=\"257\" height=\"44\">Num\u00e9ro de mod\u00e8le<\/td>\n<td class=\"et4\" width=\"597\">8DCG01<\/td>\n<\/tr>\n<tr>\n<td class=\"et4\" width=\"257\" height=\"44\">Type de produit<\/td>\n<td class=\"et4\" width=\"597\">Gel de polissage UV\/LED<\/td>\n<\/tr>\n<tr>\n<td class=\"et4\" width=\"257\" height=\"44\">Mat\u00e9riau<\/td>\n<td class=\"et4\" width=\"597\">R\u00e9sine<\/td>\n<\/tr>\n<tr>\n<td class=\"et4\" width=\"257\" height=\"44\">Couleur<\/td>\n<td class=\"et4\" width=\"597\">6 couleurs<\/td>\n<\/tr>\n<tr>\n<td class=\"et4\" width=\"257\" height=\"44\">Volume<\/td>\n<td class=\"et4\" width=\"597\">8 ml<\/td>\n<\/tr>\n<tr>\n<td class=\"et4\" width=\"257\" height=\"44\">S\u00e9curit\u00e9<\/td>\n<td class=\"et4\" width=\"597\">Sans HEMA, sans TPO, non toxique, MSDS disponible<\/td>\n<\/tr>\n<tr>\n<td class=\"et4\" width=\"257\" height=\"44\">MOQ<\/td>\n<td class=\"et4\" width=\"597\">Faible MOQ<\/td>\n<\/tr>\n<tr>\n<td class=\"et4\" width=\"257\" height=\"44\">\u00c9chantillon gratuit<\/td>\n<td class=\"et4\" width=\"597\">Disponible<\/td>\n<\/tr>\n<tr>\n<td class=\"et4\" width=\"257\" height=\"82\">Option personnalis\u00e9e<\/td>\n<td class=\"et4\" width=\"597\">Services OEM\/ODM, prise en charge des logos, \u00e9tiquettes et emballages personnalis\u00e9s<\/td>\n<\/tr>\n<\/tbody>\n<\/table>\n<h2 class=\"brxe-heading\">Du fabricant de vernis en gel<\/h2>\n<p><a href=\"https:\/\/www.fsyougel.com\/fr\/\"><strong>YouGel<\/strong><\/a> est un fabricant de vernis en gel de confiance, qui propose des couches de base en gel de haute qualit\u00e9 adapt\u00e9es aux ongles UV\/LED. Nos produits sont con\u00e7us pour garantir une application en douceur, une tenue longue dur\u00e9e et un retrait facile.<\/p>","protected":false},"featured_media":1302,"comment_status":"closed","ping_status":"closed","template":"","meta":{"_acf_changed":false},"product_brand":[],"product_cat":[19,28],"product_tag":[],"class_list":{"0":"post-1301","1":"product","2":"type-product","3":"status-publish","4":"has-post-thumbnail","6":"product_cat-gel-polish-color-wholesale","7":"product_cat-cat-eye-gel-supplier","9":"first","10":"instock","11":"shipping-taxable","12":"product-type-simple"},"acf":[],"_links":{"self":[{"href":"https:\/\/www.fsyougel.com\/fr\/wp-json\/wp\/v2\/product\/1301","targetHints":{"allow":["GET"]}}],"collection":[{"href":"https:\/\/www.fsyougel.com\/fr\/wp-json\/wp\/v2\/product"}],"about":[{"href":"https:\/\/www.fsyougel.com\/fr\/wp-json\/wp\/v2\/types\/product"}],"replies":[{"embeddable":true,"href":"https:\/\/www.fsyougel.com\/fr\/wp-json\/wp\/v2\/comments?post=1301"}],"wp:featuredmedia":[{"embeddable":true,"href":"https:\/\/www.fsyougel.com\/fr\/wp-json\/wp\/v2\/media\/1302"}],"wp:attachment":[{"href":"https:\/\/www.fsyougel.com\/fr\/wp-json\/wp\/v2\/media?parent=1301"}],"wp:term":[{"taxonomy":"product_brand","embeddable":true,"href":"https:\/\/www.fsyougel.com\/fr\/wp-json\/wp\/v2\/product_brand?post=1301"},{"taxonomy":"product_cat","embeddable":true,"href":"https:\/\/www.fsyougel.com\/fr\/wp-json\/wp\/v2\/product_cat?post=1301"},{"taxonomy":"product_tag","embeddable":true,"href":"https:\/\/www.fsyougel.com\/fr\/wp-json\/wp\/v2\/product_tag?post=1301"}],"curies":[{"name":"wp","href":"https:\/\/api.w.org\/{rel}","templated":true}]}}