{"id":1311,"date":"2025-10-29T08:23:44","date_gmt":"2025-10-29T08:23:44","guid":{"rendered":"https:\/\/www.fsyougel.com\/?post_type=product&#038;p=1311"},"modified":"2025-10-29T09:43:32","modified_gmt":"2025-10-29T09:43:32","slug":"custom-liner-art-gel-for-nail-art","status":"publish","type":"product","link":"https:\/\/www.fsyougel.com\/fr\/produit\/custom-liner-art-gel-for-nail-art\/","title":{"rendered":"Gel liner personnalis\u00e9 pour nail art, OEM\/ODM 12 couleurs de gel liner pour le design des ongles"},"content":{"rendered":"<div class=\"wp-block-columns is-layout-flex wp-container-core-columns-is-layout-9d6595d7 wp-block-columns-is-layout-flex\">\n<div class=\"wp-block-column is-layout-flow wp-block-column-is-layout-flow\">\n<h2 class=\"wp-block-heading\">Caract\u00e9ristiques du gel Custom Liner Art :<\/h2>\n\n\n\n<ul class=\"wp-block-list\">\n<li><strong>Contr\u00f4le fluide et pr\u00e9cis : <\/strong>Ce gel pour nail art personnalis\u00e9 offre une texture lisse et soyeuse et est dot\u00e9 d'une pointe pinceau professionnelle, ce qui permet de ma\u00eetriser facilement les contours, les lignes et les motifs complexes, et vous aide \u00e0 cr\u00e9er des nail arts plus \u00e9labor\u00e9s.<\/li>\n\n\n\n<li><strong>12 couleurs \u00e9l\u00e9gantes :<\/strong> Offre 12 couleurs tr\u00e8s satur\u00e9es, du noir et blanc classique aux nuances macaron tendance. La richesse des couleurs et l'excellente aptitude au tartinement permettent une application plus expressive pour chaque motif.<\/li>\n\n\n\n<li><strong>Formule sans TPO et sans danger :<\/strong> Fabriqu\u00e9 \u00e0 partir d'ingr\u00e9dients \u00e9cologiques sans TPO, il ne d\u00e9gage aucune odeur irritante et est plus doux pour les ongles et la peau. Convient \u00e0 une utilisation prolong\u00e9e en salon, alliant s\u00e9curit\u00e9 et r\u00e9sultats professionnels.<\/li>\n\n\n\n<li><strong>Longue dur\u00e9e et s\u00e9chage rapide :<\/strong> La formule pr\u00e9sente une forte adh\u00e9rence, emp\u00eachant ainsi la d\u00e9coloration et la fissuration. Elle durcit rapidement sous la lumi\u00e8re UV\/LED, ce qui permet de gagner du temps et de rendre les cr\u00e9ations plus efficaces.<\/li>\n\n\n\n<li><strong>Services de personnalisation OEM\/ODM disponibles<\/strong>: Nous proposons des options de personnalisation flexibles pour les logos de marque, les couleurs d'emballage et les designs de flacons. C'est un partenaire id\u00e9al pour diverses marques de produits pour les ongles, distributeurs et acad\u00e9mies de manucure.<\/li>\n\n\n\n<li><strong>Id\u00e9al pour la cr\u00e9ation artistique : <\/strong>Notre gel artistique personnalis\u00e9 pour liner ne sert pas seulement \u00e0 la d\u00e9coration quotidienne des ongles, mais est \u00e9galement parfait pour les salons professionnels qui souhaitent cr\u00e9er des \u0153uvres d'art en 3D, des effets d\u00e9grad\u00e9s et des chefs-d'\u0153uvre d\u00e9taill\u00e9s peints \u00e0 la main.<\/li>\n<\/ul>\n<\/div>\n\n\n\n<div class=\"wp-block-column is-layout-flow wp-block-column-is-layout-flow\">\n<figure class=\"wp-block-image size-full\"><img decoding=\"async\" width=\"1500\" height=\"1500\" src=\"https:\/\/www.fsyougel.com\/wp-content\/uploads\/2025\/10\/OEM-Liner-Art-Gel-Manufacturer-3.webp\" alt=\"Fabricant de gel pour liner OEM (3)\" class=\"wp-image-1319\" srcset=\"https:\/\/www.fsyougel.com\/wp-content\/uploads\/2025\/10\/OEM-Liner-Art-Gel-Manufacturer-3.webp 1500w, https:\/\/www.fsyougel.com\/wp-content\/uploads\/2025\/10\/OEM-Liner-Art-Gel-Manufacturer-3-300x300.webp 300w, https:\/\/www.fsyougel.com\/wp-content\/uploads\/2025\/10\/OEM-Liner-Art-Gel-Manufacturer-3-150x150.webp 150w, https:\/\/www.fsyougel.com\/wp-content\/uploads\/2025\/10\/OEM-Liner-Art-Gel-Manufacturer-3-768x768.webp 768w, https:\/\/www.fsyougel.com\/wp-content\/uploads\/2025\/10\/OEM-Liner-Art-Gel-Manufacturer-3-12x12.webp 12w, https:\/\/www.fsyougel.com\/wp-content\/uploads\/2025\/10\/OEM-Liner-Art-Gel-Manufacturer-3-1200x1200.webp 1200w, https:\/\/www.fsyougel.com\/wp-content\/uploads\/2025\/10\/OEM-Liner-Art-Gel-Manufacturer-3-600x600.webp 600w, https:\/\/www.fsyougel.com\/wp-content\/uploads\/2025\/10\/OEM-Liner-Art-Gel-Manufacturer-3-100x100.webp 100w\" sizes=\"(max-width: 1500px) 100vw, 1500px\" \/><\/figure>\n<\/div>\n<\/div>\n\n\n\n<div class=\"wp-block-columns is-layout-flex wp-container-core-columns-is-layout-9d6595d7 wp-block-columns-is-layout-flex\">\n<div class=\"wp-block-column is-layout-flow wp-block-column-is-layout-flow\">\n<figure class=\"wp-block-image size-full\"><img decoding=\"async\" width=\"1500\" height=\"1500\" src=\"https:\/\/www.fsyougel.com\/wp-content\/uploads\/2025\/10\/Custom-Liner-Art-Gel-For-Nail-Art-5.webp\" alt=\"Gel de ligne personnalis\u00e9 pour nail art (5)\" class=\"wp-image-1316\" srcset=\"https:\/\/www.fsyougel.com\/wp-content\/uploads\/2025\/10\/Custom-Liner-Art-Gel-For-Nail-Art-5.webp 1500w, https:\/\/www.fsyougel.com\/wp-content\/uploads\/2025\/10\/Custom-Liner-Art-Gel-For-Nail-Art-5-300x300.webp 300w, https:\/\/www.fsyougel.com\/wp-content\/uploads\/2025\/10\/Custom-Liner-Art-Gel-For-Nail-Art-5-150x150.webp 150w, https:\/\/www.fsyougel.com\/wp-content\/uploads\/2025\/10\/Custom-Liner-Art-Gel-For-Nail-Art-5-768x768.webp 768w, https:\/\/www.fsyougel.com\/wp-content\/uploads\/2025\/10\/Custom-Liner-Art-Gel-For-Nail-Art-5-12x12.webp 12w, https:\/\/www.fsyougel.com\/wp-content\/uploads\/2025\/10\/Custom-Liner-Art-Gel-For-Nail-Art-5-1200x1200.webp 1200w, https:\/\/www.fsyougel.com\/wp-content\/uploads\/2025\/10\/Custom-Liner-Art-Gel-For-Nail-Art-5-600x600.webp 600w, https:\/\/www.fsyougel.com\/wp-content\/uploads\/2025\/10\/Custom-Liner-Art-Gel-For-Nail-Art-5-100x100.webp 100w\" sizes=\"(max-width: 1500px) 100vw, 1500px\" \/><\/figure>\n<\/div>\n\n\n\n<div class=\"wp-block-column is-layout-flow wp-block-column-is-layout-flow\">\n<figure class=\"wp-block-image size-full\"><img decoding=\"async\" width=\"1500\" height=\"1500\" src=\"https:\/\/www.fsyougel.com\/wp-content\/uploads\/2025\/10\/Custom-Liner-Art-Gel-For-Nail-Art-4.webp\" alt=\"Gel de ligne personnalis\u00e9 pour nail art (4)\" class=\"wp-image-1315\" srcset=\"https:\/\/www.fsyougel.com\/wp-content\/uploads\/2025\/10\/Custom-Liner-Art-Gel-For-Nail-Art-4.webp 1500w, https:\/\/www.fsyougel.com\/wp-content\/uploads\/2025\/10\/Custom-Liner-Art-Gel-For-Nail-Art-4-300x300.webp 300w, https:\/\/www.fsyougel.com\/wp-content\/uploads\/2025\/10\/Custom-Liner-Art-Gel-For-Nail-Art-4-150x150.webp 150w, https:\/\/www.fsyougel.com\/wp-content\/uploads\/2025\/10\/Custom-Liner-Art-Gel-For-Nail-Art-4-768x768.webp 768w, https:\/\/www.fsyougel.com\/wp-content\/uploads\/2025\/10\/Custom-Liner-Art-Gel-For-Nail-Art-4-12x12.webp 12w, https:\/\/www.fsyougel.com\/wp-content\/uploads\/2025\/10\/Custom-Liner-Art-Gel-For-Nail-Art-4-1200x1200.webp 1200w, https:\/\/www.fsyougel.com\/wp-content\/uploads\/2025\/10\/Custom-Liner-Art-Gel-For-Nail-Art-4-600x600.webp 600w, https:\/\/www.fsyougel.com\/wp-content\/uploads\/2025\/10\/Custom-Liner-Art-Gel-For-Nail-Art-4-100x100.webp 100w\" sizes=\"(max-width: 1500px) 100vw, 1500px\" \/><\/figure>\n<\/div>\n\n\n\n<div class=\"wp-block-column is-layout-flow wp-block-column-is-layout-flow\">\n<figure class=\"wp-block-image size-full\"><img decoding=\"async\" width=\"1500\" height=\"1500\" src=\"https:\/\/www.fsyougel.com\/wp-content\/uploads\/2025\/10\/Custom-Liner-Art-Gel-For-Nail-Art-3.webp\" alt=\"Gel de ligne personnalis\u00e9 pour nail art (3)\" class=\"wp-image-1314\" srcset=\"https:\/\/www.fsyougel.com\/wp-content\/uploads\/2025\/10\/Custom-Liner-Art-Gel-For-Nail-Art-3.webp 1500w, https:\/\/www.fsyougel.com\/wp-content\/uploads\/2025\/10\/Custom-Liner-Art-Gel-For-Nail-Art-3-300x300.webp 300w, https:\/\/www.fsyougel.com\/wp-content\/uploads\/2025\/10\/Custom-Liner-Art-Gel-For-Nail-Art-3-150x150.webp 150w, https:\/\/www.fsyougel.com\/wp-content\/uploads\/2025\/10\/Custom-Liner-Art-Gel-For-Nail-Art-3-768x768.webp 768w, https:\/\/www.fsyougel.com\/wp-content\/uploads\/2025\/10\/Custom-Liner-Art-Gel-For-Nail-Art-3-12x12.webp 12w, https:\/\/www.fsyougel.com\/wp-content\/uploads\/2025\/10\/Custom-Liner-Art-Gel-For-Nail-Art-3-1200x1200.webp 1200w, https:\/\/www.fsyougel.com\/wp-content\/uploads\/2025\/10\/Custom-Liner-Art-Gel-For-Nail-Art-3-600x600.webp 600w, https:\/\/www.fsyougel.com\/wp-content\/uploads\/2025\/10\/Custom-Liner-Art-Gel-For-Nail-Art-3-100x100.webp 100w\" sizes=\"(max-width: 1500px) 100vw, 1500px\" \/><\/figure>\n<\/div>\n<\/div>\n\n\n\n<p><\/p>","protected":false},"excerpt":{"rendered":"<p>Bienvenue pour acheter notre gel liner art personnalis\u00e9 en gros, disponible en 12 couleurs vives, sans TPO, \u00e0 la texture lisse pour une peinture d\u00e9taill\u00e9e des ongles et des designs en 3D. Parfait pour les salons et les marques OEM\/ODM \u00e0 la recherche de gels liner s\u00fbrs, durables et faciles \u00e0 utiliser \u00e0 des prix d'usine comp\u00e9titifs.<\/p>\n<table border=\"0\" width=\"854\" cellspacing=\"0\" cellpadding=\"0\">\n<tbody>\n<tr>\n<td width=\"257\" height=\"44\">Marque<\/td>\n<td width=\"597\">YouGel<\/td>\n<\/tr>\n<tr>\n<td width=\"257\" height=\"44\">Num\u00e9ro de mod\u00e8le<\/td>\n<td width=\"597\">LX01<\/td>\n<\/tr>\n<tr>\n<td width=\"257\" height=\"44\">Type de produit<\/td>\n<td width=\"597\">Gel de polissage UV\/LED<\/td>\n<\/tr>\n<tr>\n<td width=\"257\" height=\"44\">Mat\u00e9riau<\/td>\n<td width=\"597\">R\u00e9sine<\/td>\n<\/tr>\n<tr>\n<td width=\"257\" height=\"44\">Couleur<\/td>\n<td width=\"597\">12 couleurs<\/td>\n<\/tr>\n<tr>\n<td width=\"257\" height=\"44\">Volume<\/td>\n<td width=\"597\">10 ml<\/td>\n<\/tr>\n<tr>\n<td width=\"257\" height=\"44\">S\u00e9curit\u00e9<\/td>\n<td width=\"597\">Sans HEMA, sans TPO, non toxique, MSDS disponible<\/td>\n<\/tr>\n<tr>\n<td width=\"257\" height=\"44\">MOQ<\/td>\n<td width=\"597\">Faible MOQ<\/td>\n<\/tr>\n<tr>\n<td width=\"257\" height=\"44\">\u00c9chantillon gratuit<\/td>\n<td width=\"597\">Disponible<\/td>\n<\/tr>\n<tr>\n<td width=\"257\" height=\"82\">Option personnalis\u00e9e<\/td>\n<td width=\"597\">Services OEM\/ODM, prise en charge des logos, \u00e9tiquettes et emballages personnalis\u00e9s<\/td>\n<\/tr>\n<\/tbody>\n<\/table>\n<h3 class=\"brxe-heading\">Fabricant de vernis \u00e0 ongles en gel<\/h3>\n<p><a href=\"https:\/\/www.fsyougel.com\/fr\/\"><strong>YouGel<\/strong><\/a> est un fabricant de vernis \u00e0 ongles en gel de haute technologie. <a href=\"https:\/\/www.fsyougel.com\/fr\/wholesale-gel-polish\/\"><strong>commerce de gros<\/strong><\/a>, <a href=\"https:\/\/www.fsyougel.com\/fr\/private-label-gel-polish\/\"><strong>marque priv\u00e9e<\/strong><\/a>et<a href=\"https:\/\/www.fsyougel.com\/fr\/custom-gel-polish\/\"><strong> Services OEM\/ODM<\/strong><\/a>. Choisissez parmi <strong>10 000+ couleurs sans HEMA, sans TPO, v\u00e9g\u00e9taliennes et sans cruaut\u00e9<\/strong> con\u00e7u pour une application en douceur, une longue dur\u00e9e d'utilisation et une absorption facile.<\/p>","protected":false},"featured_media":1312,"comment_status":"closed","ping_status":"closed","template":"","meta":{"_acf_changed":false},"product_brand":[],"product_cat":[24],"product_tag":[],"class_list":{"0":"post-1311","1":"product","2":"type-product","3":"status-publish","4":"has-post-thumbnail","6":"product_cat-wholesale-nail-art-gel","8":"first","9":"instock","10":"shipping-taxable","11":"product-type-simple"},"acf":[],"_links":{"self":[{"href":"https:\/\/www.fsyougel.com\/fr\/wp-json\/wp\/v2\/product\/1311","targetHints":{"allow":["GET"]}}],"collection":[{"href":"https:\/\/www.fsyougel.com\/fr\/wp-json\/wp\/v2\/product"}],"about":[{"href":"https:\/\/www.fsyougel.com\/fr\/wp-json\/wp\/v2\/types\/product"}],"replies":[{"embeddable":true,"href":"https:\/\/www.fsyougel.com\/fr\/wp-json\/wp\/v2\/comments?post=1311"}],"wp:featuredmedia":[{"embeddable":true,"href":"https:\/\/www.fsyougel.com\/fr\/wp-json\/wp\/v2\/media\/1312"}],"wp:attachment":[{"href":"https:\/\/www.fsyougel.com\/fr\/wp-json\/wp\/v2\/media?parent=1311"}],"wp:term":[{"taxonomy":"product_brand","embeddable":true,"href":"https:\/\/www.fsyougel.com\/fr\/wp-json\/wp\/v2\/product_brand?post=1311"},{"taxonomy":"product_cat","embeddable":true,"href":"https:\/\/www.fsyougel.com\/fr\/wp-json\/wp\/v2\/product_cat?post=1311"},{"taxonomy":"product_tag","embeddable":true,"href":"https:\/\/www.fsyougel.com\/fr\/wp-json\/wp\/v2\/product_tag?post=1311"}],"curies":[{"name":"wp","href":"https:\/\/api.w.org\/{rel}","templated":true}]}}