{"id":1322,"date":"2025-10-29T09:50:12","date_gmt":"2025-10-29T09:50:12","guid":{"rendered":"https:\/\/www.fsyougel.com\/?post_type=product&#038;p=1322"},"modified":"2025-10-29T10:18:25","modified_gmt":"2025-10-29T10:18:25","slug":"nail-art-liner-gel-supplier","status":"publish","type":"product","link":"https:\/\/www.fsyougel.com\/fr\/produit\/nail-art-liner-gel-supplier\/","title":{"rendered":"Fournisseur de gel pour nail art | Marque priv\u00e9e 12 couleurs Gel pour nail art sans TPO"},"content":{"rendered":"<div class=\"wp-block-columns is-layout-flex wp-container-core-columns-is-layout-9d6595d7 wp-block-columns-is-layout-flex\">\n<div class=\"wp-block-column is-layout-flow wp-block-column-is-layout-flow\">\n<h2 class=\"wp-block-heading\">Caract\u00e9ristiques du gel liner pour nail art personnalis\u00e9 :<\/h2>\n\n\n\n<ul class=\"wp-block-list\">\n<li><strong>Application facile et soyeuse : <\/strong>Ceci <strong>Gel liner pour nail art personnalis\u00e9<\/strong> a une texture soyeuse et fluide. Associ\u00e9 \u00e0 un pinceau fin professionnel, il offre un contr\u00f4le pr\u00e9cis, que ce soit pour dessiner des contours, tracer des lignes ou cr\u00e9er des motifs, afin de produire des traits naturels et r\u00e9guliers.<\/li>\n\n\n\n<li><strong>Couleurs intens\u00e9ment satur\u00e9es avec une excellente couverture :<\/strong> Avec ses 12 couleurs tendance soigneusement s\u00e9lectionn\u00e9es, ce gel offre une couleur riche et durable. R\u00e9alisez facilement des effets de dessin et de peinture, id\u00e9aux pour cr\u00e9er des nail arts professionnels aux motifs d\u00e9taill\u00e9s.<\/li>\n\n\n\n<li><strong>Formule sans TPO et sans danger :<\/strong> Gr\u00e2ce \u00e0 sa formule naturelle sans TPO, ce gel est non irritant et inodore, sans danger pour le bien-\u00eatre des ongles, et offre une adh\u00e9rence et une brillance exceptionnelles.<\/li>\n\n\n\n<li><strong>Facile \u00e0 r\u00e9aliser soi-m\u00eame, dans diff\u00e9rents styles : <\/strong>Qu'il s'agisse de dessins au trait, de d\u00e9grad\u00e9s, de motifs g\u00e9om\u00e9triques ou de French manucure, ce gel liner personnalis\u00e9 pour nail art simplifie la cr\u00e9ation de motifs personnalis\u00e9s, laissant libre cours \u00e0 votre imagination.<\/li>\n\n\n\n<li><strong>Personnalisation professionnelle OEM\/ODM : <\/strong>Pour les besoins individuels en mati\u00e8re de personnalisation des logos de marque, des emballages et des flacons, ce gel r\u00e9pond aux besoins courants des salons, des marques de produits pour les ongles et des distributeurs, ce qui en fait une solution id\u00e9ale pour les clients professionnels B2B.<\/li>\n<\/ul>\n<\/div>\n\n\n\n<div class=\"wp-block-column is-layout-flow wp-block-column-is-layout-flow\">\n<figure class=\"wp-block-image size-full\"><img decoding=\"async\" width=\"1500\" height=\"1500\" src=\"https:\/\/www.fsyougel.com\/wp-content\/uploads\/2025\/10\/Wholesale-Nail-Art-Liner-Gel-Supplier-yougel-6.webp\" alt=\"Fournisseur en gros de gel pour nail art - yougel (6)\" class=\"wp-image-1328\" srcset=\"https:\/\/www.fsyougel.com\/wp-content\/uploads\/2025\/10\/Wholesale-Nail-Art-Liner-Gel-Supplier-yougel-6.webp 1500w, https:\/\/www.fsyougel.com\/wp-content\/uploads\/2025\/10\/Wholesale-Nail-Art-Liner-Gel-Supplier-yougel-6-300x300.webp 300w, https:\/\/www.fsyougel.com\/wp-content\/uploads\/2025\/10\/Wholesale-Nail-Art-Liner-Gel-Supplier-yougel-6-150x150.webp 150w, https:\/\/www.fsyougel.com\/wp-content\/uploads\/2025\/10\/Wholesale-Nail-Art-Liner-Gel-Supplier-yougel-6-768x768.webp 768w, https:\/\/www.fsyougel.com\/wp-content\/uploads\/2025\/10\/Wholesale-Nail-Art-Liner-Gel-Supplier-yougel-6-12x12.webp 12w, https:\/\/www.fsyougel.com\/wp-content\/uploads\/2025\/10\/Wholesale-Nail-Art-Liner-Gel-Supplier-yougel-6-1200x1200.webp 1200w, https:\/\/www.fsyougel.com\/wp-content\/uploads\/2025\/10\/Wholesale-Nail-Art-Liner-Gel-Supplier-yougel-6-600x600.webp 600w, https:\/\/www.fsyougel.com\/wp-content\/uploads\/2025\/10\/Wholesale-Nail-Art-Liner-Gel-Supplier-yougel-6-100x100.webp 100w\" sizes=\"(max-width: 1500px) 100vw, 1500px\" \/><\/figure>\n<\/div>\n<\/div>\n\n\n\n<p><\/p>","protected":false},"excerpt":{"rendered":"<p>Bienvenue pour acheter notre gel liner pour nail art en gros aupr\u00e8s d'un fournisseur de gel liner pour nail art de confiance. Disponible en 12 couleurs vives sans TPO, avec une texture lisse et une forte couvrance, id\u00e9al pour le dessin de lignes fines, la cr\u00e9ation de designs d'ongles DIY et la personnalisation de marques priv\u00e9es OEM\/ODM.<\/p>\n<table border=\"0\" width=\"854\" cellspacing=\"0\" cellpadding=\"0\">\n<tbody>\n<tr>\n<td width=\"257\" height=\"44\">Marque<\/td>\n<td width=\"597\">YouGel<\/td>\n<\/tr>\n<tr>\n<td width=\"257\" height=\"44\">Num\u00e9ro de mod\u00e8le<\/td>\n<td width=\"597\">LX01<\/td>\n<\/tr>\n<tr>\n<td width=\"257\" height=\"44\">Type de produit<\/td>\n<td width=\"597\">Gel de polissage UV\/LED<\/td>\n<\/tr>\n<tr>\n<td width=\"257\" height=\"44\">Mat\u00e9riau<\/td>\n<td width=\"597\">R\u00e9sine<\/td>\n<\/tr>\n<tr>\n<td width=\"257\" height=\"44\">Couleur<\/td>\n<td width=\"597\">12 couleurs<\/td>\n<\/tr>\n<tr>\n<td width=\"257\" height=\"44\">Volume<\/td>\n<td width=\"597\">10 ml<\/td>\n<\/tr>\n<tr>\n<td width=\"257\" height=\"44\">S\u00e9curit\u00e9<\/td>\n<td width=\"597\">Sans HEMA, sans TPO, non toxique, MSDS disponible<\/td>\n<\/tr>\n<tr>\n<td width=\"257\" height=\"44\">MOQ<\/td>\n<td width=\"597\">Faible MOQ<\/td>\n<\/tr>\n<tr>\n<td width=\"257\" height=\"44\">\u00c9chantillon gratuit<\/td>\n<td width=\"597\">Disponible<\/td>\n<\/tr>\n<tr>\n<td width=\"257\" height=\"82\">Option personnalis\u00e9e<\/td>\n<td width=\"597\">Services OEM\/ODM, prise en charge des logos, \u00e9tiquettes et emballages personnalis\u00e9s<\/td>\n<\/tr>\n<\/tbody>\n<\/table>\n<h3 class=\"brxe-heading\">Fabricant de vernis \u00e0 ongles en gel<\/h3>\n<p><a href=\"https:\/\/www.fsyougel.com\/fr\/\"><strong>YouGel<\/strong><\/a> est un fabricant de vernis \u00e0 ongles en gel de haute technologie. <a href=\"https:\/\/www.fsyougel.com\/fr\/wholesale-gel-polish\/\"><strong>commerce de gros<\/strong><\/a>, <a href=\"https:\/\/www.fsyougel.com\/fr\/private-label-gel-polish\/\"><strong>marque priv\u00e9e<\/strong><\/a>et<a href=\"https:\/\/www.fsyougel.com\/fr\/custom-gel-polish\/\"><strong> Services OEM\/ODM<\/strong><\/a>. Choisissez parmi <strong>10 000+ couleurs sans HEMA, sans TPO, v\u00e9g\u00e9taliennes et sans cruaut\u00e9<\/strong> con\u00e7u pour une application en douceur, une longue dur\u00e9e d'utilisation et une absorption facile.<\/p>","protected":false},"featured_media":1327,"comment_status":"closed","ping_status":"closed","template":"","meta":{"_acf_changed":false},"product_brand":[],"product_cat":[24],"product_tag":[],"class_list":{"0":"post-1322","1":"product","2":"type-product","3":"status-publish","4":"has-post-thumbnail","6":"product_cat-wholesale-nail-art-gel","8":"first","9":"instock","10":"shipping-taxable","11":"product-type-simple"},"acf":[],"_links":{"self":[{"href":"https:\/\/www.fsyougel.com\/fr\/wp-json\/wp\/v2\/product\/1322","targetHints":{"allow":["GET"]}}],"collection":[{"href":"https:\/\/www.fsyougel.com\/fr\/wp-json\/wp\/v2\/product"}],"about":[{"href":"https:\/\/www.fsyougel.com\/fr\/wp-json\/wp\/v2\/types\/product"}],"replies":[{"embeddable":true,"href":"https:\/\/www.fsyougel.com\/fr\/wp-json\/wp\/v2\/comments?post=1322"}],"wp:featuredmedia":[{"embeddable":true,"href":"https:\/\/www.fsyougel.com\/fr\/wp-json\/wp\/v2\/media\/1327"}],"wp:attachment":[{"href":"https:\/\/www.fsyougel.com\/fr\/wp-json\/wp\/v2\/media?parent=1322"}],"wp:term":[{"taxonomy":"product_brand","embeddable":true,"href":"https:\/\/www.fsyougel.com\/fr\/wp-json\/wp\/v2\/product_brand?post=1322"},{"taxonomy":"product_cat","embeddable":true,"href":"https:\/\/www.fsyougel.com\/fr\/wp-json\/wp\/v2\/product_cat?post=1322"},{"taxonomy":"product_tag","embeddable":true,"href":"https:\/\/www.fsyougel.com\/fr\/wp-json\/wp\/v2\/product_tag?post=1322"}],"curies":[{"name":"wp","href":"https:\/\/api.w.org\/{rel}","templated":true}]}}