{"id":1331,"date":"2025-11-03T06:51:00","date_gmt":"2025-11-03T06:51:00","guid":{"rendered":"https:\/\/www.fsyougel.com\/?post_type=product&#038;p=1331"},"modified":"2025-11-03T07:34:23","modified_gmt":"2025-11-03T07:34:23","slug":"amber-gel-polish-wholesaler","status":"publish","type":"product","link":"https:\/\/www.fsyougel.com\/fr\/produit\/amber-gel-polish-wholesaler\/","title":{"rendered":"12 couleurs transparentes de vernis gel ambr\u00e9 en gros, couleur de vernis gel pour le design des ongles"},"content":{"rendered":"<div class=\"wp-block-columns is-layout-flex wp-container-core-columns-is-layout-9d6595d7 wp-block-columns-is-layout-flex\">\n<div class=\"wp-block-column is-layout-flow wp-block-column-is-layout-flow\">\n<h2 class=\"wp-block-heading\">Caract\u00e9ristiques du vernis gel ambr\u00e9 en gros :<\/h2>\n\n\n\n<p>Ajoutez une touche d'\u00e9l\u00e9gance et d'\u00e9clat \u00e0 chaque manucure gr\u00e2ce \u00e0 notre collection de vernis gel ambr\u00e9s vendus en gros. Destin\u00e9s aux salons professionnels et aux marques mondiales de produits pour les ongles, ces tons ambr\u00e9s transparents apportent profondeur, brillance et luxe \u00e0 chaque couche.<\/p>\n\n\n\n<ul class=\"wp-block-list\">\n<li><strong>Voici 12 nuances transparentes de couleur ambre :<\/strong> Offre une texture gel\u00e9e cristalline qui rehausse les ongles naturels d'un \u00e9clat ambr\u00e9 doux et brillant.<\/li>\n\n\n\n<li><strong>Formule sans HEMA et sans TPO : <\/strong>Doux pour les ongles et la peau, il garantit la s\u00e9curit\u00e9 m\u00eame pour les utilisateurs les plus sensibles.<\/li>\n\n\n\n<li><strong>Application facile et autonivelante : <\/strong>Offre un fini lisse et sans bulles pour les professionnels qui recherchent un contr\u00f4le optimal. <\/li>\n\n\n\n<li><strong>Brillance longue dur\u00e9e : <\/strong>R\u00e9sistant aux \u00e9clats et \u00e0 la d\u00e9coloration, pour des ongles impeccables pendant des semaines. <\/li>\n\n\n\n<li><strong>Support OEM\/ODM :<\/strong> En tant que grossiste professionnel de vernis gel ambr\u00e9, nous proposons des services de correspondance des couleurs, de conception d'emballages et de marque priv\u00e9e pour aider votre marque \u00e0 se d\u00e9marquer.<\/li>\n<\/ul>\n<\/div>\n\n\n\n<div class=\"wp-block-column is-layout-flow wp-block-column-is-layout-flow\">\n<figure class=\"wp-block-image size-full\"><img decoding=\"async\" width=\"1500\" height=\"1500\" src=\"https:\/\/www.fsyougel.com\/wp-content\/uploads\/2025\/11\/Amber-Gel-Polish-Wholesaler-yougel-6.webp\" alt=\"Grossiste en vernis gel ambr\u00e9 - yougel (6)\" class=\"wp-image-1340\" srcset=\"https:\/\/www.fsyougel.com\/wp-content\/uploads\/2025\/11\/Amber-Gel-Polish-Wholesaler-yougel-6.webp 1500w, https:\/\/www.fsyougel.com\/wp-content\/uploads\/2025\/11\/Amber-Gel-Polish-Wholesaler-yougel-6-300x300.webp 300w, https:\/\/www.fsyougel.com\/wp-content\/uploads\/2025\/11\/Amber-Gel-Polish-Wholesaler-yougel-6-150x150.webp 150w, https:\/\/www.fsyougel.com\/wp-content\/uploads\/2025\/11\/Amber-Gel-Polish-Wholesaler-yougel-6-768x768.webp 768w, https:\/\/www.fsyougel.com\/wp-content\/uploads\/2025\/11\/Amber-Gel-Polish-Wholesaler-yougel-6-12x12.webp 12w, https:\/\/www.fsyougel.com\/wp-content\/uploads\/2025\/11\/Amber-Gel-Polish-Wholesaler-yougel-6-1200x1200.webp 1200w, https:\/\/www.fsyougel.com\/wp-content\/uploads\/2025\/11\/Amber-Gel-Polish-Wholesaler-yougel-6-600x600.webp 600w, https:\/\/www.fsyougel.com\/wp-content\/uploads\/2025\/11\/Amber-Gel-Polish-Wholesaler-yougel-6-100x100.webp 100w\" sizes=\"(max-width: 1500px) 100vw, 1500px\" \/><\/figure>\n<\/div>\n<\/div>\n\n\n\n<div class=\"wp-block-columns is-layout-flex wp-container-core-columns-is-layout-9d6595d7 wp-block-columns-is-layout-flex\">\n<div class=\"wp-block-column is-layout-flow wp-block-column-is-layout-flow\">\n<figure class=\"wp-block-image size-full\"><img decoding=\"async\" width=\"1500\" height=\"1500\" src=\"https:\/\/www.fsyougel.com\/wp-content\/uploads\/2025\/11\/Amber-Gel-Polish-Wholesaler-yougel-5.webp\" alt=\"Grossiste en vernis gel ambr\u00e9 - yougel (5)\" class=\"wp-image-1339\" srcset=\"https:\/\/www.fsyougel.com\/wp-content\/uploads\/2025\/11\/Amber-Gel-Polish-Wholesaler-yougel-5.webp 1500w, https:\/\/www.fsyougel.com\/wp-content\/uploads\/2025\/11\/Amber-Gel-Polish-Wholesaler-yougel-5-300x300.webp 300w, https:\/\/www.fsyougel.com\/wp-content\/uploads\/2025\/11\/Amber-Gel-Polish-Wholesaler-yougel-5-150x150.webp 150w, https:\/\/www.fsyougel.com\/wp-content\/uploads\/2025\/11\/Amber-Gel-Polish-Wholesaler-yougel-5-768x768.webp 768w, https:\/\/www.fsyougel.com\/wp-content\/uploads\/2025\/11\/Amber-Gel-Polish-Wholesaler-yougel-5-12x12.webp 12w, https:\/\/www.fsyougel.com\/wp-content\/uploads\/2025\/11\/Amber-Gel-Polish-Wholesaler-yougel-5-1200x1200.webp 1200w, https:\/\/www.fsyougel.com\/wp-content\/uploads\/2025\/11\/Amber-Gel-Polish-Wholesaler-yougel-5-600x600.webp 600w, https:\/\/www.fsyougel.com\/wp-content\/uploads\/2025\/11\/Amber-Gel-Polish-Wholesaler-yougel-5-100x100.webp 100w\" sizes=\"(max-width: 1500px) 100vw, 1500px\" \/><\/figure>\n<\/div>\n\n\n\n<div class=\"wp-block-column is-layout-flow wp-block-column-is-layout-flow\">\n<figure class=\"wp-block-image size-full\"><img decoding=\"async\" width=\"1500\" height=\"1464\" src=\"https:\/\/www.fsyougel.com\/wp-content\/uploads\/2025\/11\/12-Colors-Glaze-Amber-Gel-Polish-Wholesaler-2.webp\" alt=\"Grossiste en vernis gel ambr\u00e9 12 couleurs (2)\" class=\"wp-image-1333\" srcset=\"https:\/\/www.fsyougel.com\/wp-content\/uploads\/2025\/11\/12-Colors-Glaze-Amber-Gel-Polish-Wholesaler-2.webp 1500w, https:\/\/www.fsyougel.com\/wp-content\/uploads\/2025\/11\/12-Colors-Glaze-Amber-Gel-Polish-Wholesaler-2-300x293.webp 300w, https:\/\/www.fsyougel.com\/wp-content\/uploads\/2025\/11\/12-Colors-Glaze-Amber-Gel-Polish-Wholesaler-2-768x750.webp 768w, https:\/\/www.fsyougel.com\/wp-content\/uploads\/2025\/11\/12-Colors-Glaze-Amber-Gel-Polish-Wholesaler-2-12x12.webp 12w, https:\/\/www.fsyougel.com\/wp-content\/uploads\/2025\/11\/12-Colors-Glaze-Amber-Gel-Polish-Wholesaler-2-1200x1171.webp 1200w, https:\/\/www.fsyougel.com\/wp-content\/uploads\/2025\/11\/12-Colors-Glaze-Amber-Gel-Polish-Wholesaler-2-600x586.webp 600w\" sizes=\"(max-width: 1500px) 100vw, 1500px\" \/><\/figure>\n<\/div>\n<\/div>\n\n\n\n<p><\/p>","protected":false},"excerpt":{"rendered":"<p data-start=\"398\" data-end=\"682\">Bienvenue chez notre grossiste en vernis gel ambr\u00e9, qui propose 12 couleurs ambr\u00e9es transparentes sans HEMA ni TPO, avec une finition brillante longue dur\u00e9e. Profitez d\u00e8s aujourd'hui de prix de gros d'usine, d'une personnalisation OEM\/ODM et d'\u00e9chantillons gratuits pour votre marque de vernis \u00e0 ongles !<\/p>\n<table border=\"0\" width=\"854\" cellspacing=\"0\" cellpadding=\"0\">\n<tbody>\n<tr>\n<td class=\"et3\" width=\"257\" height=\"44\">Marque<\/td>\n<td class=\"et3\" width=\"597\">YouGel<\/td>\n<\/tr>\n<tr>\n<td class=\"et4\" width=\"257\" height=\"44\">Num\u00e9ro de mod\u00e8le<\/td>\n<td class=\"et4\" width=\"597\">S202<\/td>\n<\/tr>\n<tr>\n<td class=\"et4\" width=\"257\" height=\"44\">Type de produit<\/td>\n<td class=\"et4\" width=\"597\">Gel de polissage UV\/LED<\/td>\n<\/tr>\n<tr>\n<td class=\"et4\" width=\"257\" height=\"44\">Mat\u00e9riau<\/td>\n<td class=\"et4\" width=\"597\">R\u00e9sine<\/td>\n<\/tr>\n<tr>\n<td class=\"et4\" width=\"257\" height=\"44\">Couleur<\/td>\n<td class=\"et4\" width=\"597\">12 couleurs<\/td>\n<\/tr>\n<tr>\n<td class=\"et4\" width=\"257\" height=\"44\">Volume<\/td>\n<td class=\"et4\" width=\"597\">8 ml<\/td>\n<\/tr>\n<tr>\n<td class=\"et4\" width=\"257\" height=\"44\">S\u00e9curit\u00e9<\/td>\n<td class=\"et4\" width=\"597\">Sans HEMA, sans TPO, non toxique, MSDS disponible<\/td>\n<\/tr>\n<tr>\n<td class=\"et4\" width=\"257\" height=\"44\">MOQ<\/td>\n<td class=\"et4\" width=\"597\">Faible MOQ<\/td>\n<\/tr>\n<tr>\n<td class=\"et4\" width=\"257\" height=\"44\">\u00c9chantillon gratuit<\/td>\n<td class=\"et4\" width=\"597\">Disponible<\/td>\n<\/tr>\n<tr>\n<td class=\"et4\" width=\"257\" height=\"82\">Option personnalis\u00e9e<\/td>\n<td class=\"et4\" width=\"597\">Services OEM\/ODM, prise en charge des logos, \u00e9tiquettes et emballages personnalis\u00e9s<\/td>\n<\/tr>\n<\/tbody>\n<\/table>\n<h2 class=\"brxe-heading\">Du fabricant de vernis en gel<\/h2>\n<p><a href=\"https:\/\/www.fsyougel.com\/fr\/\"><strong>YouGel<\/strong><\/a> est un fabricant de vernis en gel de confiance, qui propose des couches de base en gel de haute qualit\u00e9 adapt\u00e9es aux ongles UV\/LED. Nos produits sont con\u00e7us pour garantir une application en douceur, une tenue longue dur\u00e9e et un retrait facile.<\/p>","protected":false},"featured_media":1335,"comment_status":"closed","ping_status":"closed","template":"","meta":{"_acf_changed":false},"product_brand":[],"product_cat":[19],"product_tag":[],"class_list":{"0":"post-1331","1":"product","2":"type-product","3":"status-publish","4":"has-post-thumbnail","6":"product_cat-gel-polish-color-wholesale","8":"first","9":"instock","10":"shipping-taxable","11":"product-type-simple"},"acf":[],"_links":{"self":[{"href":"https:\/\/www.fsyougel.com\/fr\/wp-json\/wp\/v2\/product\/1331","targetHints":{"allow":["GET"]}}],"collection":[{"href":"https:\/\/www.fsyougel.com\/fr\/wp-json\/wp\/v2\/product"}],"about":[{"href":"https:\/\/www.fsyougel.com\/fr\/wp-json\/wp\/v2\/types\/product"}],"replies":[{"embeddable":true,"href":"https:\/\/www.fsyougel.com\/fr\/wp-json\/wp\/v2\/comments?post=1331"}],"wp:featuredmedia":[{"embeddable":true,"href":"https:\/\/www.fsyougel.com\/fr\/wp-json\/wp\/v2\/media\/1335"}],"wp:attachment":[{"href":"https:\/\/www.fsyougel.com\/fr\/wp-json\/wp\/v2\/media?parent=1331"}],"wp:term":[{"taxonomy":"product_brand","embeddable":true,"href":"https:\/\/www.fsyougel.com\/fr\/wp-json\/wp\/v2\/product_brand?post=1331"},{"taxonomy":"product_cat","embeddable":true,"href":"https:\/\/www.fsyougel.com\/fr\/wp-json\/wp\/v2\/product_cat?post=1331"},{"taxonomy":"product_tag","embeddable":true,"href":"https:\/\/www.fsyougel.com\/fr\/wp-json\/wp\/v2\/product_tag?post=1331"}],"curies":[{"name":"wp","href":"https:\/\/api.w.org\/{rel}","templated":true}]}}