{"id":1341,"date":"2025-11-03T07:55:56","date_gmt":"2025-11-03T07:55:56","guid":{"rendered":"https:\/\/www.fsyougel.com\/?post_type=product&#038;p=1341"},"modified":"2025-11-03T08:16:38","modified_gmt":"2025-11-03T08:16:38","slug":"wholesale-color-changing-gel-nail-polish","status":"publish","type":"product","link":"https:\/\/www.fsyougel.com\/fr\/produit\/wholesale-color-changing-gel-nail-polish\/","title":{"rendered":"Vernis \u00e0 ongles gel thermochromique en gros, vernis gel thermo sans TPO, 24 couleurs"},"content":{"rendered":"<div class=\"wp-block-columns is-layout-flex wp-container-core-columns-is-layout-9d6595d7 wp-block-columns-is-layout-flex\">\n<div class=\"wp-block-column is-layout-flow wp-block-column-is-layout-flow\">\n<h2 class=\"wp-block-heading\">Caract\u00e9ristiques du vernis \u00e0 ongles gel changeant de couleur en gros :<\/h2>\n\n\n\n<p>D\u00e9couvrez la transformation activ\u00e9e par la temp\u00e9rature gr\u00e2ce \u00e0 notre <strong>Vente en gros de vernis \u00e0 ongles gel changeant de couleur<\/strong>, con\u00e7u pour les salons professionnels, les distributeurs et les marques OEM. Cette formule innovante r\u00e9agit \u00e0 la chaleur et au froid, offrant une beaut\u00e9 durable et une protection sup\u00e9rieure.<\/p>\n\n\n\n<ul class=\"wp-block-list\">\n<li><strong>Formule thermor\u00e9active :<\/strong> Regardez vos ongles changer de couleur au gr\u00e9 des variations de temp\u00e9rature \u2014<strong>FROID : moins de 28 \u00b0C<\/strong> affiche des tons profonds et riches ; <strong>CHAUD : au-dessus de 28 \u00b0C<\/strong> r\u00e9v\u00e8le des teintes vives et translucides.<\/li>\n\n\n\n<li><strong>24 couleurs dynamiques :<\/strong> Une collection polyvalente pour les artistes des ongles, offrant des possibilit\u00e9s cr\u00e9atives infinies et des effets d\u00e9grad\u00e9s.<\/li>\n\n\n\n<li><strong>Sans HEMA et sans TPO :<\/strong> Doux, sans danger pour la peau et id\u00e9al pour les clients sensibles, il garantit une application s\u00fbre et confortable.<\/li>\n\n\n\n<li><strong>Longue dur\u00e9e et brillance intense (plus de 30 jours) :<\/strong> Une technologie avanc\u00e9e \u00e0 base de r\u00e9sine garantit des couleurs \u00e9clatantes et une brillance miroir qui durent jusqu'\u00e0 un mois sans s'estomper.<\/li>\n\n\n\n<li><strong>Triple protection :<\/strong><br><strong>Anti-taches :<\/strong> Garde les ongles propres et emp\u00eache l'absorption de couleur.<br><strong>R\u00e9sistant \u00e0 l'huile :<\/strong> R\u00e9sistant aux stylos \u00e0 encre huileuse et \u00e0 l'immersion dans l'huile.<br><strong>\u00c9tanche :<\/strong> R\u00e9siste \u00e0 l'eau savonneuse et aux lavages quotidiens sans perdre son \u00e9clat.<\/li>\n\n\n\n<li><strong>Application lisse et autonivelante :<\/strong> Facile \u00e0 \u00e9taler, ne forme pas de bulles et compatible avec toutes les lampes UV\/LED.<\/li>\n\n\n\n<li><strong>OEM\/ODM Personnalisation :<\/strong> En tant que professionnel <strong>Vente en gros de vernis \u00e0 ongles gel changeant de couleur<\/strong> En tant que fournisseur, nous proposons la conception de marques priv\u00e9es, la personnalisation des emballages et des quantit\u00e9s minimales de commande flexibles pour favoriser la croissance de votre marque.<\/li>\n<\/ul>\n<\/div>\n\n\n\n<div class=\"wp-block-column is-layout-flow wp-block-column-is-layout-flow\">\n<figure class=\"wp-block-image size-full\"><img decoding=\"async\" width=\"1500\" height=\"1500\" src=\"https:\/\/www.fsyougel.com\/wp-content\/uploads\/2025\/11\/wholeslae-color-changing-gel-nail-polish-24-colors-3.webp\" alt=\"Vernis \u00e0 ongles gel couleur changeante en gros - 24 couleurs (3)\" class=\"wp-image-1345\" srcset=\"https:\/\/www.fsyougel.com\/wp-content\/uploads\/2025\/11\/wholeslae-color-changing-gel-nail-polish-24-colors-3.webp 1500w, https:\/\/www.fsyougel.com\/wp-content\/uploads\/2025\/11\/wholeslae-color-changing-gel-nail-polish-24-colors-3-300x300.webp 300w, https:\/\/www.fsyougel.com\/wp-content\/uploads\/2025\/11\/wholeslae-color-changing-gel-nail-polish-24-colors-3-150x150.webp 150w, https:\/\/www.fsyougel.com\/wp-content\/uploads\/2025\/11\/wholeslae-color-changing-gel-nail-polish-24-colors-3-768x768.webp 768w, https:\/\/www.fsyougel.com\/wp-content\/uploads\/2025\/11\/wholeslae-color-changing-gel-nail-polish-24-colors-3-12x12.webp 12w, https:\/\/www.fsyougel.com\/wp-content\/uploads\/2025\/11\/wholeslae-color-changing-gel-nail-polish-24-colors-3-1200x1200.webp 1200w, https:\/\/www.fsyougel.com\/wp-content\/uploads\/2025\/11\/wholeslae-color-changing-gel-nail-polish-24-colors-3-600x600.webp 600w, https:\/\/www.fsyougel.com\/wp-content\/uploads\/2025\/11\/wholeslae-color-changing-gel-nail-polish-24-colors-3-100x100.webp 100w\" sizes=\"(max-width: 1500px) 100vw, 1500px\" \/><\/figure>\n<\/div>\n<\/div>\n\n\n\n<div class=\"wp-block-columns is-layout-flex wp-container-core-columns-is-layout-9d6595d7 wp-block-columns-is-layout-flex\">\n<div class=\"wp-block-column is-layout-flow wp-block-column-is-layout-flow\">\n<figure class=\"wp-block-image size-full\"><img decoding=\"async\" width=\"1425\" height=\"1900\" src=\"https:\/\/www.fsyougel.com\/wp-content\/uploads\/2025\/11\/color-changing-gel-nail-polish-manufacturer-yougel.webp\" alt=\"Fabricant de vernis \u00e0 ongles gel couleur changeante - yougel\" class=\"wp-image-1343\" srcset=\"https:\/\/www.fsyougel.com\/wp-content\/uploads\/2025\/11\/color-changing-gel-nail-polish-manufacturer-yougel.webp 1425w, https:\/\/www.fsyougel.com\/wp-content\/uploads\/2025\/11\/color-changing-gel-nail-polish-manufacturer-yougel-225x300.webp 225w, https:\/\/www.fsyougel.com\/wp-content\/uploads\/2025\/11\/color-changing-gel-nail-polish-manufacturer-yougel-768x1024.webp 768w, https:\/\/www.fsyougel.com\/wp-content\/uploads\/2025\/11\/color-changing-gel-nail-polish-manufacturer-yougel-9x12.webp 9w, https:\/\/www.fsyougel.com\/wp-content\/uploads\/2025\/11\/color-changing-gel-nail-polish-manufacturer-yougel-1200x1600.webp 1200w, https:\/\/www.fsyougel.com\/wp-content\/uploads\/2025\/11\/color-changing-gel-nail-polish-manufacturer-yougel-600x800.webp 600w\" sizes=\"(max-width: 1425px) 100vw, 1425px\" \/><\/figure>\n<\/div>\n\n\n\n<div class=\"wp-block-column is-layout-flow wp-block-column-is-layout-flow\">\n<figure class=\"wp-block-image size-full\"><img decoding=\"async\" width=\"1500\" height=\"2000\" src=\"https:\/\/www.fsyougel.com\/wp-content\/uploads\/2025\/11\/color-changing-gel-nail-polish-manufacturer-yougel-2.webp\" alt=\"Fabricant de vernis \u00e0 ongles gel changeant de couleur - yougel (2)\" class=\"wp-image-1342\" srcset=\"https:\/\/www.fsyougel.com\/wp-content\/uploads\/2025\/11\/color-changing-gel-nail-polish-manufacturer-yougel-2.webp 1500w, https:\/\/www.fsyougel.com\/wp-content\/uploads\/2025\/11\/color-changing-gel-nail-polish-manufacturer-yougel-2-225x300.webp 225w, https:\/\/www.fsyougel.com\/wp-content\/uploads\/2025\/11\/color-changing-gel-nail-polish-manufacturer-yougel-2-768x1024.webp 768w, https:\/\/www.fsyougel.com\/wp-content\/uploads\/2025\/11\/color-changing-gel-nail-polish-manufacturer-yougel-2-9x12.webp 9w, https:\/\/www.fsyougel.com\/wp-content\/uploads\/2025\/11\/color-changing-gel-nail-polish-manufacturer-yougel-2-1200x1600.webp 1200w, https:\/\/www.fsyougel.com\/wp-content\/uploads\/2025\/11\/color-changing-gel-nail-polish-manufacturer-yougel-2-600x800.webp 600w\" sizes=\"(max-width: 1500px) 100vw, 1500px\" \/><\/figure>\n<\/div>\n<\/div>\n\n\n\n<p><\/p>","protected":false},"excerpt":{"rendered":"<p data-start=\"398\" data-end=\"682\">Bienvenue dans notre gamme de vernis \u00e0 ongles gel thermochromiques vendus en gros, une formule thermo sans HEMA ni TPO qui r\u00e9agit en dessous et au-dessus de 28 \u00b0C. Longue tenue de plus de 30 jours, r\u00e9sistant aux taches, \u00e0 l'huile et \u00e0 l'eau. Prix d'usine, assistance OEM\/ODM et \u00e9chantillons gratuits disponibles !<\/p>\n<table border=\"0\" width=\"854\" cellspacing=\"0\" cellpadding=\"0\">\n<tbody>\n<tr>\n<td class=\"et3\" width=\"257\" height=\"44\">Marque<\/td>\n<td class=\"et3\" width=\"597\">YouGel<\/td>\n<\/tr>\n<tr>\n<td class=\"et4\" width=\"257\" height=\"44\">Num\u00e9ro de mod\u00e8le<\/td>\n<td class=\"et4\" width=\"597\">S202<\/td>\n<\/tr>\n<tr>\n<td class=\"et4\" width=\"257\" height=\"44\">Type de produit<\/td>\n<td class=\"et4\" width=\"597\">Gel de polissage UV\/LED<\/td>\n<\/tr>\n<tr>\n<td class=\"et4\" width=\"257\" height=\"44\">Mat\u00e9riau<\/td>\n<td class=\"et4\" width=\"597\">R\u00e9sine<\/td>\n<\/tr>\n<tr>\n<td class=\"et4\" width=\"257\" height=\"44\">Couleur<\/td>\n<td class=\"et4\" width=\"597\">24 Couleurs<\/td>\n<\/tr>\n<tr>\n<td class=\"et4\" width=\"257\" height=\"44\">Volume<\/td>\n<td class=\"et4\" width=\"597\">8 ml<\/td>\n<\/tr>\n<tr>\n<td class=\"et4\" width=\"257\" height=\"44\">S\u00e9curit\u00e9<\/td>\n<td class=\"et4\" width=\"597\">Sans HEMA, sans TPO, non toxique, MSDS disponible<\/td>\n<\/tr>\n<tr>\n<td class=\"et4\" width=\"257\" height=\"44\">MOQ<\/td>\n<td class=\"et4\" width=\"597\">Faible MOQ<\/td>\n<\/tr>\n<tr>\n<td class=\"et4\" width=\"257\" height=\"44\">\u00c9chantillon gratuit<\/td>\n<td class=\"et4\" width=\"597\">Disponible<\/td>\n<\/tr>\n<tr>\n<td class=\"et4\" width=\"257\" height=\"82\">Option personnalis\u00e9e<\/td>\n<td class=\"et4\" width=\"597\">Services OEM\/ODM, prise en charge des logos, \u00e9tiquettes et emballages personnalis\u00e9s<\/td>\n<\/tr>\n<\/tbody>\n<\/table>\n<h2 class=\"brxe-heading\">Du fabricant de vernis en gel<\/h2>\n<p><a href=\"https:\/\/www.fsyougel.com\/fr\/\"><strong>YouGel<\/strong><\/a> est un fabricant de vernis en gel de confiance, qui propose des couches de base en gel de haute qualit\u00e9 adapt\u00e9es aux ongles UV\/LED. Nos produits sont con\u00e7us pour garantir une application en douceur, une tenue longue dur\u00e9e et un retrait facile.<\/p>","protected":false},"featured_media":1344,"comment_status":"closed","ping_status":"closed","template":"","meta":{"_acf_changed":false},"product_brand":[],"product_cat":[19],"product_tag":[],"class_list":{"0":"post-1341","1":"product","2":"type-product","3":"status-publish","4":"has-post-thumbnail","6":"product_cat-gel-polish-color-wholesale","8":"first","9":"instock","10":"shipping-taxable","11":"product-type-simple"},"acf":[],"_links":{"self":[{"href":"https:\/\/www.fsyougel.com\/fr\/wp-json\/wp\/v2\/product\/1341","targetHints":{"allow":["GET"]}}],"collection":[{"href":"https:\/\/www.fsyougel.com\/fr\/wp-json\/wp\/v2\/product"}],"about":[{"href":"https:\/\/www.fsyougel.com\/fr\/wp-json\/wp\/v2\/types\/product"}],"replies":[{"embeddable":true,"href":"https:\/\/www.fsyougel.com\/fr\/wp-json\/wp\/v2\/comments?post=1341"}],"wp:featuredmedia":[{"embeddable":true,"href":"https:\/\/www.fsyougel.com\/fr\/wp-json\/wp\/v2\/media\/1344"}],"wp:attachment":[{"href":"https:\/\/www.fsyougel.com\/fr\/wp-json\/wp\/v2\/media?parent=1341"}],"wp:term":[{"taxonomy":"product_brand","embeddable":true,"href":"https:\/\/www.fsyougel.com\/fr\/wp-json\/wp\/v2\/product_brand?post=1341"},{"taxonomy":"product_cat","embeddable":true,"href":"https:\/\/www.fsyougel.com\/fr\/wp-json\/wp\/v2\/product_cat?post=1341"},{"taxonomy":"product_tag","embeddable":true,"href":"https:\/\/www.fsyougel.com\/fr\/wp-json\/wp\/v2\/product_tag?post=1341"}],"curies":[{"name":"wp","href":"https:\/\/api.w.org\/{rel}","templated":true}]}}