{"id":1352,"date":"2025-11-03T08:44:58","date_gmt":"2025-11-03T08:44:58","guid":{"rendered":"https:\/\/www.fsyougel.com\/?post_type=product&#038;p=1352"},"modified":"2025-11-03T09:13:39","modified_gmt":"2025-11-03T09:13:39","slug":"china-3d-texture-gel-nail-supplier","status":"publish","type":"product","link":"https:\/\/www.fsyougel.com\/fr\/produit\/china-3d-texture-gel-nail-supplier\/","title":{"rendered":"Fournisseur chinois de gel textur\u00e9 3D pour ongles, gel sculptant 3D sans essuyage pour nail art"},"content":{"rendered":"<div class=\"wp-block-columns is-layout-flex wp-container-core-columns-is-layout-9d6595d7 wp-block-columns-is-layout-flex\">\n<div class=\"wp-block-column is-layout-flow wp-block-column-is-layout-flow\">\n<h2 class=\"wp-block-heading\">Caract\u00e9ristiques du gel pour ongles \u00e0 texture 3D personnalis\u00e9e :<\/h2>\n\n\n\n<ul class=\"wp-block-list\">\n<li><strong>Forte plasticit\u00e9 pour la mod\u00e9lisation 3D :<\/strong> Id\u00e9al pour cr\u00e9er des textures ondul\u00e9es, des effets en relief et divers motifs tridimensionnels pour le nail art.<\/li>\n\n\n\n<li><strong>Application de poudre chrom\u00e9e et de polissage :<\/strong> Appliquez de la poudre chrom\u00e9e ou miroir magique apr\u00e8s le durcissement pour obtenir une brillance am\u00e9lior\u00e9e et un \u00e9clat m\u00e9tallique \u00e9tonnant.<\/li>\n\n\n\n<li><strong>Excellente adh\u00e9rence de la poudre :<\/strong> Con\u00e7u pour offrir une adh\u00e9rence sup\u00e9rieure \u2014 adh\u00e8re facilement aux poudres, aux feuilles et aux accessoires pour ongles sans se d\u00e9coller.<\/li>\n\n\n\n<li><strong>Formule sans essuyage et durable :<\/strong> Permet aux techniciens en ongles de gagner du temps tout en offrant une tenue ferme et durable qui r\u00e9siste aux fissures et \u00e0 l'\u00e9caillement.<\/li>\n\n\n\n<li><strong>Forte compatibilit\u00e9 :<\/strong> Id\u00e9al pour appliquer des poudres, des cristaux et des \u00e9l\u00e9ments d\u00e9coratifs, ce qui en fait un choix polyvalent pour les salons de manucure professionnels.<\/li>\n\n\n\n<li><strong>Sans HEMA et sans TPO :<\/strong> Sans danger pour les clients sensibles, garantissant confort et fiabilit\u00e9 pour une utilisation \u00e0 long terme.<\/li>\n\n\n\n<li><strong>Service OEM\/ODM :<\/strong> En tant qu'expert <strong>Fournisseur chinois de gel pour ongles \u00e0 texture 3D<\/strong>, nous proposons une personnalisation des couleurs, des emballages sous marque priv\u00e9e et des quantit\u00e9s minimales de commande flexibles \u00e0 des prix comp\u00e9titifs directement depuis l'usine.<\/li>\n<\/ul>\n<\/div>\n\n\n\n<div class=\"wp-block-column is-layout-flow wp-block-column-is-layout-flow\">\n<figure class=\"wp-block-image size-full\"><img decoding=\"async\" width=\"1170\" height=\"1308\" src=\"https:\/\/www.fsyougel.com\/wp-content\/uploads\/2025\/11\/Bulk-No-Wipe-3D-Sculpting-Gel-for-Nail-Art-1.webp\" alt=\"Gel sculptant 3D sans essuyage en vrac pour nail art (1)\" class=\"wp-image-1353\" srcset=\"https:\/\/www.fsyougel.com\/wp-content\/uploads\/2025\/11\/Bulk-No-Wipe-3D-Sculpting-Gel-for-Nail-Art-1.webp 1170w, https:\/\/www.fsyougel.com\/wp-content\/uploads\/2025\/11\/Bulk-No-Wipe-3D-Sculpting-Gel-for-Nail-Art-1-268x300.webp 268w, https:\/\/www.fsyougel.com\/wp-content\/uploads\/2025\/11\/Bulk-No-Wipe-3D-Sculpting-Gel-for-Nail-Art-1-768x859.webp 768w, https:\/\/www.fsyougel.com\/wp-content\/uploads\/2025\/11\/Bulk-No-Wipe-3D-Sculpting-Gel-for-Nail-Art-1-11x12.webp 11w, https:\/\/www.fsyougel.com\/wp-content\/uploads\/2025\/11\/Bulk-No-Wipe-3D-Sculpting-Gel-for-Nail-Art-1-600x671.webp 600w\" sizes=\"(max-width: 1170px) 100vw, 1170px\" \/><\/figure>\n<\/div>\n<\/div>\n\n\n\n<p>En tant que professionnel <strong>Fournisseur chinois de gel pour ongles \u00e0 texture 3D<\/strong>, nous fournissons des gels de sculpture 3D de qualit\u00e9 sup\u00e9rieure con\u00e7us pour les artistes cr\u00e9atifs sp\u00e9cialis\u00e9s dans les ongles et les marques de produits pour les ongles OEM\/ODM. Ce gel innovant offre une excellente plasticit\u00e9, une texture lisse et une forte adh\u00e9rence \u00e0 la poudre, ce qui le rend parfait pour cr\u00e9er des effets 3D complexes et des finitions miroir.<\/p>\n\n\n\n<div class=\"wp-block-columns is-layout-flex wp-container-core-columns-is-layout-9d6595d7 wp-block-columns-is-layout-flex\">\n<div class=\"wp-block-column is-layout-flow wp-block-column-is-layout-flow\">\n<figure class=\"wp-block-image size-full\"><img decoding=\"async\" width=\"1353\" height=\"1805\" src=\"https:\/\/www.fsyougel.com\/wp-content\/uploads\/2025\/11\/Bulk-No-Wipe-3D-Sculpting-Gel-for-Nail-Art-4.webp\" alt=\"Gel sculptant 3D sans essuyage en vrac pour nail art (4)\" class=\"wp-image-1356\" srcset=\"https:\/\/www.fsyougel.com\/wp-content\/uploads\/2025\/11\/Bulk-No-Wipe-3D-Sculpting-Gel-for-Nail-Art-4.webp 1353w, https:\/\/www.fsyougel.com\/wp-content\/uploads\/2025\/11\/Bulk-No-Wipe-3D-Sculpting-Gel-for-Nail-Art-4-225x300.webp 225w, https:\/\/www.fsyougel.com\/wp-content\/uploads\/2025\/11\/Bulk-No-Wipe-3D-Sculpting-Gel-for-Nail-Art-4-768x1025.webp 768w, https:\/\/www.fsyougel.com\/wp-content\/uploads\/2025\/11\/Bulk-No-Wipe-3D-Sculpting-Gel-for-Nail-Art-4-9x12.webp 9w, https:\/\/www.fsyougel.com\/wp-content\/uploads\/2025\/11\/Bulk-No-Wipe-3D-Sculpting-Gel-for-Nail-Art-4-1200x1601.webp 1200w, https:\/\/www.fsyougel.com\/wp-content\/uploads\/2025\/11\/Bulk-No-Wipe-3D-Sculpting-Gel-for-Nail-Art-4-600x800.webp 600w\" sizes=\"(max-width: 1353px) 100vw, 1353px\" \/><\/figure>\n<\/div>\n\n\n\n<div class=\"wp-block-column is-layout-flow wp-block-column-is-layout-flow\">\n<figure class=\"wp-block-image size-full\"><img decoding=\"async\" width=\"1390\" height=\"1853\" src=\"https:\/\/www.fsyougel.com\/wp-content\/uploads\/2025\/11\/Bulk-No-Wipe-3D-Sculpting-Gel-for-Nail-Art-5.webp\" alt=\"Gel sculptant 3D sans essuyage en vrac pour nail art (5)\" class=\"wp-image-1357\" srcset=\"https:\/\/www.fsyougel.com\/wp-content\/uploads\/2025\/11\/Bulk-No-Wipe-3D-Sculpting-Gel-for-Nail-Art-5.webp 1390w, https:\/\/www.fsyougel.com\/wp-content\/uploads\/2025\/11\/Bulk-No-Wipe-3D-Sculpting-Gel-for-Nail-Art-5-225x300.webp 225w, https:\/\/www.fsyougel.com\/wp-content\/uploads\/2025\/11\/Bulk-No-Wipe-3D-Sculpting-Gel-for-Nail-Art-5-768x1024.webp 768w, https:\/\/www.fsyougel.com\/wp-content\/uploads\/2025\/11\/Bulk-No-Wipe-3D-Sculpting-Gel-for-Nail-Art-5-9x12.webp 9w, https:\/\/www.fsyougel.com\/wp-content\/uploads\/2025\/11\/Bulk-No-Wipe-3D-Sculpting-Gel-for-Nail-Art-5-1200x1600.webp 1200w, https:\/\/www.fsyougel.com\/wp-content\/uploads\/2025\/11\/Bulk-No-Wipe-3D-Sculpting-Gel-for-Nail-Art-5-600x800.webp 600w\" sizes=\"(max-width: 1390px) 100vw, 1390px\" \/><\/figure>\n<\/div>\n<\/div>","protected":false},"excerpt":{"rendered":"<p>Bienvenue chez notre fournisseur chinois de gel textur\u00e9 3D pour ongles, qui propose un gel sculptant sans HEMA ni TPO et sans essuyage pour le nail art 3D professionnel. Profitez d'une forte adh\u00e9rence, d'effets poudre miroir, de prix de gros d'usine, d'une personnalisation OEM et d'\u00e9chantillons gratuits.<\/p>\n<table border=\"0\" width=\"854\" cellspacing=\"0\" cellpadding=\"0\">\n<tbody>\n<tr>\n<td width=\"257\" height=\"44\">Marque<\/td>\n<td width=\"597\">YouGel<\/td>\n<\/tr>\n<tr>\n<td width=\"257\" height=\"44\">Num\u00e9ro de mod\u00e8le<\/td>\n<td width=\"597\">MP01<\/td>\n<\/tr>\n<tr>\n<td width=\"257\" height=\"44\">Type de produit<\/td>\n<td width=\"597\">Gel de polissage UV\/LED<\/td>\n<\/tr>\n<tr>\n<td width=\"257\" height=\"44\">Mat\u00e9riau<\/td>\n<td width=\"597\">R\u00e9sine<\/td>\n<\/tr>\n<tr>\n<td width=\"257\" height=\"44\">Couleur<\/td>\n<td width=\"597\">Clair<\/td>\n<\/tr>\n<tr>\n<td width=\"257\" height=\"44\">Volume<\/td>\n<td width=\"597\">15 g<\/td>\n<\/tr>\n<tr>\n<td width=\"257\" height=\"44\">S\u00e9curit\u00e9<\/td>\n<td width=\"597\">Sans HEMA, sans TPO, non toxique, MSDS disponible<\/td>\n<\/tr>\n<tr>\n<td width=\"257\" height=\"44\">MOQ<\/td>\n<td width=\"597\">Faible MOQ<\/td>\n<\/tr>\n<tr>\n<td width=\"257\" height=\"44\">\u00c9chantillon gratuit<\/td>\n<td width=\"597\">Disponible<\/td>\n<\/tr>\n<tr>\n<td width=\"257\" height=\"82\">Option personnalis\u00e9e<\/td>\n<td width=\"597\">Services OEM\/ODM, prise en charge des logos, \u00e9tiquettes et emballages personnalis\u00e9s<\/td>\n<\/tr>\n<\/tbody>\n<\/table>\n<h3 class=\"brxe-heading\">Fabricant de vernis \u00e0 ongles en gel<\/h3>\n<p><a href=\"https:\/\/www.fsyougel.com\/fr\/\"><strong>YouGel<\/strong><\/a> est un fabricant de vernis \u00e0 ongles en gel de haute technologie. <a href=\"https:\/\/www.fsyougel.com\/fr\/wholesale-gel-polish\/\"><strong>commerce de gros<\/strong><\/a>, <a href=\"https:\/\/www.fsyougel.com\/fr\/private-label-gel-polish\/\"><strong>marque priv\u00e9e<\/strong><\/a>et<a href=\"https:\/\/www.fsyougel.com\/fr\/custom-gel-polish\/\"><strong> Services OEM\/ODM<\/strong><\/a>. Choisissez parmi <strong>10 000+ couleurs sans HEMA, sans TPO, v\u00e9g\u00e9taliennes et sans cruaut\u00e9<\/strong> con\u00e7u pour une application en douceur, une longue dur\u00e9e d'utilisation et une absorption facile.<\/p>","protected":false},"featured_media":1359,"comment_status":"closed","ping_status":"closed","template":"","meta":{"_acf_changed":false},"product_brand":[],"product_cat":[24],"product_tag":[],"class_list":{"0":"post-1352","1":"product","2":"type-product","3":"status-publish","4":"has-post-thumbnail","6":"product_cat-wholesale-nail-art-gel","8":"first","9":"instock","10":"shipping-taxable","11":"product-type-simple"},"acf":[],"_links":{"self":[{"href":"https:\/\/www.fsyougel.com\/fr\/wp-json\/wp\/v2\/product\/1352","targetHints":{"allow":["GET"]}}],"collection":[{"href":"https:\/\/www.fsyougel.com\/fr\/wp-json\/wp\/v2\/product"}],"about":[{"href":"https:\/\/www.fsyougel.com\/fr\/wp-json\/wp\/v2\/types\/product"}],"replies":[{"embeddable":true,"href":"https:\/\/www.fsyougel.com\/fr\/wp-json\/wp\/v2\/comments?post=1352"}],"wp:featuredmedia":[{"embeddable":true,"href":"https:\/\/www.fsyougel.com\/fr\/wp-json\/wp\/v2\/media\/1359"}],"wp:attachment":[{"href":"https:\/\/www.fsyougel.com\/fr\/wp-json\/wp\/v2\/media?parent=1352"}],"wp:term":[{"taxonomy":"product_brand","embeddable":true,"href":"https:\/\/www.fsyougel.com\/fr\/wp-json\/wp\/v2\/product_brand?post=1352"},{"taxonomy":"product_cat","embeddable":true,"href":"https:\/\/www.fsyougel.com\/fr\/wp-json\/wp\/v2\/product_cat?post=1352"},{"taxonomy":"product_tag","embeddable":true,"href":"https:\/\/www.fsyougel.com\/fr\/wp-json\/wp\/v2\/product_tag?post=1352"}],"curies":[{"name":"wp","href":"https:\/\/api.w.org\/{rel}","templated":true}]}}