{"id":1364,"date":"2025-11-03T09:26:01","date_gmt":"2025-11-03T09:26:01","guid":{"rendered":"https:\/\/www.fsyougel.com\/?post_type=product&#038;p=1364"},"modified":"2025-11-03T09:44:30","modified_gmt":"2025-11-03T09:44:30","slug":"bulk-gel-nail-polish-colors","status":"publish","type":"product","link":"https:\/\/www.fsyougel.com\/fr\/produit\/bulk-gel-nail-polish-colors\/","title":{"rendered":"Couleurs de vernis \u00e0 ongles gel en vrac, flacons de vernis gel sans TPO en gros, plus de 5000 couleurs"},"content":{"rendered":"<div class=\"wp-block-columns is-layout-flex wp-container-core-columns-is-layout-9d6595d7 wp-block-columns-is-layout-flex\">\n<div class=\"wp-block-column is-layout-flow wp-block-column-is-layout-flow\">\n<h2 class=\"wp-block-heading\">Caract\u00e9ristiques des vernis \u00e0 ongles en gel en gros :<\/h2>\n\n\n\n<ul class=\"wp-block-list\">\n<li><strong>Formule UV\/LED \u00e0 dissoudre<\/strong>: Compatible avec toutes les lampes UV et LED, facile \u00e0 retirer \u00e0 l'aide de m\u00e9thodes de trempage sans endommager les ongles.<\/li>\n\n\n\n<li><strong>Collection de couleurs massive :<\/strong> Au-dessus <strong>Plus de 5000 couleurs disponibles<\/strong>, offrant des possibilit\u00e9s infinies pour des designs cr\u00e9atifs et des tendances saisonni\u00e8res.<\/li>\n\n\n\n<li><strong>Emballage en vrac pour les professionnels :<\/strong> Id\u00e9al pour les distributeurs en gros, les salons de manucure et la personnalisation OEM\/ODM avec des prix d'usine comp\u00e9titifs.<\/li>\n\n\n\n<li><strong>Sans HEMA et sans TPO :<\/strong> Sans danger pour les ongles et la peau sensibles, garantissant une application confortable et non irritante pour les clients.<\/li>\n\n\n\n<li><strong>Application facile et brillance longue dur\u00e9e :<\/strong> Offre une couverture uniforme, une brillance \u00e9lev\u00e9e et une durabilit\u00e9 r\u00e9sistante aux \u00e9clats pour des r\u00e9sultats professionnels.<\/li>\n\n\n\n<li><strong>OEM\/ODM Personnalisation :<\/strong> En tant que fournisseur de confiance de <strong>couleurs de vernis \u00e0 ongles en gel en vrac<\/strong>, nous proposons des emballages sous marque priv\u00e9e, des correspondances de couleurs et des quantit\u00e9s minimales de commande flexibles pour soutenir la croissance de votre marque.<\/li>\n<\/ul>\n<\/div>\n\n\n\n<div class=\"wp-block-column is-layout-flow wp-block-column-is-layout-flow\">\n<figure class=\"wp-block-image size-full\"><img decoding=\"async\" width=\"1500\" height=\"1500\" src=\"https:\/\/www.fsyougel.com\/wp-content\/uploads\/2025\/11\/Bulk-Gel-Nail-Polish-Colors-TPO-Free-Wholesale-2.webp\" alt=\"Vernis \u00e0 ongles gel en vrac, sans TPO, vente en gros (2)\" class=\"wp-image-1366\" srcset=\"https:\/\/www.fsyougel.com\/wp-content\/uploads\/2025\/11\/Bulk-Gel-Nail-Polish-Colors-TPO-Free-Wholesale-2.webp 1500w, https:\/\/www.fsyougel.com\/wp-content\/uploads\/2025\/11\/Bulk-Gel-Nail-Polish-Colors-TPO-Free-Wholesale-2-300x300.webp 300w, https:\/\/www.fsyougel.com\/wp-content\/uploads\/2025\/11\/Bulk-Gel-Nail-Polish-Colors-TPO-Free-Wholesale-2-150x150.webp 150w, https:\/\/www.fsyougel.com\/wp-content\/uploads\/2025\/11\/Bulk-Gel-Nail-Polish-Colors-TPO-Free-Wholesale-2-768x768.webp 768w, https:\/\/www.fsyougel.com\/wp-content\/uploads\/2025\/11\/Bulk-Gel-Nail-Polish-Colors-TPO-Free-Wholesale-2-12x12.webp 12w, https:\/\/www.fsyougel.com\/wp-content\/uploads\/2025\/11\/Bulk-Gel-Nail-Polish-Colors-TPO-Free-Wholesale-2-1200x1200.webp 1200w, https:\/\/www.fsyougel.com\/wp-content\/uploads\/2025\/11\/Bulk-Gel-Nail-Polish-Colors-TPO-Free-Wholesale-2-600x600.webp 600w, https:\/\/www.fsyougel.com\/wp-content\/uploads\/2025\/11\/Bulk-Gel-Nail-Polish-Colors-TPO-Free-Wholesale-2-100x100.webp 100w\" sizes=\"(max-width: 1500px) 100vw, 1500px\" \/><\/figure>\n<\/div>\n<\/div>\n\n\n\n<p>\u00c9largissez votre gamme de produits pour les ongles gr\u00e2ce \u00e0 nos vernis gel en vrac, con\u00e7us pour les salons professionnels, les distributeurs et les marques OEM\/ODM. Disponibles dans une large palette de couleurs, ces gels de haute qualit\u00e9 s'appliquent facilement, offrent une tenue longue dur\u00e9e et un fini digne d'un salon professionnel.<\/p>","protected":false},"excerpt":{"rendered":"<p data-start=\"398\" data-end=\"682\">Bienvenue dans notre gamme de vernis \u00e0 ongles en gel en vrac, sans HEMA ni TPO, compatibles UV\/LED, avec plus de 5 000 teintes \u00e9clatantes. Prix de gros d'usine, assistance OEM\/ODM et \u00e9chantillons gratuits disponibles pour les salons et les distributeurs.<\/p>\n<table border=\"0\" width=\"854\" cellspacing=\"0\" cellpadding=\"0\">\n<tbody>\n<tr>\n<td class=\"et3\" width=\"257\" height=\"44\">Marque<\/td>\n<td class=\"et3\" width=\"597\">YouGel<\/td>\n<\/tr>\n<tr>\n<td class=\"et4\" width=\"257\" height=\"44\">Num\u00e9ro de mod\u00e8le<\/td>\n<td class=\"et4\" width=\"597\">S202<\/td>\n<\/tr>\n<tr>\n<td class=\"et4\" width=\"257\" height=\"44\">Type de produit<\/td>\n<td class=\"et4\" width=\"597\">Gel de polissage UV\/LED<\/td>\n<\/tr>\n<tr>\n<td class=\"et4\" width=\"257\" height=\"44\">Mat\u00e9riau<\/td>\n<td class=\"et4\" width=\"597\">R\u00e9sine<\/td>\n<\/tr>\n<tr>\n<td class=\"et4\" width=\"257\" height=\"44\">Couleur<\/td>\n<td class=\"et4\" width=\"597\">Plus de 5000 couleurs<\/td>\n<\/tr>\n<tr>\n<td class=\"et4\" width=\"257\" height=\"44\">Volume<\/td>\n<td class=\"et4\" width=\"597\">1 kg\/5 kg\/20 kg<\/td>\n<\/tr>\n<tr>\n<td class=\"et4\" width=\"257\" height=\"44\">S\u00e9curit\u00e9<\/td>\n<td class=\"et4\" width=\"597\">Sans HEMA, sans TPO, non toxique, MSDS disponible<\/td>\n<\/tr>\n<tr>\n<td class=\"et4\" width=\"257\" height=\"44\">MOQ<\/td>\n<td class=\"et4\" width=\"597\">Faible MOQ<\/td>\n<\/tr>\n<tr>\n<td class=\"et4\" width=\"257\" height=\"44\">\u00c9chantillon gratuit<\/td>\n<td class=\"et4\" width=\"597\">Disponible<\/td>\n<\/tr>\n<tr>\n<td class=\"et4\" width=\"257\" height=\"82\">Option personnalis\u00e9e<\/td>\n<td class=\"et4\" width=\"597\">Services OEM\/ODM, prise en charge des logos, \u00e9tiquettes et emballages personnalis\u00e9s<\/td>\n<\/tr>\n<\/tbody>\n<\/table>\n<h2 class=\"brxe-heading\">Du fabricant de vernis en gel<\/h2>\n<p><a href=\"https:\/\/www.fsyougel.com\/fr\/\"><strong>YouGel<\/strong><\/a> est un fabricant de vernis en gel de confiance, qui propose des couches de base en gel de haute qualit\u00e9 adapt\u00e9es aux ongles UV\/LED. Nos produits sont con\u00e7us pour garantir une application en douceur, une tenue longue dur\u00e9e et un retrait facile.<\/p>","protected":false},"featured_media":1367,"comment_status":"closed","ping_status":"closed","template":"","meta":{"_acf_changed":false},"product_brand":[],"product_cat":[19],"product_tag":[],"class_list":{"0":"post-1364","1":"product","2":"type-product","3":"status-publish","4":"has-post-thumbnail","6":"product_cat-gel-polish-color-wholesale","8":"first","9":"instock","10":"shipping-taxable","11":"product-type-simple"},"acf":[],"_links":{"self":[{"href":"https:\/\/www.fsyougel.com\/fr\/wp-json\/wp\/v2\/product\/1364","targetHints":{"allow":["GET"]}}],"collection":[{"href":"https:\/\/www.fsyougel.com\/fr\/wp-json\/wp\/v2\/product"}],"about":[{"href":"https:\/\/www.fsyougel.com\/fr\/wp-json\/wp\/v2\/types\/product"}],"replies":[{"embeddable":true,"href":"https:\/\/www.fsyougel.com\/fr\/wp-json\/wp\/v2\/comments?post=1364"}],"wp:featuredmedia":[{"embeddable":true,"href":"https:\/\/www.fsyougel.com\/fr\/wp-json\/wp\/v2\/media\/1367"}],"wp:attachment":[{"href":"https:\/\/www.fsyougel.com\/fr\/wp-json\/wp\/v2\/media?parent=1364"}],"wp:term":[{"taxonomy":"product_brand","embeddable":true,"href":"https:\/\/www.fsyougel.com\/fr\/wp-json\/wp\/v2\/product_brand?post=1364"},{"taxonomy":"product_cat","embeddable":true,"href":"https:\/\/www.fsyougel.com\/fr\/wp-json\/wp\/v2\/product_cat?post=1364"},{"taxonomy":"product_tag","embeddable":true,"href":"https:\/\/www.fsyougel.com\/fr\/wp-json\/wp\/v2\/product_tag?post=1364"}],"curies":[{"name":"wp","href":"https:\/\/api.w.org\/{rel}","templated":true}]}}