{"id":1419,"date":"2025-11-21T06:42:21","date_gmt":"2025-11-21T06:42:21","guid":{"rendered":"https:\/\/www.fsyougel.com\/?post_type=product&#038;p=1419"},"modified":"2025-12-05T11:48:12","modified_gmt":"2025-12-05T11:48:12","slug":"bordeaux-diamond-gel-polish-wholesale","status":"publish","type":"product","link":"https:\/\/www.fsyougel.com\/fr\/produit\/bordeaux-diamond-gel-polish-wholesale\/","title":{"rendered":"Vente en gros de vernis \u00e0 ongles gel Bordeaux Diamond, 12 couleurs Usine de vernis \u00e0 ongles gel sans TPO"},"content":{"rendered":"<div class=\"wp-block-columns is-layout-flex wp-container-core-columns-is-layout-9d6595d7 wp-block-columns-is-layout-flex\">\n<div class=\"wp-block-column is-layout-flow wp-block-column-is-layout-flow\">\n<h2 class=\"wp-block-heading\">Caract\u00e9ristiques du vernis gel Bordeaux Diamond vendu en gros :<\/h2>\n\n\n\n<ul class=\"wp-block-list\">\n<li><strong>Collection Premium Bordeaux Diamond Shimmer :<\/strong> 12 nuances s\u00e9lectionn\u00e9es avec soin, inspir\u00e9es du vin rouge de Bordeaux, avec des reflets d\u00e9licats et luxueux semblables \u00e0 ceux d'un diamant, qui rehaussent le nail art d'une \u00e9l\u00e9gance intemporelle. L'un des groupes de couleurs les plus populaires de la s\u00e9rie de vernis gel Bordeaux Diamond vendus en gros.<\/li>\n\n\n\n<li><strong>Formule sans TPO et sans danger :<\/strong> Formule \u00e9cologique sans TPO qui r\u00e9duit les odeurs irritantes tout en garantissant la bonne sant\u00e9 des ongles, parfaite pour les clients sensibles et une utilisation prolong\u00e9e en salon.<\/li>\n\n\n\n<li><strong>Brillance durable sans \u00e9caillage<\/strong>: Sa formule hautement adh\u00e9sive et r\u00e9sistante \u00e0 l'usure garantit une brillance diamant\u00e9e longue dur\u00e9e, offrant une luminosit\u00e9 et une texture durables au bout des doigts.<\/li>\n\n\n\n<li><strong>Application facile et finition lisse : <\/strong>Sa texture fine et uniforme emp\u00eache la formation de grumeaux et les traces de pinceau. Les particules scintillantes dynamiques r\u00e9v\u00e8lent des effets lumineux multidimensionnels sous l'\u00e9clairage, rehaussant ainsi le design global du nail art.<\/li>\n\n\n\n<li><strong>Assistance \u00e0 la personnalisation OEM\/ODM : <\/strong>Fournir un service complet de personnalisation des logos, des bouteilles, des emballages, etc., afin de permettre le d\u00e9veloppement rapide de gammes de produits diff\u00e9renci\u00e9es pour les marques.<\/li>\n\n\n\n<li><strong>Avantage du prix de gros d'usine<\/strong>: Gr\u00e2ce \u00e0 notre propre site de production et \u00e0 un contr\u00f4le stable des co\u00fbts, nous proposons des prix directs d'usine \u00e0 long terme pour la vente en gros afin d'am\u00e9liorer notre comp\u00e9titivit\u00e9.<\/li>\n\n\n\n<li><strong>Essais gratuits :<\/strong> Nous fournissons des \u00e9chantillons gratuits afin de permettre aux acheteurs de tester les couleurs et la qualit\u00e9 avant de passer commande en toute confiance.<\/li>\n\n\n\n<li><strong>Exp\u00e9dition rapide et cha\u00eene logistique mondiale : <\/strong>Des stocks stables et des d\u00e9lais de livraison contr\u00f4lables r\u00e9pondent aux besoins d'approvisionnement en gros des salons, des distributeurs et des marques.<\/li>\n<\/ul>\n<\/div>\n\n\n\n<div class=\"wp-block-column is-layout-flow wp-block-column-is-layout-flow\">\n<figure class=\"wp-block-image size-full\"><img decoding=\"async\" width=\"1500\" height=\"1500\" src=\"https:\/\/www.fsyougel.com\/wp-content\/uploads\/2025\/11\/Bordeaux-Diamond-Gel-Polish-Wholesale-Manufacturer-5.webp\" alt=\"Fabricant grossiste de vernis gel diamant Bordeaux (5)\" class=\"wp-image-1424\" srcset=\"https:\/\/www.fsyougel.com\/wp-content\/uploads\/2025\/11\/Bordeaux-Diamond-Gel-Polish-Wholesale-Manufacturer-5.webp 1500w, https:\/\/www.fsyougel.com\/wp-content\/uploads\/2025\/11\/Bordeaux-Diamond-Gel-Polish-Wholesale-Manufacturer-5-300x300.webp 300w, https:\/\/www.fsyougel.com\/wp-content\/uploads\/2025\/11\/Bordeaux-Diamond-Gel-Polish-Wholesale-Manufacturer-5-150x150.webp 150w, https:\/\/www.fsyougel.com\/wp-content\/uploads\/2025\/11\/Bordeaux-Diamond-Gel-Polish-Wholesale-Manufacturer-5-768x768.webp 768w, https:\/\/www.fsyougel.com\/wp-content\/uploads\/2025\/11\/Bordeaux-Diamond-Gel-Polish-Wholesale-Manufacturer-5-12x12.webp 12w, https:\/\/www.fsyougel.com\/wp-content\/uploads\/2025\/11\/Bordeaux-Diamond-Gel-Polish-Wholesale-Manufacturer-5-1200x1200.webp 1200w, https:\/\/www.fsyougel.com\/wp-content\/uploads\/2025\/11\/Bordeaux-Diamond-Gel-Polish-Wholesale-Manufacturer-5-600x600.webp 600w, https:\/\/www.fsyougel.com\/wp-content\/uploads\/2025\/11\/Bordeaux-Diamond-Gel-Polish-Wholesale-Manufacturer-5-100x100.webp 100w\" sizes=\"(max-width: 1500px) 100vw, 1500px\" \/><\/figure>\n<\/div>\n<\/div>\n\n\n\n<p><\/p>","protected":false},"excerpt":{"rendered":"<p data-start=\"398\" data-end=\"682\">Bienvenue \u00e0 l'achat, vernis gel diamant bordeaux en gros avec 12 couleurs, formule sans TPO, avantages de prix directs d'usine et \u00e9chantillons gratuits. Parfait pour les salons de manucure et les marques priv\u00e9es, offrant une qualit\u00e9 stable, une brillance riche et une livraison rapide.<\/p>\n<table border=\"0\" width=\"854\" cellspacing=\"0\" cellpadding=\"0\">\n<tbody>\n<tr>\n<td width=\"257\" height=\"44\">Marque<\/td>\n<td width=\"597\">YouGel<\/td>\n<\/tr>\n<tr>\n<td width=\"257\" height=\"44\">Type de produit<\/td>\n<td width=\"597\">UV\/LED de trempage<\/td>\n<\/tr>\n<tr>\n<td width=\"257\" height=\"44\">Mat\u00e9riau<\/td>\n<td width=\"597\">R\u00e9sine<\/td>\n<\/tr>\n<tr>\n<td width=\"257\" height=\"44\">Couleur<\/td>\n<td width=\"597\">12 couleurs<\/td>\n<\/tr>\n<tr>\n<td width=\"257\" height=\"44\">Volume<\/td>\n<td width=\"597\">15ml<\/td>\n<\/tr>\n<tr>\n<td width=\"257\" height=\"82\">S\u00e9curit\u00e9<\/td>\n<td width=\"597\">Sans TPO, sans HEMA, non toxique, MSDS disponible<\/td>\n<\/tr>\n<tr>\n<td width=\"257\" height=\"44\">MOQ<\/td>\n<td width=\"597\">Faible MOQ<\/td>\n<\/tr>\n<tr>\n<td width=\"257\" height=\"44\">\u00c9chantillon gratuit<\/td>\n<td width=\"597\">Disponible<\/td>\n<\/tr>\n<tr>\n<td width=\"257\" height=\"82\">Option personnalis\u00e9e<\/td>\n<td width=\"597\">Services OEM\/ODM, prise en charge des logos, \u00e9tiquettes et emballages personnalis\u00e9s<\/td>\n<\/tr>\n<\/tbody>\n<\/table>\n<h2 class=\"brxe-heading\">Du fabricant de vernis en gel<\/h2>\n<p><a href=\"https:\/\/www.fsyougel.com\/fr\/\"><strong>YouGel<\/strong><\/a> est un fabricant de vernis en gel de confiance, qui propose des couches de base en gel de haute qualit\u00e9 adapt\u00e9es aux ongles UV\/LED. Nos produits sont con\u00e7us pour garantir une application en douceur, une tenue longue dur\u00e9e et un retrait facile.<\/p>","protected":false},"featured_media":1452,"comment_status":"closed","ping_status":"closed","template":"","meta":{"_acf_changed":false},"product_brand":[],"product_cat":[19,27],"product_tag":[],"class_list":{"0":"post-1419","1":"product","2":"type-product","3":"status-publish","4":"has-post-thumbnail","6":"product_cat-gel-polish-color-wholesale","7":"product_cat-new-gel-polish-collection","9":"first","10":"instock","11":"shipping-taxable","12":"product-type-simple"},"acf":[],"_links":{"self":[{"href":"https:\/\/www.fsyougel.com\/fr\/wp-json\/wp\/v2\/product\/1419","targetHints":{"allow":["GET"]}}],"collection":[{"href":"https:\/\/www.fsyougel.com\/fr\/wp-json\/wp\/v2\/product"}],"about":[{"href":"https:\/\/www.fsyougel.com\/fr\/wp-json\/wp\/v2\/types\/product"}],"replies":[{"embeddable":true,"href":"https:\/\/www.fsyougel.com\/fr\/wp-json\/wp\/v2\/comments?post=1419"}],"wp:featuredmedia":[{"embeddable":true,"href":"https:\/\/www.fsyougel.com\/fr\/wp-json\/wp\/v2\/media\/1452"}],"wp:attachment":[{"href":"https:\/\/www.fsyougel.com\/fr\/wp-json\/wp\/v2\/media?parent=1419"}],"wp:term":[{"taxonomy":"product_brand","embeddable":true,"href":"https:\/\/www.fsyougel.com\/fr\/wp-json\/wp\/v2\/product_brand?post=1419"},{"taxonomy":"product_cat","embeddable":true,"href":"https:\/\/www.fsyougel.com\/fr\/wp-json\/wp\/v2\/product_cat?post=1419"},{"taxonomy":"product_tag","embeddable":true,"href":"https:\/\/www.fsyougel.com\/fr\/wp-json\/wp\/v2\/product_tag?post=1419"}],"curies":[{"name":"wp","href":"https:\/\/api.w.org\/{rel}","templated":true}]}}