{"id":1426,"date":"2025-11-21T06:55:03","date_gmt":"2025-11-21T06:55:03","guid":{"rendered":"https:\/\/www.fsyougel.com\/?post_type=product&#038;p=1426"},"modified":"2025-11-21T07:51:38","modified_gmt":"2025-11-21T07:51:38","slug":"new-base-coat-nail-polish-manufacturer","status":"publish","type":"product","link":"https:\/\/www.fsyougel.com\/fr\/produit\/new-base-coat-nail-polish-manufacturer\/","title":{"rendered":"Nouveau fabricant de vernis \u00e0 ongles de base, fournisseur en gros de vernis gel sans TPO"},"content":{"rendered":"<div class=\"wp-block-columns is-layout-flex wp-container-core-columns-is-layout-9d6595d7 wp-block-columns-is-layout-flex\">\n<div class=\"wp-block-column is-layout-flow wp-block-column-is-layout-flow\">\n<h2 class=\"wp-block-heading\">Caract\u00e9ristiques du nouveau vernis \u00e0 ongles Design Base Coat :<\/h2>\n\n\n\n<ul class=\"wp-block-list\">\n<li><strong>Capacit\u00e9s de fabrication professionnelles<\/strong>En tant que fabricant exp\u00e9riment\u00e9 de vernis \u00e0 ongles de base, nous utilisons des formulations stables et s\u00fbres sans TPO dans la fabrication de nos vernis de base, ce qui garantit une adh\u00e9rence, une flexibilit\u00e9 et une douceur sup\u00e9rieures pour le vernis de base. Cela facilite la reconnaissance des marques par les consommateurs finaux.<\/li>\n\n\n\n<li><strong>Prix de gros d'usine avec une plus grande comp\u00e9titivit\u00e9 :<\/strong> Gr\u00e2ce \u00e0 notre syst\u00e8me de production exclusif, nous sommes en mesure de proposer des prix directs d'usine, ce qui permet aux acheteurs de mieux contr\u00f4ler leurs budgets. Nous sommes un partenaire de confiance en tant que fabricant de vernis \u00e0 ongles de base.<\/li>\n\n\n\n<li><strong>\u00c9chantillons gratuits disponibles :<\/strong> Demandez des \u00e9chantillons gratuits avant de passer commande afin de tester l'adh\u00e9rence, la fluidit\u00e9 et la r\u00e9sistance \u00e0 l'usure et de vous assurer que les normes de votre marque sont respect\u00e9es avant d'acheter.<\/li>\n\n\n\n<li><strong>Performances d'adh\u00e9rence sup\u00e9rieures :<\/strong> Forme un film uniforme et r\u00e9sistant qui fixe solidement le vernis color\u00e9 pour une meilleure durabilit\u00e9 et un minimum de d\u00e9collement et d'\u00e9caillage.<\/li>\n\n\n\n<li><strong>Faible odeur pour une tranquillit\u00e9 d'esprit :<\/strong> Formul\u00e9 \u00e0 partir d'ingr\u00e9dients doux et peu odorants qui procurent un confort lors de l'application et r\u00e9duisent les odeurs \u00e2cres, id\u00e9al pour tous les salons de manucure et les clients de marque.<\/li>\n\n\n\n<li><strong>Haute compatibilit\u00e9 entre les syst\u00e8mes<\/strong>: Fonctionne parfaitement avec les gels d'extension, les gels cat-eye, les gels paillet\u00e9s et les gels de couleur unie pour aider une marque \u00e0 cr\u00e9er un syst\u00e8me complet de gels color\u00e9s.<\/li>\n\n\n\n<li><strong>Prend en charge la personnalisation OEM\/ODM : <\/strong>Personnalisez les formes des bouteilles, les logos, les nuanciers et les designs d'emballage. Une assistance compl\u00e8te est fournie pour am\u00e9liorer l'image de votre marque.<\/li>\n<\/ul>\n<\/div>\n\n\n\n<div class=\"wp-block-column is-layout-flow wp-block-column-is-layout-flow\">\n<figure class=\"wp-block-image size-full\"><img decoding=\"async\" width=\"1500\" height=\"1500\" src=\"https:\/\/www.fsyougel.com\/wp-content\/uploads\/2025\/11\/New-Design-Base-Coat-Nail-Polish-Manufacturer-4.webp\" alt=\"Fabricant de vernis \u00e0 ongles de base au nouveau design (4)\" class=\"wp-image-1430\" srcset=\"https:\/\/www.fsyougel.com\/wp-content\/uploads\/2025\/11\/New-Design-Base-Coat-Nail-Polish-Manufacturer-4.webp 1500w, https:\/\/www.fsyougel.com\/wp-content\/uploads\/2025\/11\/New-Design-Base-Coat-Nail-Polish-Manufacturer-4-300x300.webp 300w, https:\/\/www.fsyougel.com\/wp-content\/uploads\/2025\/11\/New-Design-Base-Coat-Nail-Polish-Manufacturer-4-150x150.webp 150w, https:\/\/www.fsyougel.com\/wp-content\/uploads\/2025\/11\/New-Design-Base-Coat-Nail-Polish-Manufacturer-4-768x768.webp 768w, https:\/\/www.fsyougel.com\/wp-content\/uploads\/2025\/11\/New-Design-Base-Coat-Nail-Polish-Manufacturer-4-12x12.webp 12w, https:\/\/www.fsyougel.com\/wp-content\/uploads\/2025\/11\/New-Design-Base-Coat-Nail-Polish-Manufacturer-4-1200x1200.webp 1200w, https:\/\/www.fsyougel.com\/wp-content\/uploads\/2025\/11\/New-Design-Base-Coat-Nail-Polish-Manufacturer-4-600x600.webp 600w, https:\/\/www.fsyougel.com\/wp-content\/uploads\/2025\/11\/New-Design-Base-Coat-Nail-Polish-Manufacturer-4-100x100.webp 100w\" sizes=\"(max-width: 1500px) 100vw, 1500px\" \/><\/figure>\n<\/div>\n<\/div>\n\n\n\n<div class=\"wp-block-columns is-layout-flex wp-container-core-columns-is-layout-9d6595d7 wp-block-columns-is-layout-flex\">\n<div class=\"wp-block-column is-layout-flow wp-block-column-is-layout-flow\"><\/div>\n\n\n\n<div class=\"wp-block-column is-layout-flow wp-block-column-is-layout-flow\"><\/div>\n\n\n\n<div class=\"wp-block-column is-layout-flow wp-block-column-is-layout-flow\"><\/div>\n\n\n\n<div class=\"wp-block-column is-layout-flow wp-block-column-is-layout-flow\"><\/div>\n<\/div>","protected":false},"excerpt":{"rendered":"<p>Bienvenue pour acheter notre nouvelle base sans TPO, con\u00e7ue par un fabricant professionnel de vernis \u00e0 ongles de base, qui propose des prix de gros d'usine, une qualit\u00e9 stable, une livraison rapide et des \u00e9chantillons gratuits pour les distributeurs mondiaux.<\/p>\n<table border=\"0\" width=\"854\" cellspacing=\"0\" cellpadding=\"0\">\n<tbody>\n<tr>\n<td width=\"257\" height=\"44\">Marque<\/td>\n<td width=\"597\">YouGel<\/td>\n<\/tr>\n<tr>\n<td width=\"257\" height=\"44\">Num\u00e9ro de mod\u00e8le<\/td>\n<td width=\"597\">RC01<\/td>\n<\/tr>\n<tr>\n<td width=\"257\" height=\"44\">Type de produit<\/td>\n<td width=\"597\">UV\/LED de trempage<\/td>\n<\/tr>\n<tr>\n<td width=\"257\" height=\"44\">Mat\u00e9riau<\/td>\n<td width=\"597\">R\u00e9sine<\/td>\n<\/tr>\n<tr>\n<td width=\"257\" height=\"44\">Couleur<\/td>\n<td width=\"597\">Clair<\/td>\n<\/tr>\n<tr>\n<td width=\"257\" height=\"44\">Volume<\/td>\n<td width=\"597\">15ml<\/td>\n<\/tr>\n<tr>\n<td width=\"257\" height=\"44\">S\u00e9curit\u00e9<\/td>\n<td width=\"597\">Sans HEMA, sans TPO, non toxique, MSDS disponible<\/td>\n<\/tr>\n<tr>\n<td width=\"257\" height=\"44\">MOQ<\/td>\n<td width=\"597\">Faible MOQ<\/td>\n<\/tr>\n<tr>\n<td width=\"257\" height=\"44\">\u00c9chantillon gratuit<\/td>\n<td width=\"597\">Disponible<\/td>\n<\/tr>\n<tr>\n<td width=\"257\" height=\"82\">Option personnalis\u00e9e<\/td>\n<td width=\"597\">Services OEM\/ODM, prise en charge des logos, \u00e9tiquettes et emballages personnalis\u00e9s<\/td>\n<\/tr>\n<\/tbody>\n<\/table>\n<h2 class=\"brxe-heading\">De Gel <a href=\"https:\/\/www.fsyougel.com\/fr\/categorie-produit\/wholesale-base-coat\/\"><strong>Fabricant de couche de base<\/strong><\/a><\/h2>\n<p><strong>YouGel<\/strong> est un fabricant de gel de base de confiance, qui propose des gels de base de haute qualit\u00e9 adapt\u00e9s aux ongles UV\/LED. Nos produits sont con\u00e7us pour garantir une application en douceur, une tenue longue dur\u00e9e et une absorption facile.<\/p>","protected":false},"featured_media":1429,"comment_status":"closed","ping_status":"closed","template":"","meta":{"_acf_changed":false},"product_brand":[],"product_cat":[17,27],"product_tag":[],"class_list":{"0":"post-1426","1":"product","2":"type-product","3":"status-publish","4":"has-post-thumbnail","6":"product_cat-wholesale-base-coat","7":"product_cat-new-gel-polish-collection","9":"first","10":"instock","11":"shipping-taxable","12":"product-type-simple"},"acf":[],"_links":{"self":[{"href":"https:\/\/www.fsyougel.com\/fr\/wp-json\/wp\/v2\/product\/1426","targetHints":{"allow":["GET"]}}],"collection":[{"href":"https:\/\/www.fsyougel.com\/fr\/wp-json\/wp\/v2\/product"}],"about":[{"href":"https:\/\/www.fsyougel.com\/fr\/wp-json\/wp\/v2\/types\/product"}],"replies":[{"embeddable":true,"href":"https:\/\/www.fsyougel.com\/fr\/wp-json\/wp\/v2\/comments?post=1426"}],"wp:featuredmedia":[{"embeddable":true,"href":"https:\/\/www.fsyougel.com\/fr\/wp-json\/wp\/v2\/media\/1429"}],"wp:attachment":[{"href":"https:\/\/www.fsyougel.com\/fr\/wp-json\/wp\/v2\/media?parent=1426"}],"wp:term":[{"taxonomy":"product_brand","embeddable":true,"href":"https:\/\/www.fsyougel.com\/fr\/wp-json\/wp\/v2\/product_brand?post=1426"},{"taxonomy":"product_cat","embeddable":true,"href":"https:\/\/www.fsyougel.com\/fr\/wp-json\/wp\/v2\/product_cat?post=1426"},{"taxonomy":"product_tag","embeddable":true,"href":"https:\/\/www.fsyougel.com\/fr\/wp-json\/wp\/v2\/product_tag?post=1426"}],"curies":[{"name":"wp","href":"https:\/\/api.w.org\/{rel}","templated":true}]}}