{"id":1447,"date":"2025-12-05T11:16:27","date_gmt":"2025-12-05T11:16:27","guid":{"rendered":"https:\/\/www.fsyougel.com\/?post_type=product&#038;p=1447"},"modified":"2025-12-05T12:15:23","modified_gmt":"2025-12-05T12:15:23","slug":"factory-supply-builder-gel-manufacturer","status":"publish","type":"product","link":"https:\/\/www.fsyougel.com\/fr\/produit\/factory-supply-builder-gel-manufacturer\/","title":{"rendered":"Fabricant de gel de construction fourni par l'usine, gel d'extension pour ongles sans TPO, 48 couleurs, vente en gros"},"content":{"rendered":"<div class=\"wp-block-columns is-layout-flex wp-container-core-columns-is-layout-9d6595d7 wp-block-columns-is-layout-flex\">\n<div class=\"wp-block-column is-layout-flow wp-block-column-is-layout-flow\">\n<div class=\"wp-block-columns is-layout-flex wp-container-core-columns-is-layout-9d6595d7 wp-block-columns-is-layout-flex\">\n<div class=\"wp-block-column is-layout-flow wp-block-column-is-layout-flow\">\n<h2 class=\"wp-block-heading\">Caract\u00e9ristiques du gel de construction Factory Supply :<\/h2>\n\n\n\n<ul class=\"wp-block-list\">\n<li><strong>Force professionnelle de l'usine, production de qualit\u00e9 stable :<\/strong> En tant que fabricant exp\u00e9riment\u00e9 de gels de construction pour l'approvisionnement des usines, nous utilisons un syst\u00e8me de r\u00e9sine de haute puret\u00e9 offrant une forte extensibilit\u00e9 et une excellente duret\u00e9, garantissant une application lisse sans affaissement, adapt\u00e9e \u00e0 l'extension, la r\u00e9paration et le renforcement.<\/li>\n\n\n\n<li><strong>48 couleurs disponibles pour la vente en gros, r\u00e9pondant \u00e0 divers besoins :<\/strong> Nous proposons une palette compl\u00e8te de 48 couleurs de gel pour extension d'ongles, offrant un choix complet allant des teintes nude, cr\u00e8me et translucides aux tons chauds et froids tendance, adapt\u00e9s \u00e0 la cr\u00e9ation de gammes de produits vari\u00e9es.<\/li>\n\n\n\n<li><strong>Prix de gros comp\u00e9titifs : <\/strong>Gr\u00e2ce \u00e0 notre propre syst\u00e8me de production automatis\u00e9, nous garantissons des avantages en termes de co\u00fbts, permettant aux acheteurs de b\u00e9n\u00e9ficier de prix directement usine, ce qui fait de nous un partenaire fiable pour la fabrication de gels de construction.<\/li>\n\n\n\n<li><strong>Assistance gratuite pour les tests d'\u00e9chantillons :<\/strong> Des \u00e9chantillons gratuits sont disponibles avant la commande, ce qui permet aux acheteurs de tester \u00e0 l'avance l'extensibilit\u00e9, la vitesse de durcissement et la durabilit\u00e9, et ainsi de prendre leurs d\u00e9cisions d'achat en toute confiance.<\/li>\n\n\n\n<li><strong>Plus s\u00fbr, sans TPO :<\/strong> Utilisation d'une formule s\u00fbre et non toxique sans TPO, r\u00e9duisant les odeurs irritantes, ce qui la rend plus adapt\u00e9e aux march\u00e9s ayant des normes environnementales et de s\u00e9curit\u00e9 plus \u00e9lev\u00e9es.<\/li>\n\n\n\n<li><strong>Alliant haute \u00e9lasticit\u00e9 et r\u00e9sistance<\/strong>: Une fois le film form\u00e9, il est r\u00e9sistant et difficile \u00e0 casser, ce qui le rend facile \u00e0 utiliser pour l'extension et le renforcement des ongles, offrant ainsi une meilleure exp\u00e9rience utilisateur aux consommateurs finaux.<\/li>\n\n\n\n<li><strong>Ne coule pas et facile \u00e0 utiliser : <\/strong>Gr\u00e2ce \u00e0 sa viscosit\u00e9 mod\u00e9r\u00e9e, il est facile \u00e0 utiliser pour les d\u00e9butants et ne coule pas pendant l'application, ce qui permet aux techniciens en onglerie de gagner du temps.<\/li>\n\n\n\n<li><strong>Service complet OEM\/ODM :<\/strong> Prend en charge la personnalisation des flacons, l'impression exclusive de logos, la conception d'emballages, la personnalisation des couleurs, etc., aidant ainsi les marques \u00e0 \u00e9tendre rapidement leur pr\u00e9sence sur le march\u00e9 (vente en gros de gel pour extension d'ongles en 48 couleurs).<\/li>\n<\/ul>\n<\/div>\n\n\n\n<div class=\"wp-block-column is-layout-flow wp-block-column-is-layout-flow\">\n<figure class=\"wp-block-image size-full\"><img decoding=\"async\" width=\"4640\" height=\"6960\" src=\"https:\/\/www.fsyougel.com\/wp-content\/uploads\/2025\/12\/Factory-Supply-Builder-Gel-Manufacturer-yuogel-3.webp\" alt=\"Fabricant de gel de construction pour les ongles - yuogel (3)\" class=\"wp-image-1450\" srcset=\"https:\/\/www.fsyougel.com\/wp-content\/uploads\/2025\/12\/Factory-Supply-Builder-Gel-Manufacturer-yuogel-3.webp 4640w, https:\/\/www.fsyougel.com\/wp-content\/uploads\/2025\/12\/Factory-Supply-Builder-Gel-Manufacturer-yuogel-3-200x300.webp 200w, https:\/\/www.fsyougel.com\/wp-content\/uploads\/2025\/12\/Factory-Supply-Builder-Gel-Manufacturer-yuogel-3-768x1152.webp 768w, https:\/\/www.fsyougel.com\/wp-content\/uploads\/2025\/12\/Factory-Supply-Builder-Gel-Manufacturer-yuogel-3-8x12.webp 8w, https:\/\/www.fsyougel.com\/wp-content\/uploads\/2025\/12\/Factory-Supply-Builder-Gel-Manufacturer-yuogel-3-1200x1800.webp 1200w, https:\/\/www.fsyougel.com\/wp-content\/uploads\/2025\/12\/Factory-Supply-Builder-Gel-Manufacturer-yuogel-3-600x900.webp 600w\" sizes=\"(max-width: 4640px) 100vw, 4640px\" \/><\/figure>\n<\/div>\n<\/div>\n<\/div>\n<\/div>","protected":false},"excerpt":{"rendered":"<p>Bienvenue pour acheter notre gel de construction sans TPO aupr\u00e8s d'un fabricant de gel de construction de confiance, qui propose des prix de gros directs d'usine, une livraison rapide, des \u00e9chantillons gratuits et des solutions compl\u00e8tes de vente en gros de gel pour extension d'ongles en 48 couleurs pour les distributeurs mondiaux.<\/p>\n<table border=\"0\" width=\"854\" cellspacing=\"0\" cellpadding=\"0\">\n<tbody>\n<tr>\n<td width=\"257\" height=\"44\">Marque<\/td>\n<td width=\"597\">YouGel<\/td>\n<\/tr>\n<tr>\n<td width=\"257\" height=\"44\">Num\u00e9ro de mod\u00e8le<\/td>\n<td width=\"597\">BG01<\/td>\n<\/tr>\n<tr>\n<td width=\"257\" height=\"44\">Type de produit<\/td>\n<td width=\"597\">Gel UV\/LED \u00e0 dissoudre<\/td>\n<\/tr>\n<tr>\n<td width=\"257\" height=\"44\">Mat\u00e9riau<\/td>\n<td width=\"597\">Mati\u00e8re premi\u00e8re r\u00e9sine<\/td>\n<\/tr>\n<tr>\n<td width=\"257\" height=\"44\">Couleur<\/td>\n<td width=\"597\">48 Couleurs<\/td>\n<\/tr>\n<tr>\n<td width=\"257\" height=\"44\">Volume<\/td>\n<td width=\"597\">15 g\/30 g\/50 g<\/td>\n<\/tr>\n<tr>\n<td width=\"257\" height=\"44\">S\u00e9curit\u00e9<\/td>\n<td width=\"597\">Sans HEMA, sans TPO, non toxique, MSDS disponible<\/td>\n<\/tr>\n<tr>\n<td width=\"257\" height=\"44\">MOQ<\/td>\n<td width=\"597\">Faible MOQ<\/td>\n<\/tr>\n<tr>\n<td width=\"257\" height=\"44\">\u00c9chantillon gratuit<\/td>\n<td width=\"597\">Disponible<\/td>\n<\/tr>\n<tr>\n<td width=\"257\" height=\"82\">Option personnalis\u00e9e<\/td>\n<td width=\"597\">Services OEM\/ODM, prise en charge des logos, \u00e9tiquettes et emballages personnalis\u00e9s<\/td>\n<\/tr>\n<\/tbody>\n<\/table>\n<h3 class=\"brxe-heading\">Fabricant de vernis \u00e0 ongles en gel<\/h3>\n<p><a href=\"https:\/\/www.fsyougel.com\/fr\/\"><strong>YouGel<\/strong><\/a>\u00a0est un fabricant de vernis \u00e0 ongles en gel de haute technologie qui propose des services de vente en gros, de marque priv\u00e9e et d'OEM\/ODM. Plus de 10 000 couleurs sans HEMA, v\u00e9g\u00e9taliennes et sans cruaut\u00e9, avec une application douce, une longue tenue et un retrait facile.<\/p>","protected":false},"featured_media":1450,"comment_status":"closed","ping_status":"closed","template":"","meta":{"_acf_changed":false},"product_brand":[],"product_cat":[20,27],"product_tag":[],"class_list":{"0":"post-1447","1":"product","2":"type-product","3":"status-publish","4":"has-post-thumbnail","6":"product_cat-nail-extension-gel-wholesale","7":"product_cat-new-gel-polish-collection","9":"first","10":"instock","11":"shipping-taxable","12":"product-type-external"},"acf":[],"_links":{"self":[{"href":"https:\/\/www.fsyougel.com\/fr\/wp-json\/wp\/v2\/product\/1447","targetHints":{"allow":["GET"]}}],"collection":[{"href":"https:\/\/www.fsyougel.com\/fr\/wp-json\/wp\/v2\/product"}],"about":[{"href":"https:\/\/www.fsyougel.com\/fr\/wp-json\/wp\/v2\/types\/product"}],"replies":[{"embeddable":true,"href":"https:\/\/www.fsyougel.com\/fr\/wp-json\/wp\/v2\/comments?post=1447"}],"wp:featuredmedia":[{"embeddable":true,"href":"https:\/\/www.fsyougel.com\/fr\/wp-json\/wp\/v2\/media\/1450"}],"wp:attachment":[{"href":"https:\/\/www.fsyougel.com\/fr\/wp-json\/wp\/v2\/media?parent=1447"}],"wp:term":[{"taxonomy":"product_brand","embeddable":true,"href":"https:\/\/www.fsyougel.com\/fr\/wp-json\/wp\/v2\/product_brand?post=1447"},{"taxonomy":"product_cat","embeddable":true,"href":"https:\/\/www.fsyougel.com\/fr\/wp-json\/wp\/v2\/product_cat?post=1447"},{"taxonomy":"product_tag","embeddable":true,"href":"https:\/\/www.fsyougel.com\/fr\/wp-json\/wp\/v2\/product_tag?post=1447"}],"curies":[{"name":"wp","href":"https:\/\/api.w.org\/{rel}","templated":true}]}}