{"id":1470,"date":"2025-12-19T11:57:53","date_gmt":"2025-12-19T11:57:53","guid":{"rendered":"https:\/\/www.fsyougel.com\/?post_type=product&#038;p=1470"},"modified":"2025-12-20T01:20:55","modified_gmt":"2025-12-20T01:20:55","slug":"bulk-mousse-extension-gel-supplier","status":"publish","type":"product","link":"https:\/\/www.fsyougel.com\/fr\/produit\/bulk-mousse-extension-gel-supplier\/","title":{"rendered":"Fournisseur de gel d'extension mousse en vrac, gel d'extension pour ongles sans TPO, 24 couleurs, vente en gros"},"content":{"rendered":"<div class=\"wp-block-columns is-layout-flex wp-container-core-columns-is-layout-9d6595d7 wp-block-columns-is-layout-flex\">\n<div class=\"wp-block-column is-layout-flow wp-block-column-is-layout-flow\">\n<div class=\"wp-block-columns is-layout-flex wp-container-core-columns-is-layout-9d6595d7 wp-block-columns-is-layout-flex\">\n<div class=\"wp-block-column is-layout-flow wp-block-column-is-layout-flow\">\n<h2 class=\"wp-block-heading\">Caract\u00e9ristiques du gel extensible en vrac Mousse :<\/h2>\n\n\n\n<ul class=\"wp-block-list\">\n<li><strong>Multifonctionnel 3 en 1 :<\/strong> Un seul produit permet d'effectuer des op\u00e9rations d'extension, de r\u00e9paration et de construction, offrant ainsi une v\u00e9ritable application multifonctionnelle, r\u00e9duisant le co\u00fbt li\u00e9 au passage d'un gel \u00e0 l'autre et am\u00e9liorant l'efficacit\u00e9 op\u00e9rationnelle des salons et des marques.<\/li>\n\n\n\n<li><strong>Texture cr\u00e9meuse, onctueuse et sans grumeaux : <\/strong>Gr\u00e2ce \u00e0 sa formule \u00e0 la texture cr\u00e8me-mousse, il s'applique facilement et d\u00e9licatement, sans grumeaux ni accumulation, pour un allongement plus facile \u00e0 contr\u00f4ler. Il convient aussi bien aux d\u00e9butants qu'aux professionnels.<\/li>\n\n\n\n<li><strong>Syst\u00e8me de vente en gros stable \u00e0 24 couleurs :<\/strong> Une palette compl\u00e8te de 24 couleurs de gel mousse pour extensions couvre les couleurs nude et pratiques les plus courantes, r\u00e9pondant ainsi aux besoins des salons \u00e0 forte fr\u00e9quentation et au d\u00e9veloppement de base des marques.<\/li>\n\n\n\n<li><strong>Conception d'emballage am\u00e9lior\u00e9e, plus propre et anti-d\u00e9versement : <\/strong>La nouvelle structure am\u00e9lior\u00e9e du flacon emp\u00eache efficacement les fuites de colle pendant le transport et l'utilisation, am\u00e9liorant ainsi l'exp\u00e9rience utilisateur globale et le professionnalisme du produit.<\/li>\n\n\n\n<li><strong>Adh\u00e9rence forte, longue dur\u00e9e et sans d\u00e9collement<\/strong>: La formule am\u00e9lior\u00e9e offre une forte adh\u00e9rence et une grande durabilit\u00e9, r\u00e9solvant facilement les probl\u00e8mes courants tels que le soul\u00e8vement et le d\u00e9collement, et prolongeant ainsi la dur\u00e9e de vie.<\/li>\n\n\n\n<li><strong>Sans TPO pour une plus grande tranquillit\u00e9 d'esprit :<\/strong> Formule peu odorante et s\u00fbre, r\u00e9duisant les irritations, ce qui la rend plus adapt\u00e9e \u00e0 une utilisation \u00e0 long terme et aux march\u00e9s ayant des exigences \u00e9lev\u00e9es en mati\u00e8re de protection de l'environnement.<\/li>\n\n\n\n<li><strong>Approvisionnement direct depuis l'usine, avantage significatif en termes de prix :<\/strong> Notre propre syst\u00e8me de production garantit un approvisionnement stable en vrac, offrant aux acheteurs des prix de gros vraiment comp\u00e9titifs.<\/li>\n\n\n\n<li><strong>\u00c9chantillons gratuits pris en charge<\/strong>: Des \u00e9chantillons gratuits peuvent \u00eatre demand\u00e9s avant de passer commande afin de v\u00e9rifier la texture, l'adh\u00e9rence et la facilit\u00e9 d'utilisation, ce qui vous permet d'acheter en toute tranquillit\u00e9.<\/li>\n\n\n\n<li><strong>Personnalisation OEM\/ODM flexible :<\/strong> Permet la personnalisation de la forme du flacon, du logo, de l'emballage et des combinaisons de couleurs, aidant ainsi les marques \u00e0 p\u00e9n\u00e9trer rapidement le march\u00e9 de gros des gels prolongateurs de mousse 24 couleurs.<\/li>\n<\/ul>\n<\/div>\n\n\n\n<div class=\"wp-block-column is-layout-flow wp-block-column-is-layout-flow\">\n<figure class=\"wp-block-image size-full\"><img decoding=\"async\" width=\"1500\" height=\"1500\" src=\"https:\/\/www.fsyougel.com\/wp-content\/uploads\/2025\/12\/Bulk-Mousse-Extension-Gel-Manufacturer-Yougel-1.webp\" alt=\"Fabricant de gel extensible pour mousse en vrac - Yougel (1)\" class=\"wp-image-1462\" srcset=\"https:\/\/www.fsyougel.com\/wp-content\/uploads\/2025\/12\/Bulk-Mousse-Extension-Gel-Manufacturer-Yougel-1.webp 1500w, https:\/\/www.fsyougel.com\/wp-content\/uploads\/2025\/12\/Bulk-Mousse-Extension-Gel-Manufacturer-Yougel-1-300x300.webp 300w, https:\/\/www.fsyougel.com\/wp-content\/uploads\/2025\/12\/Bulk-Mousse-Extension-Gel-Manufacturer-Yougel-1-150x150.webp 150w, https:\/\/www.fsyougel.com\/wp-content\/uploads\/2025\/12\/Bulk-Mousse-Extension-Gel-Manufacturer-Yougel-1-768x768.webp 768w, https:\/\/www.fsyougel.com\/wp-content\/uploads\/2025\/12\/Bulk-Mousse-Extension-Gel-Manufacturer-Yougel-1-12x12.webp 12w, https:\/\/www.fsyougel.com\/wp-content\/uploads\/2025\/12\/Bulk-Mousse-Extension-Gel-Manufacturer-Yougel-1-1200x1200.webp 1200w, https:\/\/www.fsyougel.com\/wp-content\/uploads\/2025\/12\/Bulk-Mousse-Extension-Gel-Manufacturer-Yougel-1-600x600.webp 600w, https:\/\/www.fsyougel.com\/wp-content\/uploads\/2025\/12\/Bulk-Mousse-Extension-Gel-Manufacturer-Yougel-1-100x100.webp 100w\" sizes=\"(max-width: 1500px) 100vw, 1500px\" \/><\/figure>\n<\/div>\n<\/div>\n<\/div>\n<\/div>\n\n\n\n<div class=\"wp-block-columns is-layout-flex wp-container-core-columns-is-layout-9d6595d7 wp-block-columns-is-layout-flex\">\n<div class=\"wp-block-column is-layout-flow wp-block-column-is-layout-flow\">\n<figure class=\"wp-block-image size-full\"><img decoding=\"async\" width=\"1500\" height=\"1500\" src=\"https:\/\/www.fsyougel.com\/wp-content\/uploads\/2025\/12\/Wholesale-Mousse-Extension-Gel-Supplier-Yougel-8.webp\" alt=\"Fournisseur en gros de gel pour extensions Mousse - Yougel (8)\" class=\"wp-image-1469\" srcset=\"https:\/\/www.fsyougel.com\/wp-content\/uploads\/2025\/12\/Wholesale-Mousse-Extension-Gel-Supplier-Yougel-8.webp 1500w, https:\/\/www.fsyougel.com\/wp-content\/uploads\/2025\/12\/Wholesale-Mousse-Extension-Gel-Supplier-Yougel-8-300x300.webp 300w, https:\/\/www.fsyougel.com\/wp-content\/uploads\/2025\/12\/Wholesale-Mousse-Extension-Gel-Supplier-Yougel-8-150x150.webp 150w, https:\/\/www.fsyougel.com\/wp-content\/uploads\/2025\/12\/Wholesale-Mousse-Extension-Gel-Supplier-Yougel-8-768x768.webp 768w, https:\/\/www.fsyougel.com\/wp-content\/uploads\/2025\/12\/Wholesale-Mousse-Extension-Gel-Supplier-Yougel-8-12x12.webp 12w, https:\/\/www.fsyougel.com\/wp-content\/uploads\/2025\/12\/Wholesale-Mousse-Extension-Gel-Supplier-Yougel-8-1200x1200.webp 1200w, https:\/\/www.fsyougel.com\/wp-content\/uploads\/2025\/12\/Wholesale-Mousse-Extension-Gel-Supplier-Yougel-8-600x600.webp 600w, https:\/\/www.fsyougel.com\/wp-content\/uploads\/2025\/12\/Wholesale-Mousse-Extension-Gel-Supplier-Yougel-8-100x100.webp 100w\" sizes=\"(max-width: 1500px) 100vw, 1500px\" \/><\/figure>\n<\/div>\n\n\n\n<div class=\"wp-block-column is-layout-flow wp-block-column-is-layout-flow\">\n<figure class=\"wp-block-image size-full\"><img decoding=\"async\" width=\"1500\" height=\"1500\" src=\"https:\/\/www.fsyougel.com\/wp-content\/uploads\/2025\/12\/Bulk-Mousse-Extension-Gel-Supplier-Yougel-5.webp\" alt=\"Fournisseur de gel extensible en vrac pour mousse - Yougel (5)\" class=\"wp-image-1466\" srcset=\"https:\/\/www.fsyougel.com\/wp-content\/uploads\/2025\/12\/Bulk-Mousse-Extension-Gel-Supplier-Yougel-5.webp 1500w, https:\/\/www.fsyougel.com\/wp-content\/uploads\/2025\/12\/Bulk-Mousse-Extension-Gel-Supplier-Yougel-5-300x300.webp 300w, https:\/\/www.fsyougel.com\/wp-content\/uploads\/2025\/12\/Bulk-Mousse-Extension-Gel-Supplier-Yougel-5-150x150.webp 150w, https:\/\/www.fsyougel.com\/wp-content\/uploads\/2025\/12\/Bulk-Mousse-Extension-Gel-Supplier-Yougel-5-768x768.webp 768w, https:\/\/www.fsyougel.com\/wp-content\/uploads\/2025\/12\/Bulk-Mousse-Extension-Gel-Supplier-Yougel-5-12x12.webp 12w, https:\/\/www.fsyougel.com\/wp-content\/uploads\/2025\/12\/Bulk-Mousse-Extension-Gel-Supplier-Yougel-5-1200x1200.webp 1200w, https:\/\/www.fsyougel.com\/wp-content\/uploads\/2025\/12\/Bulk-Mousse-Extension-Gel-Supplier-Yougel-5-600x600.webp 600w, https:\/\/www.fsyougel.com\/wp-content\/uploads\/2025\/12\/Bulk-Mousse-Extension-Gel-Supplier-Yougel-5-100x100.webp 100w\" sizes=\"(max-width: 1500px) 100vw, 1500px\" \/><\/figure>\n<\/div>\n<\/div>","protected":false},"excerpt":{"rendered":"<p>Bienvenue pour acheter notre gel d'extension mousse en vrac, sans TPO, \u00e0 prix de gros direct d'usine et avec \u00e9chantillons gratuits. Con\u00e7u pour les salons et les marques, il offre une qualit\u00e9 stable, un contr\u00f4le facile et 24 couleurs de gel d'extension pour ongles en gros.<\/p>\n<table border=\"0\" width=\"908\" cellspacing=\"0\" cellpadding=\"0\">\n<tbody>\n<tr>\n<td width=\"454\" height=\"36\"><strong>Marque<\/strong><\/td>\n<td width=\"454\"><strong>YouGel<\/strong><\/td>\n<\/tr>\n<tr>\n<td width=\"454\" height=\"36\">Type de produit<\/td>\n<td width=\"454\">Gel UV\/LED \u00e0 dissoudre<\/td>\n<\/tr>\n<tr>\n<td width=\"454\" height=\"36\">Mat\u00e9riau<\/td>\n<td width=\"454\">Mati\u00e8re premi\u00e8re r\u00e9sine<\/td>\n<\/tr>\n<tr>\n<td width=\"454\" height=\"36\">Couleur<\/td>\n<td width=\"454\">24 Couleurs<\/td>\n<\/tr>\n<tr>\n<td width=\"454\" height=\"36\">Volume<\/td>\n<td width=\"454\">15 g<\/td>\n<\/tr>\n<tr>\n<td width=\"454\" height=\"36\">S\u00e9curit\u00e9<\/td>\n<td width=\"454\">Sans HEMA, sans TPO, non toxique, MSDS disponible<\/td>\n<\/tr>\n<tr>\n<td width=\"454\" height=\"36\">MOQ<\/td>\n<td width=\"454\">Faible MOQ<\/td>\n<\/tr>\n<tr>\n<td width=\"454\" height=\"36\">\u00c9chantillon gratuit<\/td>\n<td width=\"454\">Disponible<\/td>\n<\/tr>\n<tr>\n<td width=\"454\" height=\"36\">Option personnalis\u00e9e<\/td>\n<td width=\"454\">Services OEM\/ODM, prise en charge des logos, \u00e9tiquettes et emballages personnalis\u00e9s<\/td>\n<\/tr>\n<\/tbody>\n<\/table>\n<h3 class=\"brxe-heading\">Fabricant de vernis \u00e0 ongles en gel<\/h3>\n<p><a href=\"https:\/\/www.fsyougel.com\/fr\/\"><strong>YouGel<\/strong><\/a>\u00a0est un fabricant de vernis \u00e0 ongles en gel de haute technologie qui propose des services de vente en gros, de marque priv\u00e9e et d'OEM\/ODM. Plus de 10 000 couleurs sans HEMA, v\u00e9g\u00e9taliennes et sans cruaut\u00e9, avec une application douce, une longue tenue et un retrait facile.<\/p>","protected":false},"featured_media":1463,"comment_status":"closed","ping_status":"closed","template":"","meta":{"_acf_changed":false},"product_brand":[],"product_cat":[20,27],"product_tag":[],"class_list":{"0":"post-1470","1":"product","2":"type-product","3":"status-publish","4":"has-post-thumbnail","6":"product_cat-nail-extension-gel-wholesale","7":"product_cat-new-gel-polish-collection","9":"first","10":"instock","11":"shipping-taxable","12":"product-type-external"},"acf":[],"_links":{"self":[{"href":"https:\/\/www.fsyougel.com\/fr\/wp-json\/wp\/v2\/product\/1470","targetHints":{"allow":["GET"]}}],"collection":[{"href":"https:\/\/www.fsyougel.com\/fr\/wp-json\/wp\/v2\/product"}],"about":[{"href":"https:\/\/www.fsyougel.com\/fr\/wp-json\/wp\/v2\/types\/product"}],"replies":[{"embeddable":true,"href":"https:\/\/www.fsyougel.com\/fr\/wp-json\/wp\/v2\/comments?post=1470"}],"wp:featuredmedia":[{"embeddable":true,"href":"https:\/\/www.fsyougel.com\/fr\/wp-json\/wp\/v2\/media\/1463"}],"wp:attachment":[{"href":"https:\/\/www.fsyougel.com\/fr\/wp-json\/wp\/v2\/media?parent=1470"}],"wp:term":[{"taxonomy":"product_brand","embeddable":true,"href":"https:\/\/www.fsyougel.com\/fr\/wp-json\/wp\/v2\/product_brand?post=1470"},{"taxonomy":"product_cat","embeddable":true,"href":"https:\/\/www.fsyougel.com\/fr\/wp-json\/wp\/v2\/product_cat?post=1470"},{"taxonomy":"product_tag","embeddable":true,"href":"https:\/\/www.fsyougel.com\/fr\/wp-json\/wp\/v2\/product_tag?post=1470"}],"curies":[{"name":"wp","href":"https:\/\/api.w.org\/{rel}","templated":true}]}}