{"id":1476,"date":"2025-12-20T01:45:08","date_gmt":"2025-12-20T01:45:08","guid":{"rendered":"https:\/\/www.fsyougel.com\/?post_type=product&#038;p=1476"},"modified":"2025-12-31T09:16:48","modified_gmt":"2025-12-31T09:16:48","slug":"blue-tears-cat-eye-gel-nail-polish-bulk","status":"publish","type":"product","link":"https:\/\/www.fsyougel.com\/fr\/produit\/blue-tears-cat-eye-gel-nail-polish-bulk\/","title":{"rendered":"Vernis \u00e0 ongles gel Blue Tears Cat Eye en gros, usine de vernis gel sans HEMA et sans TPO"},"content":{"rendered":"<div class=\"wp-block-columns is-layout-flex wp-container-core-columns-is-layout-9d6595d7 wp-block-columns-is-layout-flex\">\n<div class=\"wp-block-column is-layout-flow wp-block-column-is-layout-flow\">\n<h2 class=\"wp-block-heading\">Blue Tears Cat Eye Gel Nail Polish Caract\u00e9ristiques :<\/h2>\n\n\n\n<ul class=\"wp-block-list\">\n<li><strong>Larmes bleues Oeil de chat Inspiration Design<\/strong>: Un effet visuel unique de larmes bleues ; la poudre magn\u00e9tique s'\u00e9coule avec la lumi\u00e8re, cr\u00e9ant un effet d'ombre et de lumi\u00e8re bleue semblable \u00e0 des gouttes d'eau, tr\u00e8s reconnaissable, permettant de cr\u00e9er facilement un style d'ongle cat eye haut de gamme.<\/li>\n\n\n\n<li><strong>Palette de 6 couleurs pratiques :<\/strong> Une s\u00e9lection de tons bleus courants et de teintes claires et froides, adapt\u00e9s \u00e0 une utilisation fr\u00e9quente en salon et permettant aux marques de lancer rapidement des s\u00e9ries compl\u00e8tes.<\/li>\n\n\n\n<li><strong>R\u00e9ponse magn\u00e9tique forte : <\/strong>Attraction magn\u00e9tique claire et lignes concentr\u00e9es ; une l\u00e9g\u00e8re traction cr\u00e9e une bande lumineuse 3D en \u0153il de chat, r\u00e9duisant le temps de travail r\u00e9p\u00e9titif et am\u00e9liorant l'efficacit\u00e9 de la proth\u00e9siste ongulaire.<\/li>\n\n\n\n<li><strong>Formule s\u00fbre sans HEMA ni TPO<\/strong>: Faible odeur, doux et non irritant, plus adapt\u00e9 aux march\u00e9s et aux sc\u00e9narios d'utilisation \u00e0 long terme avec des exigences \u00e9lev\u00e9es en mati\u00e8re de s\u00e9curit\u00e9 des ingr\u00e9dients.<\/li>\n\n\n\n<li><strong>Application lisse, pas de formation de grumeaux :<\/strong> Gel fin et uniforme, sensation de brossage lisse, pas d'agglutination, haute tenue de la couleur, facile \u00e0 contr\u00f4ler pour les d\u00e9butantes et les techniciennes en ongles professionnelles.<\/li>\n\n\n\n<li><strong>Longue dur\u00e9e de vie et durable, pas de d\u00e9collement :<\/strong> Forte adh\u00e9rence, formation d'un film stable, pas de tendance \u00e0 la d\u00e9coloration ou \u00e0 l'\u00e9caillage en cas d'utilisation quotidienne, ce qui am\u00e9liore la satisfaction du client final.<\/li>\n\n\n\n<li><strong>Fourniture directe par l'usine, prix de gros plus comp\u00e9titifs : <\/strong>Avec notre propre usine de production, nous assurons un approvisionnement stable et offrons aux acheteurs des prix de gros d'usine vraiment comp\u00e9titifs.<\/li>\n\n\n\n<li><strong>Test d'\u00e9chantillon gratuit disponible<\/strong>: Demandez des \u00e9chantillons avant de passer commande pour tester les effets magn\u00e9tiques, la couleur et le toucher, afin de r\u00e9duire les risques li\u00e9s \u00e0 l'approvisionnement.<\/li>\n\n\n\n<li><strong>Support de personnalisation OEM\/ODM<\/strong>: Nous prenons en charge la personnalisation du corps du flacon, des \u00e9tiquettes, de l'emballage ext\u00e9rieur et des combinaisons de cartes de couleurs, afin d'aider les clients \u00e0 entrer rapidement sur le march\u00e9 de gros du gel pour les yeux de chat \u00e0 6 couleurs de larmes bleues.<\/li>\n<\/ul>\n<\/div>\n\n\n\n<div class=\"wp-block-column is-layout-flow wp-block-column-is-layout-flow\">\n<figure class=\"wp-block-image size-full\"><img decoding=\"async\" width=\"1500\" height=\"1500\" src=\"https:\/\/www.fsyougel.com\/wp-content\/uploads\/2025\/12\/Blue-Tears-Cat-Eye-Gel-Nail-Polish-Wholesale-yougel-3.webp\" alt=\"Larmes bleues Cat Eye Gel Vernis \u00e0 ongles Wholesale - yougel (3)\" class=\"wp-image-1479\" srcset=\"https:\/\/www.fsyougel.com\/wp-content\/uploads\/2025\/12\/Blue-Tears-Cat-Eye-Gel-Nail-Polish-Wholesale-yougel-3.webp 1500w, https:\/\/www.fsyougel.com\/wp-content\/uploads\/2025\/12\/Blue-Tears-Cat-Eye-Gel-Nail-Polish-Wholesale-yougel-3-300x300.webp 300w, https:\/\/www.fsyougel.com\/wp-content\/uploads\/2025\/12\/Blue-Tears-Cat-Eye-Gel-Nail-Polish-Wholesale-yougel-3-150x150.webp 150w, https:\/\/www.fsyougel.com\/wp-content\/uploads\/2025\/12\/Blue-Tears-Cat-Eye-Gel-Nail-Polish-Wholesale-yougel-3-768x768.webp 768w, https:\/\/www.fsyougel.com\/wp-content\/uploads\/2025\/12\/Blue-Tears-Cat-Eye-Gel-Nail-Polish-Wholesale-yougel-3-12x12.webp 12w, https:\/\/www.fsyougel.com\/wp-content\/uploads\/2025\/12\/Blue-Tears-Cat-Eye-Gel-Nail-Polish-Wholesale-yougel-3-1200x1200.webp 1200w, https:\/\/www.fsyougel.com\/wp-content\/uploads\/2025\/12\/Blue-Tears-Cat-Eye-Gel-Nail-Polish-Wholesale-yougel-3-600x600.webp 600w, https:\/\/www.fsyougel.com\/wp-content\/uploads\/2025\/12\/Blue-Tears-Cat-Eye-Gel-Nail-Polish-Wholesale-yougel-3-100x100.webp 100w\" sizes=\"(max-width: 1500px) 100vw, 1500px\" \/><\/figure>\n<\/div>\n<\/div>\n\n\n\n<div class=\"wp-block-columns is-layout-flex wp-container-core-columns-is-layout-9d6595d7 wp-block-columns-is-layout-flex\">\n<div class=\"wp-block-column is-layout-flow wp-block-column-is-layout-flow\">\n<figure class=\"wp-block-image size-full\"><img decoding=\"async\" width=\"1500\" height=\"1500\" src=\"https:\/\/www.fsyougel.com\/wp-content\/uploads\/2025\/12\/Blue-Tears-Cat-Eye-Gel-Nail-Polish-Wholesale-yougel-6.webp\" alt=\"Larmes bleues Cat Eye Gel Vernis \u00e0 ongles Wholesale - yougel (6)\" class=\"wp-image-1482\" srcset=\"https:\/\/www.fsyougel.com\/wp-content\/uploads\/2025\/12\/Blue-Tears-Cat-Eye-Gel-Nail-Polish-Wholesale-yougel-6.webp 1500w, https:\/\/www.fsyougel.com\/wp-content\/uploads\/2025\/12\/Blue-Tears-Cat-Eye-Gel-Nail-Polish-Wholesale-yougel-6-300x300.webp 300w, https:\/\/www.fsyougel.com\/wp-content\/uploads\/2025\/12\/Blue-Tears-Cat-Eye-Gel-Nail-Polish-Wholesale-yougel-6-150x150.webp 150w, https:\/\/www.fsyougel.com\/wp-content\/uploads\/2025\/12\/Blue-Tears-Cat-Eye-Gel-Nail-Polish-Wholesale-yougel-6-768x768.webp 768w, https:\/\/www.fsyougel.com\/wp-content\/uploads\/2025\/12\/Blue-Tears-Cat-Eye-Gel-Nail-Polish-Wholesale-yougel-6-12x12.webp 12w, https:\/\/www.fsyougel.com\/wp-content\/uploads\/2025\/12\/Blue-Tears-Cat-Eye-Gel-Nail-Polish-Wholesale-yougel-6-1200x1200.webp 1200w, https:\/\/www.fsyougel.com\/wp-content\/uploads\/2025\/12\/Blue-Tears-Cat-Eye-Gel-Nail-Polish-Wholesale-yougel-6-600x600.webp 600w, https:\/\/www.fsyougel.com\/wp-content\/uploads\/2025\/12\/Blue-Tears-Cat-Eye-Gel-Nail-Polish-Wholesale-yougel-6-100x100.webp 100w\" sizes=\"(max-width: 1500px) 100vw, 1500px\" \/><\/figure>\n<\/div>\n\n\n\n<div class=\"wp-block-column is-layout-flow wp-block-column-is-layout-flow\">\n<figure class=\"wp-block-image size-full\"><img decoding=\"async\" width=\"1500\" height=\"1500\" src=\"https:\/\/www.fsyougel.com\/wp-content\/uploads\/2025\/12\/Blue-Tears-Cat-Eye-Gel-Nail-Polish-Wholesale-yougel-7.webp\" alt=\"Larmes bleues Cat Eye Gel Vernis \u00e0 ongles Wholesale - yougel (7)\" class=\"wp-image-1483\" srcset=\"https:\/\/www.fsyougel.com\/wp-content\/uploads\/2025\/12\/Blue-Tears-Cat-Eye-Gel-Nail-Polish-Wholesale-yougel-7.webp 1500w, https:\/\/www.fsyougel.com\/wp-content\/uploads\/2025\/12\/Blue-Tears-Cat-Eye-Gel-Nail-Polish-Wholesale-yougel-7-300x300.webp 300w, https:\/\/www.fsyougel.com\/wp-content\/uploads\/2025\/12\/Blue-Tears-Cat-Eye-Gel-Nail-Polish-Wholesale-yougel-7-150x150.webp 150w, https:\/\/www.fsyougel.com\/wp-content\/uploads\/2025\/12\/Blue-Tears-Cat-Eye-Gel-Nail-Polish-Wholesale-yougel-7-768x768.webp 768w, https:\/\/www.fsyougel.com\/wp-content\/uploads\/2025\/12\/Blue-Tears-Cat-Eye-Gel-Nail-Polish-Wholesale-yougel-7-12x12.webp 12w, https:\/\/www.fsyougel.com\/wp-content\/uploads\/2025\/12\/Blue-Tears-Cat-Eye-Gel-Nail-Polish-Wholesale-yougel-7-1200x1200.webp 1200w, https:\/\/www.fsyougel.com\/wp-content\/uploads\/2025\/12\/Blue-Tears-Cat-Eye-Gel-Nail-Polish-Wholesale-yougel-7-600x600.webp 600w, https:\/\/www.fsyougel.com\/wp-content\/uploads\/2025\/12\/Blue-Tears-Cat-Eye-Gel-Nail-Polish-Wholesale-yougel-7-100x100.webp 100w\" sizes=\"(max-width: 1500px) 100vw, 1500px\" \/><\/figure>\n<\/div>\n<\/div>\n\n\n\n<p><\/p>","protected":false},"excerpt":{"rendered":"<p>Bienvenue \u00e0 l'achat, vente en gros de larmes bleues cat eye gel l d'une usine professionnelle de gel polish, avec une formule sans HEMA et sans TPO, un effet magn\u00e9tique fort, un prix de gros d'usine avantageux et des \u00e9chantillons gratuits pour les acheteurs du monde entier.<\/p>\n<table border=\"0\" width=\"854\" cellspacing=\"0\" cellpadding=\"0\">\n<tbody>\n<tr>\n<td width=\"257\" height=\"44\">Marque<\/td>\n<td width=\"597\">YouGel<\/td>\n<\/tr>\n<tr>\n<td width=\"257\" height=\"44\">Num\u00e9ro de mod\u00e8le<\/td>\n<td width=\"597\">24CG01<\/td>\n<\/tr>\n<tr>\n<td width=\"257\" height=\"44\">Type de produit<\/td>\n<td width=\"597\">UV\/LED de trempage<\/td>\n<\/tr>\n<tr>\n<td width=\"257\" height=\"44\">Mat\u00e9riau<\/td>\n<td width=\"597\">R\u00e9sine<\/td>\n<\/tr>\n<tr>\n<td width=\"257\" height=\"44\">Couleur<\/td>\n<td width=\"597\">6 couleurs\u00a0<\/td>\n<\/tr>\n<tr>\n<td width=\"257\" height=\"44\">Volume<\/td>\n<td width=\"597\">8 ml,<\/td>\n<\/tr>\n<tr>\n<td width=\"257\" height=\"44\">\n<p>S\u00e9curit\u00e9<\/p>\n<\/td>\n<td width=\"597\">\n<p>Sans HEMA, sans TPO, <span style=\"font-family: inherit; font-size: inherit;\">Non toxique, fiche de donn\u00e9es de s\u00e9curit\u00e9 disponible<\/span><\/p>\n<\/td>\n<\/tr>\n<tr>\n<td width=\"257\" height=\"44\">MOQ<\/td>\n<td width=\"597\">Faible MOQ<\/td>\n<\/tr>\n<tr>\n<td width=\"257\" height=\"44\">\u00c9chantillon gratuit<\/td>\n<td width=\"597\">Disponible<\/td>\n<\/tr>\n<tr>\n<td width=\"257\" height=\"82\">Option personnalis\u00e9e<\/td>\n<td width=\"597\">Services OEM\/ODM, prise en charge des logos, \u00e9tiquettes et emballages personnalis\u00e9s<\/td>\n<\/tr>\n<\/tbody>\n<\/table>\n<h2 class=\"brxe-heading\">Du fabricant de vernis en gel<\/h2>\n<p><a href=\"https:\/\/www.fsyougel.com\/fr\/\"><span style=\"color: #ff99cc;\"><strong>YouGel<\/strong><\/span><\/a> est un fabricant de vernis en gel de confiance, qui propose des couches de base en gel de haute qualit\u00e9 adapt\u00e9es aux ongles UV\/LED. Nos produits sont con\u00e7us pour garantir une application en douceur, une tenue longue dur\u00e9e et un retrait facile.<\/p>","protected":false},"featured_media":1480,"comment_status":"closed","ping_status":"closed","template":"","meta":{"_acf_changed":false},"product_brand":[],"product_cat":[19,28,27],"product_tag":[],"class_list":{"0":"post-1476","1":"product","2":"type-product","3":"status-publish","4":"has-post-thumbnail","6":"product_cat-gel-polish-color-wholesale","7":"product_cat-cat-eye-gel-supplier","8":"product_cat-new-gel-polish-collection","10":"first","11":"instock","12":"shipping-taxable","13":"product-type-simple"},"acf":[],"_links":{"self":[{"href":"https:\/\/www.fsyougel.com\/fr\/wp-json\/wp\/v2\/product\/1476","targetHints":{"allow":["GET"]}}],"collection":[{"href":"https:\/\/www.fsyougel.com\/fr\/wp-json\/wp\/v2\/product"}],"about":[{"href":"https:\/\/www.fsyougel.com\/fr\/wp-json\/wp\/v2\/types\/product"}],"replies":[{"embeddable":true,"href":"https:\/\/www.fsyougel.com\/fr\/wp-json\/wp\/v2\/comments?post=1476"}],"wp:featuredmedia":[{"embeddable":true,"href":"https:\/\/www.fsyougel.com\/fr\/wp-json\/wp\/v2\/media\/1480"}],"wp:attachment":[{"href":"https:\/\/www.fsyougel.com\/fr\/wp-json\/wp\/v2\/media?parent=1476"}],"wp:term":[{"taxonomy":"product_brand","embeddable":true,"href":"https:\/\/www.fsyougel.com\/fr\/wp-json\/wp\/v2\/product_brand?post=1476"},{"taxonomy":"product_cat","embeddable":true,"href":"https:\/\/www.fsyougel.com\/fr\/wp-json\/wp\/v2\/product_cat?post=1476"},{"taxonomy":"product_tag","embeddable":true,"href":"https:\/\/www.fsyougel.com\/fr\/wp-json\/wp\/v2\/product_tag?post=1476"}],"curies":[{"name":"wp","href":"https:\/\/api.w.org\/{rel}","templated":true}]}}