{"id":1484,"date":"2025-12-20T02:11:12","date_gmt":"2025-12-20T02:11:12","guid":{"rendered":"https:\/\/www.fsyougel.com\/?post_type=product&#038;p=1484"},"modified":"2025-12-20T02:45:30","modified_gmt":"2025-12-20T02:45:30","slug":"wholesale-ancora-red-gel-polish","status":"publish","type":"product","link":"https:\/\/www.fsyougel.com\/fr\/produit\/wholesale-ancora-red-gel-polish\/","title":{"rendered":"Collection de vernis gel rouge Ancora en gros, marque de vernis gel sans TPO, 12 couleurs \u2013 Yougel"},"content":{"rendered":"<div class=\"wp-block-columns is-layout-flex wp-container-core-columns-is-layout-9d6595d7 wp-block-columns-is-layout-flex\">\n<div class=\"wp-block-column is-layout-flow wp-block-column-is-layout-flow\">\n<h2 class=\"wp-block-heading\">Caract\u00e9ristiques du vernis gel rouge Ancora vendu en gros :<\/h2>\n\n\n\n<ul class=\"wp-block-list\">\n<li><strong>Collection Ancora Red : <\/strong>La s\u00e9rie Ancora Red comprend 12 nuances populaires allant du bordeaux profond et du rouge vintage au rouge vif tr\u00e8s satur\u00e9, adapt\u00e9es \u00e0 la vente tout au long de l'ann\u00e9e et indispensables pour les marques et les salons.<\/li>\n\n\n\n<li><strong>Ensemble de 12 couleurs pour faciliter les ventes<\/strong>En tant que fabricant professionnel de vernis \u00e0 ongles gel 12 couleurs, nous proposons des nuanciers complets, permettant aux marques d'introduire facilement une gamme compl\u00e8te de produits rouges en une seule fois, ce qui augmente la valeur moyenne des commandes et les taux de r\u00e9achat.<\/li>\n\n\n\n<li><strong>Formule sans TPO et sans danger : <\/strong>La formule est douce, peu odorante et r\u00e9duit les irritations, r\u00e9pondant ainsi mieux \u00e0 la demande actuelle du march\u00e9 pour des produits pour les ongles sains et respectueux de l'environnement.<\/li>\n\n\n\n<li><strong>Couleurs vari\u00e9es et texture onctueuse : <\/strong>Les pigments hautement concentr\u00e9s garantissent une application uniforme de la couleur, pour un r\u00e9sultat id\u00e9al en une ou deux couches. Les coups de pinceau sont lisses et ne laissent aucune trace, ce qui facilite l'utilisation pour les d\u00e9butants.<\/li>\n\n\n\n<li><strong>Durable et r\u00e9sistant, r\u00e9sistant \u00e0 l'\u00e9caillage : <\/strong>Une forte adh\u00e9rence et une formation de film stable apr\u00e8s durcissement emp\u00eachent la d\u00e9coloration ou le d\u00e9collement lors de l'utilisation quotidienne, am\u00e9liorant ainsi l'exp\u00e9rience de l'utilisateur final.<\/li>\n\n\n\n<li><strong>Approvisionnement direct depuis l'usine, prix plus comp\u00e9titifs :<\/strong> Nous sommes un fabricant de vernis \u00e0 ongles gel 12 couleurs dot\u00e9 d'un syst\u00e8me de production mature, offrant aux acheteurs des prix de gros vraiment comp\u00e9titifs.<\/li>\n\n\n\n<li><strong>\u00c9chantillons gratuits disponibles : <\/strong>Demandez des \u00e9chantillons gratuits avant de passer commande afin de confirmer \u00e0 l'avance les couleurs, les textures et la qualit\u00e9, r\u00e9duisant ainsi les risques li\u00e9s \u00e0 l'approvisionnement.<\/li>\n\n\n\n<li><strong>Prise en charge de la personnalisation OEM\/ODM : <\/strong>Nous prenons en charge la personnalisation des flacons, des \u00e9tiquettes, des emballages et des combinaisons de couleurs, aidant ainsi les marques \u00e0 cr\u00e9er rapidement leur propre s\u00e9rie exclusive de vernis gel Ancora Red vendus en gros.<\/li>\n<\/ul>\n<\/div>\n\n\n\n<div class=\"wp-block-column is-layout-flow wp-block-column-is-layout-flow\">\n<figure class=\"wp-block-image size-full\"><img decoding=\"async\" width=\"1500\" height=\"1500\" src=\"https:\/\/www.fsyougel.com\/wp-content\/uploads\/2025\/12\/Wholesale-Ancora-Red-Gel-Polish-Collection-2.webp\" alt=\"Collection de vernis gel rouge Ancora en gros (2)\" class=\"wp-image-1486\" srcset=\"https:\/\/www.fsyougel.com\/wp-content\/uploads\/2025\/12\/Wholesale-Ancora-Red-Gel-Polish-Collection-2.webp 1500w, https:\/\/www.fsyougel.com\/wp-content\/uploads\/2025\/12\/Wholesale-Ancora-Red-Gel-Polish-Collection-2-300x300.webp 300w, https:\/\/www.fsyougel.com\/wp-content\/uploads\/2025\/12\/Wholesale-Ancora-Red-Gel-Polish-Collection-2-150x150.webp 150w, https:\/\/www.fsyougel.com\/wp-content\/uploads\/2025\/12\/Wholesale-Ancora-Red-Gel-Polish-Collection-2-768x768.webp 768w, https:\/\/www.fsyougel.com\/wp-content\/uploads\/2025\/12\/Wholesale-Ancora-Red-Gel-Polish-Collection-2-12x12.webp 12w, https:\/\/www.fsyougel.com\/wp-content\/uploads\/2025\/12\/Wholesale-Ancora-Red-Gel-Polish-Collection-2-1200x1200.webp 1200w, https:\/\/www.fsyougel.com\/wp-content\/uploads\/2025\/12\/Wholesale-Ancora-Red-Gel-Polish-Collection-2-600x600.webp 600w, https:\/\/www.fsyougel.com\/wp-content\/uploads\/2025\/12\/Wholesale-Ancora-Red-Gel-Polish-Collection-2-100x100.webp 100w\" sizes=\"(max-width: 1500px) 100vw, 1500px\" \/><\/figure>\n<\/div>\n<\/div>\n\n\n\n<div class=\"wp-block-columns is-layout-flex wp-container-core-columns-is-layout-9d6595d7 wp-block-columns-is-layout-flex\">\n<div class=\"wp-block-column is-layout-flow wp-block-column-is-layout-flow\">\n<figure class=\"wp-block-image size-full\"><img decoding=\"async\" width=\"1500\" height=\"1500\" src=\"https:\/\/www.fsyougel.com\/wp-content\/uploads\/2025\/12\/Wholesale-Ancora-Red-Gel-Polish-Collection-9.webp\" alt=\"Collection de vernis gel rouge Ancora en gros (9)\" class=\"wp-image-1493\" srcset=\"https:\/\/www.fsyougel.com\/wp-content\/uploads\/2025\/12\/Wholesale-Ancora-Red-Gel-Polish-Collection-9.webp 1500w, https:\/\/www.fsyougel.com\/wp-content\/uploads\/2025\/12\/Wholesale-Ancora-Red-Gel-Polish-Collection-9-300x300.webp 300w, https:\/\/www.fsyougel.com\/wp-content\/uploads\/2025\/12\/Wholesale-Ancora-Red-Gel-Polish-Collection-9-150x150.webp 150w, https:\/\/www.fsyougel.com\/wp-content\/uploads\/2025\/12\/Wholesale-Ancora-Red-Gel-Polish-Collection-9-768x768.webp 768w, https:\/\/www.fsyougel.com\/wp-content\/uploads\/2025\/12\/Wholesale-Ancora-Red-Gel-Polish-Collection-9-12x12.webp 12w, https:\/\/www.fsyougel.com\/wp-content\/uploads\/2025\/12\/Wholesale-Ancora-Red-Gel-Polish-Collection-9-1200x1200.webp 1200w, https:\/\/www.fsyougel.com\/wp-content\/uploads\/2025\/12\/Wholesale-Ancora-Red-Gel-Polish-Collection-9-600x600.webp 600w, https:\/\/www.fsyougel.com\/wp-content\/uploads\/2025\/12\/Wholesale-Ancora-Red-Gel-Polish-Collection-9-100x100.webp 100w\" sizes=\"(max-width: 1500px) 100vw, 1500px\" \/><\/figure>\n<\/div>\n\n\n\n<div class=\"wp-block-column is-layout-flow wp-block-column-is-layout-flow\">\n<figure class=\"wp-block-image size-full\"><img decoding=\"async\" width=\"1500\" height=\"1500\" src=\"https:\/\/www.fsyougel.com\/wp-content\/uploads\/2025\/12\/Wholesale-Ancora-Red-Gel-Polish-Collection-5.webp\" alt=\"Collection de vernis gel rouges Ancora en gros (5)\" class=\"wp-image-1489\" srcset=\"https:\/\/www.fsyougel.com\/wp-content\/uploads\/2025\/12\/Wholesale-Ancora-Red-Gel-Polish-Collection-5.webp 1500w, https:\/\/www.fsyougel.com\/wp-content\/uploads\/2025\/12\/Wholesale-Ancora-Red-Gel-Polish-Collection-5-300x300.webp 300w, https:\/\/www.fsyougel.com\/wp-content\/uploads\/2025\/12\/Wholesale-Ancora-Red-Gel-Polish-Collection-5-150x150.webp 150w, https:\/\/www.fsyougel.com\/wp-content\/uploads\/2025\/12\/Wholesale-Ancora-Red-Gel-Polish-Collection-5-768x768.webp 768w, https:\/\/www.fsyougel.com\/wp-content\/uploads\/2025\/12\/Wholesale-Ancora-Red-Gel-Polish-Collection-5-12x12.webp 12w, https:\/\/www.fsyougel.com\/wp-content\/uploads\/2025\/12\/Wholesale-Ancora-Red-Gel-Polish-Collection-5-1200x1200.webp 1200w, https:\/\/www.fsyougel.com\/wp-content\/uploads\/2025\/12\/Wholesale-Ancora-Red-Gel-Polish-Collection-5-600x600.webp 600w, https:\/\/www.fsyougel.com\/wp-content\/uploads\/2025\/12\/Wholesale-Ancora-Red-Gel-Polish-Collection-5-100x100.webp 100w\" sizes=\"(max-width: 1500px) 100vw, 1500px\" \/><\/figure>\n<\/div>\n<\/div>\n\n\n\n<p><\/p>","protected":false},"excerpt":{"rendered":"<p>Bienvenue \u00e0 l'achat en gros de la collection de vernis gel rouge Ancora, avec une formule sans TPO et 12 nuances rouges \u00e9l\u00e9gantes. Approvisionnement direct depuis l'usine avec des prix de gros comp\u00e9titifs, une qualit\u00e9 stable et des \u00e9chantillons gratuits pour les acheteurs internationaux.<\/p>\n<table border=\"0\" width=\"854\" cellspacing=\"0\" cellpadding=\"0\">\n<tbody>\n<tr>\n<td width=\"257\" height=\"44\">Marque<\/td>\n<td width=\"597\">YouGel<\/td>\n<\/tr>\n<tr>\n<td width=\"257\" height=\"44\">Num\u00e9ro de mod\u00e8le<\/td>\n<td width=\"597\">S202<\/td>\n<\/tr>\n<tr>\n<td width=\"257\" height=\"44\">Type de produit<\/td>\n<td width=\"597\">UV\/LED de trempage<\/td>\n<\/tr>\n<tr>\n<td width=\"257\" height=\"44\">Mat\u00e9riau<\/td>\n<td width=\"597\">R\u00e9sine<\/td>\n<\/tr>\n<tr>\n<td width=\"257\" height=\"44\">Couleur<\/td>\n<td width=\"597\">12 couleurs\u00a0<\/td>\n<\/tr>\n<tr>\n<td width=\"257\" height=\"44\">Volume<\/td>\n<td width=\"597\">15ml<\/td>\n<\/tr>\n<tr>\n<td width=\"257\" height=\"44\">\n<p>S\u00e9curit\u00e9<\/p>\n<\/td>\n<td width=\"597\">\n<p>Sans HEMA, sans TPO, <span style=\"font-family: inherit; font-size: inherit;\">Non toxique, fiche de donn\u00e9es de s\u00e9curit\u00e9 disponible<\/span><\/p>\n<\/td>\n<\/tr>\n<tr>\n<td width=\"257\" height=\"44\">MOQ<\/td>\n<td width=\"597\">Faible MOQ<\/td>\n<\/tr>\n<tr>\n<td width=\"257\" height=\"44\">\u00c9chantillon gratuit<\/td>\n<td width=\"597\">Disponible<\/td>\n<\/tr>\n<tr>\n<td width=\"257\" height=\"82\">Option personnalis\u00e9e<\/td>\n<td width=\"597\">Services OEM\/ODM, prise en charge des logos, \u00e9tiquettes et emballages personnalis\u00e9s<\/td>\n<\/tr>\n<\/tbody>\n<\/table>\n<h2 class=\"brxe-heading\">Du fabricant de vernis en gel<\/h2>\n<p><a href=\"https:\/\/www.fsyougel.com\/fr\/\"><span style=\"color: #ff99cc;\"><strong>YouGel<\/strong><\/span><\/a> est un fabricant de vernis en gel de confiance, qui propose des couches de base en gel de haute qualit\u00e9 adapt\u00e9es aux ongles UV\/LED. Nos produits sont con\u00e7us pour garantir une application en douceur, une tenue longue dur\u00e9e et un retrait facile.<\/p>","protected":false},"featured_media":1487,"comment_status":"closed","ping_status":"closed","template":"","meta":{"_acf_changed":false},"product_brand":[],"product_cat":[19,27],"product_tag":[],"class_list":{"0":"post-1484","1":"product","2":"type-product","3":"status-publish","4":"has-post-thumbnail","6":"product_cat-gel-polish-color-wholesale","7":"product_cat-new-gel-polish-collection","9":"first","10":"instock","11":"shipping-taxable","12":"product-type-simple"},"acf":[],"_links":{"self":[{"href":"https:\/\/www.fsyougel.com\/fr\/wp-json\/wp\/v2\/product\/1484","targetHints":{"allow":["GET"]}}],"collection":[{"href":"https:\/\/www.fsyougel.com\/fr\/wp-json\/wp\/v2\/product"}],"about":[{"href":"https:\/\/www.fsyougel.com\/fr\/wp-json\/wp\/v2\/types\/product"}],"replies":[{"embeddable":true,"href":"https:\/\/www.fsyougel.com\/fr\/wp-json\/wp\/v2\/comments?post=1484"}],"wp:featuredmedia":[{"embeddable":true,"href":"https:\/\/www.fsyougel.com\/fr\/wp-json\/wp\/v2\/media\/1487"}],"wp:attachment":[{"href":"https:\/\/www.fsyougel.com\/fr\/wp-json\/wp\/v2\/media?parent=1484"}],"wp:term":[{"taxonomy":"product_brand","embeddable":true,"href":"https:\/\/www.fsyougel.com\/fr\/wp-json\/wp\/v2\/product_brand?post=1484"},{"taxonomy":"product_cat","embeddable":true,"href":"https:\/\/www.fsyougel.com\/fr\/wp-json\/wp\/v2\/product_cat?post=1484"},{"taxonomy":"product_tag","embeddable":true,"href":"https:\/\/www.fsyougel.com\/fr\/wp-json\/wp\/v2\/product_tag?post=1484"}],"curies":[{"name":"wp","href":"https:\/\/api.w.org\/{rel}","templated":true}]}}