{"id":1494,"date":"2025-12-20T02:52:26","date_gmt":"2025-12-20T02:52:26","guid":{"rendered":"https:\/\/www.fsyougel.com\/?post_type=product&#038;p=1494"},"modified":"2025-12-20T03:06:40","modified_gmt":"2025-12-20T03:06:40","slug":"christmas-gel-nail-polish-wholesale","status":"publish","type":"product","link":"https:\/\/www.fsyougel.com\/fr\/produit\/christmas-gel-nail-polish-wholesale\/","title":{"rendered":"Grossiste en vernis \u00e0 ongles gel de No\u00ebl, sans TPO, nouvelles couleurs d'hiver, \u00e9chantillon gratuit"},"content":{"rendered":"<div class=\"wp-block-columns is-layout-flex wp-container-core-columns-is-layout-9d6595d7 wp-block-columns-is-layout-flex\">\n<div class=\"wp-block-column is-layout-flow wp-block-column-is-layout-flow\">\n<h2 class=\"wp-block-heading\">Caract\u00e9ristiques du vernis gel rouge Ancora vendu en gros :<\/h2>\n\n\n\n<ul class=\"wp-block-list\">\n<li><strong>Couleurs sur le th\u00e8me de No\u00ebl et de l'hiver<\/strong>: Nouvelles couleurs hivernales sp\u00e9cialement con\u00e7ues pour le march\u00e9 des f\u00eates, comprenant des teintes tendance telles que le rouge No\u00ebl, le blanc froid, le vert sapin et l'argent neige, aidant les marques \u00e0 tirer rapidement parti du pic des ventes pendant les f\u00eates.<\/li>\n\n\n\n<li><strong>Des combinaisons faciles \u00e0 promouvoir pour les f\u00eates :<\/strong> La s\u00e9rie de vernis \u00e0 ongles gel de No\u00ebl vendus en gros est parfaite pour les promotions des f\u00eates, les coffrets cadeaux et le d\u00e9veloppement d'\u00e9ditions limit\u00e9es, augmentant ainsi l'attrait des terminaux et les taux de conversion des commandes.<\/li>\n\n\n\n<li><strong>Formule sans TPO et sans danger : <\/strong>Utilisation d'une formule douce et peu odorante, r\u00e9duisant les irritations et r\u00e9pondant mieux aux exigences actuelles du march\u00e9 international en mati\u00e8re de produits pour les ongles s\u00fbrs.<\/li>\n\n\n\n<li><strong>Rendement \u00e9lev\u00e9 en couleur et brillance : <\/strong>Un syst\u00e8me pigmentaire de haute qualit\u00e9 offre un rendu couleur intense pour un r\u00e9sultat festif en seulement une ou deux couches, avec une brillance longue dur\u00e9e sans ternissement.<\/li>\n\n\n\n<li><strong>Facile \u00e0 appliquer, convient \u00e0 un usage fr\u00e9quent : <\/strong>Sa texture fine et homog\u00e8ne r\u00e9duit les traces de pinceau et les grumeaux, ce qui le rend id\u00e9al pour une utilisation fr\u00e9quente en salon pendant la p\u00e9riode des f\u00eates.<\/li>\n\n\n\n<li><strong>Durable et r\u00e9sistant, ne se d\u00e9forme pas : <\/strong>Une forte adh\u00e9rence et une formation de film stable apr\u00e8s durcissement garantissent que votre manucure de f\u00eate reste parfaite pendant les f\u00eates et les vacances.<\/li>\n\n\n\n<li><strong>Approvisionnement direct depuis l'usine, avantage significatif sur les prix de gros :<\/strong> Nous offrons une capacit\u00e9 de production stable et des prix de gros authentiques, aidant ainsi les acheteurs \u00e0 contr\u00f4ler efficacement leurs co\u00fbts.<\/li>\n\n\n\n<li><strong>\u00c9chantillons gratuits disponibles :<\/strong> Des \u00e9chantillons gratuits sont disponibles pour nos collections de f\u00eates, ce qui vous permet de confirmer \u00e0 l'avance les couleurs et la qualit\u00e9 et de r\u00e9duire les risques li\u00e9s \u00e0 l'approvisionnement.<\/li>\n\n\n\n<li><strong>Personnalisation OEM\/ODM flexible<\/strong>: Nous proposons des emballages, des logos et des nuanciers personnalis\u00e9s pour les f\u00eates, afin d'aider nos clients \u00e0 cr\u00e9er leur propre gamme exclusive de vernis \u00e0 ongles gel de No\u00ebl vendus en gros.<\/li>\n<\/ul>\n<\/div>\n\n\n\n<div class=\"wp-block-column is-layout-flow wp-block-column-is-layout-flow\">\n<figure class=\"wp-block-image size-full\"><img decoding=\"async\" width=\"1500\" height=\"1500\" src=\"https:\/\/www.fsyougel.com\/wp-content\/uploads\/2025\/12\/Christmas-Gel-Nail-Polish-Wholesale-Manufacturer-yougel-4.webp\" alt=\"Fabricant grossiste de vernis \u00e0 ongles gel pour No\u00ebl yougel (4)\" class=\"wp-image-1498\" srcset=\"https:\/\/www.fsyougel.com\/wp-content\/uploads\/2025\/12\/Christmas-Gel-Nail-Polish-Wholesale-Manufacturer-yougel-4.webp 1500w, https:\/\/www.fsyougel.com\/wp-content\/uploads\/2025\/12\/Christmas-Gel-Nail-Polish-Wholesale-Manufacturer-yougel-4-300x300.webp 300w, https:\/\/www.fsyougel.com\/wp-content\/uploads\/2025\/12\/Christmas-Gel-Nail-Polish-Wholesale-Manufacturer-yougel-4-150x150.webp 150w, https:\/\/www.fsyougel.com\/wp-content\/uploads\/2025\/12\/Christmas-Gel-Nail-Polish-Wholesale-Manufacturer-yougel-4-768x768.webp 768w, https:\/\/www.fsyougel.com\/wp-content\/uploads\/2025\/12\/Christmas-Gel-Nail-Polish-Wholesale-Manufacturer-yougel-4-12x12.webp 12w, https:\/\/www.fsyougel.com\/wp-content\/uploads\/2025\/12\/Christmas-Gel-Nail-Polish-Wholesale-Manufacturer-yougel-4-1200x1200.webp 1200w, https:\/\/www.fsyougel.com\/wp-content\/uploads\/2025\/12\/Christmas-Gel-Nail-Polish-Wholesale-Manufacturer-yougel-4-600x600.webp 600w, https:\/\/www.fsyougel.com\/wp-content\/uploads\/2025\/12\/Christmas-Gel-Nail-Polish-Wholesale-Manufacturer-yougel-4-100x100.webp 100w\" sizes=\"(max-width: 1500px) 100vw, 1500px\" \/><\/figure>\n<\/div>\n<\/div>\n\n\n\n<p><\/p>","protected":false},"excerpt":{"rendered":"<p data-start=\"334\" data-end=\"582\">Bienvenue \u00e0 l'achat en gros de vernis \u00e0 ongles gel pour No\u00ebl, avec de nouvelles couleurs hivernales sans TPO inspir\u00e9es des tendances festives. Approvisionnement direct depuis l'usine avec des prix de gros comp\u00e9titifs, une qualit\u00e9 stable, une livraison rapide et des \u00e9chantillons gratuits pour les acheteurs du monde entier.<\/p>\n<table border=\"0\" width=\"854\" cellspacing=\"0\" cellpadding=\"0\">\n<tbody>\n<tr>\n<td width=\"257\" height=\"44\">Marque<\/td>\n<td width=\"597\">YouGel<\/td>\n<\/tr>\n<tr>\n<td width=\"257\" height=\"44\">Num\u00e9ro de mod\u00e8le<\/td>\n<td width=\"597\">S202<\/td>\n<\/tr>\n<tr>\n<td width=\"257\" height=\"44\">Type de produit<\/td>\n<td width=\"597\">UV\/LED de trempage<\/td>\n<\/tr>\n<tr>\n<td width=\"257\" height=\"44\">Mat\u00e9riau<\/td>\n<td width=\"597\">R\u00e9sine<\/td>\n<\/tr>\n<tr>\n<td width=\"257\" height=\"44\">Couleur<\/td>\n<td width=\"597\">12 couleurs\u00a0<\/td>\n<\/tr>\n<tr>\n<td width=\"257\" height=\"44\">Volume<\/td>\n<td width=\"597\">15ml<\/td>\n<\/tr>\n<tr>\n<td width=\"257\" height=\"44\">\n<p>S\u00e9curit\u00e9<\/p>\n<\/td>\n<td width=\"597\">\n<p>Sans HEMA, sans TPO, <span style=\"font-family: inherit; font-size: inherit;\">Non toxique, fiche de donn\u00e9es de s\u00e9curit\u00e9 disponible<\/span><\/p>\n<\/td>\n<\/tr>\n<tr>\n<td width=\"257\" height=\"44\">MOQ<\/td>\n<td width=\"597\">Faible MOQ<\/td>\n<\/tr>\n<tr>\n<td width=\"257\" height=\"44\">\u00c9chantillon gratuit<\/td>\n<td width=\"597\">Disponible<\/td>\n<\/tr>\n<tr>\n<td width=\"257\" height=\"82\">Option personnalis\u00e9e<\/td>\n<td width=\"597\">Services OEM\/ODM, prise en charge des logos, \u00e9tiquettes et emballages personnalis\u00e9s<\/td>\n<\/tr>\n<\/tbody>\n<\/table>\n<h2 class=\"brxe-heading\">Du fabricant de vernis en gel<\/h2>\n<p><a href=\"https:\/\/www.fsyougel.com\/fr\/\"><span style=\"color: #ff99cc;\"><strong>YouGel<\/strong><\/span><\/a> est un fabricant de vernis en gel de confiance, qui propose des couches de base en gel de haute qualit\u00e9 adapt\u00e9es aux ongles UV\/LED. Nos produits sont con\u00e7us pour garantir une application en douceur, une tenue longue dur\u00e9e et un retrait facile.<\/p>","protected":false},"featured_media":1497,"comment_status":"closed","ping_status":"closed","template":"","meta":{"_acf_changed":false},"product_brand":[],"product_cat":[19,27],"product_tag":[],"class_list":{"0":"post-1494","1":"product","2":"type-product","3":"status-publish","4":"has-post-thumbnail","6":"product_cat-gel-polish-color-wholesale","7":"product_cat-new-gel-polish-collection","9":"first","10":"instock","11":"shipping-taxable","12":"product-type-simple"},"acf":[],"_links":{"self":[{"href":"https:\/\/www.fsyougel.com\/fr\/wp-json\/wp\/v2\/product\/1494","targetHints":{"allow":["GET"]}}],"collection":[{"href":"https:\/\/www.fsyougel.com\/fr\/wp-json\/wp\/v2\/product"}],"about":[{"href":"https:\/\/www.fsyougel.com\/fr\/wp-json\/wp\/v2\/types\/product"}],"replies":[{"embeddable":true,"href":"https:\/\/www.fsyougel.com\/fr\/wp-json\/wp\/v2\/comments?post=1494"}],"wp:featuredmedia":[{"embeddable":true,"href":"https:\/\/www.fsyougel.com\/fr\/wp-json\/wp\/v2\/media\/1497"}],"wp:attachment":[{"href":"https:\/\/www.fsyougel.com\/fr\/wp-json\/wp\/v2\/media?parent=1494"}],"wp:term":[{"taxonomy":"product_brand","embeddable":true,"href":"https:\/\/www.fsyougel.com\/fr\/wp-json\/wp\/v2\/product_brand?post=1494"},{"taxonomy":"product_cat","embeddable":true,"href":"https:\/\/www.fsyougel.com\/fr\/wp-json\/wp\/v2\/product_cat?post=1494"},{"taxonomy":"product_tag","embeddable":true,"href":"https:\/\/www.fsyougel.com\/fr\/wp-json\/wp\/v2\/product_tag?post=1494"}],"curies":[{"name":"wp","href":"https:\/\/api.w.org\/{rel}","templated":true}]}}