{"id":1526,"date":"2026-01-09T09:34:03","date_gmt":"2026-01-09T09:34:03","guid":{"rendered":"https:\/\/www.fsyougel.com\/?post_type=product&#038;p=1526"},"modified":"2026-01-09T10:00:29","modified_gmt":"2026-01-09T10:00:29","slug":"custom-acryl-gel-bulk-supplier","status":"publish","type":"product","link":"https:\/\/www.fsyougel.com\/fr\/produit\/custom-acryl-gel-bulk-supplier\/","title":{"rendered":"Acryl Gel Bulk Supplier, TPO-Free Poly Gel Nails"},"content":{"rendered":"<div class=\"wp-block-columns is-layout-flex wp-container-core-columns-is-layout-9d6595d7 wp-block-columns-is-layout-flex\">\n<div class=\"wp-block-column is-layout-flow wp-block-column-is-layout-flow\">\n<h2 class=\"wp-block-heading\">Gel acrylique personnalis\u00e9 Caract\u00e9ristiques :<\/h2>\n\n\n\n<ul class=\"wp-block-list\">\n<li><strong>Gel Acryl professionnel sur mesure : <\/strong>Permet la personnalisation de la couleur, de la viscosit\u00e9, de l'emballage et du logo de la marque, ce qui r\u00e9pond aux divers positionnements sur le march\u00e9 et aux besoins des clients, id\u00e9al pour cr\u00e9er des lignes de produits diff\u00e9renci\u00e9es.<\/li>\n\n\n\n<li><strong>Formule sans TPO et sans danger :<\/strong> Utilise un syst\u00e8me de formule d'ongles en polygel sans TPO, ce qui permet de r\u00e9duire l'odeur et d'obtenir une formule plus douce, conform\u00e9ment aux tendances actuelles du march\u00e9 international en mati\u00e8re de s\u00e9curit\u00e9 des produits pour les ongles.<\/li>\n\n\n\n<li><strong>Flexibilit\u00e9 et force \u00e9quilibr\u00e9es :<\/strong> Combine la r\u00e9sistance de l'acrylique et la flexibilit\u00e9 du gel, offrant une application en douceur et une mise en forme stable, convenant aussi bien aux d\u00e9butantes qu'aux techniciennes en ongles professionnelles.<\/li>\n\n\n\n<li><strong>Ne coule pas, plus contr\u00f4lable Application : <\/strong>La formule gel stable emp\u00eache l'affaissement, facilitant ainsi diverses op\u00e9rations sur les ongles telles que les extensions, les renforcements et les r\u00e9parations, am\u00e9liorant ainsi l'efficacit\u00e9 du salon.<\/li>\n\n\n\n<li><strong>Haute adh\u00e9rence, longue dur\u00e9e de vie et r\u00e9sistance \u00e0 l'\u00e9caillage :<\/strong> La structure durcie est solide, r\u00e9sistante \u00e0 l'usure et durable, ce qui r\u00e9duit les probl\u00e8mes d'apr\u00e8s-vente tels que l'\u00e9caillage et la casse.<\/li>\n\n\n\n<li><strong>Avantage de la vente en gros en direct de l'usine :<\/strong> En tant que fournisseur de gel acrylique, nous disposons d'une capacit\u00e9 de production stable et d'un syst\u00e8me de production mature, garantissant un approvisionnement \u00e0 long terme et des prix de gros comp\u00e9titifs.<\/li>\n\n\n\n<li><strong>Contr\u00f4le strict de la qualit\u00e9 : <\/strong>Du dosage des mati\u00e8res premi\u00e8res au remplissage et \u00e0 l'exp\u00e9dition, nous effectuons des tests de qualit\u00e9 tout au long du processus afin de garantir une qualit\u00e9 constante pour chaque lot de gel acrylique personnalis\u00e9.<\/li>\n\n\n\n<li><strong>\u00c9chantillons gratuits disponibles : <\/strong>Des \u00e9chantillons peuvent \u00eatre demand\u00e9s avant de passer une commande pour tester la couleur, la texture et l'adh\u00e9rence, ce qui r\u00e9duit les risques li\u00e9s \u00e0 l'approvisionnement.<\/li>\n\n\n\n<li><strong>Service unique OEM\/ODM :<\/strong> Du d\u00e9veloppement de produits au lancement de marques, en tant que fournisseur professionnel de gel acrylique, nous aidons nos clients \u00e0 entrer rapidement sur le march\u00e9 des ongles en polygel sans TPO.<\/li>\n<\/ul>\n<\/div>\n\n\n\n<div class=\"wp-block-column is-layout-flow wp-block-column-is-layout-flow\">\n<figure class=\"wp-block-image size-full\"><img decoding=\"async\" width=\"1500\" height=\"1500\" src=\"https:\/\/www.fsyougel.com\/wp-content\/uploads\/2026\/01\/Custom-Acryl-Gel-Bulk-Supplier-Yougel-2.webp\" alt=\"Fournisseur de gel acrylique en vrac sur mesure - Yougel (2)\" class=\"wp-image-1528\" srcset=\"https:\/\/www.fsyougel.com\/wp-content\/uploads\/2026\/01\/Custom-Acryl-Gel-Bulk-Supplier-Yougel-2.webp 1500w, https:\/\/www.fsyougel.com\/wp-content\/uploads\/2026\/01\/Custom-Acryl-Gel-Bulk-Supplier-Yougel-2-300x300.webp 300w, https:\/\/www.fsyougel.com\/wp-content\/uploads\/2026\/01\/Custom-Acryl-Gel-Bulk-Supplier-Yougel-2-150x150.webp 150w, https:\/\/www.fsyougel.com\/wp-content\/uploads\/2026\/01\/Custom-Acryl-Gel-Bulk-Supplier-Yougel-2-768x768.webp 768w, https:\/\/www.fsyougel.com\/wp-content\/uploads\/2026\/01\/Custom-Acryl-Gel-Bulk-Supplier-Yougel-2-12x12.webp 12w, https:\/\/www.fsyougel.com\/wp-content\/uploads\/2026\/01\/Custom-Acryl-Gel-Bulk-Supplier-Yougel-2-1200x1200.webp 1200w, https:\/\/www.fsyougel.com\/wp-content\/uploads\/2026\/01\/Custom-Acryl-Gel-Bulk-Supplier-Yougel-2-600x600.webp 600w, https:\/\/www.fsyougel.com\/wp-content\/uploads\/2026\/01\/Custom-Acryl-Gel-Bulk-Supplier-Yougel-2-100x100.webp 100w\" sizes=\"(max-width: 1500px) 100vw, 1500px\" \/><\/figure>\n<\/div>\n<\/div>","protected":false},"excerpt":{"rendered":"<p>Bienvenue \u00e0 l'achat de gel acrylique personnalis\u00e9 con\u00e7u pour les marques et les salons, avec une formule d'ongles en gel poly sans TPO. En tant que fournisseur fiable de gel acrylique, nous proposons des prix de gros directs, un contr\u00f4le de qualit\u00e9 constant, une production rapide et des \u00e9chantillons gratuits pour les commandes en gros.<\/p>\n<table border=\"0\" width=\"854\" cellspacing=\"0\" cellpadding=\"0\">\n<tbody>\n<tr>\n<td width=\"257\" height=\"44\">Marque<\/td>\n<td width=\"597\">YouGel<\/td>\n<\/tr>\n<tr>\n<td width=\"257\" height=\"44\">Num\u00e9ro de mod\u00e8le<\/td>\n<td width=\"597\">AG01<\/td>\n<\/tr>\n<tr>\n<td width=\"257\" height=\"44\">Type de produit<\/td>\n<td width=\"597\">UV\/LED de trempage<\/td>\n<\/tr>\n<tr>\n<td width=\"257\" height=\"44\">Mat\u00e9riau<\/td>\n<td width=\"597\">R\u00e9sine<\/td>\n<\/tr>\n<tr>\n<td width=\"257\" height=\"44\">Couleur<\/td>\n<td width=\"597\">36 Couleurs<\/td>\n<\/tr>\n<tr>\n<td width=\"257\" height=\"44\">Volume<\/td>\n<td width=\"597\">30ml\/60ml<\/td>\n<\/tr>\n<tr>\n<td width=\"257\" height=\"44\">S\u00e9curit\u00e9<\/td>\n<td width=\"597\">Sans HEMA, sans TPO, non toxique, MSDS disponible<\/td>\n<\/tr>\n<tr>\n<td width=\"257\" height=\"44\">MOQ<\/td>\n<td width=\"597\">Faible MOQ<\/td>\n<\/tr>\n<tr>\n<td width=\"257\" height=\"44\">\u00c9chantillon gratuit<\/td>\n<td width=\"597\">Disponible<\/td>\n<\/tr>\n<tr>\n<td width=\"257\" height=\"82\">Option personnalis\u00e9e<\/td>\n<td width=\"597\">Services OEM\/ODM, prise en charge des logos, \u00e9tiquettes et emballages personnalis\u00e9s<\/td>\n<\/tr>\n<\/tbody>\n<\/table>\n<h3 class=\"brxe-heading\">Fabricant de vernis \u00e0 ongles en gel<\/h3>\n<p><a href=\"https:\/\/www.fsyougel.com\/fr\/\"><strong>YouGel<\/strong><\/a>\u00a0est un fabricant de vernis \u00e0 ongles en gel de haute technologie qui propose des services de vente en gros, de marque priv\u00e9e et d'OEM\/ODM. Plus de 10 000 couleurs sans HEMA, v\u00e9g\u00e9taliennes et sans cruaut\u00e9, avec une application douce, une longue tenue et un retrait facile.<\/p>","protected":false},"featured_media":1532,"comment_status":"closed","ping_status":"closed","template":"","meta":{"_acf_changed":false},"product_brand":[],"product_cat":[21],"product_tag":[],"class_list":{"0":"post-1526","1":"product","2":"type-product","3":"status-publish","4":"has-post-thumbnail","6":"product_cat-wholesale-acryl-gel","8":"first","9":"instock","10":"shipping-taxable","11":"product-type-simple"},"acf":[],"_links":{"self":[{"href":"https:\/\/www.fsyougel.com\/fr\/wp-json\/wp\/v2\/product\/1526","targetHints":{"allow":["GET"]}}],"collection":[{"href":"https:\/\/www.fsyougel.com\/fr\/wp-json\/wp\/v2\/product"}],"about":[{"href":"https:\/\/www.fsyougel.com\/fr\/wp-json\/wp\/v2\/types\/product"}],"replies":[{"embeddable":true,"href":"https:\/\/www.fsyougel.com\/fr\/wp-json\/wp\/v2\/comments?post=1526"}],"wp:featuredmedia":[{"embeddable":true,"href":"https:\/\/www.fsyougel.com\/fr\/wp-json\/wp\/v2\/media\/1532"}],"wp:attachment":[{"href":"https:\/\/www.fsyougel.com\/fr\/wp-json\/wp\/v2\/media?parent=1526"}],"wp:term":[{"taxonomy":"product_brand","embeddable":true,"href":"https:\/\/www.fsyougel.com\/fr\/wp-json\/wp\/v2\/product_brand?post=1526"},{"taxonomy":"product_cat","embeddable":true,"href":"https:\/\/www.fsyougel.com\/fr\/wp-json\/wp\/v2\/product_cat?post=1526"},{"taxonomy":"product_tag","embeddable":true,"href":"https:\/\/www.fsyougel.com\/fr\/wp-json\/wp\/v2\/product_tag?post=1526"}],"curies":[{"name":"wp","href":"https:\/\/api.w.org\/{rel}","templated":true}]}}