{"id":1578,"date":"2026-01-17T08:12:33","date_gmt":"2026-01-17T08:12:33","guid":{"rendered":"https:\/\/www.fsyougel.com\/?post_type=product&#038;p=1578"},"modified":"2026-01-17T09:36:56","modified_gmt":"2026-01-17T09:36:56","slug":"custom-porcelain-ice-fairy-gel-polish","status":"publish","type":"product","link":"https:\/\/www.fsyougel.com\/fr\/produit\/custom-porcelain-ice-fairy-gel-polish\/","title":{"rendered":"Vernis \u00e0 ongles en gel Porcelain Ice Fairy 8 Couleurs Non-Toxic Cat Eye Gel Nail Polish"},"content":{"rendered":"<div class=\"wp-block-columns is-layout-flex wp-container-core-columns-is-layout-9d6595d7 wp-block-columns-is-layout-flex\">\n<div class=\"wp-block-column is-layout-flow wp-block-column-is-layout-flow\">\n<h2 class=\"wp-block-heading\">Gel Polish Custom Porcelain Ice Fairy Caract\u00e9ristiques :<\/h2>\n\n\n\n<ul class=\"wp-block-list\">\n<li><strong>F\u00e9e des glaces en porcelaine S\u00e9rie yeux de chat : <\/strong>8 teintes douces et translucides, pr\u00e9sentant une brillance d\u00e9licate, semblable \u00e0 celle de la porcelaine, et un effet \u0153il de chat f\u00e9erique. L'aspect g\u00e9n\u00e9ral est sophistiqu\u00e9 et convient \u00e0 la cr\u00e9ation d'une ligne de vernis gel porcelaine-f\u00e9e personnalis\u00e9e et diff\u00e9renci\u00e9e.<\/li>\n\n\n\n<li><strong>Effet magn\u00e9tique cat-eye avec un \u00e9clat doux et d\u00e9licat :<\/strong> Poudre magn\u00e9tique de haute qualit\u00e9 s\u00e9lectionn\u00e9e avec une r\u00e9ponse magn\u00e9tique sensible, permettant de cr\u00e9er facilement des lignes concentr\u00e9es et lisses pour les yeux de chat, ce qui permet aux proth\u00e9sistes ongulaires de gagner du temps.<\/li>\n\n\n\n<li><strong>Formule s\u00fbre et non toxique :<\/strong> Faible odeur, plus doux, conforme aux tendances du march\u00e9 international en mati\u00e8re de produits pour les ongles sains et s\u00fbrs, adapt\u00e9 \u00e0 une utilisation commerciale \u00e0 long terme.<\/li>\n\n\n\n<li><strong>Forte adh\u00e9rence, stabilit\u00e9 \u00e0 long terme :<\/strong> Apr\u00e8s durcissement, il n'a pas tendance \u00e0 s'\u00e9cailler ou \u00e0 se d\u00e9colorer, ce qui lui permet de conserver un \u00e9clat durable et de r\u00e9duire les probl\u00e8mes de reprise et de service apr\u00e8s-vente.<\/li>\n\n\n\n<li><strong>Fourniture directe par l'usine, prix de gros important Avantage :<\/strong> Propre usine de production, permettant la personnalisation en vrac et la fourniture stable de gel polish pour f\u00e9e de porcelaine personnalis\u00e9, aidant les acheteurs \u00e0 contr\u00f4ler efficacement les co\u00fbts.<\/li>\n\n\n\n<li><strong>\u00c9chantillons gratuits disponibles : <\/strong>Des \u00e9chantillons peuvent \u00eatre demand\u00e9s avant la commande pour confirmer directement la couleur, l'effet magn\u00e9tique et le toucher, ce qui permet de prendre des d\u00e9cisions d'achat plus \u00e9clair\u00e9es.<\/li>\n\n\n\n<li><strong>Personnalisation OEM\/ODM flexible : <\/strong>Il permet de personnaliser les combinaisons de couleurs, la forme des bouteilles, les logos et l'emballage, ce qui aide les marques \u00e0 lancer rapidement leur s\u00e9rie exclusive Ice Porcelain Fairy.<\/li>\n\n\n\n<li><strong>Une forte applicabilit\u00e9 multicanal :<\/strong> Convient aux salons de manucure, aux grossistes de marque, au commerce \u00e9lectronique et aux march\u00e9s transfrontaliers, avec un excellent potentiel d'achats r\u00e9p\u00e9t\u00e9s et d'expansion du march\u00e9.<\/li>\n<\/ul>\n<\/div>\n\n\n\n<div class=\"wp-block-column is-layout-flow wp-block-column-is-layout-flow\">\n<figure class=\"wp-block-image size-full\"><img decoding=\"async\" width=\"1500\" height=\"1500\" src=\"https:\/\/www.fsyougel.com\/wp-content\/uploads\/2026\/01\/Custom-Porcelain-Ice-Fairy-Gel-Polish-8-Colors-2.webp\" alt=\"Custom Porcelain Ice Fairy Gel Polish 8 Colors (2)\" class=\"wp-image-1595\" srcset=\"https:\/\/www.fsyougel.com\/wp-content\/uploads\/2026\/01\/Custom-Porcelain-Ice-Fairy-Gel-Polish-8-Colors-2.webp 1500w, https:\/\/www.fsyougel.com\/wp-content\/uploads\/2026\/01\/Custom-Porcelain-Ice-Fairy-Gel-Polish-8-Colors-2-300x300.webp 300w, https:\/\/www.fsyougel.com\/wp-content\/uploads\/2026\/01\/Custom-Porcelain-Ice-Fairy-Gel-Polish-8-Colors-2-150x150.webp 150w, https:\/\/www.fsyougel.com\/wp-content\/uploads\/2026\/01\/Custom-Porcelain-Ice-Fairy-Gel-Polish-8-Colors-2-768x768.webp 768w, https:\/\/www.fsyougel.com\/wp-content\/uploads\/2026\/01\/Custom-Porcelain-Ice-Fairy-Gel-Polish-8-Colors-2-12x12.webp 12w, https:\/\/www.fsyougel.com\/wp-content\/uploads\/2026\/01\/Custom-Porcelain-Ice-Fairy-Gel-Polish-8-Colors-2-1200x1200.webp 1200w, https:\/\/www.fsyougel.com\/wp-content\/uploads\/2026\/01\/Custom-Porcelain-Ice-Fairy-Gel-Polish-8-Colors-2-600x600.webp 600w, https:\/\/www.fsyougel.com\/wp-content\/uploads\/2026\/01\/Custom-Porcelain-Ice-Fairy-Gel-Polish-8-Colors-2-100x100.webp 100w\" sizes=\"(max-width: 1500px) 100vw, 1500px\" \/><\/figure>\n<\/div>\n<\/div>\n\n\n\n<div class=\"wp-block-columns is-layout-flex wp-container-core-columns-is-layout-9d6595d7 wp-block-columns-is-layout-flex\">\n<div class=\"wp-block-column is-layout-flow wp-block-column-is-layout-flow\">\n<figure class=\"wp-block-image size-full\"><img decoding=\"async\" width=\"1500\" height=\"1500\" src=\"https:\/\/www.fsyougel.com\/wp-content\/uploads\/2026\/01\/8-Colors-Fairy-Cat-Eye-Gel-Wholesale-Factory-Yougel-3.webp\" alt=\"8 Couleurs Fairy Cat Eye Gel Wholesale Factory - Yougel (3)\" class=\"wp-image-1581\" srcset=\"https:\/\/www.fsyougel.com\/wp-content\/uploads\/2026\/01\/8-Colors-Fairy-Cat-Eye-Gel-Wholesale-Factory-Yougel-3.webp 1500w, https:\/\/www.fsyougel.com\/wp-content\/uploads\/2026\/01\/8-Colors-Fairy-Cat-Eye-Gel-Wholesale-Factory-Yougel-3-300x300.webp 300w, https:\/\/www.fsyougel.com\/wp-content\/uploads\/2026\/01\/8-Colors-Fairy-Cat-Eye-Gel-Wholesale-Factory-Yougel-3-150x150.webp 150w, https:\/\/www.fsyougel.com\/wp-content\/uploads\/2026\/01\/8-Colors-Fairy-Cat-Eye-Gel-Wholesale-Factory-Yougel-3-768x768.webp 768w, https:\/\/www.fsyougel.com\/wp-content\/uploads\/2026\/01\/8-Colors-Fairy-Cat-Eye-Gel-Wholesale-Factory-Yougel-3-12x12.webp 12w, https:\/\/www.fsyougel.com\/wp-content\/uploads\/2026\/01\/8-Colors-Fairy-Cat-Eye-Gel-Wholesale-Factory-Yougel-3-1200x1200.webp 1200w, https:\/\/www.fsyougel.com\/wp-content\/uploads\/2026\/01\/8-Colors-Fairy-Cat-Eye-Gel-Wholesale-Factory-Yougel-3-600x600.webp 600w, https:\/\/www.fsyougel.com\/wp-content\/uploads\/2026\/01\/8-Colors-Fairy-Cat-Eye-Gel-Wholesale-Factory-Yougel-3-100x100.webp 100w\" sizes=\"(max-width: 1500px) 100vw, 1500px\" \/><\/figure>\n<\/div>\n\n\n\n<div class=\"wp-block-column is-layout-flow wp-block-column-is-layout-flow\">\n<figure class=\"wp-block-image size-full\"><img decoding=\"async\" width=\"1500\" height=\"1500\" src=\"https:\/\/www.fsyougel.com\/wp-content\/uploads\/2026\/01\/Custom-Porcelain-Ice-Fairy-Gel-Polish-Wholesaler-7.webp\" alt=\"Grossiste de gel de polissage pour f\u00e9es en porcelaine (7)\" class=\"wp-image-1600\" srcset=\"https:\/\/www.fsyougel.com\/wp-content\/uploads\/2026\/01\/Custom-Porcelain-Ice-Fairy-Gel-Polish-Wholesaler-7.webp 1500w, https:\/\/www.fsyougel.com\/wp-content\/uploads\/2026\/01\/Custom-Porcelain-Ice-Fairy-Gel-Polish-Wholesaler-7-300x300.webp 300w, https:\/\/www.fsyougel.com\/wp-content\/uploads\/2026\/01\/Custom-Porcelain-Ice-Fairy-Gel-Polish-Wholesaler-7-150x150.webp 150w, https:\/\/www.fsyougel.com\/wp-content\/uploads\/2026\/01\/Custom-Porcelain-Ice-Fairy-Gel-Polish-Wholesaler-7-768x768.webp 768w, https:\/\/www.fsyougel.com\/wp-content\/uploads\/2026\/01\/Custom-Porcelain-Ice-Fairy-Gel-Polish-Wholesaler-7-12x12.webp 12w, https:\/\/www.fsyougel.com\/wp-content\/uploads\/2026\/01\/Custom-Porcelain-Ice-Fairy-Gel-Polish-Wholesaler-7-1200x1200.webp 1200w, https:\/\/www.fsyougel.com\/wp-content\/uploads\/2026\/01\/Custom-Porcelain-Ice-Fairy-Gel-Polish-Wholesaler-7-600x600.webp 600w, https:\/\/www.fsyougel.com\/wp-content\/uploads\/2026\/01\/Custom-Porcelain-Ice-Fairy-Gel-Polish-Wholesaler-7-100x100.webp 100w\" sizes=\"(max-width: 1500px) 100vw, 1500px\" \/><\/figure>\n<\/div>\n<\/div>\n\n\n\n<p><\/p>","protected":false},"excerpt":{"rendered":"<p data-start=\"398\" data-end=\"682\">Nous vous invitons \u00e0 acheter notre vernis gel personnalis\u00e9 porcelaine ice fairy, qui comprend 8 couleurs \u00e9l\u00e9gantes pour les yeux de chat et une formule non toxique sans danger. L'approvisionnement direct de l'usine offre des prix de gros comp\u00e9titifs, des \u00e9chantillons gratuits, une qualit\u00e9 constante et un support OEM pour les marques d'ongles et les salons de coiffure du monde entier.<\/p>\n<table border=\"0\" width=\"854\" cellspacing=\"0\" cellpadding=\"0\">\n<tbody>\n<tr>\n<td class=\"et3\" width=\"257\" height=\"44\">Marque<\/td>\n<td class=\"et3\" width=\"597\">YouGel<\/td>\n<\/tr>\n<tr>\n<td class=\"et4\" width=\"257\" height=\"44\">Num\u00e9ro de mod\u00e8le<\/td>\n<td class=\"et4\" width=\"597\">25CG01<\/td>\n<\/tr>\n<tr>\n<td class=\"et4\" width=\"257\" height=\"44\">Type de produit<\/td>\n<td class=\"et4\" width=\"597\">Gel de polissage UV\/LED<\/td>\n<\/tr>\n<tr>\n<td class=\"et4\" width=\"257\" height=\"44\">Mat\u00e9riau<\/td>\n<td class=\"et4\" width=\"597\">R\u00e9sine<\/td>\n<\/tr>\n<tr>\n<td class=\"et4\" width=\"257\" height=\"44\">Couleur<\/td>\n<td class=\"et4\" width=\"597\">8 Couleurs<\/td>\n<\/tr>\n<tr>\n<td class=\"et4\" width=\"257\" height=\"44\">Volume<\/td>\n<td class=\"et4\" width=\"597\">15 ml<\/td>\n<\/tr>\n<tr>\n<td class=\"et4\" width=\"257\" height=\"44\">S\u00e9curit\u00e9<\/td>\n<td class=\"et4\" width=\"597\">Sans HEMA, sans TPO, non toxique, MSDS disponible<\/td>\n<\/tr>\n<tr>\n<td class=\"et4\" width=\"257\" height=\"44\">MOQ<\/td>\n<td class=\"et4\" width=\"597\">Faible MOQ<\/td>\n<\/tr>\n<tr>\n<td class=\"et4\" width=\"257\" height=\"44\">\u00c9chantillon gratuit<\/td>\n<td class=\"et4\" width=\"597\">Disponible<\/td>\n<\/tr>\n<tr>\n<td class=\"et4\" width=\"257\" height=\"82\">Option personnalis\u00e9e<\/td>\n<td class=\"et4\" width=\"597\">Services OEM\/ODM, prise en charge des logos, \u00e9tiquettes et emballages personnalis\u00e9s<\/td>\n<\/tr>\n<\/tbody>\n<\/table>\n<h2 class=\"brxe-heading\">Du fabricant de vernis en gel<\/h2>\n<p><a href=\"https:\/\/www.fsyougel.com\/fr\/\"><strong>YouGel<\/strong><\/a> est un fabricant de vernis en gel de confiance, qui propose des couches de base en gel de haute qualit\u00e9 adapt\u00e9es aux ongles UV\/LED. Nos produits sont con\u00e7us pour garantir une application en douceur, une tenue longue dur\u00e9e et un retrait facile.<\/p>","protected":false},"featured_media":1597,"comment_status":"closed","ping_status":"closed","template":"","meta":{"_acf_changed":false},"product_brand":[],"product_cat":[19,28,27],"product_tag":[],"class_list":{"0":"post-1578","1":"product","2":"type-product","3":"status-publish","4":"has-post-thumbnail","6":"product_cat-gel-polish-color-wholesale","7":"product_cat-cat-eye-gel-supplier","8":"product_cat-new-gel-polish-collection","10":"first","11":"instock","12":"shipping-taxable","13":"product-type-simple"},"acf":[],"_links":{"self":[{"href":"https:\/\/www.fsyougel.com\/fr\/wp-json\/wp\/v2\/product\/1578","targetHints":{"allow":["GET"]}}],"collection":[{"href":"https:\/\/www.fsyougel.com\/fr\/wp-json\/wp\/v2\/product"}],"about":[{"href":"https:\/\/www.fsyougel.com\/fr\/wp-json\/wp\/v2\/types\/product"}],"replies":[{"embeddable":true,"href":"https:\/\/www.fsyougel.com\/fr\/wp-json\/wp\/v2\/comments?post=1578"}],"wp:featuredmedia":[{"embeddable":true,"href":"https:\/\/www.fsyougel.com\/fr\/wp-json\/wp\/v2\/media\/1597"}],"wp:attachment":[{"href":"https:\/\/www.fsyougel.com\/fr\/wp-json\/wp\/v2\/media?parent=1578"}],"wp:term":[{"taxonomy":"product_brand","embeddable":true,"href":"https:\/\/www.fsyougel.com\/fr\/wp-json\/wp\/v2\/product_brand?post=1578"},{"taxonomy":"product_cat","embeddable":true,"href":"https:\/\/www.fsyougel.com\/fr\/wp-json\/wp\/v2\/product_cat?post=1578"},{"taxonomy":"product_tag","embeddable":true,"href":"https:\/\/www.fsyougel.com\/fr\/wp-json\/wp\/v2\/product_tag?post=1578"}],"curies":[{"name":"wp","href":"https:\/\/api.w.org\/{rel}","templated":true}]}}