{"id":1602,"date":"2026-01-17T09:37:43","date_gmt":"2026-01-17T09:37:43","guid":{"rendered":"https:\/\/www.fsyougel.com\/?post_type=product&#038;p=1602"},"modified":"2026-01-17T09:58:18","modified_gmt":"2026-01-17T09:58:18","slug":"8-colors-fairy-cat-eye-gel-wholesale","status":"publish","type":"product","link":"https:\/\/www.fsyougel.com\/fr\/produit\/8-colors-fairy-cat-eye-gel-wholesale\/","title":{"rendered":"8 Couleurs Fairy Cat Eye Gel Wholesale, TPO-Free Nail Gel Polish Supplier | YOUGEL"},"content":{"rendered":"<div class=\"wp-block-columns is-layout-flex wp-container-core-columns-is-layout-9d6595d7 wp-block-columns-is-layout-flex\">\n<div class=\"wp-block-column is-layout-flow wp-block-column-is-layout-flow\">\n<h2 class=\"wp-block-heading\">8 Couleurs Fairy Cat Eye Gel Wholesale Caract\u00e9ristiques :<\/h2>\n\n\n\n<ul class=\"wp-block-list\">\n<li><strong>S\u00e9rie d'yeux de chat f\u00e9e en 8 couleurs :<\/strong> Avec des couleurs douces et r\u00eaveuses soigneusement s\u00e9lectionn\u00e9es, cette s\u00e9rie pr\u00e9sente un effet \u0153il de chat d\u00e9licat et translucide. Le style g\u00e9n\u00e9ral est l\u00e9ger et sophistiqu\u00e9, ce qui le rend populaire aupr\u00e8s des acheteurs en gros et des clients des salons de coiffure.<\/li>\n\n\n\n<li><strong>Effet magn\u00e9tique d\u00e9licat et dynamique :<\/strong> La poudre magn\u00e9tique de haute qualit\u00e9 est distribu\u00e9e uniform\u00e9ment, ce qui permet de cr\u00e9er facilement des lignes d'\u0153il de chat pr\u00e9cises et lisses. La facilit\u00e9 d'utilisation et l'homog\u00e9n\u00e9it\u00e9 du produit sont garanties.<\/li>\n\n\n\n<li><strong>Formule sans TPO et sans danger :<\/strong> Peu odorant et plus doux, il r\u00e9pond aux normes d'approvisionnement en produits pour ongles sains dans de nombreux march\u00e9s internationaux et convient \u00e0 une utilisation commerciale \u00e0 long terme.<\/li>\n\n\n\n<li><strong>Forte adh\u00e9rence, longue dur\u00e9e et pas de d\u00e9collement :<\/strong> Stable et r\u00e9sistant \u00e0 l'usure apr\u00e8s durcissement, il n'est pas susceptible de se d\u00e9colorer ou de se fissurer, ce qui r\u00e9duit les taux de reprise et les probl\u00e8mes de service apr\u00e8s-vente.<\/li>\n\n\n\n<li><strong>Fourniture directe par l'usine, prix de gros plus comp\u00e9titifs :<\/strong> Notre propre ligne de production assure un approvisionnement stable pour les acheteurs en gros de gel pour yeux de chat de 8 couleurs, aidant ainsi les clients \u00e0 r\u00e9duire efficacement leurs co\u00fbts d'approvisionnement.<\/li>\n\n\n\n<li><strong>Assistance gratuite pour les tests d'\u00e9chantillons :<\/strong> Il est possible de demander des \u00e9chantillons avant de passer des commandes en gros afin de confirmer \u00e0 l'avance les couleurs, les effets magn\u00e9tiques et les textures, ce qui garantit une exp\u00e9rience d'achat plus sereine.<\/li>\n\n\n\n<li><strong>Services flexibles d'OEM et de personnalisation<\/strong>: Permet de personnaliser la forme de la bouteille, le logo, l'emballage et les combinaisons de couleurs, aidant ainsi les marques \u00e0 cr\u00e9er une s\u00e9rie Fairy Cat Eye diff\u00e9renci\u00e9e.<\/li>\n\n\n\n<li><strong>Applicabilit\u00e9 multi-canal :<\/strong> Convient aux salons de manucure, \u00e0 la vente en gros de marques, au commerce \u00e9lectronique et aux ventes transfrontali\u00e8res, avec un fort potentiel d'achats r\u00e9p\u00e9t\u00e9s.<\/li>\n<\/ul>\n<\/div>\n\n\n\n<div class=\"wp-block-column is-layout-flow wp-block-column-is-layout-flow\">\n<figure class=\"wp-block-image size-full\"><img decoding=\"async\" width=\"1500\" height=\"1500\" src=\"https:\/\/www.fsyougel.com\/wp-content\/uploads\/2026\/01\/8-Colors-Fairy-Cat-Eye-Gel-Wholesale-Factory-Yougel-5.webp\" alt=\"8 Couleurs Fairy Cat Eye Gel Wholesale Factory - Yougel (5)\" class=\"wp-image-1583\" srcset=\"https:\/\/www.fsyougel.com\/wp-content\/uploads\/2026\/01\/8-Colors-Fairy-Cat-Eye-Gel-Wholesale-Factory-Yougel-5.webp 1500w, https:\/\/www.fsyougel.com\/wp-content\/uploads\/2026\/01\/8-Colors-Fairy-Cat-Eye-Gel-Wholesale-Factory-Yougel-5-300x300.webp 300w, https:\/\/www.fsyougel.com\/wp-content\/uploads\/2026\/01\/8-Colors-Fairy-Cat-Eye-Gel-Wholesale-Factory-Yougel-5-150x150.webp 150w, https:\/\/www.fsyougel.com\/wp-content\/uploads\/2026\/01\/8-Colors-Fairy-Cat-Eye-Gel-Wholesale-Factory-Yougel-5-768x768.webp 768w, https:\/\/www.fsyougel.com\/wp-content\/uploads\/2026\/01\/8-Colors-Fairy-Cat-Eye-Gel-Wholesale-Factory-Yougel-5-12x12.webp 12w, https:\/\/www.fsyougel.com\/wp-content\/uploads\/2026\/01\/8-Colors-Fairy-Cat-Eye-Gel-Wholesale-Factory-Yougel-5-1200x1200.webp 1200w, https:\/\/www.fsyougel.com\/wp-content\/uploads\/2026\/01\/8-Colors-Fairy-Cat-Eye-Gel-Wholesale-Factory-Yougel-5-600x600.webp 600w, https:\/\/www.fsyougel.com\/wp-content\/uploads\/2026\/01\/8-Colors-Fairy-Cat-Eye-Gel-Wholesale-Factory-Yougel-5-100x100.webp 100w\" sizes=\"(max-width: 1500px) 100vw, 1500px\" \/><\/figure>\n<\/div>\n<\/div>\n\n\n\n<div class=\"wp-block-columns is-layout-flex wp-container-core-columns-is-layout-9d6595d7 wp-block-columns-is-layout-flex\">\n<div class=\"wp-block-column is-layout-flow wp-block-column-is-layout-flow\">\n<figure class=\"wp-block-image size-full\"><img decoding=\"async\" width=\"1500\" height=\"1500\" src=\"https:\/\/www.fsyougel.com\/wp-content\/uploads\/2026\/01\/8-Colors-Fairy-Cat-Eye-Gel-Wholesale-Factory-Yougel-3.webp\" alt=\"8 Couleurs Fairy Cat Eye Gel Wholesale Factory - Yougel (3)\" class=\"wp-image-1581\" srcset=\"https:\/\/www.fsyougel.com\/wp-content\/uploads\/2026\/01\/8-Colors-Fairy-Cat-Eye-Gel-Wholesale-Factory-Yougel-3.webp 1500w, https:\/\/www.fsyougel.com\/wp-content\/uploads\/2026\/01\/8-Colors-Fairy-Cat-Eye-Gel-Wholesale-Factory-Yougel-3-300x300.webp 300w, https:\/\/www.fsyougel.com\/wp-content\/uploads\/2026\/01\/8-Colors-Fairy-Cat-Eye-Gel-Wholesale-Factory-Yougel-3-150x150.webp 150w, https:\/\/www.fsyougel.com\/wp-content\/uploads\/2026\/01\/8-Colors-Fairy-Cat-Eye-Gel-Wholesale-Factory-Yougel-3-768x768.webp 768w, https:\/\/www.fsyougel.com\/wp-content\/uploads\/2026\/01\/8-Colors-Fairy-Cat-Eye-Gel-Wholesale-Factory-Yougel-3-12x12.webp 12w, https:\/\/www.fsyougel.com\/wp-content\/uploads\/2026\/01\/8-Colors-Fairy-Cat-Eye-Gel-Wholesale-Factory-Yougel-3-1200x1200.webp 1200w, https:\/\/www.fsyougel.com\/wp-content\/uploads\/2026\/01\/8-Colors-Fairy-Cat-Eye-Gel-Wholesale-Factory-Yougel-3-600x600.webp 600w, https:\/\/www.fsyougel.com\/wp-content\/uploads\/2026\/01\/8-Colors-Fairy-Cat-Eye-Gel-Wholesale-Factory-Yougel-3-100x100.webp 100w\" sizes=\"(max-width: 1500px) 100vw, 1500px\" \/><\/figure>\n<\/div>\n\n\n\n<div class=\"wp-block-column is-layout-flow wp-block-column-is-layout-flow\">\n<figure class=\"wp-block-image size-full\"><img decoding=\"async\" width=\"1500\" height=\"1500\" src=\"https:\/\/www.fsyougel.com\/wp-content\/uploads\/2026\/01\/8-Colors-Fairy-Cat-Eye-Gel-Wholesale-Factory-Yougel-2.webp\" alt=\"8 Couleurs Fairy Cat Eye Gel Wholesale Factory - Yougel (2)\" class=\"wp-image-1580\" srcset=\"https:\/\/www.fsyougel.com\/wp-content\/uploads\/2026\/01\/8-Colors-Fairy-Cat-Eye-Gel-Wholesale-Factory-Yougel-2.webp 1500w, https:\/\/www.fsyougel.com\/wp-content\/uploads\/2026\/01\/8-Colors-Fairy-Cat-Eye-Gel-Wholesale-Factory-Yougel-2-300x300.webp 300w, https:\/\/www.fsyougel.com\/wp-content\/uploads\/2026\/01\/8-Colors-Fairy-Cat-Eye-Gel-Wholesale-Factory-Yougel-2-150x150.webp 150w, https:\/\/www.fsyougel.com\/wp-content\/uploads\/2026\/01\/8-Colors-Fairy-Cat-Eye-Gel-Wholesale-Factory-Yougel-2-768x768.webp 768w, https:\/\/www.fsyougel.com\/wp-content\/uploads\/2026\/01\/8-Colors-Fairy-Cat-Eye-Gel-Wholesale-Factory-Yougel-2-12x12.webp 12w, https:\/\/www.fsyougel.com\/wp-content\/uploads\/2026\/01\/8-Colors-Fairy-Cat-Eye-Gel-Wholesale-Factory-Yougel-2-1200x1200.webp 1200w, https:\/\/www.fsyougel.com\/wp-content\/uploads\/2026\/01\/8-Colors-Fairy-Cat-Eye-Gel-Wholesale-Factory-Yougel-2-600x600.webp 600w, https:\/\/www.fsyougel.com\/wp-content\/uploads\/2026\/01\/8-Colors-Fairy-Cat-Eye-Gel-Wholesale-Factory-Yougel-2-100x100.webp 100w\" sizes=\"(max-width: 1500px) 100vw, 1500px\" \/><\/figure>\n<\/div>\n<\/div>\n\n\n\n<p><\/p>","protected":false},"excerpt":{"rendered":"<p data-start=\"398\" data-end=\"682\">Bienvenue sur notre site de vente en gros de gel pour les yeux de chat en 8 couleurs, avec une brillance magn\u00e9tique de r\u00eave et une formule sans TPO. Prix de gros direct, \u00e9chantillons gratuits, qualit\u00e9 constante et support OEM pour les salons et les marques d'ongles dans le monde entier.<\/p>\n<table border=\"0\" width=\"854\" cellspacing=\"0\" cellpadding=\"0\">\n<tbody>\n<tr>\n<td class=\"et3\" width=\"257\" height=\"44\">Marque<\/td>\n<td class=\"et3\" width=\"597\">YouGel<\/td>\n<\/tr>\n<tr>\n<td class=\"et4\" width=\"257\" height=\"44\">Num\u00e9ro de mod\u00e8le<\/td>\n<td class=\"et4\" width=\"597\">25CG01<\/td>\n<\/tr>\n<tr>\n<td class=\"et4\" width=\"257\" height=\"44\">Type de produit<\/td>\n<td class=\"et4\" width=\"597\">Gel de polissage UV\/LED<\/td>\n<\/tr>\n<tr>\n<td class=\"et4\" width=\"257\" height=\"44\">Mat\u00e9riau<\/td>\n<td class=\"et4\" width=\"597\">R\u00e9sine<\/td>\n<\/tr>\n<tr>\n<td class=\"et4\" width=\"257\" height=\"44\">Couleur<\/td>\n<td class=\"et4\" width=\"597\">8 Couleurs<\/td>\n<\/tr>\n<tr>\n<td class=\"et4\" width=\"257\" height=\"44\">Volume<\/td>\n<td class=\"et4\" width=\"597\">15 ml<\/td>\n<\/tr>\n<tr>\n<td class=\"et4\" width=\"257\" height=\"44\">S\u00e9curit\u00e9<\/td>\n<td class=\"et4\" width=\"597\">Sans HEMA, sans TPO, non toxique, MSDS disponible<\/td>\n<\/tr>\n<tr>\n<td class=\"et4\" width=\"257\" height=\"44\">MOQ<\/td>\n<td class=\"et4\" width=\"597\">Faible MOQ<\/td>\n<\/tr>\n<tr>\n<td class=\"et4\" width=\"257\" height=\"44\">\u00c9chantillon gratuit<\/td>\n<td class=\"et4\" width=\"597\">Disponible<\/td>\n<\/tr>\n<tr>\n<td class=\"et4\" width=\"257\" height=\"82\">Option personnalis\u00e9e<\/td>\n<td class=\"et4\" width=\"597\">Services OEM\/ODM, prise en charge des logos, \u00e9tiquettes et emballages personnalis\u00e9s<\/td>\n<\/tr>\n<\/tbody>\n<\/table>\n<h2 class=\"brxe-heading\">Du fabricant de vernis en gel<\/h2>\n<p><a href=\"https:\/\/www.fsyougel.com\/fr\/\"><strong>YouGel<\/strong><\/a> est un fabricant de vernis en gel de confiance, qui propose des couches de base en gel de haute qualit\u00e9 adapt\u00e9es aux ongles UV\/LED. Nos produits sont con\u00e7us pour garantir une application en douceur, une tenue longue dur\u00e9e et un retrait facile.<\/p>","protected":false},"featured_media":1581,"comment_status":"closed","ping_status":"closed","template":"","meta":{"_acf_changed":false},"product_brand":[],"product_cat":[19,28,27],"product_tag":[],"class_list":{"0":"post-1602","1":"product","2":"type-product","3":"status-publish","4":"has-post-thumbnail","6":"product_cat-gel-polish-color-wholesale","7":"product_cat-cat-eye-gel-supplier","8":"product_cat-new-gel-polish-collection","10":"first","11":"instock","12":"shipping-taxable","13":"product-type-simple"},"acf":[],"_links":{"self":[{"href":"https:\/\/www.fsyougel.com\/fr\/wp-json\/wp\/v2\/product\/1602","targetHints":{"allow":["GET"]}}],"collection":[{"href":"https:\/\/www.fsyougel.com\/fr\/wp-json\/wp\/v2\/product"}],"about":[{"href":"https:\/\/www.fsyougel.com\/fr\/wp-json\/wp\/v2\/types\/product"}],"replies":[{"embeddable":true,"href":"https:\/\/www.fsyougel.com\/fr\/wp-json\/wp\/v2\/comments?post=1602"}],"wp:featuredmedia":[{"embeddable":true,"href":"https:\/\/www.fsyougel.com\/fr\/wp-json\/wp\/v2\/media\/1581"}],"wp:attachment":[{"href":"https:\/\/www.fsyougel.com\/fr\/wp-json\/wp\/v2\/media?parent=1602"}],"wp:term":[{"taxonomy":"product_brand","embeddable":true,"href":"https:\/\/www.fsyougel.com\/fr\/wp-json\/wp\/v2\/product_brand?post=1602"},{"taxonomy":"product_cat","embeddable":true,"href":"https:\/\/www.fsyougel.com\/fr\/wp-json\/wp\/v2\/product_cat?post=1602"},{"taxonomy":"product_tag","embeddable":true,"href":"https:\/\/www.fsyougel.com\/fr\/wp-json\/wp\/v2\/product_tag?post=1602"}],"curies":[{"name":"wp","href":"https:\/\/api.w.org\/{rel}","templated":true}]}}