{"id":1661,"date":"2026-03-14T01:12:42","date_gmt":"2026-03-14T01:12:42","guid":{"rendered":"https:\/\/www.fsyougel.com\/?post_type=product&#038;p=1661"},"modified":"2026-03-14T01:58:18","modified_gmt":"2026-03-14T01:58:18","slug":"yougel-gel-nail-polish-colors-for-fall","status":"publish","type":"product","link":"https:\/\/www.fsyougel.com\/fr\/produit\/yougel-gel-nail-polish-colors-for-fall\/","title":{"rendered":"Yougel Gel Nail Polish Colors for Fall, 15ml New Arrivals 36 Colors Gel Polish Factory"},"content":{"rendered":"<div class=\"wp-block-columns is-layout-flex wp-container-core-columns-is-layout-9d6595d7 wp-block-columns-is-layout-flex\">\n<div class=\"wp-block-column is-layout-flow wp-block-column-is-layout-flow\">\n<h2 class=\"wp-block-heading\">Yougel Gel Nail Polish Colors for Fall (Couleurs de vernis \u00e0 ongles en gel pour l'automne) :<\/h2>\n\n\n\n<ul class=\"wp-block-list\">\n<li><strong>Collection de tendances automnales en 36 couleurs :<\/strong> Avec une s\u00e9lection de tendances automnales et hivernales telles que le brun caramel, le bordeaux, l'orange citrouille et le th\u00e9 au lait, cette collection offre une palette de couleurs chaudes et sophistiqu\u00e9es qui est parfaite pour cr\u00e9er la s\u00e9rie de couleurs de vernis \u00e0 ongles gel Yougel pour la saison automnale.<\/li>\n\n\n\n<li><strong>15ml Conception \u00e0 grande capacit\u00e9 :<\/strong> Chaque flacon contient 15 ml, ce qui le rend id\u00e9al pour une utilisation fr\u00e9quente dans les salons et les ventes en gros. Il offre un excellent rapport qualit\u00e9-prix, ce qui augmente la valeur d'achat.<\/li>\n\n\n\n<li><strong>Formule lisse et facile \u00e0 appliquer : <\/strong>Le gel a une texture fine et lisse qui s'applique uniform\u00e9ment sans faire de paquets, offrant une haute intensit\u00e9 de couleur pour aider les techniciens de l'ongle \u00e0 cr\u00e9er sans effort des motifs de haute qualit\u00e9.<\/li>\n\n\n\n<li><strong>Longue dur\u00e9e de vie, durable et r\u00e9sistant aux \u00e9br\u00e9chures : <\/strong>Une fois durci, il adh\u00e8re fortement et conserve une brillance durable sans s'estomper ni se fissurer, r\u00e9duisant ainsi le besoin de retouches.<\/li>\n\n\n\n<li><strong>Avantage de la tarification directe en usine : <\/strong>En tant que fabricant professionnel, nous offrons une capacit\u00e9 de production stable et des prix de gros comp\u00e9titifs, id\u00e9aux pour les achats en gros de couleurs de vernis \u00e0 ongles gel Yougel pour l'automne.<\/li>\n\n\n\n<li><strong>\u00c9chantillons gratuits disponibles : <\/strong>Demandez des \u00e9chantillons avant de passer commande pour tester la couleur, la texture et la pigmentation \u00e0 l'avance, ce qui vous garantit une exp\u00e9rience d'achat sans souci.<\/li>\n\n\n\n<li><strong>Services de personnalisation OEM\/ODM :<\/strong> Nous prenons en charge la personnalisation des formes de flacons, des logos, des emballages et des combinaisons de couleurs pour aider les clients \u00e0 cr\u00e9er leurs propres collections exclusives de vernis \u00e0 ongles d'automne.<\/li>\n\n\n\n<li><strong>Compatibilit\u00e9 avec les ventes multicanal : <\/strong>Id\u00e9al pour les salons de manucure, les grossistes de marques, les plateformes de commerce \u00e9lectronique et les march\u00e9s transfrontaliers, avec un potentiel de vente \u00e9lev\u00e9 pendant les saisons d'automne et d'hiver.<\/li>\n<\/ul>\n<\/div>\n\n\n\n<div class=\"wp-block-column is-layout-flow wp-block-column-is-layout-flow\">\n<figure class=\"wp-block-image size-full\"><img decoding=\"async\" width=\"2048\" height=\"2048\" src=\"https:\/\/www.fsyougel.com\/wp-content\/uploads\/2026\/03\/Yougel-Gel-Nail-Polish-Colors-for-Fall.webp\" alt=\"Couleurs du vernis \u00e0 ongles gel Yougel pour l&#039;automne\" class=\"wp-image-1666\" srcset=\"https:\/\/www.fsyougel.com\/wp-content\/uploads\/2026\/03\/Yougel-Gel-Nail-Polish-Colors-for-Fall.webp 2048w, https:\/\/www.fsyougel.com\/wp-content\/uploads\/2026\/03\/Yougel-Gel-Nail-Polish-Colors-for-Fall-300x300.webp 300w, https:\/\/www.fsyougel.com\/wp-content\/uploads\/2026\/03\/Yougel-Gel-Nail-Polish-Colors-for-Fall-150x150.webp 150w, https:\/\/www.fsyougel.com\/wp-content\/uploads\/2026\/03\/Yougel-Gel-Nail-Polish-Colors-for-Fall-768x768.webp 768w, https:\/\/www.fsyougel.com\/wp-content\/uploads\/2026\/03\/Yougel-Gel-Nail-Polish-Colors-for-Fall-12x12.webp 12w, https:\/\/www.fsyougel.com\/wp-content\/uploads\/2026\/03\/Yougel-Gel-Nail-Polish-Colors-for-Fall-1200x1200.webp 1200w, https:\/\/www.fsyougel.com\/wp-content\/uploads\/2026\/03\/Yougel-Gel-Nail-Polish-Colors-for-Fall-600x600.webp 600w, https:\/\/www.fsyougel.com\/wp-content\/uploads\/2026\/03\/Yougel-Gel-Nail-Polish-Colors-for-Fall-100x100.webp 100w\" sizes=\"(max-width: 2048px) 100vw, 2048px\" \/><\/figure>\n<\/div>\n<\/div>\n\n\n\n<div class=\"wp-block-columns is-layout-flex wp-container-core-columns-is-layout-9d6595d7 wp-block-columns-is-layout-flex\">\n<div class=\"wp-block-column is-layout-flow wp-block-column-is-layout-flow\">\n<figure class=\"wp-block-image size-full\"><img decoding=\"async\" width=\"1500\" height=\"1500\" src=\"https:\/\/www.fsyougel.com\/wp-content\/uploads\/2026\/03\/Yougel-Gel-Nail-Polish-Colors-for-Fall-2.webp\" alt=\"Couleurs du vernis \u00e0 ongles gel Yougel pour l&#039;automne (2)\" class=\"wp-image-1662\" srcset=\"https:\/\/www.fsyougel.com\/wp-content\/uploads\/2026\/03\/Yougel-Gel-Nail-Polish-Colors-for-Fall-2.webp 1500w, https:\/\/www.fsyougel.com\/wp-content\/uploads\/2026\/03\/Yougel-Gel-Nail-Polish-Colors-for-Fall-2-300x300.webp 300w, https:\/\/www.fsyougel.com\/wp-content\/uploads\/2026\/03\/Yougel-Gel-Nail-Polish-Colors-for-Fall-2-150x150.webp 150w, https:\/\/www.fsyougel.com\/wp-content\/uploads\/2026\/03\/Yougel-Gel-Nail-Polish-Colors-for-Fall-2-768x768.webp 768w, https:\/\/www.fsyougel.com\/wp-content\/uploads\/2026\/03\/Yougel-Gel-Nail-Polish-Colors-for-Fall-2-12x12.webp 12w, https:\/\/www.fsyougel.com\/wp-content\/uploads\/2026\/03\/Yougel-Gel-Nail-Polish-Colors-for-Fall-2-1200x1200.webp 1200w, https:\/\/www.fsyougel.com\/wp-content\/uploads\/2026\/03\/Yougel-Gel-Nail-Polish-Colors-for-Fall-2-600x600.webp 600w, https:\/\/www.fsyougel.com\/wp-content\/uploads\/2026\/03\/Yougel-Gel-Nail-Polish-Colors-for-Fall-2-100x100.webp 100w\" sizes=\"(max-width: 1500px) 100vw, 1500px\" \/><\/figure>\n<\/div>\n\n\n\n<div class=\"wp-block-column is-layout-flow wp-block-column-is-layout-flow\">\n<figure class=\"wp-block-image size-full\"><img decoding=\"async\" width=\"1500\" height=\"1500\" src=\"https:\/\/www.fsyougel.com\/wp-content\/uploads\/2026\/03\/Yougel-Gel-Nail-Polish-Colors-for-Fall-3.webp\" alt=\"Couleurs du vernis \u00e0 ongles gel Yougel pour l&#039;automne (3)\" class=\"wp-image-1663\" srcset=\"https:\/\/www.fsyougel.com\/wp-content\/uploads\/2026\/03\/Yougel-Gel-Nail-Polish-Colors-for-Fall-3.webp 1500w, https:\/\/www.fsyougel.com\/wp-content\/uploads\/2026\/03\/Yougel-Gel-Nail-Polish-Colors-for-Fall-3-300x300.webp 300w, https:\/\/www.fsyougel.com\/wp-content\/uploads\/2026\/03\/Yougel-Gel-Nail-Polish-Colors-for-Fall-3-150x150.webp 150w, https:\/\/www.fsyougel.com\/wp-content\/uploads\/2026\/03\/Yougel-Gel-Nail-Polish-Colors-for-Fall-3-768x768.webp 768w, https:\/\/www.fsyougel.com\/wp-content\/uploads\/2026\/03\/Yougel-Gel-Nail-Polish-Colors-for-Fall-3-12x12.webp 12w, https:\/\/www.fsyougel.com\/wp-content\/uploads\/2026\/03\/Yougel-Gel-Nail-Polish-Colors-for-Fall-3-1200x1200.webp 1200w, https:\/\/www.fsyougel.com\/wp-content\/uploads\/2026\/03\/Yougel-Gel-Nail-Polish-Colors-for-Fall-3-600x600.webp 600w, https:\/\/www.fsyougel.com\/wp-content\/uploads\/2026\/03\/Yougel-Gel-Nail-Polish-Colors-for-Fall-3-100x100.webp 100w\" sizes=\"(max-width: 1500px) 100vw, 1500px\" \/><\/figure>\n<\/div>\n<\/div>\n\n\n\n<p><\/p>","protected":false},"excerpt":{"rendered":"<p>Nous vous invitons \u00e0 acheter nos couleurs de vernis \u00e0 ongles gel Yougel pour l'automne avec 36 teintes saisonni\u00e8res \u00e0 la mode en flacons de 15ml. L'approvisionnement direct de l'usine offre des prix de gros comp\u00e9titifs, des \u00e9chantillons gratuits, une qualit\u00e9 constante et un support OEM pour les salons et les marques d'ongles dans le monde entier.<\/p>\n<table border=\"0\" width=\"854\" cellspacing=\"0\" cellpadding=\"0\">\n<tbody>\n<tr>\n<td width=\"257\" height=\"44\">Marque<\/td>\n<td width=\"597\">YouGel<\/td>\n<\/tr>\n<tr>\n<td width=\"257\" height=\"44\">Num\u00e9ro de mod\u00e8le<\/td>\n<td width=\"597\">S202<\/td>\n<\/tr>\n<tr>\n<td width=\"257\" height=\"44\">Type de produit<\/td>\n<td width=\"597\">UV\/LED de trempage<\/td>\n<\/tr>\n<tr>\n<td width=\"257\" height=\"44\">Mat\u00e9riau<\/td>\n<td width=\"597\">R\u00e9sine<\/td>\n<\/tr>\n<tr>\n<td width=\"257\" height=\"44\">Couleur<\/td>\n<td width=\"597\">\u00a036 couleurs en option<\/td>\n<\/tr>\n<tr>\n<td width=\"257\" height=\"44\">Volume<\/td>\n<td width=\"597\">15ml<\/td>\n<\/tr>\n<tr>\n<td width=\"257\" height=\"44\">\n<p>S\u00e9curit\u00e9<\/p>\n<\/td>\n<td width=\"597\">\n<p>Sans HEMA, sans TPO, <span style=\"font-family: inherit; font-size: inherit;\">Non toxique, fiche de donn\u00e9es de s\u00e9curit\u00e9 disponible<\/span><\/p>\n<\/td>\n<\/tr>\n<tr>\n<td width=\"257\" height=\"44\">MOQ<\/td>\n<td width=\"597\">Faible MOQ<\/td>\n<\/tr>\n<tr>\n<td width=\"257\" height=\"44\">\u00c9chantillon gratuit<\/td>\n<td width=\"597\">Disponible<\/td>\n<\/tr>\n<tr>\n<td width=\"257\" height=\"82\">Option personnalis\u00e9e<\/td>\n<td width=\"597\">Services OEM\/ODM, prise en charge des logos, \u00e9tiquettes et emballages personnalis\u00e9s<\/td>\n<\/tr>\n<\/tbody>\n<\/table>\n<h2 class=\"brxe-heading\">Du fabricant de vernis en gel<\/h2>\n<p><a href=\"https:\/\/www.fsyougel.com\/fr\/\"><span style=\"color: #ff99cc;\"><strong>YouGel<\/strong><\/span><\/a> est un fabricant de vernis en gel de confiance, qui propose des couches de base en gel de haute qualit\u00e9 adapt\u00e9es aux ongles UV\/LED. Nos produits sont con\u00e7us pour garantir une application en douceur, une tenue longue dur\u00e9e et un retrait facile.<\/p>","protected":false},"featured_media":1667,"comment_status":"closed","ping_status":"closed","template":"","meta":{"_acf_changed":false},"product_brand":[],"product_cat":[19,27],"product_tag":[],"class_list":{"0":"post-1661","1":"product","2":"type-product","3":"status-publish","4":"has-post-thumbnail","6":"product_cat-gel-polish-color-wholesale","7":"product_cat-new-gel-polish-collection","9":"first","10":"instock","11":"shipping-taxable","12":"product-type-simple"},"acf":[],"_links":{"self":[{"href":"https:\/\/www.fsyougel.com\/fr\/wp-json\/wp\/v2\/product\/1661","targetHints":{"allow":["GET"]}}],"collection":[{"href":"https:\/\/www.fsyougel.com\/fr\/wp-json\/wp\/v2\/product"}],"about":[{"href":"https:\/\/www.fsyougel.com\/fr\/wp-json\/wp\/v2\/types\/product"}],"replies":[{"embeddable":true,"href":"https:\/\/www.fsyougel.com\/fr\/wp-json\/wp\/v2\/comments?post=1661"}],"wp:featuredmedia":[{"embeddable":true,"href":"https:\/\/www.fsyougel.com\/fr\/wp-json\/wp\/v2\/media\/1667"}],"wp:attachment":[{"href":"https:\/\/www.fsyougel.com\/fr\/wp-json\/wp\/v2\/media?parent=1661"}],"wp:term":[{"taxonomy":"product_brand","embeddable":true,"href":"https:\/\/www.fsyougel.com\/fr\/wp-json\/wp\/v2\/product_brand?post=1661"},{"taxonomy":"product_cat","embeddable":true,"href":"https:\/\/www.fsyougel.com\/fr\/wp-json\/wp\/v2\/product_cat?post=1661"},{"taxonomy":"product_tag","embeddable":true,"href":"https:\/\/www.fsyougel.com\/fr\/wp-json\/wp\/v2\/product_tag?post=1661"}],"curies":[{"name":"wp","href":"https:\/\/api.w.org\/{rel}","templated":true}]}}