{"id":1668,"date":"2026-03-14T02:08:10","date_gmt":"2026-03-14T02:08:10","guid":{"rendered":"https:\/\/www.fsyougel.com\/?post_type=product&#038;p=1668"},"modified":"2026-03-28T04:00:15","modified_gmt":"2026-03-28T04:00:15","slug":"oem-gel-nail-polish-colors-company","status":"publish","type":"product","link":"https:\/\/www.fsyougel.com\/fr\/produit\/oem-gel-nail-polish-colors-company\/","title":{"rendered":"OEM Gel Nail Polish Colors Company, 36 Colors New Arrivals 15ml Gel Polish Factory"},"content":{"rendered":"<div class=\"wp-block-columns is-layout-flex wp-container-core-columns-is-layout-9d6595d7 wp-block-columns-is-layout-flex\">\n<div class=\"wp-block-column is-layout-flow wp-block-column-is-layout-flow\">\n<h2 class=\"wp-block-heading\">Couleurs de vernis \u00e0 ongles gel OEM Caract\u00e9ristiques :<\/h2>\n\n\n\n<ul class=\"wp-block-list\">\n<li><strong>Nouvelle collection de 36 couleurs :<\/strong> Une s\u00e9lection de teintes tendance, comprenant des nudes, des roses, des couleurs g\u00e9lifi\u00e9es et des tons profonds classiques, id\u00e9ale pour les marques cherchant \u00e0 construire une ligne de produits diversifi\u00e9e. Il s'agit d'une s\u00e9rie populaire de notre entreprise de vernis \u00e0 ongles en gel OEM.<\/li>\n\n\n\n<li><strong>15ml Capacit\u00e9 de qualit\u00e9 professionnelle :<\/strong> Each bottle contains 15ml, ideal for high-frequency use in nail salons and brand retail sales, balancing practicality with excellent value.<\/li>\n\n\n\n<li><strong>Application lisse et uniforme :<\/strong> La formule du gel est uniforme et lisse, s'appliquant sans amas ni accumulation, offrant une haute intensit\u00e9 de couleur et facilitant le processus d'application pour les techniciens de l'ongle.<\/li>\n\n\n\n<li><strong>Adh\u00e9sion et long\u00e9vit\u00e9 \u00e9lev\u00e9es : <\/strong>Le film durci est stable, r\u00e9sistant au soul\u00e8vement et \u00e0 la fissuration, et conserve une finition brillante de longue dur\u00e9e, minimisant ainsi les probl\u00e8mes d'apr\u00e8s-vente.<\/li>\n\n\n\n<li><strong>Direct Factory Wholesale Avantages : <\/strong>As a professional OEM gel nail polish colors company, we possess mature production lines and stable production capacity, enabling us to offer competitive wholesale prices.<\/li>\n\n\n\n<li><strong>Soutien aux \u00e9chantillons gratuits :<\/strong> Demandez des \u00e9chantillons avant de passer commande pour tester la couleur, la texture et l'adh\u00e9rence, afin d'aider les acheteurs \u00e0 minimiser les risques li\u00e9s \u00e0 l'approvisionnement.<\/li>\n\n\n\n<li><strong>Fortes capacit\u00e9s de personnalisation OEM\/ODM : <\/strong>Nous prenons en charge la personnalisation des formes de bouteilles, des logos, des emballages et des combinaisons de couleurs pour aider les clients \u00e0 cr\u00e9er des collections de marques exclusives.<\/li>\n\n\n\n<li><strong>Suitable for Multi-Channel Sales<\/strong>: Widely applicable to nail salons, brand wholesalers, e-commerce platforms, and cross-border markets, with strong market demand and repeat purchase potential.<\/li>\n<\/ul>\n<\/div>\n\n\n\n<div class=\"wp-block-column is-layout-flow wp-block-column-is-layout-flow\">\n<figure class=\"wp-block-image size-full\"><img decoding=\"async\" width=\"1500\" height=\"1500\" src=\"https:\/\/www.fsyougel.com\/wp-content\/uploads\/2026\/03\/OEM-Gel-Nail-Polish-Colors-Company-Yougel-4.webp\" alt=\"OEM Gel Nail Polish Colors Company - Yougel (4)\" class=\"wp-image-1672\" srcset=\"https:\/\/www.fsyougel.com\/wp-content\/uploads\/2026\/03\/OEM-Gel-Nail-Polish-Colors-Company-Yougel-4.webp 1500w, https:\/\/www.fsyougel.com\/wp-content\/uploads\/2026\/03\/OEM-Gel-Nail-Polish-Colors-Company-Yougel-4-300x300.webp 300w, https:\/\/www.fsyougel.com\/wp-content\/uploads\/2026\/03\/OEM-Gel-Nail-Polish-Colors-Company-Yougel-4-150x150.webp 150w, https:\/\/www.fsyougel.com\/wp-content\/uploads\/2026\/03\/OEM-Gel-Nail-Polish-Colors-Company-Yougel-4-768x768.webp 768w, https:\/\/www.fsyougel.com\/wp-content\/uploads\/2026\/03\/OEM-Gel-Nail-Polish-Colors-Company-Yougel-4-12x12.webp 12w, https:\/\/www.fsyougel.com\/wp-content\/uploads\/2026\/03\/OEM-Gel-Nail-Polish-Colors-Company-Yougel-4-1200x1200.webp 1200w, https:\/\/www.fsyougel.com\/wp-content\/uploads\/2026\/03\/OEM-Gel-Nail-Polish-Colors-Company-Yougel-4-600x600.webp 600w, https:\/\/www.fsyougel.com\/wp-content\/uploads\/2026\/03\/OEM-Gel-Nail-Polish-Colors-Company-Yougel-4-100x100.webp 100w\" sizes=\"(max-width: 1500px) 100vw, 1500px\" \/><\/figure>\n<\/div>\n<\/div>\n\n\n\n<div class=\"wp-block-columns is-layout-flex wp-container-core-columns-is-layout-9d6595d7 wp-block-columns-is-layout-flex\">\n<div class=\"wp-block-column is-layout-flow wp-block-column-is-layout-flow\">\n<figure class=\"wp-block-image size-full\"><img decoding=\"async\" width=\"1500\" height=\"1500\" src=\"https:\/\/www.fsyougel.com\/wp-content\/uploads\/2026\/03\/OEM-Gel-Nail-Polish-Colors-Company-Yougel-5.webp\" alt=\"OEM Gel Nail Polish Colors Company - Yougel (5)\" class=\"wp-image-1673\" srcset=\"https:\/\/www.fsyougel.com\/wp-content\/uploads\/2026\/03\/OEM-Gel-Nail-Polish-Colors-Company-Yougel-5.webp 1500w, https:\/\/www.fsyougel.com\/wp-content\/uploads\/2026\/03\/OEM-Gel-Nail-Polish-Colors-Company-Yougel-5-300x300.webp 300w, https:\/\/www.fsyougel.com\/wp-content\/uploads\/2026\/03\/OEM-Gel-Nail-Polish-Colors-Company-Yougel-5-150x150.webp 150w, https:\/\/www.fsyougel.com\/wp-content\/uploads\/2026\/03\/OEM-Gel-Nail-Polish-Colors-Company-Yougel-5-768x768.webp 768w, https:\/\/www.fsyougel.com\/wp-content\/uploads\/2026\/03\/OEM-Gel-Nail-Polish-Colors-Company-Yougel-5-12x12.webp 12w, https:\/\/www.fsyougel.com\/wp-content\/uploads\/2026\/03\/OEM-Gel-Nail-Polish-Colors-Company-Yougel-5-1200x1200.webp 1200w, https:\/\/www.fsyougel.com\/wp-content\/uploads\/2026\/03\/OEM-Gel-Nail-Polish-Colors-Company-Yougel-5-600x600.webp 600w, https:\/\/www.fsyougel.com\/wp-content\/uploads\/2026\/03\/OEM-Gel-Nail-Polish-Colors-Company-Yougel-5-100x100.webp 100w\" sizes=\"(max-width: 1500px) 100vw, 1500px\" \/><\/figure>\n<\/div>\n\n\n\n<div class=\"wp-block-column is-layout-flow wp-block-column-is-layout-flow\">\n<figure class=\"wp-block-image size-full\"><img decoding=\"async\" width=\"1500\" height=\"1500\" src=\"https:\/\/www.fsyougel.com\/wp-content\/uploads\/2026\/03\/OEM-Gel-Nail-Polish-Colors-Company-Yougel-2.webp\" alt=\"OEM Gel Nail Polish Colors Company - Yougel (2)\" class=\"wp-image-1670\" srcset=\"https:\/\/www.fsyougel.com\/wp-content\/uploads\/2026\/03\/OEM-Gel-Nail-Polish-Colors-Company-Yougel-2.webp 1500w, https:\/\/www.fsyougel.com\/wp-content\/uploads\/2026\/03\/OEM-Gel-Nail-Polish-Colors-Company-Yougel-2-300x300.webp 300w, https:\/\/www.fsyougel.com\/wp-content\/uploads\/2026\/03\/OEM-Gel-Nail-Polish-Colors-Company-Yougel-2-150x150.webp 150w, https:\/\/www.fsyougel.com\/wp-content\/uploads\/2026\/03\/OEM-Gel-Nail-Polish-Colors-Company-Yougel-2-768x768.webp 768w, https:\/\/www.fsyougel.com\/wp-content\/uploads\/2026\/03\/OEM-Gel-Nail-Polish-Colors-Company-Yougel-2-12x12.webp 12w, https:\/\/www.fsyougel.com\/wp-content\/uploads\/2026\/03\/OEM-Gel-Nail-Polish-Colors-Company-Yougel-2-1200x1200.webp 1200w, https:\/\/www.fsyougel.com\/wp-content\/uploads\/2026\/03\/OEM-Gel-Nail-Polish-Colors-Company-Yougel-2-600x600.webp 600w, https:\/\/www.fsyougel.com\/wp-content\/uploads\/2026\/03\/OEM-Gel-Nail-Polish-Colors-Company-Yougel-2-100x100.webp 100w\" sizes=\"(max-width: 1500px) 100vw, 1500px\" \/><\/figure>\n<\/div>\n<\/div>\n\n\n\n<p><\/p>","protected":false},"excerpt":{"rendered":"<p data-start=\"358\" data-end=\"556\">Bienvenue dans notre entreprise de couleurs de vernis \u00e0 ongles en gel OEM comprenant 36 nouvelles teintes de vernis \u00e0 ongles en gel de 15ml avec une formule lisse et durable. L'approvisionnement direct de l'usine offre des prix de gros comp\u00e9titifs, des \u00e9chantillons gratuits, une qualit\u00e9 stable et un soutien OEM pour les marques d'ongles et les salons de coiffure du monde entier.<\/p>\n<table border=\"0\" width=\"854\" cellspacing=\"0\" cellpadding=\"0\">\n<tbody>\n<tr>\n<td width=\"257\" height=\"44\">Marque<\/td>\n<td width=\"597\">YouGel<\/td>\n<\/tr>\n<tr>\n<td width=\"257\" height=\"44\">Num\u00e9ro de mod\u00e8le<\/td>\n<td width=\"597\">S202<\/td>\n<\/tr>\n<tr>\n<td width=\"257\" height=\"44\">Type de produit<\/td>\n<td width=\"597\">UV\/LED de trempage<\/td>\n<\/tr>\n<tr>\n<td width=\"257\" height=\"44\">Mat\u00e9riau<\/td>\n<td width=\"597\">R\u00e9sine<\/td>\n<\/tr>\n<tr>\n<td width=\"257\" height=\"44\">Couleur<\/td>\n<td width=\"597\">\u00a036 couleurs en option<\/td>\n<\/tr>\n<tr>\n<td width=\"257\" height=\"44\">Volume<\/td>\n<td width=\"597\">15ml<\/td>\n<\/tr>\n<tr>\n<td width=\"257\" height=\"44\">\n<p>S\u00e9curit\u00e9<\/p>\n<\/td>\n<td width=\"597\">\n<p>Sans HEMA, sans TPO, <span style=\"font-family: inherit; font-size: inherit;\">Non toxique, fiche de donn\u00e9es de s\u00e9curit\u00e9 disponible<\/span><\/p>\n<\/td>\n<\/tr>\n<tr>\n<td width=\"257\" height=\"44\">MOQ<\/td>\n<td width=\"597\">Faible MOQ<\/td>\n<\/tr>\n<tr>\n<td width=\"257\" height=\"44\">\u00c9chantillon gratuit<\/td>\n<td width=\"597\">Disponible<\/td>\n<\/tr>\n<tr>\n<td width=\"257\" height=\"82\">Option personnalis\u00e9e<\/td>\n<td width=\"597\">Services OEM\/ODM, prise en charge des logos, \u00e9tiquettes et emballages personnalis\u00e9s<\/td>\n<\/tr>\n<\/tbody>\n<\/table>\n<h2 class=\"brxe-heading\">Du fabricant de vernis en gel<\/h2>\n<p><a href=\"https:\/\/www.fsyougel.com\/fr\/\"><span style=\"color: #ff99cc;\"><strong>YouGel<\/strong><\/span><\/a> est un fabricant de vernis en gel de confiance, qui propose des couches de base en gel de haute qualit\u00e9 adapt\u00e9es aux ongles UV\/LED. Nos produits sont con\u00e7us pour garantir une application en douceur, une tenue longue dur\u00e9e et un retrait facile.<\/p>","protected":false},"featured_media":1674,"comment_status":"closed","ping_status":"closed","template":"","meta":{"_acf_changed":false},"product_brand":[],"product_cat":[19,27],"product_tag":[],"class_list":{"0":"post-1668","1":"product","2":"type-product","3":"status-publish","4":"has-post-thumbnail","6":"product_cat-gel-polish-color-wholesale","7":"product_cat-new-gel-polish-collection","9":"first","10":"instock","11":"shipping-taxable","12":"product-type-simple"},"acf":[],"_links":{"self":[{"href":"https:\/\/www.fsyougel.com\/fr\/wp-json\/wp\/v2\/product\/1668","targetHints":{"allow":["GET"]}}],"collection":[{"href":"https:\/\/www.fsyougel.com\/fr\/wp-json\/wp\/v2\/product"}],"about":[{"href":"https:\/\/www.fsyougel.com\/fr\/wp-json\/wp\/v2\/types\/product"}],"replies":[{"embeddable":true,"href":"https:\/\/www.fsyougel.com\/fr\/wp-json\/wp\/v2\/comments?post=1668"}],"wp:featuredmedia":[{"embeddable":true,"href":"https:\/\/www.fsyougel.com\/fr\/wp-json\/wp\/v2\/media\/1674"}],"wp:attachment":[{"href":"https:\/\/www.fsyougel.com\/fr\/wp-json\/wp\/v2\/media?parent=1668"}],"wp:term":[{"taxonomy":"product_brand","embeddable":true,"href":"https:\/\/www.fsyougel.com\/fr\/wp-json\/wp\/v2\/product_brand?post=1668"},{"taxonomy":"product_cat","embeddable":true,"href":"https:\/\/www.fsyougel.com\/fr\/wp-json\/wp\/v2\/product_cat?post=1668"},{"taxonomy":"product_tag","embeddable":true,"href":"https:\/\/www.fsyougel.com\/fr\/wp-json\/wp\/v2\/product_tag?post=1668"}],"curies":[{"name":"wp","href":"https:\/\/api.w.org\/{rel}","templated":true}]}}