{"id":1675,"date":"2026-02-10T01:54:15","date_gmt":"2026-02-10T01:54:15","guid":{"rendered":"https:\/\/www.fsyougel.com\/?post_type=product&#038;p=1675"},"modified":"2026-03-16T08:34:43","modified_gmt":"2026-03-16T08:34:43","slug":"tpo-free-bulk-gel-polish-3000-colors","status":"publish","type":"product","link":"https:\/\/www.fsyougel.com\/fr\/produit\/tpo-free-bulk-gel-polish-3000-colors\/","title":{"rendered":"Gel de vernis en vrac sans TPO, 3000+ couleurs Label priv\u00e9 OEM\/ODM Gel d'ongle (1kg\/5kg\/en vrac)"},"content":{"rendered":"<div class=\"wp-block-columns is-layout-flex wp-container-core-columns-is-layout-9d6595d7 wp-block-columns-is-layout-flex\">\n<div class=\"wp-block-column is-layout-flow wp-block-column-is-layout-flow\">\n<h2 class=\"wp-block-heading\">Gel Polish en vrac sans TPO Caract\u00e9ristiques :<\/h2>\n\n\n\n<ul class=\"wp-block-list\">\n<li><strong>Plus de 3 000 options de couleurs :<\/strong> Nous proposons plus de 3 000 teintes tendance qui peuvent \u00eatre combin\u00e9es de mani\u00e8re flexible en fonction des tendances du march\u00e9, ce qui permet aux clients de cr\u00e9er des gammes de produits de gel polish en vrac sans TPO.<\/li>\n\n\n\n<li><strong>Approvisionnement en grandes quantit\u00e9s de mati\u00e8res premi\u00e8res :<\/strong> Nous proposons des produits de 1 kg, 5 kg et en vrac, adapt\u00e9s \u00e0 la production de marques, au remplissage et aux besoins de traitement des OEM, ce qui rend l'approvisionnement plus souple et plus efficace.<\/li>\n\n\n\n<li><strong>Formulation s\u00fbre sans TPO<\/strong>: Utilise un syst\u00e8me de formulation plus s\u00fbr, avec une odeur plus faible et des propri\u00e9t\u00e9s plus douces, r\u00e9pondant ainsi \u00e0 la demande du march\u00e9 mondial pour des produits de soin des ongles sains.<\/li>\n\n\n\n<li><strong>Application lisse et uniforme<\/strong>: Le gel a une texture stable et uniforme avec une grande capacit\u00e9 \u00e0 restituer la couleur. Il s'applique en douceur sans faire de paquets, ce qui le rend id\u00e9al pour les salons professionnels et le d\u00e9veloppement de produits de marque.<\/li>\n\n\n\n<li><strong>Avantage de la tarification directe<\/strong>: En tant que fabricant professionnel, nous offrons des prix directs d'usine pour le gel polish en vrac TPO-Free, ce qui permet de r\u00e9aliser des \u00e9conomies significatives pour les achats en vrac.<\/li>\n\n\n\n<li><strong>Soutien aux \u00e9chantillons gratuits :<\/strong> Nous proposons des tests sur \u00e9chantillons pour permettre aux clients de v\u00e9rifier la couleur, la texture et la qualit\u00e9 avant de passer des commandes en gros, r\u00e9duisant ainsi les risques li\u00e9s \u00e0 l'approvisionnement.<\/li>\n\n\n\n<li><strong>Fortes capacit\u00e9s de personnalisation OEM\/ODM :<\/strong> Nous prenons en charge l'ajustement des formules, le d\u00e9veloppement des couleurs, la conception des emballages et la personnalisation des marques afin d'aider les clients \u00e0 lancer rapidement leurs propres lignes de produits.<\/li>\n\n\n\n<li><strong>Adapt\u00e9 \u00e0 plusieurs canaux de distribution<\/strong>: Largement applicable \u00e0 la fabrication de marques priv\u00e9es, au d\u00e9veloppement de produits de salon, aux ventes en ligne et au commerce transfrontalier, avec un fort potentiel de march\u00e9.<\/li>\n<\/ul>\n<\/div>\n\n\n\n<div class=\"wp-block-column is-layout-flow wp-block-column-is-layout-flow\">\n<figure class=\"wp-block-image size-full\"><img decoding=\"async\" width=\"1500\" height=\"1500\" src=\"https:\/\/www.fsyougel.com\/wp-content\/uploads\/2026\/03\/TPO-Free-Bulk-Gel-Polish-5.webp\" alt=\"Gel Polish en vrac sans TPO (5)\" class=\"wp-image-1680\" srcset=\"https:\/\/www.fsyougel.com\/wp-content\/uploads\/2026\/03\/TPO-Free-Bulk-Gel-Polish-5.webp 1500w, https:\/\/www.fsyougel.com\/wp-content\/uploads\/2026\/03\/TPO-Free-Bulk-Gel-Polish-5-300x300.webp 300w, https:\/\/www.fsyougel.com\/wp-content\/uploads\/2026\/03\/TPO-Free-Bulk-Gel-Polish-5-150x150.webp 150w, https:\/\/www.fsyougel.com\/wp-content\/uploads\/2026\/03\/TPO-Free-Bulk-Gel-Polish-5-768x768.webp 768w, https:\/\/www.fsyougel.com\/wp-content\/uploads\/2026\/03\/TPO-Free-Bulk-Gel-Polish-5-12x12.webp 12w, https:\/\/www.fsyougel.com\/wp-content\/uploads\/2026\/03\/TPO-Free-Bulk-Gel-Polish-5-1200x1200.webp 1200w, https:\/\/www.fsyougel.com\/wp-content\/uploads\/2026\/03\/TPO-Free-Bulk-Gel-Polish-5-600x600.webp 600w, https:\/\/www.fsyougel.com\/wp-content\/uploads\/2026\/03\/TPO-Free-Bulk-Gel-Polish-5-100x100.webp 100w\" sizes=\"(max-width: 1500px) 100vw, 1500px\" \/><\/figure>\n<\/div>\n<\/div>","protected":false},"excerpt":{"rendered":"<p data-start=\"398\" data-end=\"682\">Nous vous invitons \u00e0 acheter notre vernis gel en vrac sans TPO, avec plus de 3000 options de couleurs et un approvisionnement en gros volume (1kg\/5kg\/bulk). Prix de gros direct, \u00e9chantillons gratuits et services professionnels OEM\/ODM pour les marques d'ongles et les salons de coiffure du monde entier.<\/p>\n<table border=\"0\" width=\"854\" cellspacing=\"0\" cellpadding=\"0\">\n<tbody>\n<tr>\n<td class=\"et3\" width=\"257\" height=\"44\">Marque<\/td>\n<td class=\"et3\" width=\"597\">YouGel<\/td>\n<\/tr>\n<tr>\n<td class=\"et4\" width=\"257\" height=\"44\">Num\u00e9ro de mod\u00e8le<\/td>\n<td class=\"et4\" width=\"597\">S202<\/td>\n<\/tr>\n<tr>\n<td class=\"et4\" width=\"257\" height=\"44\">Type de produit<\/td>\n<td class=\"et4\" width=\"597\">Gel de polissage UV\/LED<\/td>\n<\/tr>\n<tr>\n<td class=\"et4\" width=\"257\" height=\"44\">Mat\u00e9riau<\/td>\n<td class=\"et4\" width=\"597\">R\u00e9sine<\/td>\n<\/tr>\n<tr>\n<td class=\"et4\" width=\"257\" height=\"44\">Couleur<\/td>\n<td class=\"et4\" width=\"597\">3000+ couleurs<\/td>\n<\/tr>\n<tr>\n<td class=\"et4\" width=\"257\" height=\"44\">Volume<\/td>\n<td class=\"et4\" width=\"597\">1 kg\/5 kg\/20 kg<\/td>\n<\/tr>\n<tr>\n<td class=\"et4\" width=\"257\" height=\"44\">S\u00e9curit\u00e9<\/td>\n<td class=\"et4\" width=\"597\">Sans HEMA, sans TPO, non toxique, MSDS disponible<\/td>\n<\/tr>\n<tr>\n<td class=\"et4\" width=\"257\" height=\"44\">MOQ<\/td>\n<td class=\"et4\" width=\"597\">Faible MOQ<\/td>\n<\/tr>\n<tr>\n<td class=\"et4\" width=\"257\" height=\"44\">\u00c9chantillon gratuit<\/td>\n<td class=\"et4\" width=\"597\">Disponible<\/td>\n<\/tr>\n<tr>\n<td class=\"et4\" width=\"257\" height=\"82\">Option personnalis\u00e9e<\/td>\n<td class=\"et4\" width=\"597\">Services OEM\/ODM, prise en charge des logos, \u00e9tiquettes et emballages personnalis\u00e9s<\/td>\n<\/tr>\n<\/tbody>\n<\/table>\n<h2 class=\"brxe-heading\">Du fabricant de vernis en gel<\/h2>\n<p><a href=\"https:\/\/www.fsyougel.com\/fr\/\"><strong>YouGel<\/strong><\/a> est un fabricant de vernis en gel de confiance, qui propose des couches de base en gel de haute qualit\u00e9 adapt\u00e9es aux ongles UV\/LED. Nos produits sont con\u00e7us pour garantir une application en douceur, une tenue longue dur\u00e9e et un retrait facile.<\/p>","protected":false},"featured_media":1677,"comment_status":"closed","ping_status":"closed","template":"","meta":{"_acf_changed":false},"product_brand":[],"product_cat":[19],"product_tag":[],"class_list":{"0":"post-1675","1":"product","2":"type-product","3":"status-publish","4":"has-post-thumbnail","6":"product_cat-gel-polish-color-wholesale","8":"first","9":"instock","10":"shipping-taxable","11":"product-type-simple"},"acf":[],"_links":{"self":[{"href":"https:\/\/www.fsyougel.com\/fr\/wp-json\/wp\/v2\/product\/1675","targetHints":{"allow":["GET"]}}],"collection":[{"href":"https:\/\/www.fsyougel.com\/fr\/wp-json\/wp\/v2\/product"}],"about":[{"href":"https:\/\/www.fsyougel.com\/fr\/wp-json\/wp\/v2\/types\/product"}],"replies":[{"embeddable":true,"href":"https:\/\/www.fsyougel.com\/fr\/wp-json\/wp\/v2\/comments?post=1675"}],"wp:featuredmedia":[{"embeddable":true,"href":"https:\/\/www.fsyougel.com\/fr\/wp-json\/wp\/v2\/media\/1677"}],"wp:attachment":[{"href":"https:\/\/www.fsyougel.com\/fr\/wp-json\/wp\/v2\/media?parent=1675"}],"wp:term":[{"taxonomy":"product_brand","embeddable":true,"href":"https:\/\/www.fsyougel.com\/fr\/wp-json\/wp\/v2\/product_brand?post=1675"},{"taxonomy":"product_cat","embeddable":true,"href":"https:\/\/www.fsyougel.com\/fr\/wp-json\/wp\/v2\/product_cat?post=1675"},{"taxonomy":"product_tag","embeddable":true,"href":"https:\/\/www.fsyougel.com\/fr\/wp-json\/wp\/v2\/product_tag?post=1675"}],"curies":[{"name":"wp","href":"https:\/\/api.w.org\/{rel}","templated":true}]}}